{"id":9768,"date":"2025-11-20T12:14:37","date_gmt":"2025-11-20T12:14:37","guid":{"rendered":"https:\/\/airobazar.com\/?post_type=product&#038;p=9768"},"modified":"2025-11-20T12:18:36","modified_gmt":"2025-11-20T12:18:36","slug":"11li-karisik-lokum-paketi-antep-fistikli-findikli-meyveli-lokum-seti-11x125-gr","status":"publish","type":"product","link":"https:\/\/airobazar.com\/tr\/urun\/11li-karisik-lokum-paketi-antep-fistikli-findikli-meyveli-lokum-seti-11x125-gr\/","title":{"rendered":"11\u2019li Kar\u0131\u015f\u0131k Lokum Paketi \u2013 Antep F\u0131st\u0131kl\u0131 &#038; F\u0131nd\u0131kl\u0131 Meyveli Lokum Seti 11&#215;125 gr"},"content":{"rendered":"<div class=\"content-description-wrapper\">\n<div class=\"content-description-container\">\n<p class=\"product-description-content\">&#8211; Antep f\u0131st\u0131kl\u0131 ve f\u0131nd\u0131kl\u0131 meyveli lokumlar\u0131n e\u015fsiz lezzetini bir arada sunan 11&#215;125 gr&#8217;l\u0131k kar\u0131\u015f\u0131k lokum paketi.<\/p>\n<p class=\"product-description-content\">&#8211; T\u00fcrkiye&#8217;nin en kaliteli lokumlar\u0131 aras\u0131nda yer alan bu set, geleneksel tatlar\u0131n modern dokunu\u015flar\u0131yla bulu\u015fuyor.<\/p>\n<p class=\"product-description-content\">&#8211; Her lokum, \u00f6zenle se\u00e7ilmi\u015f Antep f\u0131st\u0131klar\u0131 ve f\u0131nd\u0131klarla zenginle\u015ftirilmi\u015f, meyveli lezzetiyle damaklar\u0131 \u015fenlendiriyor.<\/p>\n<p class=\"product-description-content\">&#8211; 11 farkl\u0131 lokum \u00e7e\u015fidiyle zengin bir \u00e7e\u015fitlilik sunan bu set, her damak zevkine hitap ediyor.<\/p>\n<p class=\"product-description-content\">&#8211; \u00d6zel g\u00fcnlerde veya g\u00fcnl\u00fck kullan\u0131m i\u00e7in ideal olan bu lokum seti, sevdiklerinize unutulmaz bir hediye alternatifi sunuyor.<\/p>\n<\/div>\n<div class=\"content-description-container\"><\/div>\n<\/div>\n<div class=\"show-more-section\"><\/div>\n","protected":false},"excerpt":{"rendered":"<p>&#8211; Antep f\u0131st\u0131kl\u0131 ve f\u0131nd\u0131kl\u0131 meyveli lokumlar\u0131n e\u015fsiz lezzetini bir arada sunan 11&#215;125 gr&#8217;l\u0131k kar\u0131\u015f\u0131k lokum paketi. &#8211; T\u00fcrkiye&#8217;nin en<\/p>\n","protected":false},"featured_media":9764,"comment_status":"open","ping_status":"closed","template":"","meta":[],"product_brand":[],"product_cat":[218,240],"product_tag":[],"class_list":{"0":"post-9768","1":"product","2":"type-product","3":"status-publish","4":"has-post-thumbnail","6":"product_cat-lokum-ve-kuruyemisler","7":"product_cat-tum-katagoriler","9":"first","10":"instock","11":"sale","12":"taxable","13":"shipping-taxable","14":"purchasable","15":"product-type-simple"},"yoast_head":"<!-- This site is optimized with the Yoast SEO plugin v27.4 - https:\/\/yoast.com\/product\/yoast-seo-wordpress\/ -->\n<title>11\u2019li Kar\u0131\u015f\u0131k Lokum Paketi \u2013 Antep F\u0131st\u0131kl\u0131 &amp; F\u0131nd\u0131kl\u0131 Meyveli Lokum Seti 11x125 gr - AiroBazar<\/title>\n<meta name=\"robots\" content=\"index, follow, max-snippet:-1, max-image-preview:large, max-video-preview:-1\" \/>\n<link rel=\"canonical\" href=\"https:\/\/airobazar.com\/product\/mixed-turkish-delight-gift-box-11-assorted-lokum-flavors-pistachio-hazelnut-fruit-caramel-handmade-turkish-sweets-gourmet-candy-set\/\" \/>\n<meta property=\"og:locale\" content=\"tr_TR\" \/>\n<meta property=\"og:type\" content=\"article\" \/>\n<meta property=\"og:title\" content=\"11\u2019li Kar\u0131\u015f\u0131k Lokum Paketi \u2013 Antep F\u0131st\u0131kl\u0131 &amp; F\u0131nd\u0131kl\u0131 Meyveli Lokum Seti 11x125 gr - AiroBazar\" \/>\n<meta property=\"og:description\" content=\"&#8211; Antep f\u0131st\u0131kl\u0131 ve f\u0131nd\u0131kl\u0131 meyveli lokumlar\u0131n e\u015fsiz lezzetini bir arada sunan 11&#215;125 gr&#8217;l\u0131k kar\u0131\u015f\u0131k lokum paketi. &#8211; T\u00fcrkiye&#8217;nin en\" \/>\n<meta property=\"og:url\" content=\"https:\/\/airobazar.com\/product\/mixed-turkish-delight-gift-box-11-assorted-lokum-flavors-pistachio-hazelnut-fruit-caramel-handmade-turkish-sweets-gourmet-candy-set\/\" \/>\n<meta property=\"og:site_name\" content=\"AiroBazar\" \/>\n<meta property=\"article:modified_time\" content=\"2025-11-20T12:18:36+00:00\" \/>\n<meta property=\"og:image\" content=\"https:\/\/airobazar.com\/wp-content\/uploads\/2025\/11\/11lipaket1.png\" \/>\n\t<meta property=\"og:image:width\" content=\"600\" \/>\n\t<meta property=\"og:image:height\" content=\"800\" \/>\n\t<meta property=\"og:image:type\" content=\"image\/png\" \/>\n<meta name=\"twitter:card\" content=\"summary_large_image\" \/>\n<meta name=\"twitter:label1\" content=\"Tahmini okuma s\u00fcresi\" \/>\n\t<meta name=\"twitter:data1\" content=\"1 dakika\" \/>\n<script type=\"application\/ld+json\" class=\"yoast-schema-graph\">{\"@context\":\"https:\\\/\\\/schema.org\",\"@graph\":[{\"@type\":\"WebPage\",\"@id\":\"https:\\\/\\\/airobazar.com\\\/product\\\/mixed-turkish-delight-gift-box-11-assorted-lokum-flavors-pistachio-hazelnut-fruit-caramel-handmade-turkish-sweets-gourmet-candy-set\\\/\",\"url\":\"https:\\\/\\\/airobazar.com\\\/product\\\/mixed-turkish-delight-gift-box-11-assorted-lokum-flavors-pistachio-hazelnut-fruit-caramel-handmade-turkish-sweets-gourmet-candy-set\\\/\",\"name\":\"11\u2019li Kar\u0131\u015f\u0131k Lokum Paketi \u2013 Antep F\u0131st\u0131kl\u0131 & F\u0131nd\u0131kl\u0131 Meyveli Lokum Seti 11x125 gr - AiroBazar\",\"isPartOf\":{\"@id\":\"https:\\\/\\\/airobazar.com\\\/#website\"},\"primaryImageOfPage\":{\"@id\":\"https:\\\/\\\/airobazar.com\\\/product\\\/mixed-turkish-delight-gift-box-11-assorted-lokum-flavors-pistachio-hazelnut-fruit-caramel-handmade-turkish-sweets-gourmet-candy-set\\\/#primaryimage\"},\"image\":{\"@id\":\"https:\\\/\\\/airobazar.com\\\/product\\\/mixed-turkish-delight-gift-box-11-assorted-lokum-flavors-pistachio-hazelnut-fruit-caramel-handmade-turkish-sweets-gourmet-candy-set\\\/#primaryimage\"},\"thumbnailUrl\":\"https:\\\/\\\/airobazar.com\\\/wp-content\\\/uploads\\\/2025\\\/11\\\/11lipaket1.png\",\"datePublished\":\"2025-11-20T12:14:37+00:00\",\"dateModified\":\"2025-11-20T12:18:36+00:00\",\"breadcrumb\":{\"@id\":\"https:\\\/\\\/airobazar.com\\\/product\\\/mixed-turkish-delight-gift-box-11-assorted-lokum-flavors-pistachio-hazelnut-fruit-caramel-handmade-turkish-sweets-gourmet-candy-set\\\/#breadcrumb\"},\"inLanguage\":\"tr\",\"potentialAction\":[{\"@type\":\"ReadAction\",\"target\":[\"https:\\\/\\\/airobazar.com\\\/product\\\/mixed-turkish-delight-gift-box-11-assorted-lokum-flavors-pistachio-hazelnut-fruit-caramel-handmade-turkish-sweets-gourmet-candy-set\\\/\"]}]},{\"@type\":\"ImageObject\",\"inLanguage\":\"tr\",\"@id\":\"https:\\\/\\\/airobazar.com\\\/product\\\/mixed-turkish-delight-gift-box-11-assorted-lokum-flavors-pistachio-hazelnut-fruit-caramel-handmade-turkish-sweets-gourmet-candy-set\\\/#primaryimage\",\"url\":\"https:\\\/\\\/airobazar.com\\\/wp-content\\\/uploads\\\/2025\\\/11\\\/11lipaket1.png\",\"contentUrl\":\"https:\\\/\\\/airobazar.com\\\/wp-content\\\/uploads\\\/2025\\\/11\\\/11lipaket1.png\",\"width\":600,\"height\":800},{\"@type\":\"BreadcrumbList\",\"@id\":\"https:\\\/\\\/airobazar.com\\\/product\\\/mixed-turkish-delight-gift-box-11-assorted-lokum-flavors-pistachio-hazelnut-fruit-caramel-handmade-turkish-sweets-gourmet-candy-set\\\/#breadcrumb\",\"itemListElement\":[{\"@type\":\"ListItem\",\"position\":1,\"name\":\"Home\",\"item\":\"https:\\\/\\\/airobazar.com\\\/tr\\\/\"},{\"@type\":\"ListItem\",\"position\":2,\"name\":\"Ma\u011faza\",\"item\":\"https:\\\/\\\/airobazar.com\\\/tr\\\/magaza\\\/\"},{\"@type\":\"ListItem\",\"position\":3,\"name\":\"11\u2019li Kar\u0131\u015f\u0131k Lokum Paketi \u2013 Antep F\u0131st\u0131kl\u0131 &#038; F\u0131nd\u0131kl\u0131 Meyveli Lokum Seti 11&#215;125 gr\"}]},{\"@type\":\"WebSite\",\"@id\":\"https:\\\/\\\/airobazar.com\\\/#website\",\"url\":\"https:\\\/\\\/airobazar.com\\\/\",\"name\":\"AiroBazar\",\"description\":\"online sales\",\"potentialAction\":[{\"@type\":\"SearchAction\",\"target\":{\"@type\":\"EntryPoint\",\"urlTemplate\":\"https:\\\/\\\/airobazar.com\\\/?s={search_term_string}\"},\"query-input\":{\"@type\":\"PropertyValueSpecification\",\"valueRequired\":true,\"valueName\":\"search_term_string\"}}],\"inLanguage\":\"tr\"}]}<\/script>\n<!-- \/ Yoast SEO plugin. -->","yoast_head_json":{"title":"11\u2019li Kar\u0131\u015f\u0131k Lokum Paketi \u2013 Antep F\u0131st\u0131kl\u0131 & F\u0131nd\u0131kl\u0131 Meyveli Lokum Seti 11x125 gr - AiroBazar","robots":{"index":"index","follow":"follow","max-snippet":"max-snippet:-1","max-image-preview":"max-image-preview:large","max-video-preview":"max-video-preview:-1"},"canonical":"https:\/\/airobazar.com\/product\/mixed-turkish-delight-gift-box-11-assorted-lokum-flavors-pistachio-hazelnut-fruit-caramel-handmade-turkish-sweets-gourmet-candy-set\/","og_locale":"tr_TR","og_type":"article","og_title":"11\u2019li Kar\u0131\u015f\u0131k Lokum Paketi \u2013 Antep F\u0131st\u0131kl\u0131 & F\u0131nd\u0131kl\u0131 Meyveli Lokum Seti 11x125 gr - AiroBazar","og_description":"&#8211; Antep f\u0131st\u0131kl\u0131 ve f\u0131nd\u0131kl\u0131 meyveli lokumlar\u0131n e\u015fsiz lezzetini bir arada sunan 11&#215;125 gr&#8217;l\u0131k kar\u0131\u015f\u0131k lokum paketi. &#8211; T\u00fcrkiye&#8217;nin en","og_url":"https:\/\/airobazar.com\/product\/mixed-turkish-delight-gift-box-11-assorted-lokum-flavors-pistachio-hazelnut-fruit-caramel-handmade-turkish-sweets-gourmet-candy-set\/","og_site_name":"AiroBazar","article_modified_time":"2025-11-20T12:18:36+00:00","og_image":[{"width":600,"height":800,"url":"https:\/\/airobazar.com\/wp-content\/uploads\/2025\/11\/11lipaket1.png","type":"image\/png"}],"twitter_card":"summary_large_image","twitter_misc":{"Tahmini okuma s\u00fcresi":"1 dakika"},"schema":{"@context":"https:\/\/schema.org","@graph":[{"@type":"WebPage","@id":"https:\/\/airobazar.com\/product\/mixed-turkish-delight-gift-box-11-assorted-lokum-flavors-pistachio-hazelnut-fruit-caramel-handmade-turkish-sweets-gourmet-candy-set\/","url":"https:\/\/airobazar.com\/product\/mixed-turkish-delight-gift-box-11-assorted-lokum-flavors-pistachio-hazelnut-fruit-caramel-handmade-turkish-sweets-gourmet-candy-set\/","name":"11\u2019li Kar\u0131\u015f\u0131k Lokum Paketi \u2013 Antep F\u0131st\u0131kl\u0131 & F\u0131nd\u0131kl\u0131 Meyveli Lokum Seti 11x125 gr - AiroBazar","isPartOf":{"@id":"https:\/\/airobazar.com\/#website"},"primaryImageOfPage":{"@id":"https:\/\/airobazar.com\/product\/mixed-turkish-delight-gift-box-11-assorted-lokum-flavors-pistachio-hazelnut-fruit-caramel-handmade-turkish-sweets-gourmet-candy-set\/#primaryimage"},"image":{"@id":"https:\/\/airobazar.com\/product\/mixed-turkish-delight-gift-box-11-assorted-lokum-flavors-pistachio-hazelnut-fruit-caramel-handmade-turkish-sweets-gourmet-candy-set\/#primaryimage"},"thumbnailUrl":"https:\/\/airobazar.com\/wp-content\/uploads\/2025\/11\/11lipaket1.png","datePublished":"2025-11-20T12:14:37+00:00","dateModified":"2025-11-20T12:18:36+00:00","breadcrumb":{"@id":"https:\/\/airobazar.com\/product\/mixed-turkish-delight-gift-box-11-assorted-lokum-flavors-pistachio-hazelnut-fruit-caramel-handmade-turkish-sweets-gourmet-candy-set\/#breadcrumb"},"inLanguage":"tr","potentialAction":[{"@type":"ReadAction","target":["https:\/\/airobazar.com\/product\/mixed-turkish-delight-gift-box-11-assorted-lokum-flavors-pistachio-hazelnut-fruit-caramel-handmade-turkish-sweets-gourmet-candy-set\/"]}]},{"@type":"ImageObject","inLanguage":"tr","@id":"https:\/\/airobazar.com\/product\/mixed-turkish-delight-gift-box-11-assorted-lokum-flavors-pistachio-hazelnut-fruit-caramel-handmade-turkish-sweets-gourmet-candy-set\/#primaryimage","url":"https:\/\/airobazar.com\/wp-content\/uploads\/2025\/11\/11lipaket1.png","contentUrl":"https:\/\/airobazar.com\/wp-content\/uploads\/2025\/11\/11lipaket1.png","width":600,"height":800},{"@type":"BreadcrumbList","@id":"https:\/\/airobazar.com\/product\/mixed-turkish-delight-gift-box-11-assorted-lokum-flavors-pistachio-hazelnut-fruit-caramel-handmade-turkish-sweets-gourmet-candy-set\/#breadcrumb","itemListElement":[{"@type":"ListItem","position":1,"name":"Home","item":"https:\/\/airobazar.com\/tr\/"},{"@type":"ListItem","position":2,"name":"Ma\u011faza","item":"https:\/\/airobazar.com\/tr\/magaza\/"},{"@type":"ListItem","position":3,"name":"11\u2019li Kar\u0131\u015f\u0131k Lokum Paketi \u2013 Antep F\u0131st\u0131kl\u0131 &#038; F\u0131nd\u0131kl\u0131 Meyveli Lokum Seti 11&#215;125 gr"}]},{"@type":"WebSite","@id":"https:\/\/airobazar.com\/#website","url":"https:\/\/airobazar.com\/","name":"AiroBazar","description":"online sales","potentialAction":[{"@type":"SearchAction","target":{"@type":"EntryPoint","urlTemplate":"https:\/\/airobazar.com\/?s={search_term_string}"},"query-input":{"@type":"PropertyValueSpecification","valueRequired":true,"valueName":"search_term_string"}}],"inLanguage":"tr"}]}},"_links":{"self":[{"href":"https:\/\/airobazar.com\/tr\/wp-json\/wp\/v2\/product\/9768","targetHints":{"allow":["GET"]}}],"collection":[{"href":"https:\/\/airobazar.com\/tr\/wp-json\/wp\/v2\/product"}],"about":[{"href":"https:\/\/airobazar.com\/tr\/wp-json\/wp\/v2\/types\/product"}],"replies":[{"embeddable":true,"href":"https:\/\/airobazar.com\/tr\/wp-json\/wp\/v2\/comments?post=9768"}],"version-history":[{"count":1,"href":"https:\/\/airobazar.com\/tr\/wp-json\/wp\/v2\/product\/9768\/revisions"}],"predecessor-version":[{"id":9770,"href":"https:\/\/airobazar.com\/tr\/wp-json\/wp\/v2\/product\/9768\/revisions\/9770"}],"wp:featuredmedia":[{"embeddable":true,"href":"https:\/\/airobazar.com\/tr\/wp-json\/wp\/v2\/media\/9764"}],"wp:attachment":[{"href":"https:\/\/airobazar.com\/tr\/wp-json\/wp\/v2\/media?parent=9768"}],"wp:term":[{"taxonomy":"product_brand","embeddable":true,"href":"https:\/\/airobazar.com\/tr\/wp-json\/wp\/v2\/product_brand?post=9768"},{"taxonomy":"product_cat","embeddable":true,"href":"https:\/\/airobazar.com\/tr\/wp-json\/wp\/v2\/product_cat?post=9768"},{"taxonomy":"product_tag","embeddable":true,"href":"https:\/\/airobazar.com\/tr\/wp-json\/wp\/v2\/product_tag?post=9768"}],"curies":[{"name":"wp","href":"https:\/\/api.w.org\/{rel}","templated":true}]}}