{"id":9694,"date":"2025-11-20T10:37:05","date_gmt":"2025-11-20T10:37:05","guid":{"rendered":"https:\/\/airobazar.com\/?post_type=product&#038;p=9694"},"modified":"2025-11-20T11:04:03","modified_gmt":"2025-11-20T11:04:03","slug":"kivi-findikli-lokum-125-gr-kivi-meyveli-findikli-turk-lokumu","status":"publish","type":"product","link":"https:\/\/airobazar.com\/tr\/urun\/kivi-findikli-lokum-125-gr-kivi-meyveli-findikli-turk-lokumu\/","title":{"rendered":"Kivi F\u0131nd\u0131kl\u0131 Lokum 125 gr \u2013 Kivi Meyveli &#038; F\u0131nd\u0131kl\u0131 T\u00fcrk Lokumu"},"content":{"rendered":"<p class=\"product-description-content\">\u00a0T\u00fcrkiye&#8217;nin zengin lezzet miras\u0131n\u0131 yans\u0131tan Kivi F\u0131nd\u0131kl\u0131 Lokum, geleneksel tariflerle modern dokunu\u015flar\u0131n harmanland\u0131\u011f\u0131 bir lezzet sunar.<\/p>\n<p class=\"product-description-content\">&#8211; 125 graml\u0131k paketiyle ideal boyutta olan bu lokum, hem bireysel t\u00fcketim hem de misafirlerinize ikram i\u00e7in m\u00fckemmeldir.<\/p>\n<p class=\"product-description-content\">&#8211; Taze ve yumu\u015fak dokusuyla damaklar\u0131n\u0131zda e\u015fsiz bir tat b\u0131rak\u0131r<\/p>\n<p class=\"product-description-content\">her lokmada f\u0131nd\u0131k ve kivi meyvesinin uyumu hissedilir.<\/p>\n<p class=\"product-description-content\">&#8211; Kivi&#8217;nin do\u011fal tatl\u0131l\u0131\u011f\u0131 ile f\u0131nd\u0131\u011f\u0131n \u00e7\u0131t\u0131r \u00e7\u0131t\u0131r dokusunun birle\u015fimi, lokum deneyiminizi zenginle\u015ftirir ve unutulmaz k\u0131lar.<\/p>\n","protected":false},"excerpt":{"rendered":"<p>\u00a0T\u00fcrkiye&#8217;nin zengin lezzet miras\u0131n\u0131 yans\u0131tan Kivi F\u0131nd\u0131kl\u0131 Lokum, geleneksel tariflerle modern dokunu\u015flar\u0131n harmanland\u0131\u011f\u0131 bir lezzet sunar. &#8211; 125 graml\u0131k paketiyle<\/p>\n","protected":false},"featured_media":9680,"comment_status":"open","ping_status":"closed","template":"","meta":[],"product_brand":[],"product_cat":[218,240],"product_tag":[],"class_list":{"0":"post-9694","1":"product","2":"type-product","3":"status-publish","4":"has-post-thumbnail","6":"product_cat-lokum-ve-kuruyemisler","7":"product_cat-tum-katagoriler","9":"first","10":"instock","11":"sale","12":"taxable","13":"shipping-taxable","14":"purchasable","15":"product-type-variable"},"yoast_head":"<!-- This site is optimized with the Yoast SEO plugin v27.4 - https:\/\/yoast.com\/product\/yoast-seo-wordpress\/ -->\n<title>Kivi F\u0131nd\u0131kl\u0131 Lokum 125 gr \u2013 Kivi Meyveli &amp; F\u0131nd\u0131kl\u0131 T\u00fcrk Lokumu - AiroBazar<\/title>\n<meta name=\"robots\" content=\"index, follow, max-snippet:-1, max-image-preview:large, max-video-preview:-1\" \/>\n<link rel=\"canonical\" href=\"https:\/\/airobazar.com\/product\/handmade-kiwi-hazelnut-turkish-delight-125g-natural-fruit-lokum-authentic-turkish-sweet-gourmet-candy-gift-no-additives\/\" \/>\n<meta property=\"og:locale\" content=\"tr_TR\" \/>\n<meta property=\"og:type\" content=\"article\" \/>\n<meta property=\"og:title\" content=\"Kivi F\u0131nd\u0131kl\u0131 Lokum 125 gr \u2013 Kivi Meyveli &amp; F\u0131nd\u0131kl\u0131 T\u00fcrk Lokumu - AiroBazar\" \/>\n<meta property=\"og:description\" content=\"\u00a0T\u00fcrkiye&#8217;nin zengin lezzet miras\u0131n\u0131 yans\u0131tan Kivi F\u0131nd\u0131kl\u0131 Lokum, geleneksel tariflerle modern dokunu\u015flar\u0131n harmanland\u0131\u011f\u0131 bir lezzet sunar. &#8211; 125 graml\u0131k paketiyle\" \/>\n<meta property=\"og:url\" content=\"https:\/\/airobazar.com\/product\/handmade-kiwi-hazelnut-turkish-delight-125g-natural-fruit-lokum-authentic-turkish-sweet-gourmet-candy-gift-no-additives\/\" \/>\n<meta property=\"og:site_name\" content=\"AiroBazar\" \/>\n<meta property=\"article:modified_time\" content=\"2025-11-20T11:04:03+00:00\" \/>\n<meta property=\"og:image\" content=\"https:\/\/airobazar.com\/wp-content\/uploads\/2025\/11\/kiw1.png\" \/>\n\t<meta property=\"og:image:width\" content=\"600\" \/>\n\t<meta property=\"og:image:height\" content=\"800\" \/>\n\t<meta property=\"og:image:type\" content=\"image\/png\" \/>\n<meta name=\"twitter:card\" content=\"summary_large_image\" \/>\n<script type=\"application\/ld+json\" class=\"yoast-schema-graph\">{\"@context\":\"https:\\\/\\\/schema.org\",\"@graph\":[{\"@type\":\"WebPage\",\"@id\":\"https:\\\/\\\/airobazar.com\\\/product\\\/handmade-kiwi-hazelnut-turkish-delight-125g-natural-fruit-lokum-authentic-turkish-sweet-gourmet-candy-gift-no-additives\\\/\",\"url\":\"https:\\\/\\\/airobazar.com\\\/product\\\/handmade-kiwi-hazelnut-turkish-delight-125g-natural-fruit-lokum-authentic-turkish-sweet-gourmet-candy-gift-no-additives\\\/\",\"name\":\"Kivi F\u0131nd\u0131kl\u0131 Lokum 125 gr \u2013 Kivi Meyveli & F\u0131nd\u0131kl\u0131 T\u00fcrk Lokumu - AiroBazar\",\"isPartOf\":{\"@id\":\"https:\\\/\\\/airobazar.com\\\/#website\"},\"primaryImageOfPage\":{\"@id\":\"https:\\\/\\\/airobazar.com\\\/product\\\/handmade-kiwi-hazelnut-turkish-delight-125g-natural-fruit-lokum-authentic-turkish-sweet-gourmet-candy-gift-no-additives\\\/#primaryimage\"},\"image\":{\"@id\":\"https:\\\/\\\/airobazar.com\\\/product\\\/handmade-kiwi-hazelnut-turkish-delight-125g-natural-fruit-lokum-authentic-turkish-sweet-gourmet-candy-gift-no-additives\\\/#primaryimage\"},\"thumbnailUrl\":\"https:\\\/\\\/airobazar.com\\\/wp-content\\\/uploads\\\/2025\\\/11\\\/kiw1.png\",\"datePublished\":\"2025-11-20T10:37:05+00:00\",\"dateModified\":\"2025-11-20T11:04:03+00:00\",\"breadcrumb\":{\"@id\":\"https:\\\/\\\/airobazar.com\\\/product\\\/handmade-kiwi-hazelnut-turkish-delight-125g-natural-fruit-lokum-authentic-turkish-sweet-gourmet-candy-gift-no-additives\\\/#breadcrumb\"},\"inLanguage\":\"tr\",\"potentialAction\":[{\"@type\":\"ReadAction\",\"target\":[\"https:\\\/\\\/airobazar.com\\\/product\\\/handmade-kiwi-hazelnut-turkish-delight-125g-natural-fruit-lokum-authentic-turkish-sweet-gourmet-candy-gift-no-additives\\\/\"]}]},{\"@type\":\"ImageObject\",\"inLanguage\":\"tr\",\"@id\":\"https:\\\/\\\/airobazar.com\\\/product\\\/handmade-kiwi-hazelnut-turkish-delight-125g-natural-fruit-lokum-authentic-turkish-sweet-gourmet-candy-gift-no-additives\\\/#primaryimage\",\"url\":\"https:\\\/\\\/airobazar.com\\\/wp-content\\\/uploads\\\/2025\\\/11\\\/kiw1.png\",\"contentUrl\":\"https:\\\/\\\/airobazar.com\\\/wp-content\\\/uploads\\\/2025\\\/11\\\/kiw1.png\",\"width\":600,\"height\":800},{\"@type\":\"BreadcrumbList\",\"@id\":\"https:\\\/\\\/airobazar.com\\\/product\\\/handmade-kiwi-hazelnut-turkish-delight-125g-natural-fruit-lokum-authentic-turkish-sweet-gourmet-candy-gift-no-additives\\\/#breadcrumb\",\"itemListElement\":[{\"@type\":\"ListItem\",\"position\":1,\"name\":\"Home\",\"item\":\"https:\\\/\\\/airobazar.com\\\/tr\\\/\"},{\"@type\":\"ListItem\",\"position\":2,\"name\":\"Ma\u011faza\",\"item\":\"https:\\\/\\\/airobazar.com\\\/tr\\\/magaza\\\/\"},{\"@type\":\"ListItem\",\"position\":3,\"name\":\"Kivi F\u0131nd\u0131kl\u0131 Lokum 125 gr \u2013 Kivi Meyveli &#038; F\u0131nd\u0131kl\u0131 T\u00fcrk Lokumu\"}]},{\"@type\":\"WebSite\",\"@id\":\"https:\\\/\\\/airobazar.com\\\/#website\",\"url\":\"https:\\\/\\\/airobazar.com\\\/\",\"name\":\"AiroBazar\",\"description\":\"online sales\",\"potentialAction\":[{\"@type\":\"SearchAction\",\"target\":{\"@type\":\"EntryPoint\",\"urlTemplate\":\"https:\\\/\\\/airobazar.com\\\/?s={search_term_string}\"},\"query-input\":{\"@type\":\"PropertyValueSpecification\",\"valueRequired\":true,\"valueName\":\"search_term_string\"}}],\"inLanguage\":\"tr\"}]}<\/script>\n<!-- \/ Yoast SEO plugin. -->","yoast_head_json":{"title":"Kivi F\u0131nd\u0131kl\u0131 Lokum 125 gr \u2013 Kivi Meyveli & F\u0131nd\u0131kl\u0131 T\u00fcrk Lokumu - AiroBazar","robots":{"index":"index","follow":"follow","max-snippet":"max-snippet:-1","max-image-preview":"max-image-preview:large","max-video-preview":"max-video-preview:-1"},"canonical":"https:\/\/airobazar.com\/product\/handmade-kiwi-hazelnut-turkish-delight-125g-natural-fruit-lokum-authentic-turkish-sweet-gourmet-candy-gift-no-additives\/","og_locale":"tr_TR","og_type":"article","og_title":"Kivi F\u0131nd\u0131kl\u0131 Lokum 125 gr \u2013 Kivi Meyveli & F\u0131nd\u0131kl\u0131 T\u00fcrk Lokumu - AiroBazar","og_description":"\u00a0T\u00fcrkiye&#8217;nin zengin lezzet miras\u0131n\u0131 yans\u0131tan Kivi F\u0131nd\u0131kl\u0131 Lokum, geleneksel tariflerle modern dokunu\u015flar\u0131n harmanland\u0131\u011f\u0131 bir lezzet sunar. &#8211; 125 graml\u0131k paketiyle","og_url":"https:\/\/airobazar.com\/product\/handmade-kiwi-hazelnut-turkish-delight-125g-natural-fruit-lokum-authentic-turkish-sweet-gourmet-candy-gift-no-additives\/","og_site_name":"AiroBazar","article_modified_time":"2025-11-20T11:04:03+00:00","og_image":[{"width":600,"height":800,"url":"https:\/\/airobazar.com\/wp-content\/uploads\/2025\/11\/kiw1.png","type":"image\/png"}],"twitter_card":"summary_large_image","schema":{"@context":"https:\/\/schema.org","@graph":[{"@type":"WebPage","@id":"https:\/\/airobazar.com\/product\/handmade-kiwi-hazelnut-turkish-delight-125g-natural-fruit-lokum-authentic-turkish-sweet-gourmet-candy-gift-no-additives\/","url":"https:\/\/airobazar.com\/product\/handmade-kiwi-hazelnut-turkish-delight-125g-natural-fruit-lokum-authentic-turkish-sweet-gourmet-candy-gift-no-additives\/","name":"Kivi F\u0131nd\u0131kl\u0131 Lokum 125 gr \u2013 Kivi Meyveli & F\u0131nd\u0131kl\u0131 T\u00fcrk Lokumu - AiroBazar","isPartOf":{"@id":"https:\/\/airobazar.com\/#website"},"primaryImageOfPage":{"@id":"https:\/\/airobazar.com\/product\/handmade-kiwi-hazelnut-turkish-delight-125g-natural-fruit-lokum-authentic-turkish-sweet-gourmet-candy-gift-no-additives\/#primaryimage"},"image":{"@id":"https:\/\/airobazar.com\/product\/handmade-kiwi-hazelnut-turkish-delight-125g-natural-fruit-lokum-authentic-turkish-sweet-gourmet-candy-gift-no-additives\/#primaryimage"},"thumbnailUrl":"https:\/\/airobazar.com\/wp-content\/uploads\/2025\/11\/kiw1.png","datePublished":"2025-11-20T10:37:05+00:00","dateModified":"2025-11-20T11:04:03+00:00","breadcrumb":{"@id":"https:\/\/airobazar.com\/product\/handmade-kiwi-hazelnut-turkish-delight-125g-natural-fruit-lokum-authentic-turkish-sweet-gourmet-candy-gift-no-additives\/#breadcrumb"},"inLanguage":"tr","potentialAction":[{"@type":"ReadAction","target":["https:\/\/airobazar.com\/product\/handmade-kiwi-hazelnut-turkish-delight-125g-natural-fruit-lokum-authentic-turkish-sweet-gourmet-candy-gift-no-additives\/"]}]},{"@type":"ImageObject","inLanguage":"tr","@id":"https:\/\/airobazar.com\/product\/handmade-kiwi-hazelnut-turkish-delight-125g-natural-fruit-lokum-authentic-turkish-sweet-gourmet-candy-gift-no-additives\/#primaryimage","url":"https:\/\/airobazar.com\/wp-content\/uploads\/2025\/11\/kiw1.png","contentUrl":"https:\/\/airobazar.com\/wp-content\/uploads\/2025\/11\/kiw1.png","width":600,"height":800},{"@type":"BreadcrumbList","@id":"https:\/\/airobazar.com\/product\/handmade-kiwi-hazelnut-turkish-delight-125g-natural-fruit-lokum-authentic-turkish-sweet-gourmet-candy-gift-no-additives\/#breadcrumb","itemListElement":[{"@type":"ListItem","position":1,"name":"Home","item":"https:\/\/airobazar.com\/tr\/"},{"@type":"ListItem","position":2,"name":"Ma\u011faza","item":"https:\/\/airobazar.com\/tr\/magaza\/"},{"@type":"ListItem","position":3,"name":"Kivi F\u0131nd\u0131kl\u0131 Lokum 125 gr \u2013 Kivi Meyveli &#038; F\u0131nd\u0131kl\u0131 T\u00fcrk Lokumu"}]},{"@type":"WebSite","@id":"https:\/\/airobazar.com\/#website","url":"https:\/\/airobazar.com\/","name":"AiroBazar","description":"online sales","potentialAction":[{"@type":"SearchAction","target":{"@type":"EntryPoint","urlTemplate":"https:\/\/airobazar.com\/?s={search_term_string}"},"query-input":{"@type":"PropertyValueSpecification","valueRequired":true,"valueName":"search_term_string"}}],"inLanguage":"tr"}]}},"_links":{"self":[{"href":"https:\/\/airobazar.com\/tr\/wp-json\/wp\/v2\/product\/9694","targetHints":{"allow":["GET"]}}],"collection":[{"href":"https:\/\/airobazar.com\/tr\/wp-json\/wp\/v2\/product"}],"about":[{"href":"https:\/\/airobazar.com\/tr\/wp-json\/wp\/v2\/types\/product"}],"replies":[{"embeddable":true,"href":"https:\/\/airobazar.com\/tr\/wp-json\/wp\/v2\/comments?post=9694"}],"version-history":[{"count":1,"href":"https:\/\/airobazar.com\/tr\/wp-json\/wp\/v2\/product\/9694\/revisions"}],"predecessor-version":[{"id":9697,"href":"https:\/\/airobazar.com\/tr\/wp-json\/wp\/v2\/product\/9694\/revisions\/9697"}],"wp:featuredmedia":[{"embeddable":true,"href":"https:\/\/airobazar.com\/tr\/wp-json\/wp\/v2\/media\/9680"}],"wp:attachment":[{"href":"https:\/\/airobazar.com\/tr\/wp-json\/wp\/v2\/media?parent=9694"}],"wp:term":[{"taxonomy":"product_brand","embeddable":true,"href":"https:\/\/airobazar.com\/tr\/wp-json\/wp\/v2\/product_brand?post=9694"},{"taxonomy":"product_cat","embeddable":true,"href":"https:\/\/airobazar.com\/tr\/wp-json\/wp\/v2\/product_cat?post=9694"},{"taxonomy":"product_tag","embeddable":true,"href":"https:\/\/airobazar.com\/tr\/wp-json\/wp\/v2\/product_tag?post=9694"}],"curies":[{"name":"wp","href":"https:\/\/api.w.org\/{rel}","templated":true}]}}