{"id":9654,"date":"2025-11-20T09:08:02","date_gmt":"2025-11-20T09:08:02","guid":{"rendered":"https:\/\/airobazar.com\/?post_type=product&#038;p=9654"},"modified":"2025-11-20T09:13:45","modified_gmt":"2025-11-20T09:13:45","slug":"italyan-karamelli-findikli-lokum-125-gr-karamelli-findikli-ozel-turk-lokumu-taze-ve-yumusak","status":"publish","type":"product","link":"https:\/\/airobazar.com\/tr\/urun\/italyan-karamelli-findikli-lokum-125-gr-karamelli-findikli-ozel-turk-lokumu-taze-ve-yumusak\/","title":{"rendered":"\u0130talyan Karamelli F\u0131nd\u0131kl\u0131 Lokum 125 gr \u2013 Karamelli &#038; F\u0131nd\u0131kl\u0131 \u00d6zel T\u00fcrk Lokumu \u2013 Taze ve Yumu\u015fak"},"content":{"rendered":"<p class=\"product-description-content\">&#8211; T\u00fcrkiye&#8217;nin zengin lezzet miras\u0131n\u0131 sofralar\u0131n\u0131za ta\u015f\u0131yan \u0130talyan Karamelli F\u0131nd\u0131kl\u0131 Lokum, her lokmada geleneksel tatlar\u0131n modern dokunu\u015flar\u0131n\u0131 ya\u015fat\u0131r.<\/p>\n<p class=\"product-description-content\">&#8211; 125 graml\u0131k paket boyutu ile ideal porsiyonlar sunar ve \u00f6zel anlar\u0131n\u0131zda keyifle t\u00fcketebilece\u011finiz bir lezzet se\u00e7ene\u011fi olur.<\/p>\n<p class=\"product-description-content\">&#8211; Taze ve yumu\u015fak dokusuyla a\u011f\u0131zda eriyen bu lokum, damak tad\u0131n\u0131za e\u015fsiz bir ziyafet sunar.<\/p>\n<p class=\"product-description-content\">&#8211; Karamelli ve f\u0131nd\u0131kl\u0131 lezzetlerin m\u00fckemmel uyumu, her lokmada tatl\u0131l\u0131\u011f\u0131n ve f\u0131nd\u0131\u011f\u0131n m\u00fckemmel dengesini hissetmenizi sa\u011flar.<\/p>\n","protected":false},"excerpt":{"rendered":"<p>&#8211; T\u00fcrkiye&#8217;nin zengin lezzet miras\u0131n\u0131 sofralar\u0131n\u0131za ta\u015f\u0131yan \u0130talyan Karamelli F\u0131nd\u0131kl\u0131 Lokum, her lokmada geleneksel tatlar\u0131n modern dokunu\u015flar\u0131n\u0131 ya\u015fat\u0131r. &#8211; 125<\/p>\n","protected":false},"featured_media":9643,"comment_status":"open","ping_status":"closed","template":"","meta":[],"product_brand":[],"product_cat":[218,240],"product_tag":[],"class_list":{"0":"post-9654","1":"product","2":"type-product","3":"status-publish","4":"has-post-thumbnail","6":"product_cat-lokum-ve-kuruyemisler","7":"product_cat-tum-katagoriler","9":"first","10":"instock","11":"sale","12":"taxable","13":"shipping-taxable","14":"purchasable","15":"product-type-variable"},"yoast_head":"<!-- This site is optimized with the Yoast SEO plugin v27.4 - https:\/\/yoast.com\/product\/yoast-seo-wordpress\/ -->\n<title>\u0130talyan Karamelli F\u0131nd\u0131kl\u0131 Lokum 125 gr \u2013 Karamelli &amp; F\u0131nd\u0131kl\u0131 \u00d6zel T\u00fcrk Lokumu \u2013 Taze ve Yumu\u015fak - AiroBazar<\/title>\n<meta name=\"robots\" content=\"index, follow, max-snippet:-1, max-image-preview:large, max-video-preview:-1\" \/>\n<link rel=\"canonical\" href=\"https:\/\/airobazar.com\/product\/handmade-italian-caramel-turkish-delight-125g-gourmet-lokum-authentic-turkish-sweet-soft-chewy-candy-gift-no-additives\/\" \/>\n<meta property=\"og:locale\" content=\"tr_TR\" \/>\n<meta property=\"og:type\" content=\"article\" \/>\n<meta property=\"og:title\" content=\"\u0130talyan Karamelli F\u0131nd\u0131kl\u0131 Lokum 125 gr \u2013 Karamelli &amp; F\u0131nd\u0131kl\u0131 \u00d6zel T\u00fcrk Lokumu \u2013 Taze ve Yumu\u015fak - AiroBazar\" \/>\n<meta property=\"og:description\" content=\"&#8211; T\u00fcrkiye&#8217;nin zengin lezzet miras\u0131n\u0131 sofralar\u0131n\u0131za ta\u015f\u0131yan \u0130talyan Karamelli F\u0131nd\u0131kl\u0131 Lokum, her lokmada geleneksel tatlar\u0131n modern dokunu\u015flar\u0131n\u0131 ya\u015fat\u0131r. &#8211; 125\" \/>\n<meta property=\"og:url\" content=\"https:\/\/airobazar.com\/product\/handmade-italian-caramel-turkish-delight-125g-gourmet-lokum-authentic-turkish-sweet-soft-chewy-candy-gift-no-additives\/\" \/>\n<meta property=\"og:site_name\" content=\"AiroBazar\" \/>\n<meta property=\"article:modified_time\" content=\"2025-11-20T09:13:45+00:00\" \/>\n<meta property=\"og:image\" content=\"https:\/\/airobazar.com\/wp-content\/uploads\/2025\/11\/italyan4.png\" \/>\n\t<meta property=\"og:image:width\" content=\"600\" \/>\n\t<meta property=\"og:image:height\" content=\"800\" \/>\n\t<meta property=\"og:image:type\" content=\"image\/png\" \/>\n<meta name=\"twitter:card\" content=\"summary_large_image\" \/>\n<script type=\"application\/ld+json\" class=\"yoast-schema-graph\">{\"@context\":\"https:\\\/\\\/schema.org\",\"@graph\":[{\"@type\":\"WebPage\",\"@id\":\"https:\\\/\\\/airobazar.com\\\/product\\\/handmade-italian-caramel-turkish-delight-125g-gourmet-lokum-authentic-turkish-sweet-soft-chewy-candy-gift-no-additives\\\/\",\"url\":\"https:\\\/\\\/airobazar.com\\\/product\\\/handmade-italian-caramel-turkish-delight-125g-gourmet-lokum-authentic-turkish-sweet-soft-chewy-candy-gift-no-additives\\\/\",\"name\":\"\u0130talyan Karamelli F\u0131nd\u0131kl\u0131 Lokum 125 gr \u2013 Karamelli & F\u0131nd\u0131kl\u0131 \u00d6zel T\u00fcrk Lokumu \u2013 Taze ve Yumu\u015fak - AiroBazar\",\"isPartOf\":{\"@id\":\"https:\\\/\\\/airobazar.com\\\/#website\"},\"primaryImageOfPage\":{\"@id\":\"https:\\\/\\\/airobazar.com\\\/product\\\/handmade-italian-caramel-turkish-delight-125g-gourmet-lokum-authentic-turkish-sweet-soft-chewy-candy-gift-no-additives\\\/#primaryimage\"},\"image\":{\"@id\":\"https:\\\/\\\/airobazar.com\\\/product\\\/handmade-italian-caramel-turkish-delight-125g-gourmet-lokum-authentic-turkish-sweet-soft-chewy-candy-gift-no-additives\\\/#primaryimage\"},\"thumbnailUrl\":\"https:\\\/\\\/airobazar.com\\\/wp-content\\\/uploads\\\/2025\\\/11\\\/italyan4.png\",\"datePublished\":\"2025-11-20T09:08:02+00:00\",\"dateModified\":\"2025-11-20T09:13:45+00:00\",\"breadcrumb\":{\"@id\":\"https:\\\/\\\/airobazar.com\\\/product\\\/handmade-italian-caramel-turkish-delight-125g-gourmet-lokum-authentic-turkish-sweet-soft-chewy-candy-gift-no-additives\\\/#breadcrumb\"},\"inLanguage\":\"tr\",\"potentialAction\":[{\"@type\":\"ReadAction\",\"target\":[\"https:\\\/\\\/airobazar.com\\\/product\\\/handmade-italian-caramel-turkish-delight-125g-gourmet-lokum-authentic-turkish-sweet-soft-chewy-candy-gift-no-additives\\\/\"]}]},{\"@type\":\"ImageObject\",\"inLanguage\":\"tr\",\"@id\":\"https:\\\/\\\/airobazar.com\\\/product\\\/handmade-italian-caramel-turkish-delight-125g-gourmet-lokum-authentic-turkish-sweet-soft-chewy-candy-gift-no-additives\\\/#primaryimage\",\"url\":\"https:\\\/\\\/airobazar.com\\\/wp-content\\\/uploads\\\/2025\\\/11\\\/italyan4.png\",\"contentUrl\":\"https:\\\/\\\/airobazar.com\\\/wp-content\\\/uploads\\\/2025\\\/11\\\/italyan4.png\",\"width\":600,\"height\":800},{\"@type\":\"BreadcrumbList\",\"@id\":\"https:\\\/\\\/airobazar.com\\\/product\\\/handmade-italian-caramel-turkish-delight-125g-gourmet-lokum-authentic-turkish-sweet-soft-chewy-candy-gift-no-additives\\\/#breadcrumb\",\"itemListElement\":[{\"@type\":\"ListItem\",\"position\":1,\"name\":\"Home\",\"item\":\"https:\\\/\\\/airobazar.com\\\/tr\\\/\"},{\"@type\":\"ListItem\",\"position\":2,\"name\":\"Ma\u011faza\",\"item\":\"https:\\\/\\\/airobazar.com\\\/tr\\\/magaza\\\/\"},{\"@type\":\"ListItem\",\"position\":3,\"name\":\"\u0130talyan Karamelli F\u0131nd\u0131kl\u0131 Lokum 125 gr \u2013 Karamelli &#038; F\u0131nd\u0131kl\u0131 \u00d6zel T\u00fcrk Lokumu \u2013 Taze ve Yumu\u015fak\"}]},{\"@type\":\"WebSite\",\"@id\":\"https:\\\/\\\/airobazar.com\\\/#website\",\"url\":\"https:\\\/\\\/airobazar.com\\\/\",\"name\":\"AiroBazar\",\"description\":\"online sales\",\"potentialAction\":[{\"@type\":\"SearchAction\",\"target\":{\"@type\":\"EntryPoint\",\"urlTemplate\":\"https:\\\/\\\/airobazar.com\\\/?s={search_term_string}\"},\"query-input\":{\"@type\":\"PropertyValueSpecification\",\"valueRequired\":true,\"valueName\":\"search_term_string\"}}],\"inLanguage\":\"tr\"}]}<\/script>\n<!-- \/ Yoast SEO plugin. -->","yoast_head_json":{"title":"\u0130talyan Karamelli F\u0131nd\u0131kl\u0131 Lokum 125 gr \u2013 Karamelli & F\u0131nd\u0131kl\u0131 \u00d6zel T\u00fcrk Lokumu \u2013 Taze ve Yumu\u015fak - AiroBazar","robots":{"index":"index","follow":"follow","max-snippet":"max-snippet:-1","max-image-preview":"max-image-preview:large","max-video-preview":"max-video-preview:-1"},"canonical":"https:\/\/airobazar.com\/product\/handmade-italian-caramel-turkish-delight-125g-gourmet-lokum-authentic-turkish-sweet-soft-chewy-candy-gift-no-additives\/","og_locale":"tr_TR","og_type":"article","og_title":"\u0130talyan Karamelli F\u0131nd\u0131kl\u0131 Lokum 125 gr \u2013 Karamelli & F\u0131nd\u0131kl\u0131 \u00d6zel T\u00fcrk Lokumu \u2013 Taze ve Yumu\u015fak - AiroBazar","og_description":"&#8211; T\u00fcrkiye&#8217;nin zengin lezzet miras\u0131n\u0131 sofralar\u0131n\u0131za ta\u015f\u0131yan \u0130talyan Karamelli F\u0131nd\u0131kl\u0131 Lokum, her lokmada geleneksel tatlar\u0131n modern dokunu\u015flar\u0131n\u0131 ya\u015fat\u0131r. &#8211; 125","og_url":"https:\/\/airobazar.com\/product\/handmade-italian-caramel-turkish-delight-125g-gourmet-lokum-authentic-turkish-sweet-soft-chewy-candy-gift-no-additives\/","og_site_name":"AiroBazar","article_modified_time":"2025-11-20T09:13:45+00:00","og_image":[{"width":600,"height":800,"url":"https:\/\/airobazar.com\/wp-content\/uploads\/2025\/11\/italyan4.png","type":"image\/png"}],"twitter_card":"summary_large_image","schema":{"@context":"https:\/\/schema.org","@graph":[{"@type":"WebPage","@id":"https:\/\/airobazar.com\/product\/handmade-italian-caramel-turkish-delight-125g-gourmet-lokum-authentic-turkish-sweet-soft-chewy-candy-gift-no-additives\/","url":"https:\/\/airobazar.com\/product\/handmade-italian-caramel-turkish-delight-125g-gourmet-lokum-authentic-turkish-sweet-soft-chewy-candy-gift-no-additives\/","name":"\u0130talyan Karamelli F\u0131nd\u0131kl\u0131 Lokum 125 gr \u2013 Karamelli & F\u0131nd\u0131kl\u0131 \u00d6zel T\u00fcrk Lokumu \u2013 Taze ve Yumu\u015fak - AiroBazar","isPartOf":{"@id":"https:\/\/airobazar.com\/#website"},"primaryImageOfPage":{"@id":"https:\/\/airobazar.com\/product\/handmade-italian-caramel-turkish-delight-125g-gourmet-lokum-authentic-turkish-sweet-soft-chewy-candy-gift-no-additives\/#primaryimage"},"image":{"@id":"https:\/\/airobazar.com\/product\/handmade-italian-caramel-turkish-delight-125g-gourmet-lokum-authentic-turkish-sweet-soft-chewy-candy-gift-no-additives\/#primaryimage"},"thumbnailUrl":"https:\/\/airobazar.com\/wp-content\/uploads\/2025\/11\/italyan4.png","datePublished":"2025-11-20T09:08:02+00:00","dateModified":"2025-11-20T09:13:45+00:00","breadcrumb":{"@id":"https:\/\/airobazar.com\/product\/handmade-italian-caramel-turkish-delight-125g-gourmet-lokum-authentic-turkish-sweet-soft-chewy-candy-gift-no-additives\/#breadcrumb"},"inLanguage":"tr","potentialAction":[{"@type":"ReadAction","target":["https:\/\/airobazar.com\/product\/handmade-italian-caramel-turkish-delight-125g-gourmet-lokum-authentic-turkish-sweet-soft-chewy-candy-gift-no-additives\/"]}]},{"@type":"ImageObject","inLanguage":"tr","@id":"https:\/\/airobazar.com\/product\/handmade-italian-caramel-turkish-delight-125g-gourmet-lokum-authentic-turkish-sweet-soft-chewy-candy-gift-no-additives\/#primaryimage","url":"https:\/\/airobazar.com\/wp-content\/uploads\/2025\/11\/italyan4.png","contentUrl":"https:\/\/airobazar.com\/wp-content\/uploads\/2025\/11\/italyan4.png","width":600,"height":800},{"@type":"BreadcrumbList","@id":"https:\/\/airobazar.com\/product\/handmade-italian-caramel-turkish-delight-125g-gourmet-lokum-authentic-turkish-sweet-soft-chewy-candy-gift-no-additives\/#breadcrumb","itemListElement":[{"@type":"ListItem","position":1,"name":"Home","item":"https:\/\/airobazar.com\/tr\/"},{"@type":"ListItem","position":2,"name":"Ma\u011faza","item":"https:\/\/airobazar.com\/tr\/magaza\/"},{"@type":"ListItem","position":3,"name":"\u0130talyan Karamelli F\u0131nd\u0131kl\u0131 Lokum 125 gr \u2013 Karamelli &#038; F\u0131nd\u0131kl\u0131 \u00d6zel T\u00fcrk Lokumu \u2013 Taze ve Yumu\u015fak"}]},{"@type":"WebSite","@id":"https:\/\/airobazar.com\/#website","url":"https:\/\/airobazar.com\/","name":"AiroBazar","description":"online sales","potentialAction":[{"@type":"SearchAction","target":{"@type":"EntryPoint","urlTemplate":"https:\/\/airobazar.com\/?s={search_term_string}"},"query-input":{"@type":"PropertyValueSpecification","valueRequired":true,"valueName":"search_term_string"}}],"inLanguage":"tr"}]}},"_links":{"self":[{"href":"https:\/\/airobazar.com\/tr\/wp-json\/wp\/v2\/product\/9654","targetHints":{"allow":["GET"]}}],"collection":[{"href":"https:\/\/airobazar.com\/tr\/wp-json\/wp\/v2\/product"}],"about":[{"href":"https:\/\/airobazar.com\/tr\/wp-json\/wp\/v2\/types\/product"}],"replies":[{"embeddable":true,"href":"https:\/\/airobazar.com\/tr\/wp-json\/wp\/v2\/comments?post=9654"}],"version-history":[{"count":1,"href":"https:\/\/airobazar.com\/tr\/wp-json\/wp\/v2\/product\/9654\/revisions"}],"predecessor-version":[{"id":9657,"href":"https:\/\/airobazar.com\/tr\/wp-json\/wp\/v2\/product\/9654\/revisions\/9657"}],"wp:featuredmedia":[{"embeddable":true,"href":"https:\/\/airobazar.com\/tr\/wp-json\/wp\/v2\/media\/9643"}],"wp:attachment":[{"href":"https:\/\/airobazar.com\/tr\/wp-json\/wp\/v2\/media?parent=9654"}],"wp:term":[{"taxonomy":"product_brand","embeddable":true,"href":"https:\/\/airobazar.com\/tr\/wp-json\/wp\/v2\/product_brand?post=9654"},{"taxonomy":"product_cat","embeddable":true,"href":"https:\/\/airobazar.com\/tr\/wp-json\/wp\/v2\/product_cat?post=9654"},{"taxonomy":"product_tag","embeddable":true,"href":"https:\/\/airobazar.com\/tr\/wp-json\/wp\/v2\/product_tag?post=9654"}],"curies":[{"name":"wp","href":"https:\/\/api.w.org\/{rel}","templated":true}]}}