{"id":9355,"date":"2025-10-22T13:32:28","date_gmt":"2025-10-22T13:32:28","guid":{"rendered":"https:\/\/airobazar.com\/?post_type=product&#038;p=9355"},"modified":"2025-10-22T13:37:18","modified_gmt":"2025-10-22T13:37:18","slug":"500-ml-bardakli-paslanmaz-celik-termos-cift-kat-isi-yalitimli-sicak-ve-soguk-icecek-saklama","status":"publish","type":"product","link":"https:\/\/airobazar.com\/tr\/urun\/500-ml-bardakli-paslanmaz-celik-termos-cift-kat-isi-yalitimli-sicak-ve-soguk-icecek-saklama\/","title":{"rendered":"500 ML Bardakl\u0131 Paslanmaz \u00c7elik Termos \u00c7ift Kat Is\u0131 Yal\u0131t\u0131ml\u0131 S\u0131cak ve So\u011fuk \u0130\u00e7ecek Saklama"},"content":{"rendered":"<p class=\"product-description-content\">Paslanmaz \u00e7elik malzeme sayesinde dayan\u0131kl\u0131 ve uzun \u00f6m\u00fcrl\u00fc kullan\u0131m sunar.<\/p>\n<p class=\"product-description-content\">&#8211; \u00c7ift katl\u0131 yap\u0131s\u0131 ile s\u0131cak i\u00e7eceklerinizi saatlerce s\u0131cak, so\u011fuk i\u00e7eceklerinizi ise so\u011fuk tutar.<\/p>\n<p class=\"product-description-content\">&#8211; 500 ML kapasitesiyle ideal boyutta olup, hem ki\u015fisel kullan\u0131m hem de seyahatlerde yan\u0131n\u0131zda ta\u015f\u0131yabilece\u011finiz pratik bir se\u00e7enektir.<\/p>\n<p class=\"product-description-content\">&#8211; Bardakl\u0131 tasar\u0131m\u0131 sayesinde i\u00e7ece\u011finizi do\u011frudan termosunuzdan keyifle yudumlayabilirsiniz.<\/p>\n<p class=\"product-description-content\">&#8211; Kamp, ofis ve seyahat gibi \u00e7e\u015fitli ortamlarda rahatl\u0131kla kullanabilece\u011finiz \u00e7ok y\u00f6nl\u00fc bir \u00fcr\u00fcnd\u00fcr.<\/p>\n","protected":false},"excerpt":{"rendered":"<p>Paslanmaz \u00e7elik malzeme sayesinde dayan\u0131kl\u0131 ve uzun \u00f6m\u00fcrl\u00fc kullan\u0131m sunar. &#8211; \u00c7ift katl\u0131 yap\u0131s\u0131 ile s\u0131cak i\u00e7eceklerinizi saatlerce s\u0131cak, so\u011fuk<\/p>\n","protected":false},"featured_media":9305,"comment_status":"open","ping_status":"closed","template":"","meta":[],"product_brand":[],"product_cat":[233,244,240],"product_tag":[],"class_list":{"0":"post-9355","1":"product","2":"type-product","3":"status-publish","4":"has-post-thumbnail","6":"product_cat-ev-esyalari","7":"product_cat-termos-cesitleri","8":"product_cat-tum-katagoriler","10":"first","11":"instock","12":"sale","13":"taxable","14":"shipping-taxable","15":"purchasable","16":"product-type-variable"},"_links":{"self":[{"href":"https:\/\/airobazar.com\/tr\/wp-json\/wp\/v2\/product\/9355","targetHints":{"allow":["GET"]}}],"collection":[{"href":"https:\/\/airobazar.com\/tr\/wp-json\/wp\/v2\/product"}],"about":[{"href":"https:\/\/airobazar.com\/tr\/wp-json\/wp\/v2\/types\/product"}],"replies":[{"embeddable":true,"href":"https:\/\/airobazar.com\/tr\/wp-json\/wp\/v2\/comments?post=9355"}],"version-history":[{"count":0,"href":"https:\/\/airobazar.com\/tr\/wp-json\/wp\/v2\/product\/9355\/revisions"}],"wp:featuredmedia":[{"embeddable":true,"href":"https:\/\/airobazar.com\/tr\/wp-json\/wp\/v2\/media\/9305"}],"wp:attachment":[{"href":"https:\/\/airobazar.com\/tr\/wp-json\/wp\/v2\/media?parent=9355"}],"wp:term":[{"taxonomy":"product_brand","embeddable":true,"href":"https:\/\/airobazar.com\/tr\/wp-json\/wp\/v2\/product_brand?post=9355"},{"taxonomy":"product_cat","embeddable":true,"href":"https:\/\/airobazar.com\/tr\/wp-json\/wp\/v2\/product_cat?post=9355"},{"taxonomy":"product_tag","embeddable":true,"href":"https:\/\/airobazar.com\/tr\/wp-json\/wp\/v2\/product_tag?post=9355"}],"curies":[{"name":"wp","href":"https:\/\/api.w.org\/{rel}","templated":true}]}}