{"id":9185,"date":"2025-10-22T11:29:15","date_gmt":"2025-10-22T11:29:15","guid":{"rendered":"https:\/\/airobazar.com\/?post_type=product&#038;p=9185"},"modified":"2025-10-22T11:37:32","modified_gmt":"2025-10-22T11:37:32","slug":"350-ml-opak-seri-cift-katmanli-mug-isiya-dayanikli-kahve-cay-bardagi","status":"publish","type":"product","link":"https:\/\/airobazar.com\/tr\/urun\/350-ml-opak-seri-cift-katmanli-mug-isiya-dayanikli-kahve-cay-bardagi\/","title":{"rendered":"350 ML Opak Seri \u00c7ift Katmanl\u0131 Mug Is\u0131ya Dayan\u0131kl\u0131 Kahve &#038; \u00c7ay Barda\u011f\u0131"},"content":{"rendered":"<p class=\"product-description-content\">\u00a0350 ML kapasiteli,\u00a0 \u00e7ift katmanl\u0131 tasar\u0131m\u0131yla dikkat \u00e7eken bu mug, hem \u015f\u0131k hem de fonksiyonel bir i\u00e7ecek deneyimi sunar.<\/p>\n<p class=\"product-description-content\">&#8211; Sert Plastik malzemeden \u00fcretilmi\u015f olup, hafifli\u011fi ve dayan\u0131kl\u0131l\u0131\u011f\u0131 ile \u00f6ne \u00e7\u0131kar<\/p>\n<p class=\"product-description-content\">ta\u015f\u0131mas\u0131 kolay ve uzun \u00f6m\u00fcrl\u00fc kullan\u0131m sa\u011flar.<\/p>\n<p class=\"product-description-content\">&#8211; Elde y\u0131kanmas\u0131 \u00f6nerilen bu \u00fcr\u00fcn, hijyenik bir kullan\u0131m i\u00e7in idealdir ve temizli\u011fi pratiktir.<\/p>\n<p class=\"product-description-content\">&#8211; Kutulu olarak sunulan bu \u00fcr\u00fcn, hediye olarak tercih edildi\u011finde \u015f\u0131k bir ambalaj sunar ve \u00f6zel g\u00fcnlerde anlaml\u0131 bir hediye se\u00e7ene\u011fi olu\u015fturur.<\/p>\n<p class=\"product-description-content\">&#8211; 5 saat boyunca yal\u0131t\u0131m \u00f6zelli\u011fi sayesinde i\u00e7eceklerinizi s\u0131cak veya so\u011fuk tutarak uzun s\u00fcre keyifle t\u00fcketmenize olanak tan\u0131r.<\/p>\n<p class=\"product-description-content\">&#8211; T\u00fcrkiye&#8217;de \u00fcretilmi\u015f olmas\u0131yla yerel \u00fcretim desteklenmi\u015f olup, kalite standartlar\u0131na uygun olarak tasarlanm\u0131\u015ft<\/p>\n","protected":false},"excerpt":{"rendered":"<p>\u00a0350 ML kapasiteli,\u00a0 \u00e7ift katmanl\u0131 tasar\u0131m\u0131yla dikkat \u00e7eken bu mug, hem \u015f\u0131k hem de fonksiyonel bir i\u00e7ecek deneyimi sunar. &#8211;<\/p>\n","protected":false},"featured_media":9163,"comment_status":"open","ping_status":"closed","template":"","meta":[],"product_brand":[],"product_cat":[233,244,240],"product_tag":[],"class_list":{"0":"post-9185","1":"product","2":"type-product","3":"status-publish","4":"has-post-thumbnail","6":"product_cat-ev-esyalari","7":"product_cat-termos-cesitleri","8":"product_cat-tum-katagoriler","10":"first","11":"instock","12":"sale","13":"taxable","14":"shipping-taxable","15":"purchasable","16":"product-type-variable"},"_links":{"self":[{"href":"https:\/\/airobazar.com\/tr\/wp-json\/wp\/v2\/product\/9185","targetHints":{"allow":["GET"]}}],"collection":[{"href":"https:\/\/airobazar.com\/tr\/wp-json\/wp\/v2\/product"}],"about":[{"href":"https:\/\/airobazar.com\/tr\/wp-json\/wp\/v2\/types\/product"}],"replies":[{"embeddable":true,"href":"https:\/\/airobazar.com\/tr\/wp-json\/wp\/v2\/comments?post=9185"}],"version-history":[{"count":0,"href":"https:\/\/airobazar.com\/tr\/wp-json\/wp\/v2\/product\/9185\/revisions"}],"wp:featuredmedia":[{"embeddable":true,"href":"https:\/\/airobazar.com\/tr\/wp-json\/wp\/v2\/media\/9163"}],"wp:attachment":[{"href":"https:\/\/airobazar.com\/tr\/wp-json\/wp\/v2\/media?parent=9185"}],"wp:term":[{"taxonomy":"product_brand","embeddable":true,"href":"https:\/\/airobazar.com\/tr\/wp-json\/wp\/v2\/product_brand?post=9185"},{"taxonomy":"product_cat","embeddable":true,"href":"https:\/\/airobazar.com\/tr\/wp-json\/wp\/v2\/product_cat?post=9185"},{"taxonomy":"product_tag","embeddable":true,"href":"https:\/\/airobazar.com\/tr\/wp-json\/wp\/v2\/product_tag?post=9185"}],"curies":[{"name":"wp","href":"https:\/\/api.w.org\/{rel}","templated":true}]}}