{"id":9049,"date":"2025-10-02T10:17:27","date_gmt":"2025-10-02T10:17:27","guid":{"rendered":"https:\/\/airobazar.com\/?post_type=product&#038;p=9049"},"modified":"2025-10-02T10:19:11","modified_gmt":"2025-10-02T10:19:11","slug":"30-parca-catal-kasik-seti-6-yemek-kasigi-6-catal-6-tatli-kasigi-6-tatli-catali-6-cay-kasigi","status":"publish","type":"product","link":"https:\/\/airobazar.com\/tr\/urun\/30-parca-catal-kasik-seti-6-yemek-kasigi-6-catal-6-tatli-kasigi-6-tatli-catali-6-cay-kasigi\/","title":{"rendered":"30 Par\u00e7a \u00c7atal Ka\u015f\u0131k Seti \u2013 6 Yemek Ka\u015f\u0131\u011f\u0131, 6 \u00c7atal, 6 Tatl\u0131 Ka\u015f\u0131\u011f\u0131, 6 Tatl\u0131 \u00c7atal\u0131, 6 \u00c7ay Ka\u015f\u0131\u011f\u0131"},"content":{"rendered":"<p class=\"product-description-content\">&#8211; 6 ki\u015filik geni\u015f kapasiteye sahip, aileniz ve misafirleriniz i\u00e7in ideal 30 par\u00e7a \u00c7elik \u00e7atal-ka\u015f\u0131k seti.<\/p>\n<p class=\"product-description-content\">&#8211; T\u00fcrkiye men\u015feli, yerli \u00fcretim garantisiyle sunulan kaliteli ve dayan\u0131kl\u0131 \u00e7atal-ka\u015f\u0131k seti.<\/p>\n<p class=\"product-description-content\">&#8211; Yemek ka\u015f\u0131klar\u0131, \u00e7atal ve tatl\u0131 ka\u015f\u0131klar\u0131n\u0131n yan\u0131 s\u0131ra tatl\u0131 \u00e7atal\u0131 ve \u00e7ay ka\u015f\u0131klar\u0131ndan olu\u015fan 30 par\u00e7al\u0131k tam set.<\/p>\n<p class=\"product-description-content\">&#8211; G\u00fcnl\u00fck kullan\u0131m i\u00e7in m\u00fckemmel uyum sa\u011flayan 6 yemek ka\u015f\u0131\u011f\u0131, 6 \u00e7atal, 6 tatl\u0131 ka\u015f\u0131\u011f\u0131, 6 tatl\u0131 \u00e7atal\u0131 ve 6 \u00e7ay ka\u015f\u0131\u011f\u0131 ile her t\u00fcrl\u00fc ihtiyac\u0131n\u0131za cevap verir.<\/p>\n","protected":false},"excerpt":{"rendered":"<p>&#8211; 6 ki\u015filik geni\u015f kapasiteye sahip, aileniz ve misafirleriniz i\u00e7in ideal 30 par\u00e7a \u00c7elik \u00e7atal-ka\u015f\u0131k seti. &#8211; T\u00fcrkiye men\u015feli, yerli<\/p>\n","protected":false},"featured_media":9042,"comment_status":"open","ping_status":"closed","template":"","meta":[],"product_brand":[],"product_cat":[233,240],"product_tag":[],"class_list":{"0":"post-9049","1":"product","2":"type-product","3":"status-publish","4":"has-post-thumbnail","6":"product_cat-ev-esyalari","7":"product_cat-tum-katagoriler","9":"first","10":"instock","11":"sale","12":"taxable","13":"shipping-taxable","14":"purchasable","15":"product-type-simple"},"yoast_head":"<!-- This site is optimized with the Yoast SEO plugin v27.4 - https:\/\/yoast.com\/product\/yoast-seo-wordpress\/ -->\n<title>30 Par\u00e7a \u00c7atal Ka\u015f\u0131k Seti \u2013 6 Yemek Ka\u015f\u0131\u011f\u0131, 6 \u00c7atal, 6 Tatl\u0131 Ka\u015f\u0131\u011f\u0131, 6 Tatl\u0131 \u00c7atal\u0131, 6 \u00c7ay Ka\u015f\u0131\u011f\u0131 - AiroBazar<\/title>\n<meta name=\"robots\" content=\"index, follow, max-snippet:-1, max-image-preview:large, max-video-preview:-1\" \/>\n<link rel=\"canonical\" href=\"https:\/\/airobazar.com\/tr\/urun\/30-parca-catal-kasik-seti-6-yemek-kasigi-6-catal-6-tatli-kasigi-6-tatli-catali-6-cay-kasigi\/\" \/>\n<meta property=\"og:locale\" content=\"tr_TR\" \/>\n<meta property=\"og:type\" content=\"article\" \/>\n<meta property=\"og:title\" content=\"30 Par\u00e7a \u00c7atal Ka\u015f\u0131k Seti \u2013 6 Yemek Ka\u015f\u0131\u011f\u0131, 6 \u00c7atal, 6 Tatl\u0131 Ka\u015f\u0131\u011f\u0131, 6 Tatl\u0131 \u00c7atal\u0131, 6 \u00c7ay Ka\u015f\u0131\u011f\u0131 - AiroBazar\" \/>\n<meta property=\"og:description\" content=\"&#8211; 6 ki\u015filik geni\u015f kapasiteye sahip, aileniz ve misafirleriniz i\u00e7in ideal 30 par\u00e7a \u00c7elik \u00e7atal-ka\u015f\u0131k seti. &#8211; T\u00fcrkiye men\u015feli, yerli\" \/>\n<meta property=\"og:url\" content=\"https:\/\/airobazar.com\/tr\/urun\/30-parca-catal-kasik-seti-6-yemek-kasigi-6-catal-6-tatli-kasigi-6-tatli-catali-6-cay-kasigi\/\" \/>\n<meta property=\"og:site_name\" content=\"AiroBazar\" \/>\n<meta property=\"article:modified_time\" content=\"2025-10-02T10:19:11+00:00\" \/>\n<meta property=\"og:image\" content=\"https:\/\/airobazar.com\/wp-content\/uploads\/2025\/10\/43we5243w.jpg\" \/>\n\t<meta property=\"og:image:width\" content=\"1300\" \/>\n\t<meta property=\"og:image:height\" content=\"1430\" \/>\n\t<meta property=\"og:image:type\" content=\"image\/jpeg\" \/>\n<meta name=\"twitter:card\" content=\"summary_large_image\" \/>\n<script type=\"application\/ld+json\" class=\"yoast-schema-graph\">{\"@context\":\"https:\\\/\\\/schema.org\",\"@graph\":[{\"@type\":\"WebPage\",\"@id\":\"https:\\\/\\\/airobazar.com\\\/tr\\\/urun\\\/30-parca-catal-kasik-seti-6-yemek-kasigi-6-catal-6-tatli-kasigi-6-tatli-catali-6-cay-kasigi\\\/\",\"url\":\"https:\\\/\\\/airobazar.com\\\/tr\\\/urun\\\/30-parca-catal-kasik-seti-6-yemek-kasigi-6-catal-6-tatli-kasigi-6-tatli-catali-6-cay-kasigi\\\/\",\"name\":\"30 Par\u00e7a \u00c7atal Ka\u015f\u0131k Seti \u2013 6 Yemek Ka\u015f\u0131\u011f\u0131, 6 \u00c7atal, 6 Tatl\u0131 Ka\u015f\u0131\u011f\u0131, 6 Tatl\u0131 \u00c7atal\u0131, 6 \u00c7ay Ka\u015f\u0131\u011f\u0131 - AiroBazar\",\"isPartOf\":{\"@id\":\"https:\\\/\\\/airobazar.com\\\/#website\"},\"primaryImageOfPage\":{\"@id\":\"https:\\\/\\\/airobazar.com\\\/tr\\\/urun\\\/30-parca-catal-kasik-seti-6-yemek-kasigi-6-catal-6-tatli-kasigi-6-tatli-catali-6-cay-kasigi\\\/#primaryimage\"},\"image\":{\"@id\":\"https:\\\/\\\/airobazar.com\\\/tr\\\/urun\\\/30-parca-catal-kasik-seti-6-yemek-kasigi-6-catal-6-tatli-kasigi-6-tatli-catali-6-cay-kasigi\\\/#primaryimage\"},\"thumbnailUrl\":\"https:\\\/\\\/airobazar.com\\\/wp-content\\\/uploads\\\/2025\\\/10\\\/43we5243w.jpg\",\"datePublished\":\"2025-10-02T10:17:27+00:00\",\"dateModified\":\"2025-10-02T10:19:11+00:00\",\"breadcrumb\":{\"@id\":\"https:\\\/\\\/airobazar.com\\\/tr\\\/urun\\\/30-parca-catal-kasik-seti-6-yemek-kasigi-6-catal-6-tatli-kasigi-6-tatli-catali-6-cay-kasigi\\\/#breadcrumb\"},\"inLanguage\":\"tr\",\"potentialAction\":[{\"@type\":\"ReadAction\",\"target\":[\"https:\\\/\\\/airobazar.com\\\/tr\\\/urun\\\/30-parca-catal-kasik-seti-6-yemek-kasigi-6-catal-6-tatli-kasigi-6-tatli-catali-6-cay-kasigi\\\/\"]}]},{\"@type\":\"ImageObject\",\"inLanguage\":\"tr\",\"@id\":\"https:\\\/\\\/airobazar.com\\\/tr\\\/urun\\\/30-parca-catal-kasik-seti-6-yemek-kasigi-6-catal-6-tatli-kasigi-6-tatli-catali-6-cay-kasigi\\\/#primaryimage\",\"url\":\"https:\\\/\\\/airobazar.com\\\/wp-content\\\/uploads\\\/2025\\\/10\\\/43we5243w.jpg\",\"contentUrl\":\"https:\\\/\\\/airobazar.com\\\/wp-content\\\/uploads\\\/2025\\\/10\\\/43we5243w.jpg\",\"width\":1300,\"height\":1430},{\"@type\":\"BreadcrumbList\",\"@id\":\"https:\\\/\\\/airobazar.com\\\/tr\\\/urun\\\/30-parca-catal-kasik-seti-6-yemek-kasigi-6-catal-6-tatli-kasigi-6-tatli-catali-6-cay-kasigi\\\/#breadcrumb\",\"itemListElement\":[{\"@type\":\"ListItem\",\"position\":1,\"name\":\"Home\",\"item\":\"https:\\\/\\\/airobazar.com\\\/tr\\\/\"},{\"@type\":\"ListItem\",\"position\":2,\"name\":\"Ma\u011faza\",\"item\":\"https:\\\/\\\/airobazar.com\\\/tr\\\/magaza\\\/\"},{\"@type\":\"ListItem\",\"position\":3,\"name\":\"30 Par\u00e7a \u00c7atal Ka\u015f\u0131k Seti \u2013 6 Yemek Ka\u015f\u0131\u011f\u0131, 6 \u00c7atal, 6 Tatl\u0131 Ka\u015f\u0131\u011f\u0131, 6 Tatl\u0131 \u00c7atal\u0131, 6 \u00c7ay Ka\u015f\u0131\u011f\u0131\"}]},{\"@type\":\"WebSite\",\"@id\":\"https:\\\/\\\/airobazar.com\\\/#website\",\"url\":\"https:\\\/\\\/airobazar.com\\\/\",\"name\":\"AiroBazar\",\"description\":\"online sales\",\"potentialAction\":[{\"@type\":\"SearchAction\",\"target\":{\"@type\":\"EntryPoint\",\"urlTemplate\":\"https:\\\/\\\/airobazar.com\\\/?s={search_term_string}\"},\"query-input\":{\"@type\":\"PropertyValueSpecification\",\"valueRequired\":true,\"valueName\":\"search_term_string\"}}],\"inLanguage\":\"tr\"}]}<\/script>\n<!-- \/ Yoast SEO plugin. -->","yoast_head_json":{"title":"30 Par\u00e7a \u00c7atal Ka\u015f\u0131k Seti \u2013 6 Yemek Ka\u015f\u0131\u011f\u0131, 6 \u00c7atal, 6 Tatl\u0131 Ka\u015f\u0131\u011f\u0131, 6 Tatl\u0131 \u00c7atal\u0131, 6 \u00c7ay Ka\u015f\u0131\u011f\u0131 - AiroBazar","robots":{"index":"index","follow":"follow","max-snippet":"max-snippet:-1","max-image-preview":"max-image-preview:large","max-video-preview":"max-video-preview:-1"},"canonical":"https:\/\/airobazar.com\/tr\/urun\/30-parca-catal-kasik-seti-6-yemek-kasigi-6-catal-6-tatli-kasigi-6-tatli-catali-6-cay-kasigi\/","og_locale":"tr_TR","og_type":"article","og_title":"30 Par\u00e7a \u00c7atal Ka\u015f\u0131k Seti \u2013 6 Yemek Ka\u015f\u0131\u011f\u0131, 6 \u00c7atal, 6 Tatl\u0131 Ka\u015f\u0131\u011f\u0131, 6 Tatl\u0131 \u00c7atal\u0131, 6 \u00c7ay Ka\u015f\u0131\u011f\u0131 - AiroBazar","og_description":"&#8211; 6 ki\u015filik geni\u015f kapasiteye sahip, aileniz ve misafirleriniz i\u00e7in ideal 30 par\u00e7a \u00c7elik \u00e7atal-ka\u015f\u0131k seti. &#8211; T\u00fcrkiye men\u015feli, yerli","og_url":"https:\/\/airobazar.com\/tr\/urun\/30-parca-catal-kasik-seti-6-yemek-kasigi-6-catal-6-tatli-kasigi-6-tatli-catali-6-cay-kasigi\/","og_site_name":"AiroBazar","article_modified_time":"2025-10-02T10:19:11+00:00","og_image":[{"width":1300,"height":1430,"url":"https:\/\/airobazar.com\/wp-content\/uploads\/2025\/10\/43we5243w.jpg","type":"image\/jpeg"}],"twitter_card":"summary_large_image","schema":{"@context":"https:\/\/schema.org","@graph":[{"@type":"WebPage","@id":"https:\/\/airobazar.com\/tr\/urun\/30-parca-catal-kasik-seti-6-yemek-kasigi-6-catal-6-tatli-kasigi-6-tatli-catali-6-cay-kasigi\/","url":"https:\/\/airobazar.com\/tr\/urun\/30-parca-catal-kasik-seti-6-yemek-kasigi-6-catal-6-tatli-kasigi-6-tatli-catali-6-cay-kasigi\/","name":"30 Par\u00e7a \u00c7atal Ka\u015f\u0131k Seti \u2013 6 Yemek Ka\u015f\u0131\u011f\u0131, 6 \u00c7atal, 6 Tatl\u0131 Ka\u015f\u0131\u011f\u0131, 6 Tatl\u0131 \u00c7atal\u0131, 6 \u00c7ay Ka\u015f\u0131\u011f\u0131 - AiroBazar","isPartOf":{"@id":"https:\/\/airobazar.com\/#website"},"primaryImageOfPage":{"@id":"https:\/\/airobazar.com\/tr\/urun\/30-parca-catal-kasik-seti-6-yemek-kasigi-6-catal-6-tatli-kasigi-6-tatli-catali-6-cay-kasigi\/#primaryimage"},"image":{"@id":"https:\/\/airobazar.com\/tr\/urun\/30-parca-catal-kasik-seti-6-yemek-kasigi-6-catal-6-tatli-kasigi-6-tatli-catali-6-cay-kasigi\/#primaryimage"},"thumbnailUrl":"https:\/\/airobazar.com\/wp-content\/uploads\/2025\/10\/43we5243w.jpg","datePublished":"2025-10-02T10:17:27+00:00","dateModified":"2025-10-02T10:19:11+00:00","breadcrumb":{"@id":"https:\/\/airobazar.com\/tr\/urun\/30-parca-catal-kasik-seti-6-yemek-kasigi-6-catal-6-tatli-kasigi-6-tatli-catali-6-cay-kasigi\/#breadcrumb"},"inLanguage":"tr","potentialAction":[{"@type":"ReadAction","target":["https:\/\/airobazar.com\/tr\/urun\/30-parca-catal-kasik-seti-6-yemek-kasigi-6-catal-6-tatli-kasigi-6-tatli-catali-6-cay-kasigi\/"]}]},{"@type":"ImageObject","inLanguage":"tr","@id":"https:\/\/airobazar.com\/tr\/urun\/30-parca-catal-kasik-seti-6-yemek-kasigi-6-catal-6-tatli-kasigi-6-tatli-catali-6-cay-kasigi\/#primaryimage","url":"https:\/\/airobazar.com\/wp-content\/uploads\/2025\/10\/43we5243w.jpg","contentUrl":"https:\/\/airobazar.com\/wp-content\/uploads\/2025\/10\/43we5243w.jpg","width":1300,"height":1430},{"@type":"BreadcrumbList","@id":"https:\/\/airobazar.com\/tr\/urun\/30-parca-catal-kasik-seti-6-yemek-kasigi-6-catal-6-tatli-kasigi-6-tatli-catali-6-cay-kasigi\/#breadcrumb","itemListElement":[{"@type":"ListItem","position":1,"name":"Home","item":"https:\/\/airobazar.com\/tr\/"},{"@type":"ListItem","position":2,"name":"Ma\u011faza","item":"https:\/\/airobazar.com\/tr\/magaza\/"},{"@type":"ListItem","position":3,"name":"30 Par\u00e7a \u00c7atal Ka\u015f\u0131k Seti \u2013 6 Yemek Ka\u015f\u0131\u011f\u0131, 6 \u00c7atal, 6 Tatl\u0131 Ka\u015f\u0131\u011f\u0131, 6 Tatl\u0131 \u00c7atal\u0131, 6 \u00c7ay Ka\u015f\u0131\u011f\u0131"}]},{"@type":"WebSite","@id":"https:\/\/airobazar.com\/#website","url":"https:\/\/airobazar.com\/","name":"AiroBazar","description":"online sales","potentialAction":[{"@type":"SearchAction","target":{"@type":"EntryPoint","urlTemplate":"https:\/\/airobazar.com\/?s={search_term_string}"},"query-input":{"@type":"PropertyValueSpecification","valueRequired":true,"valueName":"search_term_string"}}],"inLanguage":"tr"}]}},"_links":{"self":[{"href":"https:\/\/airobazar.com\/tr\/wp-json\/wp\/v2\/product\/9049","targetHints":{"allow":["GET"]}}],"collection":[{"href":"https:\/\/airobazar.com\/tr\/wp-json\/wp\/v2\/product"}],"about":[{"href":"https:\/\/airobazar.com\/tr\/wp-json\/wp\/v2\/types\/product"}],"replies":[{"embeddable":true,"href":"https:\/\/airobazar.com\/tr\/wp-json\/wp\/v2\/comments?post=9049"}],"version-history":[{"count":0,"href":"https:\/\/airobazar.com\/tr\/wp-json\/wp\/v2\/product\/9049\/revisions"}],"wp:featuredmedia":[{"embeddable":true,"href":"https:\/\/airobazar.com\/tr\/wp-json\/wp\/v2\/media\/9042"}],"wp:attachment":[{"href":"https:\/\/airobazar.com\/tr\/wp-json\/wp\/v2\/media?parent=9049"}],"wp:term":[{"taxonomy":"product_brand","embeddable":true,"href":"https:\/\/airobazar.com\/tr\/wp-json\/wp\/v2\/product_brand?post=9049"},{"taxonomy":"product_cat","embeddable":true,"href":"https:\/\/airobazar.com\/tr\/wp-json\/wp\/v2\/product_cat?post=9049"},{"taxonomy":"product_tag","embeddable":true,"href":"https:\/\/airobazar.com\/tr\/wp-json\/wp\/v2\/product_tag?post=9049"}],"curies":[{"name":"wp","href":"https:\/\/api.w.org\/{rel}","templated":true}]}}