{"id":8987,"date":"2025-10-02T07:38:36","date_gmt":"2025-10-02T07:38:36","guid":{"rendered":"https:\/\/airobazar.com\/?post_type=product&#038;p=8987"},"modified":"2025-10-02T07:42:02","modified_gmt":"2025-10-02T07:42:02","slug":"3-parca-sapli-sut-isitma-ve-sos-tenceresi-seti-farkli-boylarda-dayanikli-ve-pratik-kullanim","status":"publish","type":"product","link":"https:\/\/airobazar.com\/tr\/urun\/3-parca-sapli-sut-isitma-ve-sos-tenceresi-seti-farkli-boylarda-dayanikli-ve-pratik-kullanim\/","title":{"rendered":"3 Par\u00e7a Sapl\u0131 S\u00fct Is\u0131tma ve Sos Tenceresi Seti \u2013 Farkl\u0131 Boylarda, Dayan\u0131kl\u0131 ve Pratik Kullan\u0131m"},"content":{"rendered":"<p class=\"product-description-content\">&#8211; T\u00fcrkiye men\u015feli, kaliteli \u00e7elik malzemeden \u00fcretilmi\u015f 3 par\u00e7al\u0131 sapl\u0131 tencere seti.<\/p>\n<p class=\"product-description-content\">&#8211; Farkl\u0131 boy se\u00e7enekleriyle her t\u00fcrl\u00fc sos ve s\u00fct \u0131s\u0131tma ihtiyac\u0131n\u0131za uygun kullan\u0131m imkan\u0131 sunar.<\/p>\n<p class=\"product-description-content\">&#8211; Dayan\u0131kl\u0131 \u00e7elik i\u00e7 ve d\u0131\u015f materyali sayesinde uzun \u00f6m\u00fcrl\u00fc ve g\u00fcvenilir bir kullan\u0131m sa\u011flar.<\/p>\n<p class=\"product-description-content\">&#8211; Pratik tasar\u0131m\u0131 ile mutfakta kolayca hareket ettirilebilir ve saklanabilir.<\/p>\n","protected":false},"excerpt":{"rendered":"<p>&#8211; T\u00fcrkiye men\u015feli, kaliteli \u00e7elik malzemeden \u00fcretilmi\u015f 3 par\u00e7al\u0131 sapl\u0131 tencere seti. &#8211; Farkl\u0131 boy se\u00e7enekleriyle her t\u00fcrl\u00fc sos ve<\/p>\n","protected":false},"featured_media":8984,"comment_status":"open","ping_status":"closed","template":"","meta":[],"product_brand":[],"product_cat":[233,240],"product_tag":[],"class_list":{"0":"post-8987","1":"product","2":"type-product","3":"status-publish","4":"has-post-thumbnail","6":"product_cat-ev-esyalari","7":"product_cat-tum-katagoriler","9":"first","10":"instock","11":"sale","12":"taxable","13":"shipping-taxable","14":"purchasable","15":"product-type-simple"},"yoast_head":"<!-- This site is optimized with the Yoast SEO plugin v27.4 - https:\/\/yoast.com\/product\/yoast-seo-wordpress\/ -->\n<title>3 Par\u00e7a Sapl\u0131 S\u00fct Is\u0131tma ve Sos Tenceresi Seti \u2013 Farkl\u0131 Boylarda, Dayan\u0131kl\u0131 ve Pratik Kullan\u0131m - AiroBazar<\/title>\n<meta name=\"robots\" content=\"index, follow, max-snippet:-1, max-image-preview:large, max-video-preview:-1\" \/>\n<link rel=\"canonical\" href=\"https:\/\/airobazar.com\/product\/3-piece-stainless-steel-milk-and-sauce-pan-set-durable-cookware-kitchen-cooking-pots-easy-to-clean\/\" \/>\n<meta property=\"og:locale\" content=\"tr_TR\" \/>\n<meta property=\"og:type\" content=\"article\" \/>\n<meta property=\"og:title\" content=\"3 Par\u00e7a Sapl\u0131 S\u00fct Is\u0131tma ve Sos Tenceresi Seti \u2013 Farkl\u0131 Boylarda, Dayan\u0131kl\u0131 ve Pratik Kullan\u0131m - AiroBazar\" \/>\n<meta property=\"og:description\" content=\"&#8211; T\u00fcrkiye men\u015feli, kaliteli \u00e7elik malzemeden \u00fcretilmi\u015f 3 par\u00e7al\u0131 sapl\u0131 tencere seti. &#8211; Farkl\u0131 boy se\u00e7enekleriyle her t\u00fcrl\u00fc sos ve\" \/>\n<meta property=\"og:url\" content=\"https:\/\/airobazar.com\/product\/3-piece-stainless-steel-milk-and-sauce-pan-set-durable-cookware-kitchen-cooking-pots-easy-to-clean\/\" \/>\n<meta property=\"og:site_name\" content=\"AiroBazar\" \/>\n<meta property=\"article:modified_time\" content=\"2025-10-02T07:42:02+00:00\" \/>\n<meta property=\"og:image\" content=\"https:\/\/airobazar.com\/wp-content\/uploads\/2025\/10\/IMG-6603656444133389637.webp\" \/>\n\t<meta property=\"og:image:width\" content=\"602\" \/>\n\t<meta property=\"og:image:height\" content=\"857\" \/>\n\t<meta property=\"og:image:type\" content=\"image\/webp\" \/>\n<meta name=\"twitter:card\" content=\"summary_large_image\" \/>\n<script type=\"application\/ld+json\" class=\"yoast-schema-graph\">{\"@context\":\"https:\\\/\\\/schema.org\",\"@graph\":[{\"@type\":\"WebPage\",\"@id\":\"https:\\\/\\\/airobazar.com\\\/product\\\/3-piece-stainless-steel-milk-and-sauce-pan-set-durable-cookware-kitchen-cooking-pots-easy-to-clean\\\/\",\"url\":\"https:\\\/\\\/airobazar.com\\\/product\\\/3-piece-stainless-steel-milk-and-sauce-pan-set-durable-cookware-kitchen-cooking-pots-easy-to-clean\\\/\",\"name\":\"3 Par\u00e7a Sapl\u0131 S\u00fct Is\u0131tma ve Sos Tenceresi Seti \u2013 Farkl\u0131 Boylarda, Dayan\u0131kl\u0131 ve Pratik Kullan\u0131m - AiroBazar\",\"isPartOf\":{\"@id\":\"https:\\\/\\\/airobazar.com\\\/#website\"},\"primaryImageOfPage\":{\"@id\":\"https:\\\/\\\/airobazar.com\\\/product\\\/3-piece-stainless-steel-milk-and-sauce-pan-set-durable-cookware-kitchen-cooking-pots-easy-to-clean\\\/#primaryimage\"},\"image\":{\"@id\":\"https:\\\/\\\/airobazar.com\\\/product\\\/3-piece-stainless-steel-milk-and-sauce-pan-set-durable-cookware-kitchen-cooking-pots-easy-to-clean\\\/#primaryimage\"},\"thumbnailUrl\":\"https:\\\/\\\/airobazar.com\\\/wp-content\\\/uploads\\\/2025\\\/10\\\/IMG-6603656444133389637.webp\",\"datePublished\":\"2025-10-02T07:38:36+00:00\",\"dateModified\":\"2025-10-02T07:42:02+00:00\",\"breadcrumb\":{\"@id\":\"https:\\\/\\\/airobazar.com\\\/product\\\/3-piece-stainless-steel-milk-and-sauce-pan-set-durable-cookware-kitchen-cooking-pots-easy-to-clean\\\/#breadcrumb\"},\"inLanguage\":\"tr\",\"potentialAction\":[{\"@type\":\"ReadAction\",\"target\":[\"https:\\\/\\\/airobazar.com\\\/product\\\/3-piece-stainless-steel-milk-and-sauce-pan-set-durable-cookware-kitchen-cooking-pots-easy-to-clean\\\/\"]}]},{\"@type\":\"ImageObject\",\"inLanguage\":\"tr\",\"@id\":\"https:\\\/\\\/airobazar.com\\\/product\\\/3-piece-stainless-steel-milk-and-sauce-pan-set-durable-cookware-kitchen-cooking-pots-easy-to-clean\\\/#primaryimage\",\"url\":\"https:\\\/\\\/airobazar.com\\\/wp-content\\\/uploads\\\/2025\\\/10\\\/IMG-6603656444133389637.webp\",\"contentUrl\":\"https:\\\/\\\/airobazar.com\\\/wp-content\\\/uploads\\\/2025\\\/10\\\/IMG-6603656444133389637.webp\",\"width\":602,\"height\":857},{\"@type\":\"BreadcrumbList\",\"@id\":\"https:\\\/\\\/airobazar.com\\\/product\\\/3-piece-stainless-steel-milk-and-sauce-pan-set-durable-cookware-kitchen-cooking-pots-easy-to-clean\\\/#breadcrumb\",\"itemListElement\":[{\"@type\":\"ListItem\",\"position\":1,\"name\":\"Home\",\"item\":\"https:\\\/\\\/airobazar.com\\\/tr\\\/\"},{\"@type\":\"ListItem\",\"position\":2,\"name\":\"Ma\u011faza\",\"item\":\"https:\\\/\\\/airobazar.com\\\/tr\\\/magaza\\\/\"},{\"@type\":\"ListItem\",\"position\":3,\"name\":\"3 Par\u00e7a Sapl\u0131 S\u00fct Is\u0131tma ve Sos Tenceresi Seti \u2013 Farkl\u0131 Boylarda, Dayan\u0131kl\u0131 ve Pratik Kullan\u0131m\"}]},{\"@type\":\"WebSite\",\"@id\":\"https:\\\/\\\/airobazar.com\\\/#website\",\"url\":\"https:\\\/\\\/airobazar.com\\\/\",\"name\":\"AiroBazar\",\"description\":\"online sales\",\"potentialAction\":[{\"@type\":\"SearchAction\",\"target\":{\"@type\":\"EntryPoint\",\"urlTemplate\":\"https:\\\/\\\/airobazar.com\\\/?s={search_term_string}\"},\"query-input\":{\"@type\":\"PropertyValueSpecification\",\"valueRequired\":true,\"valueName\":\"search_term_string\"}}],\"inLanguage\":\"tr\"}]}<\/script>\n<!-- \/ Yoast SEO plugin. -->","yoast_head_json":{"title":"3 Par\u00e7a Sapl\u0131 S\u00fct Is\u0131tma ve Sos Tenceresi Seti \u2013 Farkl\u0131 Boylarda, Dayan\u0131kl\u0131 ve Pratik Kullan\u0131m - AiroBazar","robots":{"index":"index","follow":"follow","max-snippet":"max-snippet:-1","max-image-preview":"max-image-preview:large","max-video-preview":"max-video-preview:-1"},"canonical":"https:\/\/airobazar.com\/product\/3-piece-stainless-steel-milk-and-sauce-pan-set-durable-cookware-kitchen-cooking-pots-easy-to-clean\/","og_locale":"tr_TR","og_type":"article","og_title":"3 Par\u00e7a Sapl\u0131 S\u00fct Is\u0131tma ve Sos Tenceresi Seti \u2013 Farkl\u0131 Boylarda, Dayan\u0131kl\u0131 ve Pratik Kullan\u0131m - AiroBazar","og_description":"&#8211; T\u00fcrkiye men\u015feli, kaliteli \u00e7elik malzemeden \u00fcretilmi\u015f 3 par\u00e7al\u0131 sapl\u0131 tencere seti. &#8211; Farkl\u0131 boy se\u00e7enekleriyle her t\u00fcrl\u00fc sos ve","og_url":"https:\/\/airobazar.com\/product\/3-piece-stainless-steel-milk-and-sauce-pan-set-durable-cookware-kitchen-cooking-pots-easy-to-clean\/","og_site_name":"AiroBazar","article_modified_time":"2025-10-02T07:42:02+00:00","og_image":[{"width":602,"height":857,"url":"https:\/\/airobazar.com\/wp-content\/uploads\/2025\/10\/IMG-6603656444133389637.webp","type":"image\/webp"}],"twitter_card":"summary_large_image","schema":{"@context":"https:\/\/schema.org","@graph":[{"@type":"WebPage","@id":"https:\/\/airobazar.com\/product\/3-piece-stainless-steel-milk-and-sauce-pan-set-durable-cookware-kitchen-cooking-pots-easy-to-clean\/","url":"https:\/\/airobazar.com\/product\/3-piece-stainless-steel-milk-and-sauce-pan-set-durable-cookware-kitchen-cooking-pots-easy-to-clean\/","name":"3 Par\u00e7a Sapl\u0131 S\u00fct Is\u0131tma ve Sos Tenceresi Seti \u2013 Farkl\u0131 Boylarda, Dayan\u0131kl\u0131 ve Pratik Kullan\u0131m - AiroBazar","isPartOf":{"@id":"https:\/\/airobazar.com\/#website"},"primaryImageOfPage":{"@id":"https:\/\/airobazar.com\/product\/3-piece-stainless-steel-milk-and-sauce-pan-set-durable-cookware-kitchen-cooking-pots-easy-to-clean\/#primaryimage"},"image":{"@id":"https:\/\/airobazar.com\/product\/3-piece-stainless-steel-milk-and-sauce-pan-set-durable-cookware-kitchen-cooking-pots-easy-to-clean\/#primaryimage"},"thumbnailUrl":"https:\/\/airobazar.com\/wp-content\/uploads\/2025\/10\/IMG-6603656444133389637.webp","datePublished":"2025-10-02T07:38:36+00:00","dateModified":"2025-10-02T07:42:02+00:00","breadcrumb":{"@id":"https:\/\/airobazar.com\/product\/3-piece-stainless-steel-milk-and-sauce-pan-set-durable-cookware-kitchen-cooking-pots-easy-to-clean\/#breadcrumb"},"inLanguage":"tr","potentialAction":[{"@type":"ReadAction","target":["https:\/\/airobazar.com\/product\/3-piece-stainless-steel-milk-and-sauce-pan-set-durable-cookware-kitchen-cooking-pots-easy-to-clean\/"]}]},{"@type":"ImageObject","inLanguage":"tr","@id":"https:\/\/airobazar.com\/product\/3-piece-stainless-steel-milk-and-sauce-pan-set-durable-cookware-kitchen-cooking-pots-easy-to-clean\/#primaryimage","url":"https:\/\/airobazar.com\/wp-content\/uploads\/2025\/10\/IMG-6603656444133389637.webp","contentUrl":"https:\/\/airobazar.com\/wp-content\/uploads\/2025\/10\/IMG-6603656444133389637.webp","width":602,"height":857},{"@type":"BreadcrumbList","@id":"https:\/\/airobazar.com\/product\/3-piece-stainless-steel-milk-and-sauce-pan-set-durable-cookware-kitchen-cooking-pots-easy-to-clean\/#breadcrumb","itemListElement":[{"@type":"ListItem","position":1,"name":"Home","item":"https:\/\/airobazar.com\/tr\/"},{"@type":"ListItem","position":2,"name":"Ma\u011faza","item":"https:\/\/airobazar.com\/tr\/magaza\/"},{"@type":"ListItem","position":3,"name":"3 Par\u00e7a Sapl\u0131 S\u00fct Is\u0131tma ve Sos Tenceresi Seti \u2013 Farkl\u0131 Boylarda, Dayan\u0131kl\u0131 ve Pratik Kullan\u0131m"}]},{"@type":"WebSite","@id":"https:\/\/airobazar.com\/#website","url":"https:\/\/airobazar.com\/","name":"AiroBazar","description":"online sales","potentialAction":[{"@type":"SearchAction","target":{"@type":"EntryPoint","urlTemplate":"https:\/\/airobazar.com\/?s={search_term_string}"},"query-input":{"@type":"PropertyValueSpecification","valueRequired":true,"valueName":"search_term_string"}}],"inLanguage":"tr"}]}},"_links":{"self":[{"href":"https:\/\/airobazar.com\/tr\/wp-json\/wp\/v2\/product\/8987","targetHints":{"allow":["GET"]}}],"collection":[{"href":"https:\/\/airobazar.com\/tr\/wp-json\/wp\/v2\/product"}],"about":[{"href":"https:\/\/airobazar.com\/tr\/wp-json\/wp\/v2\/types\/product"}],"replies":[{"embeddable":true,"href":"https:\/\/airobazar.com\/tr\/wp-json\/wp\/v2\/comments?post=8987"}],"version-history":[{"count":0,"href":"https:\/\/airobazar.com\/tr\/wp-json\/wp\/v2\/product\/8987\/revisions"}],"wp:featuredmedia":[{"embeddable":true,"href":"https:\/\/airobazar.com\/tr\/wp-json\/wp\/v2\/media\/8984"}],"wp:attachment":[{"href":"https:\/\/airobazar.com\/tr\/wp-json\/wp\/v2\/media?parent=8987"}],"wp:term":[{"taxonomy":"product_brand","embeddable":true,"href":"https:\/\/airobazar.com\/tr\/wp-json\/wp\/v2\/product_brand?post=8987"},{"taxonomy":"product_cat","embeddable":true,"href":"https:\/\/airobazar.com\/tr\/wp-json\/wp\/v2\/product_cat?post=8987"},{"taxonomy":"product_tag","embeddable":true,"href":"https:\/\/airobazar.com\/tr\/wp-json\/wp\/v2\/product_tag?post=8987"}],"curies":[{"name":"wp","href":"https:\/\/api.w.org\/{rel}","templated":true}]}}