{"id":8976,"date":"2025-10-02T06:46:23","date_gmt":"2025-10-02T06:46:23","guid":{"rendered":"https:\/\/airobazar.com\/?post_type=product&#038;p=8976"},"modified":"2025-10-02T06:48:33","modified_gmt":"2025-10-02T06:48:33","slug":"surahi-ve-6li-bardak-seti-sik-tasarim-gunluk-ve-ozel-kullanim-dayanikli-cam-2","status":"publish","type":"product","link":"https:\/\/airobazar.com\/tr\/urun\/surahi-ve-6li-bardak-seti-sik-tasarim-gunluk-ve-ozel-kullanim-dayanikli-cam-2\/","title":{"rendered":"S\u00fcrahi ve 6\u2019l\u0131 Bardak Seti \u2013 \u015e\u0131k Tasar\u0131m, G\u00fcnl\u00fck ve \u00d6zel Kullan\u0131m, Dayan\u0131kl\u0131 Cam"},"content":{"rendered":"<p class=\"product-description-content\">&#8211; \u015e\u0131k tasar\u0131m\u0131 ile g\u00fcnl\u00fck kullan\u0131m\u0131n yan\u0131 s\u0131ra \u00f6zel g\u00fcnlerde de tercih edilebilecek bir \u00fcr\u00fcn.<\/p>\n<p class=\"product-description-content\">&#8211; Dayan\u0131kl\u0131 cam materyali sayesinde uzun \u00f6m\u00fcrl\u00fc ve g\u00fcvenilir kullan\u0131m sunar.<\/p>\n<p class=\"product-description-content\">&#8211; 1 litre hacmiyle ideal i\u00e7ecek kapasitesine sahip, pratik ve kullan\u0131\u015fl\u0131 bir su s\u00fcrahisi.<\/p>\n<p class=\"product-description-content\">&#8211; T\u00fcrkiye men\u015feli olmas\u0131yla yerel \u00fcretim desteklenir ve kalite g\u00fcvencesi sa\u011flar.<\/p>\n","protected":false},"excerpt":{"rendered":"<p>&#8211; \u015e\u0131k tasar\u0131m\u0131 ile g\u00fcnl\u00fck kullan\u0131m\u0131n yan\u0131 s\u0131ra \u00f6zel g\u00fcnlerde de tercih edilebilecek bir \u00fcr\u00fcn. &#8211; Dayan\u0131kl\u0131 cam materyali sayesinde<\/p>\n","protected":false},"featured_media":8970,"comment_status":"open","ping_status":"closed","template":"","meta":[],"product_brand":[],"product_cat":[233,240],"product_tag":[],"class_list":{"0":"post-8976","1":"product","2":"type-product","3":"status-publish","4":"has-post-thumbnail","6":"product_cat-ev-esyalari","7":"product_cat-tum-katagoriler","9":"first","10":"instock","11":"sale","12":"taxable","13":"shipping-taxable","14":"purchasable","15":"product-type-simple"},"yoast_head":"<!-- This site is optimized with the Yoast SEO plugin v27.4 - https:\/\/yoast.com\/product\/yoast-seo-wordpress\/ -->\n<title>S\u00fcrahi ve 6\u2019l\u0131 Bardak Seti \u2013 \u015e\u0131k Tasar\u0131m, G\u00fcnl\u00fck ve \u00d6zel Kullan\u0131m, Dayan\u0131kl\u0131 Cam - AiroBazar<\/title>\n<meta name=\"robots\" content=\"index, follow, max-snippet:-1, max-image-preview:large, max-video-preview:-1\" \/>\n<link rel=\"canonical\" href=\"https:\/\/airobazar.com\/product\/glass-pitcher-set-with-6-gilded-glasses-1-liter-pitcher-for-water-juice-and-iced-tea-stylish-beverage-gift-set\/\" \/>\n<meta property=\"og:locale\" content=\"tr_TR\" \/>\n<meta property=\"og:type\" content=\"article\" \/>\n<meta property=\"og:title\" content=\"S\u00fcrahi ve 6\u2019l\u0131 Bardak Seti \u2013 \u015e\u0131k Tasar\u0131m, G\u00fcnl\u00fck ve \u00d6zel Kullan\u0131m, Dayan\u0131kl\u0131 Cam - AiroBazar\" \/>\n<meta property=\"og:description\" content=\"&#8211; \u015e\u0131k tasar\u0131m\u0131 ile g\u00fcnl\u00fck kullan\u0131m\u0131n yan\u0131 s\u0131ra \u00f6zel g\u00fcnlerde de tercih edilebilecek bir \u00fcr\u00fcn. &#8211; Dayan\u0131kl\u0131 cam materyali sayesinde\" \/>\n<meta property=\"og:url\" content=\"https:\/\/airobazar.com\/product\/glass-pitcher-set-with-6-gilded-glasses-1-liter-pitcher-for-water-juice-and-iced-tea-stylish-beverage-gift-set\/\" \/>\n<meta property=\"og:site_name\" content=\"AiroBazar\" \/>\n<meta property=\"article:modified_time\" content=\"2025-10-02T06:48:33+00:00\" \/>\n<meta property=\"og:image\" content=\"https:\/\/airobazar.com\/wp-content\/uploads\/2025\/10\/sdfwe.png\" \/>\n\t<meta property=\"og:image:width\" content=\"796\" \/>\n\t<meta property=\"og:image:height\" content=\"1024\" \/>\n\t<meta property=\"og:image:type\" content=\"image\/png\" \/>\n<meta name=\"twitter:card\" content=\"summary_large_image\" \/>\n<script type=\"application\/ld+json\" class=\"yoast-schema-graph\">{\"@context\":\"https:\\\/\\\/schema.org\",\"@graph\":[{\"@type\":\"WebPage\",\"@id\":\"https:\\\/\\\/airobazar.com\\\/product\\\/glass-pitcher-set-with-6-gilded-glasses-1-liter-pitcher-for-water-juice-and-iced-tea-stylish-beverage-gift-set\\\/\",\"url\":\"https:\\\/\\\/airobazar.com\\\/product\\\/glass-pitcher-set-with-6-gilded-glasses-1-liter-pitcher-for-water-juice-and-iced-tea-stylish-beverage-gift-set\\\/\",\"name\":\"S\u00fcrahi ve 6\u2019l\u0131 Bardak Seti \u2013 \u015e\u0131k Tasar\u0131m, G\u00fcnl\u00fck ve \u00d6zel Kullan\u0131m, Dayan\u0131kl\u0131 Cam - AiroBazar\",\"isPartOf\":{\"@id\":\"https:\\\/\\\/airobazar.com\\\/#website\"},\"primaryImageOfPage\":{\"@id\":\"https:\\\/\\\/airobazar.com\\\/product\\\/glass-pitcher-set-with-6-gilded-glasses-1-liter-pitcher-for-water-juice-and-iced-tea-stylish-beverage-gift-set\\\/#primaryimage\"},\"image\":{\"@id\":\"https:\\\/\\\/airobazar.com\\\/product\\\/glass-pitcher-set-with-6-gilded-glasses-1-liter-pitcher-for-water-juice-and-iced-tea-stylish-beverage-gift-set\\\/#primaryimage\"},\"thumbnailUrl\":\"https:\\\/\\\/airobazar.com\\\/wp-content\\\/uploads\\\/2025\\\/10\\\/sdfwe.png\",\"datePublished\":\"2025-10-02T06:46:23+00:00\",\"dateModified\":\"2025-10-02T06:48:33+00:00\",\"breadcrumb\":{\"@id\":\"https:\\\/\\\/airobazar.com\\\/product\\\/glass-pitcher-set-with-6-gilded-glasses-1-liter-pitcher-for-water-juice-and-iced-tea-stylish-beverage-gift-set\\\/#breadcrumb\"},\"inLanguage\":\"tr\",\"potentialAction\":[{\"@type\":\"ReadAction\",\"target\":[\"https:\\\/\\\/airobazar.com\\\/product\\\/glass-pitcher-set-with-6-gilded-glasses-1-liter-pitcher-for-water-juice-and-iced-tea-stylish-beverage-gift-set\\\/\"]}]},{\"@type\":\"ImageObject\",\"inLanguage\":\"tr\",\"@id\":\"https:\\\/\\\/airobazar.com\\\/product\\\/glass-pitcher-set-with-6-gilded-glasses-1-liter-pitcher-for-water-juice-and-iced-tea-stylish-beverage-gift-set\\\/#primaryimage\",\"url\":\"https:\\\/\\\/airobazar.com\\\/wp-content\\\/uploads\\\/2025\\\/10\\\/sdfwe.png\",\"contentUrl\":\"https:\\\/\\\/airobazar.com\\\/wp-content\\\/uploads\\\/2025\\\/10\\\/sdfwe.png\",\"width\":796,\"height\":1024},{\"@type\":\"BreadcrumbList\",\"@id\":\"https:\\\/\\\/airobazar.com\\\/product\\\/glass-pitcher-set-with-6-gilded-glasses-1-liter-pitcher-for-water-juice-and-iced-tea-stylish-beverage-gift-set\\\/#breadcrumb\",\"itemListElement\":[{\"@type\":\"ListItem\",\"position\":1,\"name\":\"Home\",\"item\":\"https:\\\/\\\/airobazar.com\\\/tr\\\/\"},{\"@type\":\"ListItem\",\"position\":2,\"name\":\"Ma\u011faza\",\"item\":\"https:\\\/\\\/airobazar.com\\\/tr\\\/magaza\\\/\"},{\"@type\":\"ListItem\",\"position\":3,\"name\":\"S\u00fcrahi ve 6\u2019l\u0131 Bardak Seti \u2013 \u015e\u0131k Tasar\u0131m, G\u00fcnl\u00fck ve \u00d6zel Kullan\u0131m, Dayan\u0131kl\u0131 Cam\"}]},{\"@type\":\"WebSite\",\"@id\":\"https:\\\/\\\/airobazar.com\\\/#website\",\"url\":\"https:\\\/\\\/airobazar.com\\\/\",\"name\":\"AiroBazar\",\"description\":\"online sales\",\"potentialAction\":[{\"@type\":\"SearchAction\",\"target\":{\"@type\":\"EntryPoint\",\"urlTemplate\":\"https:\\\/\\\/airobazar.com\\\/?s={search_term_string}\"},\"query-input\":{\"@type\":\"PropertyValueSpecification\",\"valueRequired\":true,\"valueName\":\"search_term_string\"}}],\"inLanguage\":\"tr\"}]}<\/script>\n<!-- \/ Yoast SEO plugin. -->","yoast_head_json":{"title":"S\u00fcrahi ve 6\u2019l\u0131 Bardak Seti \u2013 \u015e\u0131k Tasar\u0131m, G\u00fcnl\u00fck ve \u00d6zel Kullan\u0131m, Dayan\u0131kl\u0131 Cam - AiroBazar","robots":{"index":"index","follow":"follow","max-snippet":"max-snippet:-1","max-image-preview":"max-image-preview:large","max-video-preview":"max-video-preview:-1"},"canonical":"https:\/\/airobazar.com\/product\/glass-pitcher-set-with-6-gilded-glasses-1-liter-pitcher-for-water-juice-and-iced-tea-stylish-beverage-gift-set\/","og_locale":"tr_TR","og_type":"article","og_title":"S\u00fcrahi ve 6\u2019l\u0131 Bardak Seti \u2013 \u015e\u0131k Tasar\u0131m, G\u00fcnl\u00fck ve \u00d6zel Kullan\u0131m, Dayan\u0131kl\u0131 Cam - AiroBazar","og_description":"&#8211; \u015e\u0131k tasar\u0131m\u0131 ile g\u00fcnl\u00fck kullan\u0131m\u0131n yan\u0131 s\u0131ra \u00f6zel g\u00fcnlerde de tercih edilebilecek bir \u00fcr\u00fcn. &#8211; Dayan\u0131kl\u0131 cam materyali sayesinde","og_url":"https:\/\/airobazar.com\/product\/glass-pitcher-set-with-6-gilded-glasses-1-liter-pitcher-for-water-juice-and-iced-tea-stylish-beverage-gift-set\/","og_site_name":"AiroBazar","article_modified_time":"2025-10-02T06:48:33+00:00","og_image":[{"width":796,"height":1024,"url":"https:\/\/airobazar.com\/wp-content\/uploads\/2025\/10\/sdfwe.png","type":"image\/png"}],"twitter_card":"summary_large_image","schema":{"@context":"https:\/\/schema.org","@graph":[{"@type":"WebPage","@id":"https:\/\/airobazar.com\/product\/glass-pitcher-set-with-6-gilded-glasses-1-liter-pitcher-for-water-juice-and-iced-tea-stylish-beverage-gift-set\/","url":"https:\/\/airobazar.com\/product\/glass-pitcher-set-with-6-gilded-glasses-1-liter-pitcher-for-water-juice-and-iced-tea-stylish-beverage-gift-set\/","name":"S\u00fcrahi ve 6\u2019l\u0131 Bardak Seti \u2013 \u015e\u0131k Tasar\u0131m, G\u00fcnl\u00fck ve \u00d6zel Kullan\u0131m, Dayan\u0131kl\u0131 Cam - AiroBazar","isPartOf":{"@id":"https:\/\/airobazar.com\/#website"},"primaryImageOfPage":{"@id":"https:\/\/airobazar.com\/product\/glass-pitcher-set-with-6-gilded-glasses-1-liter-pitcher-for-water-juice-and-iced-tea-stylish-beverage-gift-set\/#primaryimage"},"image":{"@id":"https:\/\/airobazar.com\/product\/glass-pitcher-set-with-6-gilded-glasses-1-liter-pitcher-for-water-juice-and-iced-tea-stylish-beverage-gift-set\/#primaryimage"},"thumbnailUrl":"https:\/\/airobazar.com\/wp-content\/uploads\/2025\/10\/sdfwe.png","datePublished":"2025-10-02T06:46:23+00:00","dateModified":"2025-10-02T06:48:33+00:00","breadcrumb":{"@id":"https:\/\/airobazar.com\/product\/glass-pitcher-set-with-6-gilded-glasses-1-liter-pitcher-for-water-juice-and-iced-tea-stylish-beverage-gift-set\/#breadcrumb"},"inLanguage":"tr","potentialAction":[{"@type":"ReadAction","target":["https:\/\/airobazar.com\/product\/glass-pitcher-set-with-6-gilded-glasses-1-liter-pitcher-for-water-juice-and-iced-tea-stylish-beverage-gift-set\/"]}]},{"@type":"ImageObject","inLanguage":"tr","@id":"https:\/\/airobazar.com\/product\/glass-pitcher-set-with-6-gilded-glasses-1-liter-pitcher-for-water-juice-and-iced-tea-stylish-beverage-gift-set\/#primaryimage","url":"https:\/\/airobazar.com\/wp-content\/uploads\/2025\/10\/sdfwe.png","contentUrl":"https:\/\/airobazar.com\/wp-content\/uploads\/2025\/10\/sdfwe.png","width":796,"height":1024},{"@type":"BreadcrumbList","@id":"https:\/\/airobazar.com\/product\/glass-pitcher-set-with-6-gilded-glasses-1-liter-pitcher-for-water-juice-and-iced-tea-stylish-beverage-gift-set\/#breadcrumb","itemListElement":[{"@type":"ListItem","position":1,"name":"Home","item":"https:\/\/airobazar.com\/tr\/"},{"@type":"ListItem","position":2,"name":"Ma\u011faza","item":"https:\/\/airobazar.com\/tr\/magaza\/"},{"@type":"ListItem","position":3,"name":"S\u00fcrahi ve 6\u2019l\u0131 Bardak Seti \u2013 \u015e\u0131k Tasar\u0131m, G\u00fcnl\u00fck ve \u00d6zel Kullan\u0131m, Dayan\u0131kl\u0131 Cam"}]},{"@type":"WebSite","@id":"https:\/\/airobazar.com\/#website","url":"https:\/\/airobazar.com\/","name":"AiroBazar","description":"online sales","potentialAction":[{"@type":"SearchAction","target":{"@type":"EntryPoint","urlTemplate":"https:\/\/airobazar.com\/?s={search_term_string}"},"query-input":{"@type":"PropertyValueSpecification","valueRequired":true,"valueName":"search_term_string"}}],"inLanguage":"tr"}]}},"_links":{"self":[{"href":"https:\/\/airobazar.com\/tr\/wp-json\/wp\/v2\/product\/8976","targetHints":{"allow":["GET"]}}],"collection":[{"href":"https:\/\/airobazar.com\/tr\/wp-json\/wp\/v2\/product"}],"about":[{"href":"https:\/\/airobazar.com\/tr\/wp-json\/wp\/v2\/types\/product"}],"replies":[{"embeddable":true,"href":"https:\/\/airobazar.com\/tr\/wp-json\/wp\/v2\/comments?post=8976"}],"version-history":[{"count":0,"href":"https:\/\/airobazar.com\/tr\/wp-json\/wp\/v2\/product\/8976\/revisions"}],"wp:featuredmedia":[{"embeddable":true,"href":"https:\/\/airobazar.com\/tr\/wp-json\/wp\/v2\/media\/8970"}],"wp:attachment":[{"href":"https:\/\/airobazar.com\/tr\/wp-json\/wp\/v2\/media?parent=8976"}],"wp:term":[{"taxonomy":"product_brand","embeddable":true,"href":"https:\/\/airobazar.com\/tr\/wp-json\/wp\/v2\/product_brand?post=8976"},{"taxonomy":"product_cat","embeddable":true,"href":"https:\/\/airobazar.com\/tr\/wp-json\/wp\/v2\/product_cat?post=8976"},{"taxonomy":"product_tag","embeddable":true,"href":"https:\/\/airobazar.com\/tr\/wp-json\/wp\/v2\/product_tag?post=8976"}],"curies":[{"name":"wp","href":"https:\/\/api.w.org\/{rel}","templated":true}]}}