{"id":8941,"date":"2025-10-01T15:08:22","date_gmt":"2025-10-01T15:08:22","guid":{"rendered":"https:\/\/airobazar.com\/?post_type=product&#038;p=8941"},"modified":"2025-10-01T15:09:37","modified_gmt":"2025-10-01T15:09:37","slug":"dogal-bitkisel-karisimli-matcha-cayi-60-gr-matcha-cay","status":"publish","type":"product","link":"https:\/\/airobazar.com\/tr\/urun\/dogal-bitkisel-karisimli-matcha-cayi-60-gr-matcha-cay\/","title":{"rendered":"Do\u011fal Bitkisel Kar\u0131\u015f\u0131ml\u0131 Matcha \u00c7ay\u0131 \u2013 60 gr Matcha \u00c7ay"},"content":{"rendered":"<p class=\"product-description-content\">&#8211; Do\u011fal bitkisel kar\u0131\u015f\u0131mlarla haz\u0131rlanan bu matcha \u00e7ay\u0131, do\u011fal lezzetin keyfini \u00e7\u0131karman\u0131z\u0131 sa\u011flar.<\/p>\n<p class=\"product-description-content\">&#8211; %100 saf matcha yapra\u011f\u0131ndan elde edilmi\u015ftir, b\u00f6ylece taze ve g\u00fc\u00e7l\u00fc bir aroma sunar.<\/p>\n<p class=\"product-description-content\">&#8211; Organik tar\u0131m y\u00f6ntemleriyle yeti\u015ftirilmi\u015f bitkilerden \u00fcretilmi\u015f olup, sa\u011fl\u0131kl\u0131 ya\u015fam tercihlerine uygun bir se\u00e7imdir.<\/p>\n<p class=\"product-description-content\">&#8211; \u0130\u00e7eri\u011findeki antioksidanlar sayesinde ba\u011f\u0131\u015f\u0131kl\u0131k sistemini destekler ve enerji seviyelerini art\u0131rabilir.<\/p>\n<p class=\"product-description-content\">&#8211; Geleneksel Japon matcha \u00e7ay\u0131 rit\u00fcellerinin \u00f6z\u00fcn\u00fc yans\u0131tan bu \u00fcr\u00fcn, zihinsel netli\u011fi art\u0131r\u0131rken ayn\u0131 zamanda rahatlama hissi de verir.<\/p>\n<p class=\"product-description-content\">\u0130\u00e7indekiler : Organik Matcha, Ihlamur, Kiraz Sap\u0131, Limon, Tar\u00e7\u0131n, Avokado 1 s\u00fczen po\u015fet 2 gr x 30 adet s\u00fczen po\u015fet : 60 gr<\/p>\n","protected":false},"excerpt":{"rendered":"<p>&#8211; Do\u011fal bitkisel kar\u0131\u015f\u0131mlarla haz\u0131rlanan bu matcha \u00e7ay\u0131, do\u011fal lezzetin keyfini \u00e7\u0131karman\u0131z\u0131 sa\u011flar. &#8211; %100 saf matcha yapra\u011f\u0131ndan elde edilmi\u015ftir,<\/p>\n","protected":false},"featured_media":8934,"comment_status":"open","ping_status":"closed","template":"","meta":[],"product_brand":[],"product_cat":[208,240],"product_tag":[],"class_list":{"0":"post-8941","1":"product","2":"type-product","3":"status-publish","4":"has-post-thumbnail","6":"product_cat-dogal-bitki-cayi","7":"product_cat-tum-urunler-2","9":"first","10":"instock","11":"sale","12":"taxable","13":"shipping-taxable","14":"purchasable","15":"product-type-simple"},"_links":{"self":[{"href":"https:\/\/airobazar.com\/tr\/wp-json\/wp\/v2\/product\/8941","targetHints":{"allow":["GET"]}}],"collection":[{"href":"https:\/\/airobazar.com\/tr\/wp-json\/wp\/v2\/product"}],"about":[{"href":"https:\/\/airobazar.com\/tr\/wp-json\/wp\/v2\/types\/product"}],"replies":[{"embeddable":true,"href":"https:\/\/airobazar.com\/tr\/wp-json\/wp\/v2\/comments?post=8941"}],"version-history":[{"count":0,"href":"https:\/\/airobazar.com\/tr\/wp-json\/wp\/v2\/product\/8941\/revisions"}],"wp:featuredmedia":[{"embeddable":true,"href":"https:\/\/airobazar.com\/tr\/wp-json\/wp\/v2\/media\/8934"}],"wp:attachment":[{"href":"https:\/\/airobazar.com\/tr\/wp-json\/wp\/v2\/media?parent=8941"}],"wp:term":[{"taxonomy":"product_brand","embeddable":true,"href":"https:\/\/airobazar.com\/tr\/wp-json\/wp\/v2\/product_brand?post=8941"},{"taxonomy":"product_cat","embeddable":true,"href":"https:\/\/airobazar.com\/tr\/wp-json\/wp\/v2\/product_cat?post=8941"},{"taxonomy":"product_tag","embeddable":true,"href":"https:\/\/airobazar.com\/tr\/wp-json\/wp\/v2\/product_tag?post=8941"}],"curies":[{"name":"wp","href":"https:\/\/api.w.org\/{rel}","templated":true}]}}