{"id":8911,"date":"2025-10-01T14:11:43","date_gmt":"2025-10-01T14:11:43","guid":{"rendered":"https:\/\/airobazar.com\/?post_type=product&#038;p=8911"},"modified":"2025-10-01T14:16:47","modified_gmt":"2025-10-01T14:16:47","slug":"dogal-sifa-cayi-atom-cayi-150-gr-kup-bitki-cayi-karisimi","status":"publish","type":"product","link":"https:\/\/airobazar.com\/tr\/urun\/dogal-sifa-cayi-atom-cayi-150-gr-kup-bitki-cayi-karisimi\/","title":{"rendered":"Do\u011fal \u015eifa \u00c7ay\u0131 \u2013 Atom \u00c7ay\u0131 150 gr K\u00fcp Bitki \u00c7ay\u0131 Kar\u0131\u015f\u0131m\u0131"},"content":{"rendered":"<p class=\"product-description-content\">&#8211; Do\u011fal \u015fifan\u0131n \u00f6z\u00fcn\u00fc ta\u015f\u0131yan Atom \u00c7ay\u0131, 150 gram k\u00fcp bitki \u00e7ay\u0131 kar\u0131\u015f\u0131m\u0131 ile g\u00fcnl\u00fck rutininize do\u011fal bir dokunu\u015f ekler.<\/p>\n<p class=\"product-description-content\">&#8211; T\u00fcrk men\u015feli bu \u00f6zel kar\u0131\u015f\u0131mda yer alan bitkilerin zenginli\u011fi, her i\u00e7ti\u011finizde taze ve g\u00fc\u00e7l\u00fc bir deneyim sunar.<\/p>\n<p class=\"product-description-content\">&#8211; Atom \u00c7ay\u0131&#8217;n\u0131n k\u00fcp formu sayesinde kolayca demlenir ve pratik kullan\u0131m sa\u011flar<\/p>\n<p class=\"product-description-content\">b\u00f6ylece zaman kazand\u0131r\u0131rken ayn\u0131 zamanda sa\u011fl\u0131kl\u0131 i\u00e7eceklere olanak tan\u0131r.<\/p>\n<p class=\"product-description-content\">\u0130\u00e7indekiler:Zencefil,Zerde\u00e7al,Tar\u00e7\u0131n.<\/p>\n<p class=\"product-description-content\">Karanfil.<\/p>\n<p class=\"product-description-content\">Hibiskus,Havl\u0131can,Yeni Bahar,Karabiber,Do\u011fal Pancar K\u00f6k\u00fc Tozu,Disitle Su<\/p>\n","protected":false},"excerpt":{"rendered":"<p>&#8211; Do\u011fal \u015fifan\u0131n \u00f6z\u00fcn\u00fc ta\u015f\u0131yan Atom \u00c7ay\u0131, 150 gram k\u00fcp bitki \u00e7ay\u0131 kar\u0131\u015f\u0131m\u0131 ile g\u00fcnl\u00fck rutininize do\u011fal bir dokunu\u015f ekler.<\/p>\n","protected":false},"featured_media":8908,"comment_status":"open","ping_status":"closed","template":"","meta":[],"product_brand":[],"product_cat":[208,240],"product_tag":[],"class_list":{"0":"post-8911","1":"product","2":"type-product","3":"status-publish","4":"has-post-thumbnail","6":"product_cat-dogal-bitki-cayi","7":"product_cat-tum-katagoriler","9":"first","10":"instock","11":"sale","12":"taxable","13":"shipping-taxable","14":"purchasable","15":"product-type-simple"},"yoast_head":"<!-- This site is optimized with the Yoast SEO plugin v27.4 - https:\/\/yoast.com\/product\/yoast-seo-wordpress\/ -->\n<title>Do\u011fal \u015eifa \u00c7ay\u0131 \u2013 Atom \u00c7ay\u0131 150 gr K\u00fcp Bitki \u00c7ay\u0131 Kar\u0131\u015f\u0131m\u0131 - AiroBazar<\/title>\n<meta name=\"robots\" content=\"index, follow, max-snippet:-1, max-image-preview:large, max-video-preview:-1\" \/>\n<link rel=\"canonical\" href=\"https:\/\/airobazar.com\/product\/healing-herbal-tea-atom-tea-natural-herbal-energy-tea-warming-and-refreshing-blend-handmade-herbal-tea-cubes-150-gr-5-29-oz\/\" \/>\n<meta property=\"og:locale\" content=\"tr_TR\" \/>\n<meta property=\"og:type\" content=\"article\" \/>\n<meta property=\"og:title\" content=\"Do\u011fal \u015eifa \u00c7ay\u0131 \u2013 Atom \u00c7ay\u0131 150 gr K\u00fcp Bitki \u00c7ay\u0131 Kar\u0131\u015f\u0131m\u0131 - AiroBazar\" \/>\n<meta property=\"og:description\" content=\"&#8211; Do\u011fal \u015fifan\u0131n \u00f6z\u00fcn\u00fc ta\u015f\u0131yan Atom \u00c7ay\u0131, 150 gram k\u00fcp bitki \u00e7ay\u0131 kar\u0131\u015f\u0131m\u0131 ile g\u00fcnl\u00fck rutininize do\u011fal bir dokunu\u015f ekler.\" \/>\n<meta property=\"og:url\" content=\"https:\/\/airobazar.com\/product\/healing-herbal-tea-atom-tea-natural-herbal-energy-tea-warming-and-refreshing-blend-handmade-herbal-tea-cubes-150-gr-5-29-oz\/\" \/>\n<meta property=\"og:site_name\" content=\"AiroBazar\" \/>\n<meta property=\"article:modified_time\" content=\"2025-10-01T14:16:47+00:00\" \/>\n<meta property=\"og:image\" content=\"https:\/\/airobazar.com\/wp-content\/uploads\/2025\/10\/atom2.png\" \/>\n\t<meta property=\"og:image:width\" content=\"600\" \/>\n\t<meta property=\"og:image:height\" content=\"800\" \/>\n\t<meta property=\"og:image:type\" content=\"image\/png\" \/>\n<meta name=\"twitter:card\" content=\"summary_large_image\" \/>\n<meta name=\"twitter:label1\" content=\"Tahmini okuma s\u00fcresi\" \/>\n\t<meta name=\"twitter:data1\" content=\"1 dakika\" \/>\n<script type=\"application\/ld+json\" class=\"yoast-schema-graph\">{\"@context\":\"https:\\\/\\\/schema.org\",\"@graph\":[{\"@type\":\"WebPage\",\"@id\":\"https:\\\/\\\/airobazar.com\\\/product\\\/healing-herbal-tea-atom-tea-natural-herbal-energy-tea-warming-and-refreshing-blend-handmade-herbal-tea-cubes-150-gr-5-29-oz\\\/\",\"url\":\"https:\\\/\\\/airobazar.com\\\/product\\\/healing-herbal-tea-atom-tea-natural-herbal-energy-tea-warming-and-refreshing-blend-handmade-herbal-tea-cubes-150-gr-5-29-oz\\\/\",\"name\":\"Do\u011fal \u015eifa \u00c7ay\u0131 \u2013 Atom \u00c7ay\u0131 150 gr K\u00fcp Bitki \u00c7ay\u0131 Kar\u0131\u015f\u0131m\u0131 - AiroBazar\",\"isPartOf\":{\"@id\":\"https:\\\/\\\/airobazar.com\\\/#website\"},\"primaryImageOfPage\":{\"@id\":\"https:\\\/\\\/airobazar.com\\\/product\\\/healing-herbal-tea-atom-tea-natural-herbal-energy-tea-warming-and-refreshing-blend-handmade-herbal-tea-cubes-150-gr-5-29-oz\\\/#primaryimage\"},\"image\":{\"@id\":\"https:\\\/\\\/airobazar.com\\\/product\\\/healing-herbal-tea-atom-tea-natural-herbal-energy-tea-warming-and-refreshing-blend-handmade-herbal-tea-cubes-150-gr-5-29-oz\\\/#primaryimage\"},\"thumbnailUrl\":\"https:\\\/\\\/airobazar.com\\\/wp-content\\\/uploads\\\/2025\\\/10\\\/atom2.png\",\"datePublished\":\"2025-10-01T14:11:43+00:00\",\"dateModified\":\"2025-10-01T14:16:47+00:00\",\"breadcrumb\":{\"@id\":\"https:\\\/\\\/airobazar.com\\\/product\\\/healing-herbal-tea-atom-tea-natural-herbal-energy-tea-warming-and-refreshing-blend-handmade-herbal-tea-cubes-150-gr-5-29-oz\\\/#breadcrumb\"},\"inLanguage\":\"tr\",\"potentialAction\":[{\"@type\":\"ReadAction\",\"target\":[\"https:\\\/\\\/airobazar.com\\\/product\\\/healing-herbal-tea-atom-tea-natural-herbal-energy-tea-warming-and-refreshing-blend-handmade-herbal-tea-cubes-150-gr-5-29-oz\\\/\"]}]},{\"@type\":\"ImageObject\",\"inLanguage\":\"tr\",\"@id\":\"https:\\\/\\\/airobazar.com\\\/product\\\/healing-herbal-tea-atom-tea-natural-herbal-energy-tea-warming-and-refreshing-blend-handmade-herbal-tea-cubes-150-gr-5-29-oz\\\/#primaryimage\",\"url\":\"https:\\\/\\\/airobazar.com\\\/wp-content\\\/uploads\\\/2025\\\/10\\\/atom2.png\",\"contentUrl\":\"https:\\\/\\\/airobazar.com\\\/wp-content\\\/uploads\\\/2025\\\/10\\\/atom2.png\",\"width\":600,\"height\":800},{\"@type\":\"BreadcrumbList\",\"@id\":\"https:\\\/\\\/airobazar.com\\\/product\\\/healing-herbal-tea-atom-tea-natural-herbal-energy-tea-warming-and-refreshing-blend-handmade-herbal-tea-cubes-150-gr-5-29-oz\\\/#breadcrumb\",\"itemListElement\":[{\"@type\":\"ListItem\",\"position\":1,\"name\":\"Home\",\"item\":\"https:\\\/\\\/airobazar.com\\\/tr\\\/\"},{\"@type\":\"ListItem\",\"position\":2,\"name\":\"Ma\u011faza\",\"item\":\"https:\\\/\\\/airobazar.com\\\/tr\\\/magaza\\\/\"},{\"@type\":\"ListItem\",\"position\":3,\"name\":\"Do\u011fal \u015eifa \u00c7ay\u0131 \u2013 Atom \u00c7ay\u0131 150 gr K\u00fcp Bitki \u00c7ay\u0131 Kar\u0131\u015f\u0131m\u0131\"}]},{\"@type\":\"WebSite\",\"@id\":\"https:\\\/\\\/airobazar.com\\\/#website\",\"url\":\"https:\\\/\\\/airobazar.com\\\/\",\"name\":\"AiroBazar\",\"description\":\"online sales\",\"potentialAction\":[{\"@type\":\"SearchAction\",\"target\":{\"@type\":\"EntryPoint\",\"urlTemplate\":\"https:\\\/\\\/airobazar.com\\\/?s={search_term_string}\"},\"query-input\":{\"@type\":\"PropertyValueSpecification\",\"valueRequired\":true,\"valueName\":\"search_term_string\"}}],\"inLanguage\":\"tr\"}]}<\/script>\n<!-- \/ Yoast SEO plugin. -->","yoast_head_json":{"title":"Do\u011fal \u015eifa \u00c7ay\u0131 \u2013 Atom \u00c7ay\u0131 150 gr K\u00fcp Bitki \u00c7ay\u0131 Kar\u0131\u015f\u0131m\u0131 - AiroBazar","robots":{"index":"index","follow":"follow","max-snippet":"max-snippet:-1","max-image-preview":"max-image-preview:large","max-video-preview":"max-video-preview:-1"},"canonical":"https:\/\/airobazar.com\/product\/healing-herbal-tea-atom-tea-natural-herbal-energy-tea-warming-and-refreshing-blend-handmade-herbal-tea-cubes-150-gr-5-29-oz\/","og_locale":"tr_TR","og_type":"article","og_title":"Do\u011fal \u015eifa \u00c7ay\u0131 \u2013 Atom \u00c7ay\u0131 150 gr K\u00fcp Bitki \u00c7ay\u0131 Kar\u0131\u015f\u0131m\u0131 - AiroBazar","og_description":"&#8211; Do\u011fal \u015fifan\u0131n \u00f6z\u00fcn\u00fc ta\u015f\u0131yan Atom \u00c7ay\u0131, 150 gram k\u00fcp bitki \u00e7ay\u0131 kar\u0131\u015f\u0131m\u0131 ile g\u00fcnl\u00fck rutininize do\u011fal bir dokunu\u015f ekler.","og_url":"https:\/\/airobazar.com\/product\/healing-herbal-tea-atom-tea-natural-herbal-energy-tea-warming-and-refreshing-blend-handmade-herbal-tea-cubes-150-gr-5-29-oz\/","og_site_name":"AiroBazar","article_modified_time":"2025-10-01T14:16:47+00:00","og_image":[{"width":600,"height":800,"url":"https:\/\/airobazar.com\/wp-content\/uploads\/2025\/10\/atom2.png","type":"image\/png"}],"twitter_card":"summary_large_image","twitter_misc":{"Tahmini okuma s\u00fcresi":"1 dakika"},"schema":{"@context":"https:\/\/schema.org","@graph":[{"@type":"WebPage","@id":"https:\/\/airobazar.com\/product\/healing-herbal-tea-atom-tea-natural-herbal-energy-tea-warming-and-refreshing-blend-handmade-herbal-tea-cubes-150-gr-5-29-oz\/","url":"https:\/\/airobazar.com\/product\/healing-herbal-tea-atom-tea-natural-herbal-energy-tea-warming-and-refreshing-blend-handmade-herbal-tea-cubes-150-gr-5-29-oz\/","name":"Do\u011fal \u015eifa \u00c7ay\u0131 \u2013 Atom \u00c7ay\u0131 150 gr K\u00fcp Bitki \u00c7ay\u0131 Kar\u0131\u015f\u0131m\u0131 - AiroBazar","isPartOf":{"@id":"https:\/\/airobazar.com\/#website"},"primaryImageOfPage":{"@id":"https:\/\/airobazar.com\/product\/healing-herbal-tea-atom-tea-natural-herbal-energy-tea-warming-and-refreshing-blend-handmade-herbal-tea-cubes-150-gr-5-29-oz\/#primaryimage"},"image":{"@id":"https:\/\/airobazar.com\/product\/healing-herbal-tea-atom-tea-natural-herbal-energy-tea-warming-and-refreshing-blend-handmade-herbal-tea-cubes-150-gr-5-29-oz\/#primaryimage"},"thumbnailUrl":"https:\/\/airobazar.com\/wp-content\/uploads\/2025\/10\/atom2.png","datePublished":"2025-10-01T14:11:43+00:00","dateModified":"2025-10-01T14:16:47+00:00","breadcrumb":{"@id":"https:\/\/airobazar.com\/product\/healing-herbal-tea-atom-tea-natural-herbal-energy-tea-warming-and-refreshing-blend-handmade-herbal-tea-cubes-150-gr-5-29-oz\/#breadcrumb"},"inLanguage":"tr","potentialAction":[{"@type":"ReadAction","target":["https:\/\/airobazar.com\/product\/healing-herbal-tea-atom-tea-natural-herbal-energy-tea-warming-and-refreshing-blend-handmade-herbal-tea-cubes-150-gr-5-29-oz\/"]}]},{"@type":"ImageObject","inLanguage":"tr","@id":"https:\/\/airobazar.com\/product\/healing-herbal-tea-atom-tea-natural-herbal-energy-tea-warming-and-refreshing-blend-handmade-herbal-tea-cubes-150-gr-5-29-oz\/#primaryimage","url":"https:\/\/airobazar.com\/wp-content\/uploads\/2025\/10\/atom2.png","contentUrl":"https:\/\/airobazar.com\/wp-content\/uploads\/2025\/10\/atom2.png","width":600,"height":800},{"@type":"BreadcrumbList","@id":"https:\/\/airobazar.com\/product\/healing-herbal-tea-atom-tea-natural-herbal-energy-tea-warming-and-refreshing-blend-handmade-herbal-tea-cubes-150-gr-5-29-oz\/#breadcrumb","itemListElement":[{"@type":"ListItem","position":1,"name":"Home","item":"https:\/\/airobazar.com\/tr\/"},{"@type":"ListItem","position":2,"name":"Ma\u011faza","item":"https:\/\/airobazar.com\/tr\/magaza\/"},{"@type":"ListItem","position":3,"name":"Do\u011fal \u015eifa \u00c7ay\u0131 \u2013 Atom \u00c7ay\u0131 150 gr K\u00fcp Bitki \u00c7ay\u0131 Kar\u0131\u015f\u0131m\u0131"}]},{"@type":"WebSite","@id":"https:\/\/airobazar.com\/#website","url":"https:\/\/airobazar.com\/","name":"AiroBazar","description":"online sales","potentialAction":[{"@type":"SearchAction","target":{"@type":"EntryPoint","urlTemplate":"https:\/\/airobazar.com\/?s={search_term_string}"},"query-input":{"@type":"PropertyValueSpecification","valueRequired":true,"valueName":"search_term_string"}}],"inLanguage":"tr"}]}},"_links":{"self":[{"href":"https:\/\/airobazar.com\/tr\/wp-json\/wp\/v2\/product\/8911","targetHints":{"allow":["GET"]}}],"collection":[{"href":"https:\/\/airobazar.com\/tr\/wp-json\/wp\/v2\/product"}],"about":[{"href":"https:\/\/airobazar.com\/tr\/wp-json\/wp\/v2\/types\/product"}],"replies":[{"embeddable":true,"href":"https:\/\/airobazar.com\/tr\/wp-json\/wp\/v2\/comments?post=8911"}],"version-history":[{"count":0,"href":"https:\/\/airobazar.com\/tr\/wp-json\/wp\/v2\/product\/8911\/revisions"}],"wp:featuredmedia":[{"embeddable":true,"href":"https:\/\/airobazar.com\/tr\/wp-json\/wp\/v2\/media\/8908"}],"wp:attachment":[{"href":"https:\/\/airobazar.com\/tr\/wp-json\/wp\/v2\/media?parent=8911"}],"wp:term":[{"taxonomy":"product_brand","embeddable":true,"href":"https:\/\/airobazar.com\/tr\/wp-json\/wp\/v2\/product_brand?post=8911"},{"taxonomy":"product_cat","embeddable":true,"href":"https:\/\/airobazar.com\/tr\/wp-json\/wp\/v2\/product_cat?post=8911"},{"taxonomy":"product_tag","embeddable":true,"href":"https:\/\/airobazar.com\/tr\/wp-json\/wp\/v2\/product_tag?post=8911"}],"curies":[{"name":"wp","href":"https:\/\/api.w.org\/{rel}","templated":true}]}}