{"id":8901,"date":"2025-10-01T13:50:38","date_gmt":"2025-10-01T13:50:38","guid":{"rendered":"https:\/\/airobazar.com\/?post_type=product&#038;p=8901"},"modified":"2025-10-01T13:57:06","modified_gmt":"2025-10-01T13:57:06","slug":"dogal-kayisili-bitki-cayi-42li-suzen-poset-ozel-karisim-bitkisel-cay","status":"publish","type":"product","link":"https:\/\/airobazar.com\/tr\/urun\/dogal-kayisili-bitki-cayi-42li-suzen-poset-ozel-karisim-bitkisel-cay\/","title":{"rendered":"Do\u011fal Kay\u0131s\u0131l\u0131 Bitki \u00c7ay\u0131 \u2013 42\u2019li S\u00fczen Po\u015fet \u2013 \u00d6zel Kar\u0131\u015f\u0131m Bitkisel \u00c7ay"},"content":{"rendered":"<p class=\"product-description-content\">&#8211; Do\u011fal kay\u0131s\u0131 aromas\u0131yla zenginle\u015ftirilmi\u015f, \u00f6zel kar\u0131\u015f\u0131m bitkisel \u00e7ay\u0131m\u0131z, g\u00fcnl\u00fck rutininize lezzetli bir dokunu\u015f kat\u0131yor.<\/p>\n<p class=\"product-description-content\">&#8211; T\u00fcrkiye&#8217;de yeti\u015fen do\u011fal kay\u0131s\u0131 yapraklar\u0131ndan elde edilen bu \u00e7ay, hem taze hem de kaliteli malzemelerle haz\u0131rlanan i\u00e7eri\u011fiyle \u00f6ne \u00e7\u0131k\u0131yor.<\/p>\n<p class=\"product-description-content\">&#8211; 42&#8217;li s\u00fczen po\u015fet formu sayesinde pratik kullan\u0131m sunar<\/p>\n<p class=\"product-description-content\">her kullan\u0131mda taze ve g\u00fc\u00e7l\u00fc bir demleme deneyimi ya\u015fat\u0131r.<\/p>\n<p class=\"product-description-content\">&#8211; Sa\u011fl\u0131kl\u0131 ya\u015fam hedeflerine katk\u0131da bulunmak isteyenler i\u00e7in ideal olan bu bitkisel \u00e7ay, do\u011fal bile\u015fenleriyle enerjinizi art\u0131r\u0131rken ayn\u0131 zamanda rahatlaman\u0131z\u0131 sa\u011flar.<\/p>\n<p class=\"product-description-content\">Do\u011fal i\u00e7eriklerle \u00f6zenle haz\u0131rlanm\u0131\u015f Kay\u0131s\u0131l\u0131 Bitki \u00c7ay\u0131, g\u00fcn\u00fcn her an\u0131nda keyifle t\u00fcketebilece\u011finiz \u00f6zel bir bitkisel kar\u0131\u015f\u0131md\u0131r.<\/p>\n<p class=\"product-description-content\">\u0130\u00e7eri\u011finde kay\u0131s\u0131 (%15), limon, limonotu, biberiye, ada\u00e7ay\u0131, funda, mate, sinameki, rezene, kekik, ku\u015fburnu, ard\u0131\u00e7, m\u00fcrver, ahududu, hu\u015f a\u011fac\u0131, barul a\u011fac\u0131 kabu\u011fu, ye\u015fil \u00e7ay ve ginseng bulunur.<\/p>\n<p class=\"product-description-content\">Kay\u0131s\u0131 aromas\u0131 ile tatland\u0131r\u0131lm\u0131\u015f bu e\u015fsiz \u00e7ay, lezzetli ve ferahlat\u0131c\u0131 bir i\u00e7im sunar.<\/p>\n<p class=\"product-description-content\">\u0130\u00e7indekiler: Kay\u0131s\u0131 (%15), limon, limonotu, biberiye, ada\u00e7ay\u0131, funda, mate, sinameki, rezene, kekik, ku\u015fburnu, ard\u0131\u00e7, m\u00fcrver, ahududu, hu\u015f a\u011fac\u0131, barul a\u011fac\u0131 kabu\u011fu, ye\u015fil \u00e7ay, ginseng, kay\u0131s\u0131 aromas\u0131.<\/p>\n<p class=\"product-description-content\">Kafein i\u00e7erir.<\/p>\n<p class=\"product-description-content\">\u00c7ocuklar ve hamile kad\u0131nlar i\u00e7in tavsiye edilmez.<\/p>\n<p class=\"product-description-content\">Ambalaj: 42\u2019li s\u00fczen po\u015fet.<\/p>\n","protected":false},"excerpt":{"rendered":"<p>&#8211; Do\u011fal kay\u0131s\u0131 aromas\u0131yla zenginle\u015ftirilmi\u015f, \u00f6zel kar\u0131\u015f\u0131m bitkisel \u00e7ay\u0131m\u0131z, g\u00fcnl\u00fck rutininize lezzetli bir dokunu\u015f kat\u0131yor. &#8211; T\u00fcrkiye&#8217;de yeti\u015fen do\u011fal kay\u0131s\u0131<\/p>\n","protected":false},"featured_media":8896,"comment_status":"open","ping_status":"closed","template":"","meta":[],"product_brand":[],"product_cat":[208,240],"product_tag":[],"class_list":{"0":"post-8901","1":"product","2":"type-product","3":"status-publish","4":"has-post-thumbnail","6":"product_cat-dogal-bitki-cayi","7":"product_cat-tum-katagoriler","9":"first","10":"instock","11":"sale","12":"taxable","13":"shipping-taxable","14":"purchasable","15":"product-type-simple"},"_links":{"self":[{"href":"https:\/\/airobazar.com\/tr\/wp-json\/wp\/v2\/product\/8901","targetHints":{"allow":["GET"]}}],"collection":[{"href":"https:\/\/airobazar.com\/tr\/wp-json\/wp\/v2\/product"}],"about":[{"href":"https:\/\/airobazar.com\/tr\/wp-json\/wp\/v2\/types\/product"}],"replies":[{"embeddable":true,"href":"https:\/\/airobazar.com\/tr\/wp-json\/wp\/v2\/comments?post=8901"}],"version-history":[{"count":0,"href":"https:\/\/airobazar.com\/tr\/wp-json\/wp\/v2\/product\/8901\/revisions"}],"wp:featuredmedia":[{"embeddable":true,"href":"https:\/\/airobazar.com\/tr\/wp-json\/wp\/v2\/media\/8896"}],"wp:attachment":[{"href":"https:\/\/airobazar.com\/tr\/wp-json\/wp\/v2\/media?parent=8901"}],"wp:term":[{"taxonomy":"product_brand","embeddable":true,"href":"https:\/\/airobazar.com\/tr\/wp-json\/wp\/v2\/product_brand?post=8901"},{"taxonomy":"product_cat","embeddable":true,"href":"https:\/\/airobazar.com\/tr\/wp-json\/wp\/v2\/product_cat?post=8901"},{"taxonomy":"product_tag","embeddable":true,"href":"https:\/\/airobazar.com\/tr\/wp-json\/wp\/v2\/product_tag?post=8901"}],"curies":[{"name":"wp","href":"https:\/\/api.w.org\/{rel}","templated":true}]}}