{"id":6426,"date":"2025-09-04T10:04:33","date_gmt":"2025-09-04T10:04:33","guid":{"rendered":"https:\/\/airobazar.com\/?post_type=product&#038;p=6426"},"modified":"2025-09-05T15:14:50","modified_gmt":"2025-09-05T15:14:50","slug":"organik-detoxfit-cayi-nar-cayi-organik-kurutulmus-nar-cekirdegi-cayi-nar-ebegumeci-karisik-cay","status":"publish","type":"product","link":"https:\/\/airobazar.com\/tr\/urun\/organik-detoxfit-cayi-nar-cayi-organik-kurutulmus-nar-cekirdegi-cayi-nar-ebegumeci-karisik-cay\/","title":{"rendered":"Organik Detoxfit \u00c7ay\u0131, Nar \u00c7ay\u0131, Organik Kurutulmu\u015f Nar \u00c7ekirde\u011fi \u00c7ay\u0131, Nar &#8211; Ebeg\u00fcmeci Kar\u0131\u015f\u0131k \u00c7ay"},"content":{"rendered":"<p>Organik detoxfit \u00e7ay\u0131m\u0131zla nar ve ebeg\u00fcmecinin do\u011fal g\u00fcc\u00fcn\u00fc ke\u015ffedin &#8211; v\u00fccudunuzu ve zihninizi canland\u0131rmak i\u00e7in tasarlanm\u0131\u015f benzersiz bir zay\u0131flama kar\u0131\u015f\u0131m\u0131.<\/p>\n<p>Bu \u00e7ay \u015funlar\u0131 bir araya getirir:<br \/>\n\ud83c\udf75 Organik kuru nar \u00e7ekirdekleri &#8211; genel sa\u011fl\u0131\u011f\u0131 desteklemek i\u00e7in antioksidanlar a\u00e7\u0131s\u0131ndan zengin<br \/>\n\ud83c\udf3a Ebeg\u00fcmeci &#8211; metabolizmay\u0131 h\u0131zland\u0131r\u0131c\u0131 ve temizleyici \u00f6zellikleriyle bilinir<br \/>\n\ud83c\udf3f Detoxfit kar\u0131\u015f\u0131m\u0131 &#8211; sindirime nazik\u00e7e yard\u0131mc\u0131 olmak ve daha hafif, enerjik bir his sa\u011flamak i\u00e7in form\u00fcle edilmi\u015ftir<\/p>\n<p>G\u00fcnl\u00fck bir sa\u011fl\u0131k rit\u00fceli olarak m\u00fckemmel olan bu \u00e7ay, s\u0131cak veya buzlu olarak t\u00fcketilebilir. Do\u011fal ek\u015fimsi ve meyvemsi tad\u0131yla sadece v\u00fccudunuz i\u00e7in de\u011fil, ayn\u0131 zamanda duyular\u0131n\u0131z i\u00e7in de bir keyiftir.<\/p>\n<p>\u2714\ufe0f %100 organik i\u00e7erikler<br \/>\n\u2714\ufe0f sindirimi ve metabolizmay\u0131 destekler<br \/>\n\u2714\ufe0f do\u011fal olarak kafeinsiz<br \/>\n\u2714\ufe0f antioksidan a\u00e7\u0131s\u0131ndan zengin sa\u011fl\u0131kl\u0131 ya\u015fam \u00e7ay\u0131<\/p>\n<p>\u2728 Her g\u00fcn bir fincan denge, sa\u011fl\u0131k ve meyveli tazeli\u011fin tad\u0131n\u0131 \u00e7\u0131kar\u0131n!<\/p>\n","protected":false},"excerpt":{"rendered":"<p>Organik detoxfit \u00e7ay\u0131m\u0131zla nar ve ebeg\u00fcmecinin do\u011fal g\u00fcc\u00fcn\u00fc ke\u015ffedin &#8211; v\u00fccudunuzu ve zihninizi canland\u0131rmak i\u00e7in tasarlanm\u0131\u015f benzersiz bir zay\u0131flama kar\u0131\u015f\u0131m\u0131.<\/p>\n","protected":false},"featured_media":6423,"comment_status":"open","ping_status":"closed","template":"","meta":[],"product_brand":[],"product_cat":[225,208,240],"product_tag":[235],"class_list":{"0":"post-6426","1":"product","2":"type-product","3":"status-publish","4":"has-post-thumbnail","6":"product_cat-detox-ve-zayiflama-urunleri","7":"product_cat-dogal-bitki-cayi","8":"product_cat-tum-katagoriler","9":"product_tag-firsat-urunleri","11":"first","12":"instock","13":"sale","14":"featured","15":"taxable","16":"shipping-taxable","17":"purchasable","18":"product-type-simple"},"yoast_head":"<!-- This site is optimized with the Yoast SEO plugin v27.4 - https:\/\/yoast.com\/product\/yoast-seo-wordpress\/ -->\n<title>Organik Detoxfit \u00c7ay\u0131, Nar \u00c7ay\u0131, Organik Kurutulmu\u015f Nar \u00c7ekirde\u011fi \u00c7ay\u0131, Nar - Ebeg\u00fcmeci Kar\u0131\u015f\u0131k \u00c7ay - AiroBazar<\/title>\n<meta name=\"robots\" content=\"index, follow, max-snippet:-1, max-image-preview:large, max-video-preview:-1\" \/>\n<link rel=\"canonical\" href=\"https:\/\/airobazar.com\/product\/organic-detoxfit-teapomegranate-tea-organic-dried-pomegranate-seed-tea-pomegranate-hibiscus-mixed-tea\/\" \/>\n<meta property=\"og:locale\" content=\"tr_TR\" \/>\n<meta property=\"og:type\" content=\"article\" \/>\n<meta property=\"og:title\" content=\"Organik Detoxfit \u00c7ay\u0131, Nar \u00c7ay\u0131, Organik Kurutulmu\u015f Nar \u00c7ekirde\u011fi \u00c7ay\u0131, Nar - Ebeg\u00fcmeci Kar\u0131\u015f\u0131k \u00c7ay - AiroBazar\" \/>\n<meta property=\"og:description\" content=\"Organik detoxfit \u00e7ay\u0131m\u0131zla nar ve ebeg\u00fcmecinin do\u011fal g\u00fcc\u00fcn\u00fc ke\u015ffedin &#8211; v\u00fccudunuzu ve zihninizi canland\u0131rmak i\u00e7in tasarlanm\u0131\u015f benzersiz bir zay\u0131flama kar\u0131\u015f\u0131m\u0131.\" \/>\n<meta property=\"og:url\" content=\"https:\/\/airobazar.com\/product\/organic-detoxfit-teapomegranate-tea-organic-dried-pomegranate-seed-tea-pomegranate-hibiscus-mixed-tea\/\" \/>\n<meta property=\"og:site_name\" content=\"AiroBazar\" \/>\n<meta property=\"article:modified_time\" content=\"2025-09-05T15:14:50+00:00\" \/>\n<meta property=\"og:image\" content=\"https:\/\/airobazar.com\/wp-content\/uploads\/2025\/09\/detoxfitcilekli.png\" \/>\n\t<meta property=\"og:image:width\" content=\"1080\" \/>\n\t<meta property=\"og:image:height\" content=\"1080\" \/>\n\t<meta property=\"og:image:type\" content=\"image\/png\" \/>\n<meta name=\"twitter:card\" content=\"summary_large_image\" \/>\n<meta name=\"twitter:label1\" content=\"Tahmini okuma s\u00fcresi\" \/>\n\t<meta name=\"twitter:data1\" content=\"1 dakika\" \/>\n<script type=\"application\/ld+json\" class=\"yoast-schema-graph\">{\"@context\":\"https:\\\/\\\/schema.org\",\"@graph\":[{\"@type\":\"WebPage\",\"@id\":\"https:\\\/\\\/airobazar.com\\\/product\\\/organic-detoxfit-teapomegranate-tea-organic-dried-pomegranate-seed-tea-pomegranate-hibiscus-mixed-tea\\\/\",\"url\":\"https:\\\/\\\/airobazar.com\\\/product\\\/organic-detoxfit-teapomegranate-tea-organic-dried-pomegranate-seed-tea-pomegranate-hibiscus-mixed-tea\\\/\",\"name\":\"Organik Detoxfit \u00c7ay\u0131, Nar \u00c7ay\u0131, Organik Kurutulmu\u015f Nar \u00c7ekirde\u011fi \u00c7ay\u0131, Nar - Ebeg\u00fcmeci Kar\u0131\u015f\u0131k \u00c7ay - AiroBazar\",\"isPartOf\":{\"@id\":\"https:\\\/\\\/airobazar.com\\\/#website\"},\"primaryImageOfPage\":{\"@id\":\"https:\\\/\\\/airobazar.com\\\/product\\\/organic-detoxfit-teapomegranate-tea-organic-dried-pomegranate-seed-tea-pomegranate-hibiscus-mixed-tea\\\/#primaryimage\"},\"image\":{\"@id\":\"https:\\\/\\\/airobazar.com\\\/product\\\/organic-detoxfit-teapomegranate-tea-organic-dried-pomegranate-seed-tea-pomegranate-hibiscus-mixed-tea\\\/#primaryimage\"},\"thumbnailUrl\":\"https:\\\/\\\/airobazar.com\\\/wp-content\\\/uploads\\\/2025\\\/09\\\/detoxfitcilekli.png\",\"datePublished\":\"2025-09-04T10:04:33+00:00\",\"dateModified\":\"2025-09-05T15:14:50+00:00\",\"breadcrumb\":{\"@id\":\"https:\\\/\\\/airobazar.com\\\/product\\\/organic-detoxfit-teapomegranate-tea-organic-dried-pomegranate-seed-tea-pomegranate-hibiscus-mixed-tea\\\/#breadcrumb\"},\"inLanguage\":\"tr\",\"potentialAction\":[{\"@type\":\"ReadAction\",\"target\":[\"https:\\\/\\\/airobazar.com\\\/product\\\/organic-detoxfit-teapomegranate-tea-organic-dried-pomegranate-seed-tea-pomegranate-hibiscus-mixed-tea\\\/\"]}]},{\"@type\":\"ImageObject\",\"inLanguage\":\"tr\",\"@id\":\"https:\\\/\\\/airobazar.com\\\/product\\\/organic-detoxfit-teapomegranate-tea-organic-dried-pomegranate-seed-tea-pomegranate-hibiscus-mixed-tea\\\/#primaryimage\",\"url\":\"https:\\\/\\\/airobazar.com\\\/wp-content\\\/uploads\\\/2025\\\/09\\\/detoxfitcilekli.png\",\"contentUrl\":\"https:\\\/\\\/airobazar.com\\\/wp-content\\\/uploads\\\/2025\\\/09\\\/detoxfitcilekli.png\",\"width\":1080,\"height\":1080},{\"@type\":\"BreadcrumbList\",\"@id\":\"https:\\\/\\\/airobazar.com\\\/product\\\/organic-detoxfit-teapomegranate-tea-organic-dried-pomegranate-seed-tea-pomegranate-hibiscus-mixed-tea\\\/#breadcrumb\",\"itemListElement\":[{\"@type\":\"ListItem\",\"position\":1,\"name\":\"Home\",\"item\":\"https:\\\/\\\/airobazar.com\\\/tr\\\/\"},{\"@type\":\"ListItem\",\"position\":2,\"name\":\"Ma\u011faza\",\"item\":\"https:\\\/\\\/airobazar.com\\\/tr\\\/magaza\\\/\"},{\"@type\":\"ListItem\",\"position\":3,\"name\":\"Organik Detoxfit \u00c7ay\u0131, Nar \u00c7ay\u0131, Organik Kurutulmu\u015f Nar \u00c7ekirde\u011fi \u00c7ay\u0131, Nar &#8211; Ebeg\u00fcmeci Kar\u0131\u015f\u0131k \u00c7ay\"}]},{\"@type\":\"WebSite\",\"@id\":\"https:\\\/\\\/airobazar.com\\\/#website\",\"url\":\"https:\\\/\\\/airobazar.com\\\/\",\"name\":\"AiroBazar\",\"description\":\"online sales\",\"potentialAction\":[{\"@type\":\"SearchAction\",\"target\":{\"@type\":\"EntryPoint\",\"urlTemplate\":\"https:\\\/\\\/airobazar.com\\\/?s={search_term_string}\"},\"query-input\":{\"@type\":\"PropertyValueSpecification\",\"valueRequired\":true,\"valueName\":\"search_term_string\"}}],\"inLanguage\":\"tr\"}]}<\/script>\n<!-- \/ Yoast SEO plugin. -->","yoast_head_json":{"title":"Organik Detoxfit \u00c7ay\u0131, Nar \u00c7ay\u0131, Organik Kurutulmu\u015f Nar \u00c7ekirde\u011fi \u00c7ay\u0131, Nar - Ebeg\u00fcmeci Kar\u0131\u015f\u0131k \u00c7ay - AiroBazar","robots":{"index":"index","follow":"follow","max-snippet":"max-snippet:-1","max-image-preview":"max-image-preview:large","max-video-preview":"max-video-preview:-1"},"canonical":"https:\/\/airobazar.com\/product\/organic-detoxfit-teapomegranate-tea-organic-dried-pomegranate-seed-tea-pomegranate-hibiscus-mixed-tea\/","og_locale":"tr_TR","og_type":"article","og_title":"Organik Detoxfit \u00c7ay\u0131, Nar \u00c7ay\u0131, Organik Kurutulmu\u015f Nar \u00c7ekirde\u011fi \u00c7ay\u0131, Nar - Ebeg\u00fcmeci Kar\u0131\u015f\u0131k \u00c7ay - AiroBazar","og_description":"Organik detoxfit \u00e7ay\u0131m\u0131zla nar ve ebeg\u00fcmecinin do\u011fal g\u00fcc\u00fcn\u00fc ke\u015ffedin &#8211; v\u00fccudunuzu ve zihninizi canland\u0131rmak i\u00e7in tasarlanm\u0131\u015f benzersiz bir zay\u0131flama kar\u0131\u015f\u0131m\u0131.","og_url":"https:\/\/airobazar.com\/product\/organic-detoxfit-teapomegranate-tea-organic-dried-pomegranate-seed-tea-pomegranate-hibiscus-mixed-tea\/","og_site_name":"AiroBazar","article_modified_time":"2025-09-05T15:14:50+00:00","og_image":[{"width":1080,"height":1080,"url":"https:\/\/airobazar.com\/wp-content\/uploads\/2025\/09\/detoxfitcilekli.png","type":"image\/png"}],"twitter_card":"summary_large_image","twitter_misc":{"Tahmini okuma s\u00fcresi":"1 dakika"},"schema":{"@context":"https:\/\/schema.org","@graph":[{"@type":"WebPage","@id":"https:\/\/airobazar.com\/product\/organic-detoxfit-teapomegranate-tea-organic-dried-pomegranate-seed-tea-pomegranate-hibiscus-mixed-tea\/","url":"https:\/\/airobazar.com\/product\/organic-detoxfit-teapomegranate-tea-organic-dried-pomegranate-seed-tea-pomegranate-hibiscus-mixed-tea\/","name":"Organik Detoxfit \u00c7ay\u0131, Nar \u00c7ay\u0131, Organik Kurutulmu\u015f Nar \u00c7ekirde\u011fi \u00c7ay\u0131, Nar - Ebeg\u00fcmeci Kar\u0131\u015f\u0131k \u00c7ay - AiroBazar","isPartOf":{"@id":"https:\/\/airobazar.com\/#website"},"primaryImageOfPage":{"@id":"https:\/\/airobazar.com\/product\/organic-detoxfit-teapomegranate-tea-organic-dried-pomegranate-seed-tea-pomegranate-hibiscus-mixed-tea\/#primaryimage"},"image":{"@id":"https:\/\/airobazar.com\/product\/organic-detoxfit-teapomegranate-tea-organic-dried-pomegranate-seed-tea-pomegranate-hibiscus-mixed-tea\/#primaryimage"},"thumbnailUrl":"https:\/\/airobazar.com\/wp-content\/uploads\/2025\/09\/detoxfitcilekli.png","datePublished":"2025-09-04T10:04:33+00:00","dateModified":"2025-09-05T15:14:50+00:00","breadcrumb":{"@id":"https:\/\/airobazar.com\/product\/organic-detoxfit-teapomegranate-tea-organic-dried-pomegranate-seed-tea-pomegranate-hibiscus-mixed-tea\/#breadcrumb"},"inLanguage":"tr","potentialAction":[{"@type":"ReadAction","target":["https:\/\/airobazar.com\/product\/organic-detoxfit-teapomegranate-tea-organic-dried-pomegranate-seed-tea-pomegranate-hibiscus-mixed-tea\/"]}]},{"@type":"ImageObject","inLanguage":"tr","@id":"https:\/\/airobazar.com\/product\/organic-detoxfit-teapomegranate-tea-organic-dried-pomegranate-seed-tea-pomegranate-hibiscus-mixed-tea\/#primaryimage","url":"https:\/\/airobazar.com\/wp-content\/uploads\/2025\/09\/detoxfitcilekli.png","contentUrl":"https:\/\/airobazar.com\/wp-content\/uploads\/2025\/09\/detoxfitcilekli.png","width":1080,"height":1080},{"@type":"BreadcrumbList","@id":"https:\/\/airobazar.com\/product\/organic-detoxfit-teapomegranate-tea-organic-dried-pomegranate-seed-tea-pomegranate-hibiscus-mixed-tea\/#breadcrumb","itemListElement":[{"@type":"ListItem","position":1,"name":"Home","item":"https:\/\/airobazar.com\/tr\/"},{"@type":"ListItem","position":2,"name":"Ma\u011faza","item":"https:\/\/airobazar.com\/tr\/magaza\/"},{"@type":"ListItem","position":3,"name":"Organik Detoxfit \u00c7ay\u0131, Nar \u00c7ay\u0131, Organik Kurutulmu\u015f Nar \u00c7ekirde\u011fi \u00c7ay\u0131, Nar &#8211; Ebeg\u00fcmeci Kar\u0131\u015f\u0131k \u00c7ay"}]},{"@type":"WebSite","@id":"https:\/\/airobazar.com\/#website","url":"https:\/\/airobazar.com\/","name":"AiroBazar","description":"online sales","potentialAction":[{"@type":"SearchAction","target":{"@type":"EntryPoint","urlTemplate":"https:\/\/airobazar.com\/?s={search_term_string}"},"query-input":{"@type":"PropertyValueSpecification","valueRequired":true,"valueName":"search_term_string"}}],"inLanguage":"tr"}]}},"_links":{"self":[{"href":"https:\/\/airobazar.com\/tr\/wp-json\/wp\/v2\/product\/6426","targetHints":{"allow":["GET"]}}],"collection":[{"href":"https:\/\/airobazar.com\/tr\/wp-json\/wp\/v2\/product"}],"about":[{"href":"https:\/\/airobazar.com\/tr\/wp-json\/wp\/v2\/types\/product"}],"replies":[{"embeddable":true,"href":"https:\/\/airobazar.com\/tr\/wp-json\/wp\/v2\/comments?post=6426"}],"version-history":[{"count":0,"href":"https:\/\/airobazar.com\/tr\/wp-json\/wp\/v2\/product\/6426\/revisions"}],"wp:featuredmedia":[{"embeddable":true,"href":"https:\/\/airobazar.com\/tr\/wp-json\/wp\/v2\/media\/6423"}],"wp:attachment":[{"href":"https:\/\/airobazar.com\/tr\/wp-json\/wp\/v2\/media?parent=6426"}],"wp:term":[{"taxonomy":"product_brand","embeddable":true,"href":"https:\/\/airobazar.com\/tr\/wp-json\/wp\/v2\/product_brand?post=6426"},{"taxonomy":"product_cat","embeddable":true,"href":"https:\/\/airobazar.com\/tr\/wp-json\/wp\/v2\/product_cat?post=6426"},{"taxonomy":"product_tag","embeddable":true,"href":"https:\/\/airobazar.com\/tr\/wp-json\/wp\/v2\/product_tag?post=6426"}],"curies":[{"name":"wp","href":"https:\/\/api.w.org\/{rel}","templated":true}]}}