{"id":6403,"date":"2025-09-04T06:34:49","date_gmt":"2025-09-04T06:34:49","guid":{"rendered":"https:\/\/airobazar.com\/?post_type=product&#038;p=6403"},"modified":"2025-09-04T09:34:15","modified_gmt":"2025-09-04T09:34:15","slug":"dogal-detoks-zayiflama-sirkesi-bitkisel-karisim-500-ml-2","status":"publish","type":"product","link":"https:\/\/airobazar.com\/tr\/urun\/dogal-detoks-zayiflama-sirkesi-bitkisel-karisim-500-ml-2\/","title":{"rendered":"Do\u011fal Detoks Zay\u0131flama Sirkesi &#8211; Bitkisel Kar\u0131\u015f\u0131m 500 ml"},"content":{"rendered":"<p>\ud83e\uddf4 Do\u011fal Detoks Zay\u0131flama Sirkesi \u2013 500 ml | Bitkisel Meyve Kar\u0131\u015f\u0131m\u0131<br \/>\nE\u015fsiz bir meyve ve bitki kar\u0131\u015f\u0131m\u0131ndan \u00fcretilen bu el yap\u0131m\u0131 detoks sirkesiyle sa\u011fl\u0131\u011f\u0131n\u0131za kavu\u015fun. G\u00fcnl\u00fck rutininizin ferahlat\u0131c\u0131 bir par\u00e7as\u0131 olmas\u0131 i\u00e7in tasarlanan bu do\u011fal sirke, hem lezzetli hem de \u00e7ok y\u00f6nl\u00fcd\u00fcr.<\/p>\n<p>\u2728 Neden Seveceksiniz:<\/p>\n<p>Birinci s\u0131n\u0131f meyve ve bitki \u00f6zleriyle \u00fcretilmi\u015ftir<\/p>\n<p>\u0130lave \u015feker, yapay renklendirici veya koruyucu i\u00e7ermez<\/p>\n<p>Derin ve dengeli bir lezzet i\u00e7in k\u00fc\u00e7\u00fck miktarlarda fermente edilmi\u015ftir<\/p>\n<p>Vegan dostu ve gl\u00fctensiz<\/p>\n<p>\u00c7evre dostu 500 ml cam \u015fi\u015fede gelir<\/p>\n<p>\ud83c\udf3f \u0130\u00e7indekiler:<br \/>\nElma sirkesi, ananas sirkesi, kay\u0131s\u0131, sandal a\u011fac\u0131 re\u00e7inesi, avokado yapra\u011f\u0131, psyllium kabu\u011fu, ye\u015fil elma kabu\u011fu.<\/p>\n<p>\ud83e\udd44 Kullan\u0131m \u015eekli:<br \/>\n1-2 yemek ka\u015f\u0131\u011f\u0131 \u0131l\u0131k veya so\u011fuk suyla kar\u0131\u015ft\u0131r\u0131n. Yemeklerden \u00f6nce i\u00e7in veya salatalara ve detoks tariflerine ekleyin.<\/p>\n<p>Boyut: 500 ml \u2013 Tazeli\u011fini korumak i\u00e7in \u00f6zenle cam \u015fi\u015felere doldurulur.<\/p>\n","protected":false},"excerpt":{"rendered":"<p>\ud83e\uddf4 Do\u011fal Detoks Zay\u0131flama Sirkesi \u2013 500 ml | Bitkisel Meyve Kar\u0131\u015f\u0131m\u0131 E\u015fsiz bir meyve ve bitki kar\u0131\u015f\u0131m\u0131ndan \u00fcretilen bu<\/p>\n","protected":false},"featured_media":6399,"comment_status":"open","ping_status":"closed","template":"","meta":[],"product_brand":[],"product_cat":[225,240],"product_tag":[],"class_list":{"0":"post-6403","1":"product","2":"type-product","3":"status-publish","4":"has-post-thumbnail","6":"product_cat-detox-ve-zayiflama-urunleri","7":"product_cat-tum-katagoriler","9":"first","10":"instock","11":"sale","12":"featured","13":"taxable","14":"shipping-taxable","15":"purchasable","16":"product-type-simple"},"yoast_head":"<!-- This site is optimized with the Yoast SEO plugin v27.4 - https:\/\/yoast.com\/product\/yoast-seo-wordpress\/ -->\n<title>Do\u011fal Detoks Zay\u0131flama Sirkesi - Bitkisel Kar\u0131\u015f\u0131m 500 ml - AiroBazar<\/title>\n<meta name=\"robots\" content=\"index, follow, max-snippet:-1, max-image-preview:large, max-video-preview:-1\" \/>\n<link rel=\"canonical\" href=\"https:\/\/airobazar.com\/product\/natural-detox-slimming-vinegar-herbal-blend-500ml-2\/\" \/>\n<meta property=\"og:locale\" content=\"tr_TR\" \/>\n<meta property=\"og:type\" content=\"article\" \/>\n<meta property=\"og:title\" content=\"Do\u011fal Detoks Zay\u0131flama Sirkesi - Bitkisel Kar\u0131\u015f\u0131m 500 ml - AiroBazar\" \/>\n<meta property=\"og:description\" content=\"\ud83e\uddf4 Do\u011fal Detoks Zay\u0131flama Sirkesi \u2013 500 ml | Bitkisel Meyve Kar\u0131\u015f\u0131m\u0131 E\u015fsiz bir meyve ve bitki kar\u0131\u015f\u0131m\u0131ndan \u00fcretilen bu\" \/>\n<meta property=\"og:url\" content=\"https:\/\/airobazar.com\/product\/natural-detox-slimming-vinegar-herbal-blend-500ml-2\/\" \/>\n<meta property=\"og:site_name\" content=\"AiroBazar\" \/>\n<meta property=\"article:modified_time\" content=\"2025-09-04T09:34:15+00:00\" \/>\n<meta property=\"og:image\" content=\"https:\/\/airobazar.com\/wp-content\/uploads\/2025\/09\/WhatsApp-Gorsel-2025-09-04-saat-12.27.38_273f663a.jpg\" \/>\n\t<meta property=\"og:image:width\" content=\"1280\" \/>\n\t<meta property=\"og:image:height\" content=\"1600\" \/>\n\t<meta property=\"og:image:type\" content=\"image\/jpeg\" \/>\n<meta name=\"twitter:card\" content=\"summary_large_image\" \/>\n<meta name=\"twitter:label1\" content=\"Tahmini okuma s\u00fcresi\" \/>\n\t<meta name=\"twitter:data1\" content=\"1 dakika\" \/>\n<script type=\"application\/ld+json\" class=\"yoast-schema-graph\">{\"@context\":\"https:\\\/\\\/schema.org\",\"@graph\":[{\"@type\":\"WebPage\",\"@id\":\"https:\\\/\\\/airobazar.com\\\/product\\\/natural-detox-slimming-vinegar-herbal-blend-500ml-2\\\/\",\"url\":\"https:\\\/\\\/airobazar.com\\\/product\\\/natural-detox-slimming-vinegar-herbal-blend-500ml-2\\\/\",\"name\":\"Do\u011fal Detoks Zay\u0131flama Sirkesi - Bitkisel Kar\u0131\u015f\u0131m 500 ml - AiroBazar\",\"isPartOf\":{\"@id\":\"https:\\\/\\\/airobazar.com\\\/#website\"},\"primaryImageOfPage\":{\"@id\":\"https:\\\/\\\/airobazar.com\\\/product\\\/natural-detox-slimming-vinegar-herbal-blend-500ml-2\\\/#primaryimage\"},\"image\":{\"@id\":\"https:\\\/\\\/airobazar.com\\\/product\\\/natural-detox-slimming-vinegar-herbal-blend-500ml-2\\\/#primaryimage\"},\"thumbnailUrl\":\"https:\\\/\\\/airobazar.com\\\/wp-content\\\/uploads\\\/2025\\\/09\\\/WhatsApp-Gorsel-2025-09-04-saat-12.27.38_273f663a.jpg\",\"datePublished\":\"2025-09-04T06:34:49+00:00\",\"dateModified\":\"2025-09-04T09:34:15+00:00\",\"breadcrumb\":{\"@id\":\"https:\\\/\\\/airobazar.com\\\/product\\\/natural-detox-slimming-vinegar-herbal-blend-500ml-2\\\/#breadcrumb\"},\"inLanguage\":\"tr\",\"potentialAction\":[{\"@type\":\"ReadAction\",\"target\":[\"https:\\\/\\\/airobazar.com\\\/product\\\/natural-detox-slimming-vinegar-herbal-blend-500ml-2\\\/\"]}]},{\"@type\":\"ImageObject\",\"inLanguage\":\"tr\",\"@id\":\"https:\\\/\\\/airobazar.com\\\/product\\\/natural-detox-slimming-vinegar-herbal-blend-500ml-2\\\/#primaryimage\",\"url\":\"https:\\\/\\\/airobazar.com\\\/wp-content\\\/uploads\\\/2025\\\/09\\\/WhatsApp-Gorsel-2025-09-04-saat-12.27.38_273f663a.jpg\",\"contentUrl\":\"https:\\\/\\\/airobazar.com\\\/wp-content\\\/uploads\\\/2025\\\/09\\\/WhatsApp-Gorsel-2025-09-04-saat-12.27.38_273f663a.jpg\",\"width\":1280,\"height\":1600},{\"@type\":\"BreadcrumbList\",\"@id\":\"https:\\\/\\\/airobazar.com\\\/product\\\/natural-detox-slimming-vinegar-herbal-blend-500ml-2\\\/#breadcrumb\",\"itemListElement\":[{\"@type\":\"ListItem\",\"position\":1,\"name\":\"Home\",\"item\":\"https:\\\/\\\/airobazar.com\\\/tr\\\/\"},{\"@type\":\"ListItem\",\"position\":2,\"name\":\"Ma\u011faza\",\"item\":\"https:\\\/\\\/airobazar.com\\\/tr\\\/magaza\\\/\"},{\"@type\":\"ListItem\",\"position\":3,\"name\":\"Do\u011fal Detoks Zay\u0131flama Sirkesi &#8211; Bitkisel Kar\u0131\u015f\u0131m 500 ml\"}]},{\"@type\":\"WebSite\",\"@id\":\"https:\\\/\\\/airobazar.com\\\/#website\",\"url\":\"https:\\\/\\\/airobazar.com\\\/\",\"name\":\"AiroBazar\",\"description\":\"online sales\",\"potentialAction\":[{\"@type\":\"SearchAction\",\"target\":{\"@type\":\"EntryPoint\",\"urlTemplate\":\"https:\\\/\\\/airobazar.com\\\/?s={search_term_string}\"},\"query-input\":{\"@type\":\"PropertyValueSpecification\",\"valueRequired\":true,\"valueName\":\"search_term_string\"}}],\"inLanguage\":\"tr\"}]}<\/script>\n<!-- \/ Yoast SEO plugin. -->","yoast_head_json":{"title":"Do\u011fal Detoks Zay\u0131flama Sirkesi - Bitkisel Kar\u0131\u015f\u0131m 500 ml - AiroBazar","robots":{"index":"index","follow":"follow","max-snippet":"max-snippet:-1","max-image-preview":"max-image-preview:large","max-video-preview":"max-video-preview:-1"},"canonical":"https:\/\/airobazar.com\/product\/natural-detox-slimming-vinegar-herbal-blend-500ml-2\/","og_locale":"tr_TR","og_type":"article","og_title":"Do\u011fal Detoks Zay\u0131flama Sirkesi - Bitkisel Kar\u0131\u015f\u0131m 500 ml - AiroBazar","og_description":"\ud83e\uddf4 Do\u011fal Detoks Zay\u0131flama Sirkesi \u2013 500 ml | Bitkisel Meyve Kar\u0131\u015f\u0131m\u0131 E\u015fsiz bir meyve ve bitki kar\u0131\u015f\u0131m\u0131ndan \u00fcretilen bu","og_url":"https:\/\/airobazar.com\/product\/natural-detox-slimming-vinegar-herbal-blend-500ml-2\/","og_site_name":"AiroBazar","article_modified_time":"2025-09-04T09:34:15+00:00","og_image":[{"width":1280,"height":1600,"url":"https:\/\/airobazar.com\/wp-content\/uploads\/2025\/09\/WhatsApp-Gorsel-2025-09-04-saat-12.27.38_273f663a.jpg","type":"image\/jpeg"}],"twitter_card":"summary_large_image","twitter_misc":{"Tahmini okuma s\u00fcresi":"1 dakika"},"schema":{"@context":"https:\/\/schema.org","@graph":[{"@type":"WebPage","@id":"https:\/\/airobazar.com\/product\/natural-detox-slimming-vinegar-herbal-blend-500ml-2\/","url":"https:\/\/airobazar.com\/product\/natural-detox-slimming-vinegar-herbal-blend-500ml-2\/","name":"Do\u011fal Detoks Zay\u0131flama Sirkesi - Bitkisel Kar\u0131\u015f\u0131m 500 ml - AiroBazar","isPartOf":{"@id":"https:\/\/airobazar.com\/#website"},"primaryImageOfPage":{"@id":"https:\/\/airobazar.com\/product\/natural-detox-slimming-vinegar-herbal-blend-500ml-2\/#primaryimage"},"image":{"@id":"https:\/\/airobazar.com\/product\/natural-detox-slimming-vinegar-herbal-blend-500ml-2\/#primaryimage"},"thumbnailUrl":"https:\/\/airobazar.com\/wp-content\/uploads\/2025\/09\/WhatsApp-Gorsel-2025-09-04-saat-12.27.38_273f663a.jpg","datePublished":"2025-09-04T06:34:49+00:00","dateModified":"2025-09-04T09:34:15+00:00","breadcrumb":{"@id":"https:\/\/airobazar.com\/product\/natural-detox-slimming-vinegar-herbal-blend-500ml-2\/#breadcrumb"},"inLanguage":"tr","potentialAction":[{"@type":"ReadAction","target":["https:\/\/airobazar.com\/product\/natural-detox-slimming-vinegar-herbal-blend-500ml-2\/"]}]},{"@type":"ImageObject","inLanguage":"tr","@id":"https:\/\/airobazar.com\/product\/natural-detox-slimming-vinegar-herbal-blend-500ml-2\/#primaryimage","url":"https:\/\/airobazar.com\/wp-content\/uploads\/2025\/09\/WhatsApp-Gorsel-2025-09-04-saat-12.27.38_273f663a.jpg","contentUrl":"https:\/\/airobazar.com\/wp-content\/uploads\/2025\/09\/WhatsApp-Gorsel-2025-09-04-saat-12.27.38_273f663a.jpg","width":1280,"height":1600},{"@type":"BreadcrumbList","@id":"https:\/\/airobazar.com\/product\/natural-detox-slimming-vinegar-herbal-blend-500ml-2\/#breadcrumb","itemListElement":[{"@type":"ListItem","position":1,"name":"Home","item":"https:\/\/airobazar.com\/tr\/"},{"@type":"ListItem","position":2,"name":"Ma\u011faza","item":"https:\/\/airobazar.com\/tr\/magaza\/"},{"@type":"ListItem","position":3,"name":"Do\u011fal Detoks Zay\u0131flama Sirkesi &#8211; Bitkisel Kar\u0131\u015f\u0131m 500 ml"}]},{"@type":"WebSite","@id":"https:\/\/airobazar.com\/#website","url":"https:\/\/airobazar.com\/","name":"AiroBazar","description":"online sales","potentialAction":[{"@type":"SearchAction","target":{"@type":"EntryPoint","urlTemplate":"https:\/\/airobazar.com\/?s={search_term_string}"},"query-input":{"@type":"PropertyValueSpecification","valueRequired":true,"valueName":"search_term_string"}}],"inLanguage":"tr"}]}},"_links":{"self":[{"href":"https:\/\/airobazar.com\/tr\/wp-json\/wp\/v2\/product\/6403","targetHints":{"allow":["GET"]}}],"collection":[{"href":"https:\/\/airobazar.com\/tr\/wp-json\/wp\/v2\/product"}],"about":[{"href":"https:\/\/airobazar.com\/tr\/wp-json\/wp\/v2\/types\/product"}],"replies":[{"embeddable":true,"href":"https:\/\/airobazar.com\/tr\/wp-json\/wp\/v2\/comments?post=6403"}],"version-history":[{"count":0,"href":"https:\/\/airobazar.com\/tr\/wp-json\/wp\/v2\/product\/6403\/revisions"}],"wp:featuredmedia":[{"embeddable":true,"href":"https:\/\/airobazar.com\/tr\/wp-json\/wp\/v2\/media\/6399"}],"wp:attachment":[{"href":"https:\/\/airobazar.com\/tr\/wp-json\/wp\/v2\/media?parent=6403"}],"wp:term":[{"taxonomy":"product_brand","embeddable":true,"href":"https:\/\/airobazar.com\/tr\/wp-json\/wp\/v2\/product_brand?post=6403"},{"taxonomy":"product_cat","embeddable":true,"href":"https:\/\/airobazar.com\/tr\/wp-json\/wp\/v2\/product_cat?post=6403"},{"taxonomy":"product_tag","embeddable":true,"href":"https:\/\/airobazar.com\/tr\/wp-json\/wp\/v2\/product_tag?post=6403"}],"curies":[{"name":"wp","href":"https:\/\/api.w.org\/{rel}","templated":true}]}}