{"id":6395,"date":"2025-09-04T09:06:55","date_gmt":"2025-09-04T09:06:55","guid":{"rendered":"https:\/\/airobazar.com\/?post_type=product&#038;p=6395"},"modified":"2025-09-04T09:13:50","modified_gmt":"2025-09-04T09:13:50","slug":"organik-vegan-bar-elma-ve-hurma-saglikli-atistirmaliklar-12-adet-ilave-seker-icermez","status":"publish","type":"product","link":"https:\/\/airobazar.com\/tr\/urun\/organik-vegan-bar-elma-ve-hurma-saglikli-atistirmaliklar-12-adet-ilave-seker-icermez\/","title":{"rendered":"Organik vegan bar elma ve hurma sa\u011fl\u0131kl\u0131 at\u0131\u015ft\u0131rmal\u0131klar 12 adet \u0130lave \u015feker i\u00e7ermez"},"content":{"rendered":"<p>Bu lezzetli organik vegan at\u0131\u015ft\u0131rmal\u0131k barlarda, do\u011fal olarak tatl\u0131 elma ve hurman\u0131n m\u00fckemmel uyumunun tad\u0131n\u0131 \u00e7\u0131kar\u0131n. Her bar, ilave \u015feker, koruyucu ve yapay aroma i\u00e7ermeyen %100 bitki bazl\u0131 malzemelerle \u00fcretilmi\u015ftir.<\/p>\n<p>\ud83c\udf4f Temel \u00d6zellikler:<\/p>\n<p>Organik elma ve hurma ile \u00fcretilmi\u015ftir.<\/p>\n<p>%100 vegan ve bitki bazl\u0131d\u0131r.<\/p>\n<p>\u0130lave \u015feker veya yapay tatland\u0131r\u0131c\u0131 i\u00e7ermez.<\/p>\n<p>Glutensiz ve s\u00fct \u00fcr\u00fcnlerinden ar\u0131nd\u0131r\u0131lm\u0131\u015ft\u0131r.<\/p>\n<p>Hareket halindeyken at\u0131\u015ft\u0131rmal\u0131k olarak, beslenme \u00e7antan\u0131zda veya antrenman \u00f6ncesi\/sonras\u0131 i\u00e7in idealdir.<\/p>\n<p>12 adet ayr\u0131 ayr\u0131 paketlenmi\u015f bardan olu\u015fan bir kutuda gelir.<\/p>\n<p>Tatl\u0131 ihtiyac\u0131n\u0131z\u0131 giderirken temiz bir ya\u015fam tarz\u0131n\u0131 destekleyen sa\u011fl\u0131kl\u0131 ve su\u00e7luluk duygusu yaratmayan bir at\u0131\u015ft\u0131rmal\u0131k. Hem yeti\u015fkinler hem de \u00e7ocuklar i\u00e7in harika!<\/p>\n","protected":false},"excerpt":{"rendered":"<p>Bu lezzetli organik vegan at\u0131\u015ft\u0131rmal\u0131k barlarda, do\u011fal olarak tatl\u0131 elma ve hurman\u0131n m\u00fckemmel uyumunun tad\u0131n\u0131 \u00e7\u0131kar\u0131n. Her bar, ilave \u015feker,<\/p>\n","protected":false},"featured_media":6392,"comment_status":"open","ping_status":"closed","template":"","meta":[],"product_brand":[],"product_cat":[225,240],"product_tag":[],"class_list":{"0":"post-6395","1":"product","2":"type-product","3":"status-publish","4":"has-post-thumbnail","6":"product_cat-detox-ve-zayiflama-urunleri","7":"product_cat-tum-katagoriler","9":"first","10":"instock","11":"sale","12":"taxable","13":"shipping-taxable","14":"purchasable","15":"product-type-simple"},"yoast_head":"<!-- This site is optimized with the Yoast SEO plugin v27.4 - https:\/\/yoast.com\/product\/yoast-seo-wordpress\/ -->\n<title>Organik vegan bar elma ve hurma sa\u011fl\u0131kl\u0131 at\u0131\u015ft\u0131rmal\u0131klar 12 adet \u0130lave \u015feker i\u00e7ermez - AiroBazar<\/title>\n<meta name=\"robots\" content=\"index, follow, max-snippet:-1, max-image-preview:large, max-video-preview:-1\" \/>\n<link rel=\"canonical\" href=\"https:\/\/airobazar.com\/product\/organic-vegan-bar-apple-and-date-healthy-snacks-12-pieces-no-added-sugar\/\" \/>\n<meta property=\"og:locale\" content=\"tr_TR\" \/>\n<meta property=\"og:type\" content=\"article\" \/>\n<meta property=\"og:title\" content=\"Organik vegan bar elma ve hurma sa\u011fl\u0131kl\u0131 at\u0131\u015ft\u0131rmal\u0131klar 12 adet \u0130lave \u015feker i\u00e7ermez - AiroBazar\" \/>\n<meta property=\"og:description\" content=\"Bu lezzetli organik vegan at\u0131\u015ft\u0131rmal\u0131k barlarda, do\u011fal olarak tatl\u0131 elma ve hurman\u0131n m\u00fckemmel uyumunun tad\u0131n\u0131 \u00e7\u0131kar\u0131n. Her bar, ilave \u015feker,\" \/>\n<meta property=\"og:url\" content=\"https:\/\/airobazar.com\/product\/organic-vegan-bar-apple-and-date-healthy-snacks-12-pieces-no-added-sugar\/\" \/>\n<meta property=\"og:site_name\" content=\"AiroBazar\" \/>\n<meta property=\"article:modified_time\" content=\"2025-09-04T09:13:50+00:00\" \/>\n<meta property=\"og:image\" content=\"https:\/\/airobazar.com\/wp-content\/uploads\/2025\/09\/3215e416-e69c-484c-a0e8-4e285b5c47d0-683x1024.png\" \/>\n\t<meta property=\"og:image:width\" content=\"683\" \/>\n\t<meta property=\"og:image:height\" content=\"1024\" \/>\n\t<meta property=\"og:image:type\" content=\"image\/png\" \/>\n<meta name=\"twitter:card\" content=\"summary_large_image\" \/>\n<meta name=\"twitter:label1\" content=\"Tahmini okuma s\u00fcresi\" \/>\n\t<meta name=\"twitter:data1\" content=\"1 dakika\" \/>\n<script type=\"application\/ld+json\" class=\"yoast-schema-graph\">{\"@context\":\"https:\\\/\\\/schema.org\",\"@graph\":[{\"@type\":\"WebPage\",\"@id\":\"https:\\\/\\\/airobazar.com\\\/product\\\/organic-vegan-bar-apple-and-date-healthy-snacks-12-pieces-no-added-sugar\\\/\",\"url\":\"https:\\\/\\\/airobazar.com\\\/product\\\/organic-vegan-bar-apple-and-date-healthy-snacks-12-pieces-no-added-sugar\\\/\",\"name\":\"Organik vegan bar elma ve hurma sa\u011fl\u0131kl\u0131 at\u0131\u015ft\u0131rmal\u0131klar 12 adet \u0130lave \u015feker i\u00e7ermez - AiroBazar\",\"isPartOf\":{\"@id\":\"https:\\\/\\\/airobazar.com\\\/#website\"},\"primaryImageOfPage\":{\"@id\":\"https:\\\/\\\/airobazar.com\\\/product\\\/organic-vegan-bar-apple-and-date-healthy-snacks-12-pieces-no-added-sugar\\\/#primaryimage\"},\"image\":{\"@id\":\"https:\\\/\\\/airobazar.com\\\/product\\\/organic-vegan-bar-apple-and-date-healthy-snacks-12-pieces-no-added-sugar\\\/#primaryimage\"},\"thumbnailUrl\":\"https:\\\/\\\/airobazar.com\\\/wp-content\\\/uploads\\\/2025\\\/09\\\/3215e416-e69c-484c-a0e8-4e285b5c47d0.png\",\"datePublished\":\"2025-09-04T09:06:55+00:00\",\"dateModified\":\"2025-09-04T09:13:50+00:00\",\"breadcrumb\":{\"@id\":\"https:\\\/\\\/airobazar.com\\\/product\\\/organic-vegan-bar-apple-and-date-healthy-snacks-12-pieces-no-added-sugar\\\/#breadcrumb\"},\"inLanguage\":\"tr\",\"potentialAction\":[{\"@type\":\"ReadAction\",\"target\":[\"https:\\\/\\\/airobazar.com\\\/product\\\/organic-vegan-bar-apple-and-date-healthy-snacks-12-pieces-no-added-sugar\\\/\"]}]},{\"@type\":\"ImageObject\",\"inLanguage\":\"tr\",\"@id\":\"https:\\\/\\\/airobazar.com\\\/product\\\/organic-vegan-bar-apple-and-date-healthy-snacks-12-pieces-no-added-sugar\\\/#primaryimage\",\"url\":\"https:\\\/\\\/airobazar.com\\\/wp-content\\\/uploads\\\/2025\\\/09\\\/3215e416-e69c-484c-a0e8-4e285b5c47d0.png\",\"contentUrl\":\"https:\\\/\\\/airobazar.com\\\/wp-content\\\/uploads\\\/2025\\\/09\\\/3215e416-e69c-484c-a0e8-4e285b5c47d0.png\",\"width\":1200,\"height\":1800},{\"@type\":\"BreadcrumbList\",\"@id\":\"https:\\\/\\\/airobazar.com\\\/product\\\/organic-vegan-bar-apple-and-date-healthy-snacks-12-pieces-no-added-sugar\\\/#breadcrumb\",\"itemListElement\":[{\"@type\":\"ListItem\",\"position\":1,\"name\":\"Home\",\"item\":\"https:\\\/\\\/airobazar.com\\\/tr\\\/\"},{\"@type\":\"ListItem\",\"position\":2,\"name\":\"Ma\u011faza\",\"item\":\"https:\\\/\\\/airobazar.com\\\/tr\\\/magaza\\\/\"},{\"@type\":\"ListItem\",\"position\":3,\"name\":\"Organik vegan bar elma ve hurma sa\u011fl\u0131kl\u0131 at\u0131\u015ft\u0131rmal\u0131klar 12 adet \u0130lave \u015feker i\u00e7ermez\"}]},{\"@type\":\"WebSite\",\"@id\":\"https:\\\/\\\/airobazar.com\\\/#website\",\"url\":\"https:\\\/\\\/airobazar.com\\\/\",\"name\":\"AiroBazar\",\"description\":\"online sales\",\"potentialAction\":[{\"@type\":\"SearchAction\",\"target\":{\"@type\":\"EntryPoint\",\"urlTemplate\":\"https:\\\/\\\/airobazar.com\\\/?s={search_term_string}\"},\"query-input\":{\"@type\":\"PropertyValueSpecification\",\"valueRequired\":true,\"valueName\":\"search_term_string\"}}],\"inLanguage\":\"tr\"}]}<\/script>\n<!-- \/ Yoast SEO plugin. -->","yoast_head_json":{"title":"Organik vegan bar elma ve hurma sa\u011fl\u0131kl\u0131 at\u0131\u015ft\u0131rmal\u0131klar 12 adet \u0130lave \u015feker i\u00e7ermez - AiroBazar","robots":{"index":"index","follow":"follow","max-snippet":"max-snippet:-1","max-image-preview":"max-image-preview:large","max-video-preview":"max-video-preview:-1"},"canonical":"https:\/\/airobazar.com\/product\/organic-vegan-bar-apple-and-date-healthy-snacks-12-pieces-no-added-sugar\/","og_locale":"tr_TR","og_type":"article","og_title":"Organik vegan bar elma ve hurma sa\u011fl\u0131kl\u0131 at\u0131\u015ft\u0131rmal\u0131klar 12 adet \u0130lave \u015feker i\u00e7ermez - AiroBazar","og_description":"Bu lezzetli organik vegan at\u0131\u015ft\u0131rmal\u0131k barlarda, do\u011fal olarak tatl\u0131 elma ve hurman\u0131n m\u00fckemmel uyumunun tad\u0131n\u0131 \u00e7\u0131kar\u0131n. Her bar, ilave \u015feker,","og_url":"https:\/\/airobazar.com\/product\/organic-vegan-bar-apple-and-date-healthy-snacks-12-pieces-no-added-sugar\/","og_site_name":"AiroBazar","article_modified_time":"2025-09-04T09:13:50+00:00","og_image":[{"width":683,"height":1024,"url":"https:\/\/airobazar.com\/wp-content\/uploads\/2025\/09\/3215e416-e69c-484c-a0e8-4e285b5c47d0-683x1024.png","type":"image\/png"}],"twitter_card":"summary_large_image","twitter_misc":{"Tahmini okuma s\u00fcresi":"1 dakika"},"schema":{"@context":"https:\/\/schema.org","@graph":[{"@type":"WebPage","@id":"https:\/\/airobazar.com\/product\/organic-vegan-bar-apple-and-date-healthy-snacks-12-pieces-no-added-sugar\/","url":"https:\/\/airobazar.com\/product\/organic-vegan-bar-apple-and-date-healthy-snacks-12-pieces-no-added-sugar\/","name":"Organik vegan bar elma ve hurma sa\u011fl\u0131kl\u0131 at\u0131\u015ft\u0131rmal\u0131klar 12 adet \u0130lave \u015feker i\u00e7ermez - AiroBazar","isPartOf":{"@id":"https:\/\/airobazar.com\/#website"},"primaryImageOfPage":{"@id":"https:\/\/airobazar.com\/product\/organic-vegan-bar-apple-and-date-healthy-snacks-12-pieces-no-added-sugar\/#primaryimage"},"image":{"@id":"https:\/\/airobazar.com\/product\/organic-vegan-bar-apple-and-date-healthy-snacks-12-pieces-no-added-sugar\/#primaryimage"},"thumbnailUrl":"https:\/\/airobazar.com\/wp-content\/uploads\/2025\/09\/3215e416-e69c-484c-a0e8-4e285b5c47d0.png","datePublished":"2025-09-04T09:06:55+00:00","dateModified":"2025-09-04T09:13:50+00:00","breadcrumb":{"@id":"https:\/\/airobazar.com\/product\/organic-vegan-bar-apple-and-date-healthy-snacks-12-pieces-no-added-sugar\/#breadcrumb"},"inLanguage":"tr","potentialAction":[{"@type":"ReadAction","target":["https:\/\/airobazar.com\/product\/organic-vegan-bar-apple-and-date-healthy-snacks-12-pieces-no-added-sugar\/"]}]},{"@type":"ImageObject","inLanguage":"tr","@id":"https:\/\/airobazar.com\/product\/organic-vegan-bar-apple-and-date-healthy-snacks-12-pieces-no-added-sugar\/#primaryimage","url":"https:\/\/airobazar.com\/wp-content\/uploads\/2025\/09\/3215e416-e69c-484c-a0e8-4e285b5c47d0.png","contentUrl":"https:\/\/airobazar.com\/wp-content\/uploads\/2025\/09\/3215e416-e69c-484c-a0e8-4e285b5c47d0.png","width":1200,"height":1800},{"@type":"BreadcrumbList","@id":"https:\/\/airobazar.com\/product\/organic-vegan-bar-apple-and-date-healthy-snacks-12-pieces-no-added-sugar\/#breadcrumb","itemListElement":[{"@type":"ListItem","position":1,"name":"Home","item":"https:\/\/airobazar.com\/tr\/"},{"@type":"ListItem","position":2,"name":"Ma\u011faza","item":"https:\/\/airobazar.com\/tr\/magaza\/"},{"@type":"ListItem","position":3,"name":"Organik vegan bar elma ve hurma sa\u011fl\u0131kl\u0131 at\u0131\u015ft\u0131rmal\u0131klar 12 adet \u0130lave \u015feker i\u00e7ermez"}]},{"@type":"WebSite","@id":"https:\/\/airobazar.com\/#website","url":"https:\/\/airobazar.com\/","name":"AiroBazar","description":"online sales","potentialAction":[{"@type":"SearchAction","target":{"@type":"EntryPoint","urlTemplate":"https:\/\/airobazar.com\/?s={search_term_string}"},"query-input":{"@type":"PropertyValueSpecification","valueRequired":true,"valueName":"search_term_string"}}],"inLanguage":"tr"}]}},"_links":{"self":[{"href":"https:\/\/airobazar.com\/tr\/wp-json\/wp\/v2\/product\/6395","targetHints":{"allow":["GET"]}}],"collection":[{"href":"https:\/\/airobazar.com\/tr\/wp-json\/wp\/v2\/product"}],"about":[{"href":"https:\/\/airobazar.com\/tr\/wp-json\/wp\/v2\/types\/product"}],"replies":[{"embeddable":true,"href":"https:\/\/airobazar.com\/tr\/wp-json\/wp\/v2\/comments?post=6395"}],"version-history":[{"count":0,"href":"https:\/\/airobazar.com\/tr\/wp-json\/wp\/v2\/product\/6395\/revisions"}],"wp:featuredmedia":[{"embeddable":true,"href":"https:\/\/airobazar.com\/tr\/wp-json\/wp\/v2\/media\/6392"}],"wp:attachment":[{"href":"https:\/\/airobazar.com\/tr\/wp-json\/wp\/v2\/media?parent=6395"}],"wp:term":[{"taxonomy":"product_brand","embeddable":true,"href":"https:\/\/airobazar.com\/tr\/wp-json\/wp\/v2\/product_brand?post=6395"},{"taxonomy":"product_cat","embeddable":true,"href":"https:\/\/airobazar.com\/tr\/wp-json\/wp\/v2\/product_cat?post=6395"},{"taxonomy":"product_tag","embeddable":true,"href":"https:\/\/airobazar.com\/tr\/wp-json\/wp\/v2\/product_tag?post=6395"}],"curies":[{"name":"wp","href":"https:\/\/api.w.org\/{rel}","templated":true}]}}