{"id":6389,"date":"2025-09-04T08:51:58","date_gmt":"2025-09-04T08:51:58","guid":{"rendered":"https:\/\/airobazar.com\/?post_type=product&#038;p=6389"},"modified":"2025-09-04T08:59:05","modified_gmt":"2025-09-04T08:59:05","slug":"organik-vegan-erik-ve-hurma-barlari-saglikli-atistirmalik-paketi-12-parca-dogal-enerji-arttirici-glutensiz-ilave-seker-yok","status":"publish","type":"product","link":"https:\/\/airobazar.com\/tr\/urun\/organik-vegan-erik-ve-hurma-barlari-saglikli-atistirmalik-paketi-12-parca-dogal-enerji-arttirici-glutensiz-ilave-seker-yok\/","title":{"rendered":"Organik Vegan Erik ve Hurma Barlar\u0131 &#8211; Sa\u011fl\u0131kl\u0131 At\u0131\u015ft\u0131rmal\u0131k Paketi, 12 Par\u00e7a, Do\u011fal Enerji Artt\u0131r\u0131c\u0131, Glutensiz, \u0130lave \u015eeker Yok"},"content":{"rendered":"<p>Yo\u011fun ya\u015fam tarz\u0131n\u0131za kusursuz bir \u015fekilde uyum sa\u011flayan sa\u011fl\u0131kl\u0131 ve glutensiz bir at\u0131\u015ft\u0131rmal\u0131k se\u00e7ene\u011fi sunmak i\u00e7in \u00f6zenle haz\u0131rlanm\u0131\u015f Organik Vegan Erik ve Hurma Barlar\u0131m\u0131zla do\u011fal bir enerji art\u0131\u015f\u0131 ya\u015fay\u0131n. Her paket, hi\u00e7bir yapay katk\u0131 maddesi i\u00e7ermeyen, sa\u011fl\u0131kl\u0131 ve doyurucu bir at\u0131\u015ft\u0131rmal\u0131k i\u00e7in basit, organik malzemelerden yap\u0131lm\u0131\u015f 12 lezzetli bar i\u00e7erir. Bu barlar, besin a\u00e7\u0131s\u0131ndan zengin erik ve hurmay\u0131 bir araya getirerek, g\u00fcn boyunca enerjik ve odaklanm\u0131\u015f kalman\u0131z\u0131 sa\u011flamak i\u00e7in m\u00fckemmel bir tatl\u0131l\u0131k ve lif dengesi sunar. Hareket halindeyken at\u0131\u015ft\u0131rmal\u0131k veya \u00f6\u011flen aras\u0131 canland\u0131r\u0131c\u0131 bir at\u0131\u015ft\u0131rmal\u0131k i\u00e7in m\u00fckemmel olan bu barlar, gluten, s\u00fct \u00fcr\u00fcnleri ve rafine \u015feker i\u00e7ermez ve hem vegan hem de sa\u011fl\u0131k bilincine sahip beslenme bi\u00e7imlerine uygundur. Ta\u015f\u0131mas\u0131 ve payla\u015fmas\u0131 kolay, tek tek paketlenmi\u015f barlar\u0131n rahatl\u0131\u011f\u0131n\u0131n keyfini \u00e7\u0131kar\u0131n ve sa\u011fl\u0131k hedeflerinizi desteklemek i\u00e7in \u00f6zenle \u00fcretilmi\u015ftir. Bu do\u011fal, bitki bazl\u0131 barlar\u0131 rutininize ekleyin ve v\u00fccudunuzu besleyen ve aktif ya\u015fam tarz\u0131n\u0131z\u0131 destekleyen temiz ve ger\u00e7ek bir at\u0131\u015ft\u0131rmal\u0131\u011f\u0131n fark\u0131n\u0131 hissedin. G\u00fcvenilir kargo ve \u00f6zel ma\u011faza ekibimizin m\u00fc\u015fteri deste\u011fiyle do\u011fan\u0131n en iyisinin g\u00fcvenilir tad\u0131n\u0131 \u00e7\u0131karmak i\u00e7in hemen sipari\u015f verin.<\/p>\n","protected":false},"excerpt":{"rendered":"<p>Yo\u011fun ya\u015fam tarz\u0131n\u0131za kusursuz bir \u015fekilde uyum sa\u011flayan sa\u011fl\u0131kl\u0131 ve glutensiz bir at\u0131\u015ft\u0131rmal\u0131k se\u00e7ene\u011fi sunmak i\u00e7in \u00f6zenle haz\u0131rlanm\u0131\u015f Organik Vegan<\/p>\n","protected":false},"featured_media":6386,"comment_status":"open","ping_status":"closed","template":"","meta":[],"product_brand":[],"product_cat":[225,240],"product_tag":[],"class_list":{"0":"post-6389","1":"product","2":"type-product","3":"status-publish","4":"has-post-thumbnail","6":"product_cat-detox-ve-zayiflama-urunleri","7":"product_cat-tum-katagoriler","9":"first","10":"instock","11":"sale","12":"taxable","13":"shipping-taxable","14":"purchasable","15":"product-type-simple"},"yoast_head":"<!-- This site is optimized with the Yoast SEO plugin v27.4 - https:\/\/yoast.com\/product\/yoast-seo-wordpress\/ -->\n<title>Organik Vegan Erik ve Hurma Barlar\u0131 - Sa\u011fl\u0131kl\u0131 At\u0131\u015ft\u0131rmal\u0131k Paketi, 12 Par\u00e7a, Do\u011fal Enerji Artt\u0131r\u0131c\u0131, Glutensiz, \u0130lave \u015eeker Yok - AiroBazar<\/title>\n<meta name=\"robots\" content=\"index, follow, max-snippet:-1, max-image-preview:large, max-video-preview:-1\" \/>\n<link rel=\"canonical\" href=\"https:\/\/airobazar.com\/product\/organic-vegan-plum-date-bars-healthy-snack-pack-12-pieces-natural-energy-boost-gluten-free-no-added-sugar\/\" \/>\n<meta property=\"og:locale\" content=\"tr_TR\" \/>\n<meta property=\"og:type\" content=\"article\" \/>\n<meta property=\"og:title\" content=\"Organik Vegan Erik ve Hurma Barlar\u0131 - Sa\u011fl\u0131kl\u0131 At\u0131\u015ft\u0131rmal\u0131k Paketi, 12 Par\u00e7a, Do\u011fal Enerji Artt\u0131r\u0131c\u0131, Glutensiz, \u0130lave \u015eeker Yok - AiroBazar\" \/>\n<meta property=\"og:description\" content=\"Yo\u011fun ya\u015fam tarz\u0131n\u0131za kusursuz bir \u015fekilde uyum sa\u011flayan sa\u011fl\u0131kl\u0131 ve glutensiz bir at\u0131\u015ft\u0131rmal\u0131k se\u00e7ene\u011fi sunmak i\u00e7in \u00f6zenle haz\u0131rlanm\u0131\u015f Organik Vegan\" \/>\n<meta property=\"og:url\" content=\"https:\/\/airobazar.com\/product\/organic-vegan-plum-date-bars-healthy-snack-pack-12-pieces-natural-energy-boost-gluten-free-no-added-sugar\/\" \/>\n<meta property=\"og:site_name\" content=\"AiroBazar\" \/>\n<meta property=\"article:modified_time\" content=\"2025-09-04T08:59:05+00:00\" \/>\n<meta property=\"og:image\" content=\"https:\/\/airobazar.com\/wp-content\/uploads\/2025\/09\/4ff5baa9-5675-42a1-bca2-92ff7a551dac-683x1024.png\" \/>\n\t<meta property=\"og:image:width\" content=\"683\" \/>\n\t<meta property=\"og:image:height\" content=\"1024\" \/>\n\t<meta property=\"og:image:type\" content=\"image\/png\" \/>\n<meta name=\"twitter:card\" content=\"summary_large_image\" \/>\n<meta name=\"twitter:label1\" content=\"Tahmini okuma s\u00fcresi\" \/>\n\t<meta name=\"twitter:data1\" content=\"1 dakika\" \/>\n<script type=\"application\/ld+json\" class=\"yoast-schema-graph\">{\"@context\":\"https:\\\/\\\/schema.org\",\"@graph\":[{\"@type\":\"WebPage\",\"@id\":\"https:\\\/\\\/airobazar.com\\\/product\\\/organic-vegan-plum-date-bars-healthy-snack-pack-12-pieces-natural-energy-boost-gluten-free-no-added-sugar\\\/\",\"url\":\"https:\\\/\\\/airobazar.com\\\/product\\\/organic-vegan-plum-date-bars-healthy-snack-pack-12-pieces-natural-energy-boost-gluten-free-no-added-sugar\\\/\",\"name\":\"Organik Vegan Erik ve Hurma Barlar\u0131 - Sa\u011fl\u0131kl\u0131 At\u0131\u015ft\u0131rmal\u0131k Paketi, 12 Par\u00e7a, Do\u011fal Enerji Artt\u0131r\u0131c\u0131, Glutensiz, \u0130lave \u015eeker Yok - AiroBazar\",\"isPartOf\":{\"@id\":\"https:\\\/\\\/airobazar.com\\\/#website\"},\"primaryImageOfPage\":{\"@id\":\"https:\\\/\\\/airobazar.com\\\/product\\\/organic-vegan-plum-date-bars-healthy-snack-pack-12-pieces-natural-energy-boost-gluten-free-no-added-sugar\\\/#primaryimage\"},\"image\":{\"@id\":\"https:\\\/\\\/airobazar.com\\\/product\\\/organic-vegan-plum-date-bars-healthy-snack-pack-12-pieces-natural-energy-boost-gluten-free-no-added-sugar\\\/#primaryimage\"},\"thumbnailUrl\":\"https:\\\/\\\/airobazar.com\\\/wp-content\\\/uploads\\\/2025\\\/09\\\/4ff5baa9-5675-42a1-bca2-92ff7a551dac.png\",\"datePublished\":\"2025-09-04T08:51:58+00:00\",\"dateModified\":\"2025-09-04T08:59:05+00:00\",\"breadcrumb\":{\"@id\":\"https:\\\/\\\/airobazar.com\\\/product\\\/organic-vegan-plum-date-bars-healthy-snack-pack-12-pieces-natural-energy-boost-gluten-free-no-added-sugar\\\/#breadcrumb\"},\"inLanguage\":\"tr\",\"potentialAction\":[{\"@type\":\"ReadAction\",\"target\":[\"https:\\\/\\\/airobazar.com\\\/product\\\/organic-vegan-plum-date-bars-healthy-snack-pack-12-pieces-natural-energy-boost-gluten-free-no-added-sugar\\\/\"]}]},{\"@type\":\"ImageObject\",\"inLanguage\":\"tr\",\"@id\":\"https:\\\/\\\/airobazar.com\\\/product\\\/organic-vegan-plum-date-bars-healthy-snack-pack-12-pieces-natural-energy-boost-gluten-free-no-added-sugar\\\/#primaryimage\",\"url\":\"https:\\\/\\\/airobazar.com\\\/wp-content\\\/uploads\\\/2025\\\/09\\\/4ff5baa9-5675-42a1-bca2-92ff7a551dac.png\",\"contentUrl\":\"https:\\\/\\\/airobazar.com\\\/wp-content\\\/uploads\\\/2025\\\/09\\\/4ff5baa9-5675-42a1-bca2-92ff7a551dac.png\",\"width\":1200,\"height\":1800},{\"@type\":\"BreadcrumbList\",\"@id\":\"https:\\\/\\\/airobazar.com\\\/product\\\/organic-vegan-plum-date-bars-healthy-snack-pack-12-pieces-natural-energy-boost-gluten-free-no-added-sugar\\\/#breadcrumb\",\"itemListElement\":[{\"@type\":\"ListItem\",\"position\":1,\"name\":\"Home\",\"item\":\"https:\\\/\\\/airobazar.com\\\/tr\\\/\"},{\"@type\":\"ListItem\",\"position\":2,\"name\":\"Ma\u011faza\",\"item\":\"https:\\\/\\\/airobazar.com\\\/tr\\\/magaza\\\/\"},{\"@type\":\"ListItem\",\"position\":3,\"name\":\"Organik Vegan Erik ve Hurma Barlar\u0131 &#8211; Sa\u011fl\u0131kl\u0131 At\u0131\u015ft\u0131rmal\u0131k Paketi, 12 Par\u00e7a, Do\u011fal Enerji Artt\u0131r\u0131c\u0131, Glutensiz, \u0130lave \u015eeker Yok\"}]},{\"@type\":\"WebSite\",\"@id\":\"https:\\\/\\\/airobazar.com\\\/#website\",\"url\":\"https:\\\/\\\/airobazar.com\\\/\",\"name\":\"AiroBazar\",\"description\":\"online sales\",\"potentialAction\":[{\"@type\":\"SearchAction\",\"target\":{\"@type\":\"EntryPoint\",\"urlTemplate\":\"https:\\\/\\\/airobazar.com\\\/?s={search_term_string}\"},\"query-input\":{\"@type\":\"PropertyValueSpecification\",\"valueRequired\":true,\"valueName\":\"search_term_string\"}}],\"inLanguage\":\"tr\"}]}<\/script>\n<!-- \/ Yoast SEO plugin. -->","yoast_head_json":{"title":"Organik Vegan Erik ve Hurma Barlar\u0131 - Sa\u011fl\u0131kl\u0131 At\u0131\u015ft\u0131rmal\u0131k Paketi, 12 Par\u00e7a, Do\u011fal Enerji Artt\u0131r\u0131c\u0131, Glutensiz, \u0130lave \u015eeker Yok - AiroBazar","robots":{"index":"index","follow":"follow","max-snippet":"max-snippet:-1","max-image-preview":"max-image-preview:large","max-video-preview":"max-video-preview:-1"},"canonical":"https:\/\/airobazar.com\/product\/organic-vegan-plum-date-bars-healthy-snack-pack-12-pieces-natural-energy-boost-gluten-free-no-added-sugar\/","og_locale":"tr_TR","og_type":"article","og_title":"Organik Vegan Erik ve Hurma Barlar\u0131 - Sa\u011fl\u0131kl\u0131 At\u0131\u015ft\u0131rmal\u0131k Paketi, 12 Par\u00e7a, Do\u011fal Enerji Artt\u0131r\u0131c\u0131, Glutensiz, \u0130lave \u015eeker Yok - AiroBazar","og_description":"Yo\u011fun ya\u015fam tarz\u0131n\u0131za kusursuz bir \u015fekilde uyum sa\u011flayan sa\u011fl\u0131kl\u0131 ve glutensiz bir at\u0131\u015ft\u0131rmal\u0131k se\u00e7ene\u011fi sunmak i\u00e7in \u00f6zenle haz\u0131rlanm\u0131\u015f Organik Vegan","og_url":"https:\/\/airobazar.com\/product\/organic-vegan-plum-date-bars-healthy-snack-pack-12-pieces-natural-energy-boost-gluten-free-no-added-sugar\/","og_site_name":"AiroBazar","article_modified_time":"2025-09-04T08:59:05+00:00","og_image":[{"width":683,"height":1024,"url":"https:\/\/airobazar.com\/wp-content\/uploads\/2025\/09\/4ff5baa9-5675-42a1-bca2-92ff7a551dac-683x1024.png","type":"image\/png"}],"twitter_card":"summary_large_image","twitter_misc":{"Tahmini okuma s\u00fcresi":"1 dakika"},"schema":{"@context":"https:\/\/schema.org","@graph":[{"@type":"WebPage","@id":"https:\/\/airobazar.com\/product\/organic-vegan-plum-date-bars-healthy-snack-pack-12-pieces-natural-energy-boost-gluten-free-no-added-sugar\/","url":"https:\/\/airobazar.com\/product\/organic-vegan-plum-date-bars-healthy-snack-pack-12-pieces-natural-energy-boost-gluten-free-no-added-sugar\/","name":"Organik Vegan Erik ve Hurma Barlar\u0131 - Sa\u011fl\u0131kl\u0131 At\u0131\u015ft\u0131rmal\u0131k Paketi, 12 Par\u00e7a, Do\u011fal Enerji Artt\u0131r\u0131c\u0131, Glutensiz, \u0130lave \u015eeker Yok - AiroBazar","isPartOf":{"@id":"https:\/\/airobazar.com\/#website"},"primaryImageOfPage":{"@id":"https:\/\/airobazar.com\/product\/organic-vegan-plum-date-bars-healthy-snack-pack-12-pieces-natural-energy-boost-gluten-free-no-added-sugar\/#primaryimage"},"image":{"@id":"https:\/\/airobazar.com\/product\/organic-vegan-plum-date-bars-healthy-snack-pack-12-pieces-natural-energy-boost-gluten-free-no-added-sugar\/#primaryimage"},"thumbnailUrl":"https:\/\/airobazar.com\/wp-content\/uploads\/2025\/09\/4ff5baa9-5675-42a1-bca2-92ff7a551dac.png","datePublished":"2025-09-04T08:51:58+00:00","dateModified":"2025-09-04T08:59:05+00:00","breadcrumb":{"@id":"https:\/\/airobazar.com\/product\/organic-vegan-plum-date-bars-healthy-snack-pack-12-pieces-natural-energy-boost-gluten-free-no-added-sugar\/#breadcrumb"},"inLanguage":"tr","potentialAction":[{"@type":"ReadAction","target":["https:\/\/airobazar.com\/product\/organic-vegan-plum-date-bars-healthy-snack-pack-12-pieces-natural-energy-boost-gluten-free-no-added-sugar\/"]}]},{"@type":"ImageObject","inLanguage":"tr","@id":"https:\/\/airobazar.com\/product\/organic-vegan-plum-date-bars-healthy-snack-pack-12-pieces-natural-energy-boost-gluten-free-no-added-sugar\/#primaryimage","url":"https:\/\/airobazar.com\/wp-content\/uploads\/2025\/09\/4ff5baa9-5675-42a1-bca2-92ff7a551dac.png","contentUrl":"https:\/\/airobazar.com\/wp-content\/uploads\/2025\/09\/4ff5baa9-5675-42a1-bca2-92ff7a551dac.png","width":1200,"height":1800},{"@type":"BreadcrumbList","@id":"https:\/\/airobazar.com\/product\/organic-vegan-plum-date-bars-healthy-snack-pack-12-pieces-natural-energy-boost-gluten-free-no-added-sugar\/#breadcrumb","itemListElement":[{"@type":"ListItem","position":1,"name":"Home","item":"https:\/\/airobazar.com\/tr\/"},{"@type":"ListItem","position":2,"name":"Ma\u011faza","item":"https:\/\/airobazar.com\/tr\/magaza\/"},{"@type":"ListItem","position":3,"name":"Organik Vegan Erik ve Hurma Barlar\u0131 &#8211; Sa\u011fl\u0131kl\u0131 At\u0131\u015ft\u0131rmal\u0131k Paketi, 12 Par\u00e7a, Do\u011fal Enerji Artt\u0131r\u0131c\u0131, Glutensiz, \u0130lave \u015eeker Yok"}]},{"@type":"WebSite","@id":"https:\/\/airobazar.com\/#website","url":"https:\/\/airobazar.com\/","name":"AiroBazar","description":"online sales","potentialAction":[{"@type":"SearchAction","target":{"@type":"EntryPoint","urlTemplate":"https:\/\/airobazar.com\/?s={search_term_string}"},"query-input":{"@type":"PropertyValueSpecification","valueRequired":true,"valueName":"search_term_string"}}],"inLanguage":"tr"}]}},"_links":{"self":[{"href":"https:\/\/airobazar.com\/tr\/wp-json\/wp\/v2\/product\/6389","targetHints":{"allow":["GET"]}}],"collection":[{"href":"https:\/\/airobazar.com\/tr\/wp-json\/wp\/v2\/product"}],"about":[{"href":"https:\/\/airobazar.com\/tr\/wp-json\/wp\/v2\/types\/product"}],"replies":[{"embeddable":true,"href":"https:\/\/airobazar.com\/tr\/wp-json\/wp\/v2\/comments?post=6389"}],"version-history":[{"count":0,"href":"https:\/\/airobazar.com\/tr\/wp-json\/wp\/v2\/product\/6389\/revisions"}],"wp:featuredmedia":[{"embeddable":true,"href":"https:\/\/airobazar.com\/tr\/wp-json\/wp\/v2\/media\/6386"}],"wp:attachment":[{"href":"https:\/\/airobazar.com\/tr\/wp-json\/wp\/v2\/media?parent=6389"}],"wp:term":[{"taxonomy":"product_brand","embeddable":true,"href":"https:\/\/airobazar.com\/tr\/wp-json\/wp\/v2\/product_brand?post=6389"},{"taxonomy":"product_cat","embeddable":true,"href":"https:\/\/airobazar.com\/tr\/wp-json\/wp\/v2\/product_cat?post=6389"},{"taxonomy":"product_tag","embeddable":true,"href":"https:\/\/airobazar.com\/tr\/wp-json\/wp\/v2\/product_tag?post=6389"}],"curies":[{"name":"wp","href":"https:\/\/api.w.org\/{rel}","templated":true}]}}