{"id":6375,"date":"2025-09-04T06:40:36","date_gmt":"2025-09-04T06:40:36","guid":{"rendered":"https:\/\/airobazar.com\/?post_type=product&#038;p=6375"},"modified":"2025-09-04T06:43:01","modified_gmt":"2025-09-04T06:43:01","slug":"organik-vegan-badem-kayisi-hurmali-barlar-saglikli-atistirmalik-paketi-12-parca-glutensiz-ve-dogal-enerji-arttirici-ilave-seker-icermez","status":"publish","type":"product","link":"https:\/\/airobazar.com\/tr\/urun\/organik-vegan-badem-kayisi-hurmali-barlar-saglikli-atistirmalik-paketi-12-parca-glutensiz-ve-dogal-enerji-arttirici-ilave-seker-icermez\/","title":{"rendered":"Organik Vegan Badem Kay\u0131s\u0131 Hurmal\u0131 Barlar &#8211; Sa\u011fl\u0131kl\u0131 At\u0131\u015ft\u0131rmal\u0131k Paketi, 12 Par\u00e7a, Glutensiz ve Do\u011fal Enerji Artt\u0131r\u0131c\u0131, \u0130lave \u015feker i\u00e7ermez"},"content":{"rendered":"<p>Gluten veya yapay katk\u0131 maddeleri i\u00e7ermeyen, do\u011fal enerji sa\u011flamak \u00fczere tasarlanm\u0131\u015f Organik Vegan Badem Kay\u0131s\u0131 Hurmal\u0131 Barlar\u0131m\u0131zla sa\u011fl\u0131kl\u0131 bir enerji takviyesinin tad\u0131n\u0131 \u00e7\u0131kar\u0131n. Her paket, \u00f6zenle se\u00e7ilmi\u015f organik malzemelerden yap\u0131lm\u0131\u015f 12 bar i\u00e7erir ve aktif ya\u015fam tarz\u0131n\u0131z\u0131 destekleyen pratik ve sa\u011fl\u0131kl\u0131 bir at\u0131\u015ft\u0131rmal\u0131k sunar.<\/p>\n<p>Bu barlar, glutensiz ve vegan dostu bir tarifte s\u00fcrekli enerji ve temel besinleri sa\u011flamak i\u00e7in badem, kay\u0131s\u0131 ve hurma kar\u0131\u015f\u0131m\u0131 i\u00e7erir. Hareket halindeyken beslenmek veya \u00f6\u011flen canland\u0131r\u0131c\u0131 bir at\u0131\u015ft\u0131rmal\u0131k i\u00e7in m\u00fckemmel olan bu barlar, koruyucu maddeler ve rafine \u015feker i\u00e7ermez ve temiz beslenme ilkeleriyle uyumludur. Ger\u00e7ek meyve ve kuruyemi\u015flerin doyurucu \u00e7i\u011fnenebilirli\u011fini ve hafif tatl\u0131l\u0131\u011f\u0131n\u0131 deneyimleyerek her lokmay\u0131 hem besleyici hem de lezzetli hale getirin. Beslenme ihtiya\u00e7lar\u0131n\u0131za ve yo\u011fun program\u0131n\u0131za uygun, g\u00fcvenilir ve do\u011fal bir at\u0131\u015ft\u0131rmal\u0131k se\u00e7ene\u011finin tad\u0131n\u0131 \u00e7\u0131karmak i\u00e7in bug\u00fcn sipari\u015f verin.<\/p>\n","protected":false},"excerpt":{"rendered":"<p>Gluten veya yapay katk\u0131 maddeleri i\u00e7ermeyen, do\u011fal enerji sa\u011flamak \u00fczere tasarlanm\u0131\u015f Organik Vegan Badem Kay\u0131s\u0131 Hurmal\u0131 Barlar\u0131m\u0131zla sa\u011fl\u0131kl\u0131 bir enerji<\/p>\n","protected":false},"featured_media":6372,"comment_status":"open","ping_status":"closed","template":"","meta":[],"product_brand":[],"product_cat":[225,240],"product_tag":[],"class_list":{"0":"post-6375","1":"product","2":"type-product","3":"status-publish","4":"has-post-thumbnail","6":"product_cat-detox-ve-zayiflama-urunleri","7":"product_cat-tum-katagoriler","9":"first","10":"instock","11":"sale","12":"taxable","13":"shipping-taxable","14":"purchasable","15":"product-type-simple"},"yoast_head":"<!-- This site is optimized with the Yoast SEO plugin v27.4 - https:\/\/yoast.com\/product\/yoast-seo-wordpress\/ -->\n<title>Organik Vegan Badem Kay\u0131s\u0131 Hurmal\u0131 Barlar - Sa\u011fl\u0131kl\u0131 At\u0131\u015ft\u0131rmal\u0131k Paketi, 12 Par\u00e7a, Glutensiz ve Do\u011fal Enerji Artt\u0131r\u0131c\u0131, \u0130lave \u015feker i\u00e7ermez - AiroBazar<\/title>\n<meta name=\"robots\" content=\"index, follow, max-snippet:-1, max-image-preview:large, max-video-preview:-1\" \/>\n<link rel=\"canonical\" href=\"https:\/\/airobazar.com\/product\/organic-vegan-almond-apricot-date-bars-healthy-snack-pack-12-pieces-gluten-free-natural-energy-boost-no-added-sugar\/\" \/>\n<meta property=\"og:locale\" content=\"tr_TR\" \/>\n<meta property=\"og:type\" content=\"article\" \/>\n<meta property=\"og:title\" content=\"Organik Vegan Badem Kay\u0131s\u0131 Hurmal\u0131 Barlar - Sa\u011fl\u0131kl\u0131 At\u0131\u015ft\u0131rmal\u0131k Paketi, 12 Par\u00e7a, Glutensiz ve Do\u011fal Enerji Artt\u0131r\u0131c\u0131, \u0130lave \u015feker i\u00e7ermez - AiroBazar\" \/>\n<meta property=\"og:description\" content=\"Gluten veya yapay katk\u0131 maddeleri i\u00e7ermeyen, do\u011fal enerji sa\u011flamak \u00fczere tasarlanm\u0131\u015f Organik Vegan Badem Kay\u0131s\u0131 Hurmal\u0131 Barlar\u0131m\u0131zla sa\u011fl\u0131kl\u0131 bir enerji\" \/>\n<meta property=\"og:url\" content=\"https:\/\/airobazar.com\/product\/organic-vegan-almond-apricot-date-bars-healthy-snack-pack-12-pieces-gluten-free-natural-energy-boost-no-added-sugar\/\" \/>\n<meta property=\"og:site_name\" content=\"AiroBazar\" \/>\n<meta property=\"article:modified_time\" content=\"2025-09-04T06:43:01+00:00\" \/>\n<meta property=\"og:image\" content=\"https:\/\/airobazar.com\/wp-content\/uploads\/2025\/09\/05ffdc15-4fc5-498e-9870-ec5241e3ba88-683x1024.png\" \/>\n\t<meta property=\"og:image:width\" content=\"683\" \/>\n\t<meta property=\"og:image:height\" content=\"1024\" \/>\n\t<meta property=\"og:image:type\" content=\"image\/png\" \/>\n<meta name=\"twitter:card\" content=\"summary_large_image\" \/>\n<meta name=\"twitter:label1\" content=\"Tahmini okuma s\u00fcresi\" \/>\n\t<meta name=\"twitter:data1\" content=\"1 dakika\" \/>\n<script type=\"application\/ld+json\" class=\"yoast-schema-graph\">{\"@context\":\"https:\\\/\\\/schema.org\",\"@graph\":[{\"@type\":\"WebPage\",\"@id\":\"https:\\\/\\\/airobazar.com\\\/product\\\/organic-vegan-almond-apricot-date-bars-healthy-snack-pack-12-pieces-gluten-free-natural-energy-boost-no-added-sugar\\\/\",\"url\":\"https:\\\/\\\/airobazar.com\\\/product\\\/organic-vegan-almond-apricot-date-bars-healthy-snack-pack-12-pieces-gluten-free-natural-energy-boost-no-added-sugar\\\/\",\"name\":\"Organik Vegan Badem Kay\u0131s\u0131 Hurmal\u0131 Barlar - Sa\u011fl\u0131kl\u0131 At\u0131\u015ft\u0131rmal\u0131k Paketi, 12 Par\u00e7a, Glutensiz ve Do\u011fal Enerji Artt\u0131r\u0131c\u0131, \u0130lave \u015feker i\u00e7ermez - AiroBazar\",\"isPartOf\":{\"@id\":\"https:\\\/\\\/airobazar.com\\\/#website\"},\"primaryImageOfPage\":{\"@id\":\"https:\\\/\\\/airobazar.com\\\/product\\\/organic-vegan-almond-apricot-date-bars-healthy-snack-pack-12-pieces-gluten-free-natural-energy-boost-no-added-sugar\\\/#primaryimage\"},\"image\":{\"@id\":\"https:\\\/\\\/airobazar.com\\\/product\\\/organic-vegan-almond-apricot-date-bars-healthy-snack-pack-12-pieces-gluten-free-natural-energy-boost-no-added-sugar\\\/#primaryimage\"},\"thumbnailUrl\":\"https:\\\/\\\/airobazar.com\\\/wp-content\\\/uploads\\\/2025\\\/09\\\/05ffdc15-4fc5-498e-9870-ec5241e3ba88.png\",\"datePublished\":\"2025-09-04T06:40:36+00:00\",\"dateModified\":\"2025-09-04T06:43:01+00:00\",\"breadcrumb\":{\"@id\":\"https:\\\/\\\/airobazar.com\\\/product\\\/organic-vegan-almond-apricot-date-bars-healthy-snack-pack-12-pieces-gluten-free-natural-energy-boost-no-added-sugar\\\/#breadcrumb\"},\"inLanguage\":\"tr\",\"potentialAction\":[{\"@type\":\"ReadAction\",\"target\":[\"https:\\\/\\\/airobazar.com\\\/product\\\/organic-vegan-almond-apricot-date-bars-healthy-snack-pack-12-pieces-gluten-free-natural-energy-boost-no-added-sugar\\\/\"]}]},{\"@type\":\"ImageObject\",\"inLanguage\":\"tr\",\"@id\":\"https:\\\/\\\/airobazar.com\\\/product\\\/organic-vegan-almond-apricot-date-bars-healthy-snack-pack-12-pieces-gluten-free-natural-energy-boost-no-added-sugar\\\/#primaryimage\",\"url\":\"https:\\\/\\\/airobazar.com\\\/wp-content\\\/uploads\\\/2025\\\/09\\\/05ffdc15-4fc5-498e-9870-ec5241e3ba88.png\",\"contentUrl\":\"https:\\\/\\\/airobazar.com\\\/wp-content\\\/uploads\\\/2025\\\/09\\\/05ffdc15-4fc5-498e-9870-ec5241e3ba88.png\",\"width\":1200,\"height\":1800},{\"@type\":\"BreadcrumbList\",\"@id\":\"https:\\\/\\\/airobazar.com\\\/product\\\/organic-vegan-almond-apricot-date-bars-healthy-snack-pack-12-pieces-gluten-free-natural-energy-boost-no-added-sugar\\\/#breadcrumb\",\"itemListElement\":[{\"@type\":\"ListItem\",\"position\":1,\"name\":\"Home\",\"item\":\"https:\\\/\\\/airobazar.com\\\/tr\\\/\"},{\"@type\":\"ListItem\",\"position\":2,\"name\":\"Ma\u011faza\",\"item\":\"https:\\\/\\\/airobazar.com\\\/tr\\\/magaza\\\/\"},{\"@type\":\"ListItem\",\"position\":3,\"name\":\"Organik Vegan Badem Kay\u0131s\u0131 Hurmal\u0131 Barlar &#8211; Sa\u011fl\u0131kl\u0131 At\u0131\u015ft\u0131rmal\u0131k Paketi, 12 Par\u00e7a, Glutensiz ve Do\u011fal Enerji Artt\u0131r\u0131c\u0131, \u0130lave \u015feker i\u00e7ermez\"}]},{\"@type\":\"WebSite\",\"@id\":\"https:\\\/\\\/airobazar.com\\\/#website\",\"url\":\"https:\\\/\\\/airobazar.com\\\/\",\"name\":\"AiroBazar\",\"description\":\"online sales\",\"potentialAction\":[{\"@type\":\"SearchAction\",\"target\":{\"@type\":\"EntryPoint\",\"urlTemplate\":\"https:\\\/\\\/airobazar.com\\\/?s={search_term_string}\"},\"query-input\":{\"@type\":\"PropertyValueSpecification\",\"valueRequired\":true,\"valueName\":\"search_term_string\"}}],\"inLanguage\":\"tr\"}]}<\/script>\n<!-- \/ Yoast SEO plugin. -->","yoast_head_json":{"title":"Organik Vegan Badem Kay\u0131s\u0131 Hurmal\u0131 Barlar - Sa\u011fl\u0131kl\u0131 At\u0131\u015ft\u0131rmal\u0131k Paketi, 12 Par\u00e7a, Glutensiz ve Do\u011fal Enerji Artt\u0131r\u0131c\u0131, \u0130lave \u015feker i\u00e7ermez - AiroBazar","robots":{"index":"index","follow":"follow","max-snippet":"max-snippet:-1","max-image-preview":"max-image-preview:large","max-video-preview":"max-video-preview:-1"},"canonical":"https:\/\/airobazar.com\/product\/organic-vegan-almond-apricot-date-bars-healthy-snack-pack-12-pieces-gluten-free-natural-energy-boost-no-added-sugar\/","og_locale":"tr_TR","og_type":"article","og_title":"Organik Vegan Badem Kay\u0131s\u0131 Hurmal\u0131 Barlar - Sa\u011fl\u0131kl\u0131 At\u0131\u015ft\u0131rmal\u0131k Paketi, 12 Par\u00e7a, Glutensiz ve Do\u011fal Enerji Artt\u0131r\u0131c\u0131, \u0130lave \u015feker i\u00e7ermez - AiroBazar","og_description":"Gluten veya yapay katk\u0131 maddeleri i\u00e7ermeyen, do\u011fal enerji sa\u011flamak \u00fczere tasarlanm\u0131\u015f Organik Vegan Badem Kay\u0131s\u0131 Hurmal\u0131 Barlar\u0131m\u0131zla sa\u011fl\u0131kl\u0131 bir enerji","og_url":"https:\/\/airobazar.com\/product\/organic-vegan-almond-apricot-date-bars-healthy-snack-pack-12-pieces-gluten-free-natural-energy-boost-no-added-sugar\/","og_site_name":"AiroBazar","article_modified_time":"2025-09-04T06:43:01+00:00","og_image":[{"width":683,"height":1024,"url":"https:\/\/airobazar.com\/wp-content\/uploads\/2025\/09\/05ffdc15-4fc5-498e-9870-ec5241e3ba88-683x1024.png","type":"image\/png"}],"twitter_card":"summary_large_image","twitter_misc":{"Tahmini okuma s\u00fcresi":"1 dakika"},"schema":{"@context":"https:\/\/schema.org","@graph":[{"@type":"WebPage","@id":"https:\/\/airobazar.com\/product\/organic-vegan-almond-apricot-date-bars-healthy-snack-pack-12-pieces-gluten-free-natural-energy-boost-no-added-sugar\/","url":"https:\/\/airobazar.com\/product\/organic-vegan-almond-apricot-date-bars-healthy-snack-pack-12-pieces-gluten-free-natural-energy-boost-no-added-sugar\/","name":"Organik Vegan Badem Kay\u0131s\u0131 Hurmal\u0131 Barlar - Sa\u011fl\u0131kl\u0131 At\u0131\u015ft\u0131rmal\u0131k Paketi, 12 Par\u00e7a, Glutensiz ve Do\u011fal Enerji Artt\u0131r\u0131c\u0131, \u0130lave \u015feker i\u00e7ermez - AiroBazar","isPartOf":{"@id":"https:\/\/airobazar.com\/#website"},"primaryImageOfPage":{"@id":"https:\/\/airobazar.com\/product\/organic-vegan-almond-apricot-date-bars-healthy-snack-pack-12-pieces-gluten-free-natural-energy-boost-no-added-sugar\/#primaryimage"},"image":{"@id":"https:\/\/airobazar.com\/product\/organic-vegan-almond-apricot-date-bars-healthy-snack-pack-12-pieces-gluten-free-natural-energy-boost-no-added-sugar\/#primaryimage"},"thumbnailUrl":"https:\/\/airobazar.com\/wp-content\/uploads\/2025\/09\/05ffdc15-4fc5-498e-9870-ec5241e3ba88.png","datePublished":"2025-09-04T06:40:36+00:00","dateModified":"2025-09-04T06:43:01+00:00","breadcrumb":{"@id":"https:\/\/airobazar.com\/product\/organic-vegan-almond-apricot-date-bars-healthy-snack-pack-12-pieces-gluten-free-natural-energy-boost-no-added-sugar\/#breadcrumb"},"inLanguage":"tr","potentialAction":[{"@type":"ReadAction","target":["https:\/\/airobazar.com\/product\/organic-vegan-almond-apricot-date-bars-healthy-snack-pack-12-pieces-gluten-free-natural-energy-boost-no-added-sugar\/"]}]},{"@type":"ImageObject","inLanguage":"tr","@id":"https:\/\/airobazar.com\/product\/organic-vegan-almond-apricot-date-bars-healthy-snack-pack-12-pieces-gluten-free-natural-energy-boost-no-added-sugar\/#primaryimage","url":"https:\/\/airobazar.com\/wp-content\/uploads\/2025\/09\/05ffdc15-4fc5-498e-9870-ec5241e3ba88.png","contentUrl":"https:\/\/airobazar.com\/wp-content\/uploads\/2025\/09\/05ffdc15-4fc5-498e-9870-ec5241e3ba88.png","width":1200,"height":1800},{"@type":"BreadcrumbList","@id":"https:\/\/airobazar.com\/product\/organic-vegan-almond-apricot-date-bars-healthy-snack-pack-12-pieces-gluten-free-natural-energy-boost-no-added-sugar\/#breadcrumb","itemListElement":[{"@type":"ListItem","position":1,"name":"Home","item":"https:\/\/airobazar.com\/tr\/"},{"@type":"ListItem","position":2,"name":"Ma\u011faza","item":"https:\/\/airobazar.com\/tr\/magaza\/"},{"@type":"ListItem","position":3,"name":"Organik Vegan Badem Kay\u0131s\u0131 Hurmal\u0131 Barlar &#8211; Sa\u011fl\u0131kl\u0131 At\u0131\u015ft\u0131rmal\u0131k Paketi, 12 Par\u00e7a, Glutensiz ve Do\u011fal Enerji Artt\u0131r\u0131c\u0131, \u0130lave \u015feker i\u00e7ermez"}]},{"@type":"WebSite","@id":"https:\/\/airobazar.com\/#website","url":"https:\/\/airobazar.com\/","name":"AiroBazar","description":"online sales","potentialAction":[{"@type":"SearchAction","target":{"@type":"EntryPoint","urlTemplate":"https:\/\/airobazar.com\/?s={search_term_string}"},"query-input":{"@type":"PropertyValueSpecification","valueRequired":true,"valueName":"search_term_string"}}],"inLanguage":"tr"}]}},"_links":{"self":[{"href":"https:\/\/airobazar.com\/tr\/wp-json\/wp\/v2\/product\/6375","targetHints":{"allow":["GET"]}}],"collection":[{"href":"https:\/\/airobazar.com\/tr\/wp-json\/wp\/v2\/product"}],"about":[{"href":"https:\/\/airobazar.com\/tr\/wp-json\/wp\/v2\/types\/product"}],"replies":[{"embeddable":true,"href":"https:\/\/airobazar.com\/tr\/wp-json\/wp\/v2\/comments?post=6375"}],"version-history":[{"count":0,"href":"https:\/\/airobazar.com\/tr\/wp-json\/wp\/v2\/product\/6375\/revisions"}],"wp:featuredmedia":[{"embeddable":true,"href":"https:\/\/airobazar.com\/tr\/wp-json\/wp\/v2\/media\/6372"}],"wp:attachment":[{"href":"https:\/\/airobazar.com\/tr\/wp-json\/wp\/v2\/media?parent=6375"}],"wp:term":[{"taxonomy":"product_brand","embeddable":true,"href":"https:\/\/airobazar.com\/tr\/wp-json\/wp\/v2\/product_brand?post=6375"},{"taxonomy":"product_cat","embeddable":true,"href":"https:\/\/airobazar.com\/tr\/wp-json\/wp\/v2\/product_cat?post=6375"},{"taxonomy":"product_tag","embeddable":true,"href":"https:\/\/airobazar.com\/tr\/wp-json\/wp\/v2\/product_tag?post=6375"}],"curies":[{"name":"wp","href":"https:\/\/api.w.org\/{rel}","templated":true}]}}