{"id":6185,"date":"2025-09-03T06:34:06","date_gmt":"2025-09-03T06:34:06","guid":{"rendered":"https:\/\/airobazar.com\/?post_type=product&#038;p=6185"},"modified":"2025-12-09T13:34:17","modified_gmt":"2025-12-09T13:34:17","slug":"geleneksel-kahve-pisirme-ocagi-kahve-demleme-makinesi-buyuk-boy-istege-bagli-yazi-motifi-yapilabilir-2-adet-sutlu-cikolatali-kahve-hediyedir-2","status":"publish","type":"product","link":"https:\/\/airobazar.com\/tr\/urun\/geleneksel-kahve-pisirme-ocagi-kahve-demleme-makinesi-buyuk-boy-istege-bagli-yazi-motifi-yapilabilir-2-adet-sutlu-cikolatali-kahve-hediyedir-2\/","title":{"rendered":"Geleneksel Kahve Pi\u015firme Oca\u011f\u0131 Kahve demleme makinesi b\u00fcy\u00fck boy iste\u011fe ba\u011fl\u0131 yaz\u0131 motifi yap\u0131labilir 2 adet s\u00fctl\u00fc \u00e7ikolatal\u0131 kahve hediyedir"},"content":{"rendered":"<p>Ger\u00e7ek i\u015f\u00e7ili\u011fi ve kumda demlenmi\u015f kahvenin otantik tad\u0131n\u0131 takdir edenler i\u00e7in tasarlanm\u0131\u015f b\u00fcy\u00fck Geleneksel Kum Kahvesi Pi\u015firme Oca\u011f\u0131m\u0131zla zengin kahve demleme gelene\u011fini deneyimleyin. Makinenizi iste\u011fe ba\u011fl\u0131 yaz\u0131lar ve motiflerle ki\u015fiselle\u015ftirerek benzersiz bir hale getirin ve kahve rit\u00fcelinizi bir \u00fcst seviyeye ta\u015f\u0131y\u0131n. Zaman\u0131n eskitemedi\u011fi y\u00f6ntemlerle haz\u0131rlanan s\u0131cakl\u0131\u011f\u0131n ve lezzetin tad\u0131n\u0131 \u00e7\u0131karmak i\u00e7in hemen sipari\u015f verin!<br \/>\nElektrikle \u00e7al\u0131\u015f\u0131r (l\u00fctfen 110\/220V i\u00e7in belirtin)<br \/>\n2 s\u00fctl\u00fc \u00e7ikolatal\u0131 kahve hediyedir.<\/p>\n<p data-pm-slice=\"1 1 []\">Cezveler sete dahil de\u011fildir.<\/p>\n","protected":false},"excerpt":{"rendered":"<p>Ger\u00e7ek i\u015f\u00e7ili\u011fi ve kumda demlenmi\u015f kahvenin otantik tad\u0131n\u0131 takdir edenler i\u00e7in tasarlanm\u0131\u015f b\u00fcy\u00fck Geleneksel Kum Kahvesi Pi\u015firme Oca\u011f\u0131m\u0131zla zengin kahve<\/p>\n","protected":false},"featured_media":6180,"comment_status":"open","ping_status":"closed","template":"","meta":[],"product_brand":[],"product_cat":[210,240],"product_tag":[],"class_list":{"0":"post-6185","1":"product","2":"type-product","3":"status-publish","4":"has-post-thumbnail","6":"product_cat-kahve_pisirme_makinalari","7":"product_cat-tum-katagoriler","9":"first","10":"instock","11":"sale","12":"taxable","13":"shipping-taxable","14":"purchasable","15":"product-type-simple"},"yoast_head":"<!-- This site is optimized with the Yoast SEO plugin v27.4 - https:\/\/yoast.com\/product\/yoast-seo-wordpress\/ -->\n<title>Geleneksel Kahve Pi\u015firme Oca\u011f\u0131 Kahve demleme makinesi b\u00fcy\u00fck boy iste\u011fe ba\u011fl\u0131 yaz\u0131 motifi yap\u0131labilir 2 adet s\u00fctl\u00fc \u00e7ikolatal\u0131 kahve hediyedir - AiroBazar<\/title>\n<meta name=\"robots\" content=\"index, follow, max-snippet:-1, max-image-preview:large, max-video-preview:-1\" \/>\n<link rel=\"canonical\" href=\"https:\/\/airobazar.com\/product\/traditional-coffee-cooking-stove-coffee-brewing-machine-large-size-optional-writing-motif-can-be-made-2-milk-chocolate-coffees-are-a-gift-2\/\" \/>\n<meta property=\"og:locale\" content=\"tr_TR\" \/>\n<meta property=\"og:type\" content=\"article\" \/>\n<meta property=\"og:title\" content=\"Geleneksel Kahve Pi\u015firme Oca\u011f\u0131 Kahve demleme makinesi b\u00fcy\u00fck boy iste\u011fe ba\u011fl\u0131 yaz\u0131 motifi yap\u0131labilir 2 adet s\u00fctl\u00fc \u00e7ikolatal\u0131 kahve hediyedir - AiroBazar\" \/>\n<meta property=\"og:description\" content=\"Ger\u00e7ek i\u015f\u00e7ili\u011fi ve kumda demlenmi\u015f kahvenin otantik tad\u0131n\u0131 takdir edenler i\u00e7in tasarlanm\u0131\u015f b\u00fcy\u00fck Geleneksel Kum Kahvesi Pi\u015firme Oca\u011f\u0131m\u0131zla zengin kahve\" \/>\n<meta property=\"og:url\" content=\"https:\/\/airobazar.com\/product\/traditional-coffee-cooking-stove-coffee-brewing-machine-large-size-optional-writing-motif-can-be-made-2-milk-chocolate-coffees-are-a-gift-2\/\" \/>\n<meta property=\"og:site_name\" content=\"AiroBazar\" \/>\n<meta property=\"article:modified_time\" content=\"2025-12-09T13:34:17+00:00\" \/>\n<meta property=\"og:image\" content=\"https:\/\/airobazar.com\/wp-content\/uploads\/2025\/09\/3.png\" \/>\n\t<meta property=\"og:image:width\" content=\"1080\" \/>\n\t<meta property=\"og:image:height\" content=\"1080\" \/>\n\t<meta property=\"og:image:type\" content=\"image\/png\" \/>\n<meta name=\"twitter:card\" content=\"summary_large_image\" \/>\n<meta name=\"twitter:label1\" content=\"Tahmini okuma s\u00fcresi\" \/>\n\t<meta name=\"twitter:data1\" content=\"1 dakika\" \/>\n<script type=\"application\/ld+json\" class=\"yoast-schema-graph\">{\"@context\":\"https:\\\/\\\/schema.org\",\"@graph\":[{\"@type\":\"WebPage\",\"@id\":\"https:\\\/\\\/airobazar.com\\\/product\\\/traditional-coffee-cooking-stove-coffee-brewing-machine-large-size-optional-writing-motif-can-be-made-2-milk-chocolate-coffees-are-a-gift-2\\\/\",\"url\":\"https:\\\/\\\/airobazar.com\\\/product\\\/traditional-coffee-cooking-stove-coffee-brewing-machine-large-size-optional-writing-motif-can-be-made-2-milk-chocolate-coffees-are-a-gift-2\\\/\",\"name\":\"Geleneksel Kahve Pi\u015firme Oca\u011f\u0131 Kahve demleme makinesi b\u00fcy\u00fck boy iste\u011fe ba\u011fl\u0131 yaz\u0131 motifi yap\u0131labilir 2 adet s\u00fctl\u00fc \u00e7ikolatal\u0131 kahve hediyedir - AiroBazar\",\"isPartOf\":{\"@id\":\"https:\\\/\\\/airobazar.com\\\/#website\"},\"primaryImageOfPage\":{\"@id\":\"https:\\\/\\\/airobazar.com\\\/product\\\/traditional-coffee-cooking-stove-coffee-brewing-machine-large-size-optional-writing-motif-can-be-made-2-milk-chocolate-coffees-are-a-gift-2\\\/#primaryimage\"},\"image\":{\"@id\":\"https:\\\/\\\/airobazar.com\\\/product\\\/traditional-coffee-cooking-stove-coffee-brewing-machine-large-size-optional-writing-motif-can-be-made-2-milk-chocolate-coffees-are-a-gift-2\\\/#primaryimage\"},\"thumbnailUrl\":\"https:\\\/\\\/airobazar.com\\\/wp-content\\\/uploads\\\/2025\\\/09\\\/3.png\",\"datePublished\":\"2025-09-03T06:34:06+00:00\",\"dateModified\":\"2025-12-09T13:34:17+00:00\",\"breadcrumb\":{\"@id\":\"https:\\\/\\\/airobazar.com\\\/product\\\/traditional-coffee-cooking-stove-coffee-brewing-machine-large-size-optional-writing-motif-can-be-made-2-milk-chocolate-coffees-are-a-gift-2\\\/#breadcrumb\"},\"inLanguage\":\"tr\",\"potentialAction\":[{\"@type\":\"ReadAction\",\"target\":[\"https:\\\/\\\/airobazar.com\\\/product\\\/traditional-coffee-cooking-stove-coffee-brewing-machine-large-size-optional-writing-motif-can-be-made-2-milk-chocolate-coffees-are-a-gift-2\\\/\"]}]},{\"@type\":\"ImageObject\",\"inLanguage\":\"tr\",\"@id\":\"https:\\\/\\\/airobazar.com\\\/product\\\/traditional-coffee-cooking-stove-coffee-brewing-machine-large-size-optional-writing-motif-can-be-made-2-milk-chocolate-coffees-are-a-gift-2\\\/#primaryimage\",\"url\":\"https:\\\/\\\/airobazar.com\\\/wp-content\\\/uploads\\\/2025\\\/09\\\/3.png\",\"contentUrl\":\"https:\\\/\\\/airobazar.com\\\/wp-content\\\/uploads\\\/2025\\\/09\\\/3.png\",\"width\":1080,\"height\":1080},{\"@type\":\"BreadcrumbList\",\"@id\":\"https:\\\/\\\/airobazar.com\\\/product\\\/traditional-coffee-cooking-stove-coffee-brewing-machine-large-size-optional-writing-motif-can-be-made-2-milk-chocolate-coffees-are-a-gift-2\\\/#breadcrumb\",\"itemListElement\":[{\"@type\":\"ListItem\",\"position\":1,\"name\":\"Home\",\"item\":\"https:\\\/\\\/airobazar.com\\\/tr\\\/\"},{\"@type\":\"ListItem\",\"position\":2,\"name\":\"Ma\u011faza\",\"item\":\"https:\\\/\\\/airobazar.com\\\/tr\\\/magaza\\\/\"},{\"@type\":\"ListItem\",\"position\":3,\"name\":\"Geleneksel Kahve Pi\u015firme Oca\u011f\u0131 Kahve demleme makinesi b\u00fcy\u00fck boy iste\u011fe ba\u011fl\u0131 yaz\u0131 motifi yap\u0131labilir 2 adet s\u00fctl\u00fc \u00e7ikolatal\u0131 kahve hediyedir\"}]},{\"@type\":\"WebSite\",\"@id\":\"https:\\\/\\\/airobazar.com\\\/#website\",\"url\":\"https:\\\/\\\/airobazar.com\\\/\",\"name\":\"AiroBazar\",\"description\":\"online sales\",\"potentialAction\":[{\"@type\":\"SearchAction\",\"target\":{\"@type\":\"EntryPoint\",\"urlTemplate\":\"https:\\\/\\\/airobazar.com\\\/?s={search_term_string}\"},\"query-input\":{\"@type\":\"PropertyValueSpecification\",\"valueRequired\":true,\"valueName\":\"search_term_string\"}}],\"inLanguage\":\"tr\"}]}<\/script>\n<!-- \/ Yoast SEO plugin. -->","yoast_head_json":{"title":"Geleneksel Kahve Pi\u015firme Oca\u011f\u0131 Kahve demleme makinesi b\u00fcy\u00fck boy iste\u011fe ba\u011fl\u0131 yaz\u0131 motifi yap\u0131labilir 2 adet s\u00fctl\u00fc \u00e7ikolatal\u0131 kahve hediyedir - AiroBazar","robots":{"index":"index","follow":"follow","max-snippet":"max-snippet:-1","max-image-preview":"max-image-preview:large","max-video-preview":"max-video-preview:-1"},"canonical":"https:\/\/airobazar.com\/product\/traditional-coffee-cooking-stove-coffee-brewing-machine-large-size-optional-writing-motif-can-be-made-2-milk-chocolate-coffees-are-a-gift-2\/","og_locale":"tr_TR","og_type":"article","og_title":"Geleneksel Kahve Pi\u015firme Oca\u011f\u0131 Kahve demleme makinesi b\u00fcy\u00fck boy iste\u011fe ba\u011fl\u0131 yaz\u0131 motifi yap\u0131labilir 2 adet s\u00fctl\u00fc \u00e7ikolatal\u0131 kahve hediyedir - AiroBazar","og_description":"Ger\u00e7ek i\u015f\u00e7ili\u011fi ve kumda demlenmi\u015f kahvenin otantik tad\u0131n\u0131 takdir edenler i\u00e7in tasarlanm\u0131\u015f b\u00fcy\u00fck Geleneksel Kum Kahvesi Pi\u015firme Oca\u011f\u0131m\u0131zla zengin kahve","og_url":"https:\/\/airobazar.com\/product\/traditional-coffee-cooking-stove-coffee-brewing-machine-large-size-optional-writing-motif-can-be-made-2-milk-chocolate-coffees-are-a-gift-2\/","og_site_name":"AiroBazar","article_modified_time":"2025-12-09T13:34:17+00:00","og_image":[{"width":1080,"height":1080,"url":"https:\/\/airobazar.com\/wp-content\/uploads\/2025\/09\/3.png","type":"image\/png"}],"twitter_card":"summary_large_image","twitter_misc":{"Tahmini okuma s\u00fcresi":"1 dakika"},"schema":{"@context":"https:\/\/schema.org","@graph":[{"@type":"WebPage","@id":"https:\/\/airobazar.com\/product\/traditional-coffee-cooking-stove-coffee-brewing-machine-large-size-optional-writing-motif-can-be-made-2-milk-chocolate-coffees-are-a-gift-2\/","url":"https:\/\/airobazar.com\/product\/traditional-coffee-cooking-stove-coffee-brewing-machine-large-size-optional-writing-motif-can-be-made-2-milk-chocolate-coffees-are-a-gift-2\/","name":"Geleneksel Kahve Pi\u015firme Oca\u011f\u0131 Kahve demleme makinesi b\u00fcy\u00fck boy iste\u011fe ba\u011fl\u0131 yaz\u0131 motifi yap\u0131labilir 2 adet s\u00fctl\u00fc \u00e7ikolatal\u0131 kahve hediyedir - AiroBazar","isPartOf":{"@id":"https:\/\/airobazar.com\/#website"},"primaryImageOfPage":{"@id":"https:\/\/airobazar.com\/product\/traditional-coffee-cooking-stove-coffee-brewing-machine-large-size-optional-writing-motif-can-be-made-2-milk-chocolate-coffees-are-a-gift-2\/#primaryimage"},"image":{"@id":"https:\/\/airobazar.com\/product\/traditional-coffee-cooking-stove-coffee-brewing-machine-large-size-optional-writing-motif-can-be-made-2-milk-chocolate-coffees-are-a-gift-2\/#primaryimage"},"thumbnailUrl":"https:\/\/airobazar.com\/wp-content\/uploads\/2025\/09\/3.png","datePublished":"2025-09-03T06:34:06+00:00","dateModified":"2025-12-09T13:34:17+00:00","breadcrumb":{"@id":"https:\/\/airobazar.com\/product\/traditional-coffee-cooking-stove-coffee-brewing-machine-large-size-optional-writing-motif-can-be-made-2-milk-chocolate-coffees-are-a-gift-2\/#breadcrumb"},"inLanguage":"tr","potentialAction":[{"@type":"ReadAction","target":["https:\/\/airobazar.com\/product\/traditional-coffee-cooking-stove-coffee-brewing-machine-large-size-optional-writing-motif-can-be-made-2-milk-chocolate-coffees-are-a-gift-2\/"]}]},{"@type":"ImageObject","inLanguage":"tr","@id":"https:\/\/airobazar.com\/product\/traditional-coffee-cooking-stove-coffee-brewing-machine-large-size-optional-writing-motif-can-be-made-2-milk-chocolate-coffees-are-a-gift-2\/#primaryimage","url":"https:\/\/airobazar.com\/wp-content\/uploads\/2025\/09\/3.png","contentUrl":"https:\/\/airobazar.com\/wp-content\/uploads\/2025\/09\/3.png","width":1080,"height":1080},{"@type":"BreadcrumbList","@id":"https:\/\/airobazar.com\/product\/traditional-coffee-cooking-stove-coffee-brewing-machine-large-size-optional-writing-motif-can-be-made-2-milk-chocolate-coffees-are-a-gift-2\/#breadcrumb","itemListElement":[{"@type":"ListItem","position":1,"name":"Home","item":"https:\/\/airobazar.com\/tr\/"},{"@type":"ListItem","position":2,"name":"Ma\u011faza","item":"https:\/\/airobazar.com\/tr\/magaza\/"},{"@type":"ListItem","position":3,"name":"Geleneksel Kahve Pi\u015firme Oca\u011f\u0131 Kahve demleme makinesi b\u00fcy\u00fck boy iste\u011fe ba\u011fl\u0131 yaz\u0131 motifi yap\u0131labilir 2 adet s\u00fctl\u00fc \u00e7ikolatal\u0131 kahve hediyedir"}]},{"@type":"WebSite","@id":"https:\/\/airobazar.com\/#website","url":"https:\/\/airobazar.com\/","name":"AiroBazar","description":"online sales","potentialAction":[{"@type":"SearchAction","target":{"@type":"EntryPoint","urlTemplate":"https:\/\/airobazar.com\/?s={search_term_string}"},"query-input":{"@type":"PropertyValueSpecification","valueRequired":true,"valueName":"search_term_string"}}],"inLanguage":"tr"}]}},"_links":{"self":[{"href":"https:\/\/airobazar.com\/tr\/wp-json\/wp\/v2\/product\/6185","targetHints":{"allow":["GET"]}}],"collection":[{"href":"https:\/\/airobazar.com\/tr\/wp-json\/wp\/v2\/product"}],"about":[{"href":"https:\/\/airobazar.com\/tr\/wp-json\/wp\/v2\/types\/product"}],"replies":[{"embeddable":true,"href":"https:\/\/airobazar.com\/tr\/wp-json\/wp\/v2\/comments?post=6185"}],"version-history":[{"count":1,"href":"https:\/\/airobazar.com\/tr\/wp-json\/wp\/v2\/product\/6185\/revisions"}],"predecessor-version":[{"id":10310,"href":"https:\/\/airobazar.com\/tr\/wp-json\/wp\/v2\/product\/6185\/revisions\/10310"}],"wp:featuredmedia":[{"embeddable":true,"href":"https:\/\/airobazar.com\/tr\/wp-json\/wp\/v2\/media\/6180"}],"wp:attachment":[{"href":"https:\/\/airobazar.com\/tr\/wp-json\/wp\/v2\/media?parent=6185"}],"wp:term":[{"taxonomy":"product_brand","embeddable":true,"href":"https:\/\/airobazar.com\/tr\/wp-json\/wp\/v2\/product_brand?post=6185"},{"taxonomy":"product_cat","embeddable":true,"href":"https:\/\/airobazar.com\/tr\/wp-json\/wp\/v2\/product_cat?post=6185"},{"taxonomy":"product_tag","embeddable":true,"href":"https:\/\/airobazar.com\/tr\/wp-json\/wp\/v2\/product_tag?post=6185"}],"curies":[{"name":"wp","href":"https:\/\/api.w.org\/{rel}","templated":true}]}}