{"id":6136,"date":"2025-09-02T13:03:55","date_gmt":"2025-09-02T13:03:55","guid":{"rendered":"https:\/\/airobazar.com\/?post_type=product&#038;p=6136"},"modified":"2025-12-09T13:32:42","modified_gmt":"2025-12-09T13:32:42","slug":"kumda-kahve-makinesi-2-sutlu-cikolatali-kahve-hediye","status":"publish","type":"product","link":"https:\/\/airobazar.com\/tr\/urun\/kumda-kahve-makinesi-2-sutlu-cikolatali-kahve-hediye\/","title":{"rendered":"kumda kahve makinesi 2 s\u00fctl\u00fc \u00e7ikolatal\u0131 kahve hediye"},"content":{"rendered":"<p>D\u0131\u015f \u00e7er\u00e7eveye (bak\u0131r \u00fczerine) i\u015flenen s\u00fcslemeler zaman zaman de\u011fi\u015febilir. Boyutlar +-1 cm de\u011fi\u015fiklik g\u00f6sterebilir.<\/p>\n<p>**Bak\u0131r Kahve Makinemiz uzun y\u0131llar kullanman\u0131z i\u00e7in tasarlanm\u0131\u015ft\u0131r. Termostat sistemi sayesinde kahve makinesi \u0131s\u0131nd\u0131\u011f\u0131nda kapan\u0131r, so\u011fudu\u011funda a\u00e7\u0131l\u0131r. 300 dereceye kadar ayarlanabilir termostata sahiptir. \u00d6nerilen maksimum kullan\u0131m s\u0131cakl\u0131\u011f\u0131 200 derecedir.<\/p>\n<p>**Bak\u0131r kahve makinesinin \u00e7al\u0131\u015fma prensibi s\u0131cak kumdur ve bak\u0131r kahve makinenizi \u0131s\u0131tarak harika bir kahve lezzeti sunar. Kahveniz k\u0131s\u0131k ate\u015fte s\u0131cak kumda pi\u015fer.<\/p>\n<p>Bu \u00fcr\u00fcn 10 g\u00fcn i\u00e7inde kargoya teslim edilecektir.<\/p>\n<p>Y\u00fckseklik 110 cm<br \/>\nGeni\u015flik 100 cm<br \/>\n2 adet s\u00fctl\u00fc \u00e7ikolatal\u0131 kahve hediyedir.<\/p>\n<p data-pm-slice=\"1 1 []\">Cezveler sete dahil de\u011fildir.<\/p>\n","protected":false},"excerpt":{"rendered":"<p>D\u0131\u015f \u00e7er\u00e7eveye (bak\u0131r \u00fczerine) i\u015flenen s\u00fcslemeler zaman zaman de\u011fi\u015febilir. Boyutlar +-1 cm de\u011fi\u015fiklik g\u00f6sterebilir. **Bak\u0131r Kahve Makinemiz uzun y\u0131llar kullanman\u0131z<\/p>\n","protected":false},"featured_media":6133,"comment_status":"open","ping_status":"closed","template":"","meta":[],"product_brand":[],"product_cat":[210,240],"product_tag":[],"class_list":{"0":"post-6136","1":"product","2":"type-product","3":"status-publish","4":"has-post-thumbnail","6":"product_cat-kahve_pisirme_makinalari","7":"product_cat-tum-katagoriler","9":"first","10":"instock","11":"sale","12":"taxable","13":"shipping-taxable","14":"purchasable","15":"product-type-simple"},"yoast_head":"<!-- This site is optimized with the Yoast SEO plugin v27.4 - https:\/\/yoast.com\/product\/yoast-seo-wordpress\/ -->\n<title>kumda kahve makinesi 2 s\u00fctl\u00fc \u00e7ikolatal\u0131 kahve hediye - AiroBazar<\/title>\n<meta name=\"robots\" content=\"index, follow, max-snippet:-1, max-image-preview:large, max-video-preview:-1\" \/>\n<link rel=\"canonical\" href=\"https:\/\/airobazar.com\/product\/coffee-machine-in-the-sand-2-milk-chocolate-coffees-are-a-gift\/\" \/>\n<meta property=\"og:locale\" content=\"tr_TR\" \/>\n<meta property=\"og:type\" content=\"article\" \/>\n<meta property=\"og:title\" content=\"kumda kahve makinesi 2 s\u00fctl\u00fc \u00e7ikolatal\u0131 kahve hediye - AiroBazar\" \/>\n<meta property=\"og:description\" content=\"D\u0131\u015f \u00e7er\u00e7eveye (bak\u0131r \u00fczerine) i\u015flenen s\u00fcslemeler zaman zaman de\u011fi\u015febilir. Boyutlar +-1 cm de\u011fi\u015fiklik g\u00f6sterebilir. **Bak\u0131r Kahve Makinemiz uzun y\u0131llar kullanman\u0131z\" \/>\n<meta property=\"og:url\" content=\"https:\/\/airobazar.com\/product\/coffee-machine-in-the-sand-2-milk-chocolate-coffees-are-a-gift\/\" \/>\n<meta property=\"og:site_name\" content=\"AiroBazar\" \/>\n<meta property=\"article:modified_time\" content=\"2025-12-09T13:32:42+00:00\" \/>\n<meta property=\"og:image\" content=\"https:\/\/airobazar.com\/wp-content\/uploads\/2025\/09\/Adsiz-tasarim.png\" \/>\n\t<meta property=\"og:image:width\" content=\"1080\" \/>\n\t<meta property=\"og:image:height\" content=\"1080\" \/>\n\t<meta property=\"og:image:type\" content=\"image\/png\" \/>\n<meta name=\"twitter:card\" content=\"summary_large_image\" \/>\n<meta name=\"twitter:label1\" content=\"Tahmini okuma s\u00fcresi\" \/>\n\t<meta name=\"twitter:data1\" content=\"1 dakika\" \/>\n<script type=\"application\/ld+json\" class=\"yoast-schema-graph\">{\"@context\":\"https:\\\/\\\/schema.org\",\"@graph\":[{\"@type\":\"WebPage\",\"@id\":\"https:\\\/\\\/airobazar.com\\\/product\\\/coffee-machine-in-the-sand-2-milk-chocolate-coffees-are-a-gift\\\/\",\"url\":\"https:\\\/\\\/airobazar.com\\\/product\\\/coffee-machine-in-the-sand-2-milk-chocolate-coffees-are-a-gift\\\/\",\"name\":\"kumda kahve makinesi 2 s\u00fctl\u00fc \u00e7ikolatal\u0131 kahve hediye - AiroBazar\",\"isPartOf\":{\"@id\":\"https:\\\/\\\/airobazar.com\\\/#website\"},\"primaryImageOfPage\":{\"@id\":\"https:\\\/\\\/airobazar.com\\\/product\\\/coffee-machine-in-the-sand-2-milk-chocolate-coffees-are-a-gift\\\/#primaryimage\"},\"image\":{\"@id\":\"https:\\\/\\\/airobazar.com\\\/product\\\/coffee-machine-in-the-sand-2-milk-chocolate-coffees-are-a-gift\\\/#primaryimage\"},\"thumbnailUrl\":\"https:\\\/\\\/airobazar.com\\\/wp-content\\\/uploads\\\/2025\\\/09\\\/Adsiz-tasarim.png\",\"datePublished\":\"2025-09-02T13:03:55+00:00\",\"dateModified\":\"2025-12-09T13:32:42+00:00\",\"breadcrumb\":{\"@id\":\"https:\\\/\\\/airobazar.com\\\/product\\\/coffee-machine-in-the-sand-2-milk-chocolate-coffees-are-a-gift\\\/#breadcrumb\"},\"inLanguage\":\"tr\",\"potentialAction\":[{\"@type\":\"ReadAction\",\"target\":[\"https:\\\/\\\/airobazar.com\\\/product\\\/coffee-machine-in-the-sand-2-milk-chocolate-coffees-are-a-gift\\\/\"]}]},{\"@type\":\"ImageObject\",\"inLanguage\":\"tr\",\"@id\":\"https:\\\/\\\/airobazar.com\\\/product\\\/coffee-machine-in-the-sand-2-milk-chocolate-coffees-are-a-gift\\\/#primaryimage\",\"url\":\"https:\\\/\\\/airobazar.com\\\/wp-content\\\/uploads\\\/2025\\\/09\\\/Adsiz-tasarim.png\",\"contentUrl\":\"https:\\\/\\\/airobazar.com\\\/wp-content\\\/uploads\\\/2025\\\/09\\\/Adsiz-tasarim.png\",\"width\":1080,\"height\":1080},{\"@type\":\"BreadcrumbList\",\"@id\":\"https:\\\/\\\/airobazar.com\\\/product\\\/coffee-machine-in-the-sand-2-milk-chocolate-coffees-are-a-gift\\\/#breadcrumb\",\"itemListElement\":[{\"@type\":\"ListItem\",\"position\":1,\"name\":\"Home\",\"item\":\"https:\\\/\\\/airobazar.com\\\/tr\\\/\"},{\"@type\":\"ListItem\",\"position\":2,\"name\":\"Ma\u011faza\",\"item\":\"https:\\\/\\\/airobazar.com\\\/tr\\\/magaza\\\/\"},{\"@type\":\"ListItem\",\"position\":3,\"name\":\"kumda kahve makinesi 2 s\u00fctl\u00fc \u00e7ikolatal\u0131 kahve hediye\"}]},{\"@type\":\"WebSite\",\"@id\":\"https:\\\/\\\/airobazar.com\\\/#website\",\"url\":\"https:\\\/\\\/airobazar.com\\\/\",\"name\":\"AiroBazar\",\"description\":\"online sales\",\"potentialAction\":[{\"@type\":\"SearchAction\",\"target\":{\"@type\":\"EntryPoint\",\"urlTemplate\":\"https:\\\/\\\/airobazar.com\\\/?s={search_term_string}\"},\"query-input\":{\"@type\":\"PropertyValueSpecification\",\"valueRequired\":true,\"valueName\":\"search_term_string\"}}],\"inLanguage\":\"tr\"}]}<\/script>\n<!-- \/ Yoast SEO plugin. -->","yoast_head_json":{"title":"kumda kahve makinesi 2 s\u00fctl\u00fc \u00e7ikolatal\u0131 kahve hediye - AiroBazar","robots":{"index":"index","follow":"follow","max-snippet":"max-snippet:-1","max-image-preview":"max-image-preview:large","max-video-preview":"max-video-preview:-1"},"canonical":"https:\/\/airobazar.com\/product\/coffee-machine-in-the-sand-2-milk-chocolate-coffees-are-a-gift\/","og_locale":"tr_TR","og_type":"article","og_title":"kumda kahve makinesi 2 s\u00fctl\u00fc \u00e7ikolatal\u0131 kahve hediye - AiroBazar","og_description":"D\u0131\u015f \u00e7er\u00e7eveye (bak\u0131r \u00fczerine) i\u015flenen s\u00fcslemeler zaman zaman de\u011fi\u015febilir. Boyutlar +-1 cm de\u011fi\u015fiklik g\u00f6sterebilir. **Bak\u0131r Kahve Makinemiz uzun y\u0131llar kullanman\u0131z","og_url":"https:\/\/airobazar.com\/product\/coffee-machine-in-the-sand-2-milk-chocolate-coffees-are-a-gift\/","og_site_name":"AiroBazar","article_modified_time":"2025-12-09T13:32:42+00:00","og_image":[{"width":1080,"height":1080,"url":"https:\/\/airobazar.com\/wp-content\/uploads\/2025\/09\/Adsiz-tasarim.png","type":"image\/png"}],"twitter_card":"summary_large_image","twitter_misc":{"Tahmini okuma s\u00fcresi":"1 dakika"},"schema":{"@context":"https:\/\/schema.org","@graph":[{"@type":"WebPage","@id":"https:\/\/airobazar.com\/product\/coffee-machine-in-the-sand-2-milk-chocolate-coffees-are-a-gift\/","url":"https:\/\/airobazar.com\/product\/coffee-machine-in-the-sand-2-milk-chocolate-coffees-are-a-gift\/","name":"kumda kahve makinesi 2 s\u00fctl\u00fc \u00e7ikolatal\u0131 kahve hediye - AiroBazar","isPartOf":{"@id":"https:\/\/airobazar.com\/#website"},"primaryImageOfPage":{"@id":"https:\/\/airobazar.com\/product\/coffee-machine-in-the-sand-2-milk-chocolate-coffees-are-a-gift\/#primaryimage"},"image":{"@id":"https:\/\/airobazar.com\/product\/coffee-machine-in-the-sand-2-milk-chocolate-coffees-are-a-gift\/#primaryimage"},"thumbnailUrl":"https:\/\/airobazar.com\/wp-content\/uploads\/2025\/09\/Adsiz-tasarim.png","datePublished":"2025-09-02T13:03:55+00:00","dateModified":"2025-12-09T13:32:42+00:00","breadcrumb":{"@id":"https:\/\/airobazar.com\/product\/coffee-machine-in-the-sand-2-milk-chocolate-coffees-are-a-gift\/#breadcrumb"},"inLanguage":"tr","potentialAction":[{"@type":"ReadAction","target":["https:\/\/airobazar.com\/product\/coffee-machine-in-the-sand-2-milk-chocolate-coffees-are-a-gift\/"]}]},{"@type":"ImageObject","inLanguage":"tr","@id":"https:\/\/airobazar.com\/product\/coffee-machine-in-the-sand-2-milk-chocolate-coffees-are-a-gift\/#primaryimage","url":"https:\/\/airobazar.com\/wp-content\/uploads\/2025\/09\/Adsiz-tasarim.png","contentUrl":"https:\/\/airobazar.com\/wp-content\/uploads\/2025\/09\/Adsiz-tasarim.png","width":1080,"height":1080},{"@type":"BreadcrumbList","@id":"https:\/\/airobazar.com\/product\/coffee-machine-in-the-sand-2-milk-chocolate-coffees-are-a-gift\/#breadcrumb","itemListElement":[{"@type":"ListItem","position":1,"name":"Home","item":"https:\/\/airobazar.com\/tr\/"},{"@type":"ListItem","position":2,"name":"Ma\u011faza","item":"https:\/\/airobazar.com\/tr\/magaza\/"},{"@type":"ListItem","position":3,"name":"kumda kahve makinesi 2 s\u00fctl\u00fc \u00e7ikolatal\u0131 kahve hediye"}]},{"@type":"WebSite","@id":"https:\/\/airobazar.com\/#website","url":"https:\/\/airobazar.com\/","name":"AiroBazar","description":"online sales","potentialAction":[{"@type":"SearchAction","target":{"@type":"EntryPoint","urlTemplate":"https:\/\/airobazar.com\/?s={search_term_string}"},"query-input":{"@type":"PropertyValueSpecification","valueRequired":true,"valueName":"search_term_string"}}],"inLanguage":"tr"}]}},"_links":{"self":[{"href":"https:\/\/airobazar.com\/tr\/wp-json\/wp\/v2\/product\/6136","targetHints":{"allow":["GET"]}}],"collection":[{"href":"https:\/\/airobazar.com\/tr\/wp-json\/wp\/v2\/product"}],"about":[{"href":"https:\/\/airobazar.com\/tr\/wp-json\/wp\/v2\/types\/product"}],"replies":[{"embeddable":true,"href":"https:\/\/airobazar.com\/tr\/wp-json\/wp\/v2\/comments?post=6136"}],"version-history":[{"count":2,"href":"https:\/\/airobazar.com\/tr\/wp-json\/wp\/v2\/product\/6136\/revisions"}],"predecessor-version":[{"id":10307,"href":"https:\/\/airobazar.com\/tr\/wp-json\/wp\/v2\/product\/6136\/revisions\/10307"}],"wp:featuredmedia":[{"embeddable":true,"href":"https:\/\/airobazar.com\/tr\/wp-json\/wp\/v2\/media\/6133"}],"wp:attachment":[{"href":"https:\/\/airobazar.com\/tr\/wp-json\/wp\/v2\/media?parent=6136"}],"wp:term":[{"taxonomy":"product_brand","embeddable":true,"href":"https:\/\/airobazar.com\/tr\/wp-json\/wp\/v2\/product_brand?post=6136"},{"taxonomy":"product_cat","embeddable":true,"href":"https:\/\/airobazar.com\/tr\/wp-json\/wp\/v2\/product_cat?post=6136"},{"taxonomy":"product_tag","embeddable":true,"href":"https:\/\/airobazar.com\/tr\/wp-json\/wp\/v2\/product_tag?post=6136"}],"curies":[{"name":"wp","href":"https:\/\/api.w.org\/{rel}","templated":true}]}}