{"id":6082,"date":"2025-09-02T08:47:05","date_gmt":"2025-09-02T08:47:05","guid":{"rendered":"https:\/\/airobazar.com\/?post_type=product&#038;p=6082"},"modified":"2025-09-02T08:52:32","modified_gmt":"2025-09-02T08:52:32","slug":"karisik-meyveli-cay-c-vitamini-karisik-bitki-cayi-saglikli-ve-lezzetli-karisim-bitki-cayi-ustun-kalite-120-gr","status":"publish","type":"product","link":"https:\/\/airobazar.com\/tr\/urun\/karisik-meyveli-cay-c-vitamini-karisik-bitki-cayi-saglikli-ve-lezzetli-karisim-bitki-cayi-ustun-kalite-120-gr\/","title":{"rendered":"Kar\u0131\u015f\u0131k Meyveli \u00c7ay, C Vitamini Kar\u0131\u015f\u0131k Bitki \u00c7ay\u0131 &#8211; Sa\u011fl\u0131kl\u0131 ve Lezzetli Kar\u0131\u015f\u0131m Bitki \u00c7ay\u0131, \u00dcst\u00fcn Kalite 120 gr"},"content":{"rendered":"<p>ABD FDA Y\u00d6NETMEL\u0130KLER\u0130 UYARINCA SORUMLULUK REDD\u0130<\/p>\n<p>Bu bitkinin kullan\u0131m\u0131yla ilgili bilgilerimiz hi\u00e7bir zaman bir t\u0131p doktorunun bak\u0131m\u0131n\u0131n yerini almamal\u0131d\u0131r. Biz t\u0131p uzman\u0131 de\u011filiz ve herhangi bir hastal\u0131\u011f\u0131 te\u015fhis etti\u011fimizi, tedavi etti\u011fimizi, iyile\u015ftirdi\u011fimizi veya \u00f6nledi\u011fimizi iddia etmiyoruz. Bilgileri yaln\u0131zca e\u011fitim ama\u00e7l\u0131 olarak, bitki hakk\u0131nda genel ve kamuya a\u00e7\u0131k tarihsel bilgilere dayanarak sa\u011fl\u0131yoruz. Ma\u011fazam\u0131zdan herhangi bir bitki sat\u0131n almak i\u00e7in 18 ya\u015f\u0131nda veya daha b\u00fcy\u00fck olman\u0131z gerekir. Sat\u0131n almadan \u00f6nce bu bitkinin kullan\u0131m\u0131 hakk\u0131nda bilgi edinmenizi \u00f6neririz.<\/p>\n<p>TOPTAN\/PAZARLAMA: Daha b\u00fcy\u00fck toplu veya toptan sipari\u015fleriniz i\u00e7in l\u00fctfen bizimle ileti\u015fime ge\u00e7in.<\/p>\n","protected":false},"excerpt":{"rendered":"<p>ABD FDA Y\u00d6NETMEL\u0130KLER\u0130 UYARINCA SORUMLULUK REDD\u0130 Bu bitkinin kullan\u0131m\u0131yla ilgili bilgilerimiz hi\u00e7bir zaman bir t\u0131p doktorunun bak\u0131m\u0131n\u0131n yerini almamal\u0131d\u0131r. Biz<\/p>\n","protected":false},"featured_media":6073,"comment_status":"open","ping_status":"closed","template":"","meta":[],"product_brand":[],"product_cat":[208,240],"product_tag":[],"class_list":{"0":"post-6082","1":"product","2":"type-product","3":"status-publish","4":"has-post-thumbnail","6":"product_cat-dogal-bitki-cayi","7":"product_cat-tum-katagoriler","9":"first","10":"instock","11":"sale","12":"taxable","13":"shipping-taxable","14":"purchasable","15":"product-type-simple"},"yoast_head":"<!-- This site is optimized with the Yoast SEO plugin v27.4 - https:\/\/yoast.com\/product\/yoast-seo-wordpress\/ -->\n<title>Kar\u0131\u015f\u0131k Meyveli \u00c7ay, C Vitamini Kar\u0131\u015f\u0131k Bitki \u00c7ay\u0131 - Sa\u011fl\u0131kl\u0131 ve Lezzetli Kar\u0131\u015f\u0131m Bitki \u00c7ay\u0131, \u00dcst\u00fcn Kalite 120 gr - AiroBazar<\/title>\n<meta name=\"robots\" content=\"index, follow, max-snippet:-1, max-image-preview:large, max-video-preview:-1\" \/>\n<link rel=\"canonical\" href=\"https:\/\/airobazar.com\/product\/mix-berries-tea-vitamin-c-mixed-herbal-tea-healthy-and-tasty-blend-herbal-tea-superior-quality-120gr\/\" \/>\n<meta property=\"og:locale\" content=\"tr_TR\" \/>\n<meta property=\"og:type\" content=\"article\" \/>\n<meta property=\"og:title\" content=\"Kar\u0131\u015f\u0131k Meyveli \u00c7ay, C Vitamini Kar\u0131\u015f\u0131k Bitki \u00c7ay\u0131 - Sa\u011fl\u0131kl\u0131 ve Lezzetli Kar\u0131\u015f\u0131m Bitki \u00c7ay\u0131, \u00dcst\u00fcn Kalite 120 gr - AiroBazar\" \/>\n<meta property=\"og:description\" content=\"ABD FDA Y\u00d6NETMEL\u0130KLER\u0130 UYARINCA SORUMLULUK REDD\u0130 Bu bitkinin kullan\u0131m\u0131yla ilgili bilgilerimiz hi\u00e7bir zaman bir t\u0131p doktorunun bak\u0131m\u0131n\u0131n yerini almamal\u0131d\u0131r. Biz\" \/>\n<meta property=\"og:url\" content=\"https:\/\/airobazar.com\/product\/mix-berries-tea-vitamin-c-mixed-herbal-tea-healthy-and-tasty-blend-herbal-tea-superior-quality-120gr\/\" \/>\n<meta property=\"og:site_name\" content=\"AiroBazar\" \/>\n<meta property=\"article:modified_time\" content=\"2025-09-02T08:52:32+00:00\" \/>\n<meta property=\"og:image\" content=\"https:\/\/airobazar.com\/wp-content\/uploads\/2025\/09\/6-2.png\" \/>\n\t<meta property=\"og:image:width\" content=\"1080\" \/>\n\t<meta property=\"og:image:height\" content=\"1080\" \/>\n\t<meta property=\"og:image:type\" content=\"image\/png\" \/>\n<meta name=\"twitter:card\" content=\"summary_large_image\" \/>\n<meta name=\"twitter:label1\" content=\"Tahmini okuma s\u00fcresi\" \/>\n\t<meta name=\"twitter:data1\" content=\"1 dakika\" \/>\n<script type=\"application\/ld+json\" class=\"yoast-schema-graph\">{\"@context\":\"https:\\\/\\\/schema.org\",\"@graph\":[{\"@type\":\"WebPage\",\"@id\":\"https:\\\/\\\/airobazar.com\\\/product\\\/mix-berries-tea-vitamin-c-mixed-herbal-tea-healthy-and-tasty-blend-herbal-tea-superior-quality-120gr\\\/\",\"url\":\"https:\\\/\\\/airobazar.com\\\/product\\\/mix-berries-tea-vitamin-c-mixed-herbal-tea-healthy-and-tasty-blend-herbal-tea-superior-quality-120gr\\\/\",\"name\":\"Kar\u0131\u015f\u0131k Meyveli \u00c7ay, C Vitamini Kar\u0131\u015f\u0131k Bitki \u00c7ay\u0131 - Sa\u011fl\u0131kl\u0131 ve Lezzetli Kar\u0131\u015f\u0131m Bitki \u00c7ay\u0131, \u00dcst\u00fcn Kalite 120 gr - AiroBazar\",\"isPartOf\":{\"@id\":\"https:\\\/\\\/airobazar.com\\\/#website\"},\"primaryImageOfPage\":{\"@id\":\"https:\\\/\\\/airobazar.com\\\/product\\\/mix-berries-tea-vitamin-c-mixed-herbal-tea-healthy-and-tasty-blend-herbal-tea-superior-quality-120gr\\\/#primaryimage\"},\"image\":{\"@id\":\"https:\\\/\\\/airobazar.com\\\/product\\\/mix-berries-tea-vitamin-c-mixed-herbal-tea-healthy-and-tasty-blend-herbal-tea-superior-quality-120gr\\\/#primaryimage\"},\"thumbnailUrl\":\"https:\\\/\\\/airobazar.com\\\/wp-content\\\/uploads\\\/2025\\\/09\\\/6-2.png\",\"datePublished\":\"2025-09-02T08:47:05+00:00\",\"dateModified\":\"2025-09-02T08:52:32+00:00\",\"breadcrumb\":{\"@id\":\"https:\\\/\\\/airobazar.com\\\/product\\\/mix-berries-tea-vitamin-c-mixed-herbal-tea-healthy-and-tasty-blend-herbal-tea-superior-quality-120gr\\\/#breadcrumb\"},\"inLanguage\":\"tr\",\"potentialAction\":[{\"@type\":\"ReadAction\",\"target\":[\"https:\\\/\\\/airobazar.com\\\/product\\\/mix-berries-tea-vitamin-c-mixed-herbal-tea-healthy-and-tasty-blend-herbal-tea-superior-quality-120gr\\\/\"]}]},{\"@type\":\"ImageObject\",\"inLanguage\":\"tr\",\"@id\":\"https:\\\/\\\/airobazar.com\\\/product\\\/mix-berries-tea-vitamin-c-mixed-herbal-tea-healthy-and-tasty-blend-herbal-tea-superior-quality-120gr\\\/#primaryimage\",\"url\":\"https:\\\/\\\/airobazar.com\\\/wp-content\\\/uploads\\\/2025\\\/09\\\/6-2.png\",\"contentUrl\":\"https:\\\/\\\/airobazar.com\\\/wp-content\\\/uploads\\\/2025\\\/09\\\/6-2.png\",\"width\":1080,\"height\":1080},{\"@type\":\"BreadcrumbList\",\"@id\":\"https:\\\/\\\/airobazar.com\\\/product\\\/mix-berries-tea-vitamin-c-mixed-herbal-tea-healthy-and-tasty-blend-herbal-tea-superior-quality-120gr\\\/#breadcrumb\",\"itemListElement\":[{\"@type\":\"ListItem\",\"position\":1,\"name\":\"Home\",\"item\":\"https:\\\/\\\/airobazar.com\\\/tr\\\/\"},{\"@type\":\"ListItem\",\"position\":2,\"name\":\"Ma\u011faza\",\"item\":\"https:\\\/\\\/airobazar.com\\\/tr\\\/magaza\\\/\"},{\"@type\":\"ListItem\",\"position\":3,\"name\":\"Kar\u0131\u015f\u0131k Meyveli \u00c7ay, C Vitamini Kar\u0131\u015f\u0131k Bitki \u00c7ay\u0131 &#8211; Sa\u011fl\u0131kl\u0131 ve Lezzetli Kar\u0131\u015f\u0131m Bitki \u00c7ay\u0131, \u00dcst\u00fcn Kalite 120 gr\"}]},{\"@type\":\"WebSite\",\"@id\":\"https:\\\/\\\/airobazar.com\\\/#website\",\"url\":\"https:\\\/\\\/airobazar.com\\\/\",\"name\":\"AiroBazar\",\"description\":\"online sales\",\"potentialAction\":[{\"@type\":\"SearchAction\",\"target\":{\"@type\":\"EntryPoint\",\"urlTemplate\":\"https:\\\/\\\/airobazar.com\\\/?s={search_term_string}\"},\"query-input\":{\"@type\":\"PropertyValueSpecification\",\"valueRequired\":true,\"valueName\":\"search_term_string\"}}],\"inLanguage\":\"tr\"}]}<\/script>\n<!-- \/ Yoast SEO plugin. -->","yoast_head_json":{"title":"Kar\u0131\u015f\u0131k Meyveli \u00c7ay, C Vitamini Kar\u0131\u015f\u0131k Bitki \u00c7ay\u0131 - Sa\u011fl\u0131kl\u0131 ve Lezzetli Kar\u0131\u015f\u0131m Bitki \u00c7ay\u0131, \u00dcst\u00fcn Kalite 120 gr - AiroBazar","robots":{"index":"index","follow":"follow","max-snippet":"max-snippet:-1","max-image-preview":"max-image-preview:large","max-video-preview":"max-video-preview:-1"},"canonical":"https:\/\/airobazar.com\/product\/mix-berries-tea-vitamin-c-mixed-herbal-tea-healthy-and-tasty-blend-herbal-tea-superior-quality-120gr\/","og_locale":"tr_TR","og_type":"article","og_title":"Kar\u0131\u015f\u0131k Meyveli \u00c7ay, C Vitamini Kar\u0131\u015f\u0131k Bitki \u00c7ay\u0131 - Sa\u011fl\u0131kl\u0131 ve Lezzetli Kar\u0131\u015f\u0131m Bitki \u00c7ay\u0131, \u00dcst\u00fcn Kalite 120 gr - AiroBazar","og_description":"ABD FDA Y\u00d6NETMEL\u0130KLER\u0130 UYARINCA SORUMLULUK REDD\u0130 Bu bitkinin kullan\u0131m\u0131yla ilgili bilgilerimiz hi\u00e7bir zaman bir t\u0131p doktorunun bak\u0131m\u0131n\u0131n yerini almamal\u0131d\u0131r. Biz","og_url":"https:\/\/airobazar.com\/product\/mix-berries-tea-vitamin-c-mixed-herbal-tea-healthy-and-tasty-blend-herbal-tea-superior-quality-120gr\/","og_site_name":"AiroBazar","article_modified_time":"2025-09-02T08:52:32+00:00","og_image":[{"width":1080,"height":1080,"url":"https:\/\/airobazar.com\/wp-content\/uploads\/2025\/09\/6-2.png","type":"image\/png"}],"twitter_card":"summary_large_image","twitter_misc":{"Tahmini okuma s\u00fcresi":"1 dakika"},"schema":{"@context":"https:\/\/schema.org","@graph":[{"@type":"WebPage","@id":"https:\/\/airobazar.com\/product\/mix-berries-tea-vitamin-c-mixed-herbal-tea-healthy-and-tasty-blend-herbal-tea-superior-quality-120gr\/","url":"https:\/\/airobazar.com\/product\/mix-berries-tea-vitamin-c-mixed-herbal-tea-healthy-and-tasty-blend-herbal-tea-superior-quality-120gr\/","name":"Kar\u0131\u015f\u0131k Meyveli \u00c7ay, C Vitamini Kar\u0131\u015f\u0131k Bitki \u00c7ay\u0131 - Sa\u011fl\u0131kl\u0131 ve Lezzetli Kar\u0131\u015f\u0131m Bitki \u00c7ay\u0131, \u00dcst\u00fcn Kalite 120 gr - AiroBazar","isPartOf":{"@id":"https:\/\/airobazar.com\/#website"},"primaryImageOfPage":{"@id":"https:\/\/airobazar.com\/product\/mix-berries-tea-vitamin-c-mixed-herbal-tea-healthy-and-tasty-blend-herbal-tea-superior-quality-120gr\/#primaryimage"},"image":{"@id":"https:\/\/airobazar.com\/product\/mix-berries-tea-vitamin-c-mixed-herbal-tea-healthy-and-tasty-blend-herbal-tea-superior-quality-120gr\/#primaryimage"},"thumbnailUrl":"https:\/\/airobazar.com\/wp-content\/uploads\/2025\/09\/6-2.png","datePublished":"2025-09-02T08:47:05+00:00","dateModified":"2025-09-02T08:52:32+00:00","breadcrumb":{"@id":"https:\/\/airobazar.com\/product\/mix-berries-tea-vitamin-c-mixed-herbal-tea-healthy-and-tasty-blend-herbal-tea-superior-quality-120gr\/#breadcrumb"},"inLanguage":"tr","potentialAction":[{"@type":"ReadAction","target":["https:\/\/airobazar.com\/product\/mix-berries-tea-vitamin-c-mixed-herbal-tea-healthy-and-tasty-blend-herbal-tea-superior-quality-120gr\/"]}]},{"@type":"ImageObject","inLanguage":"tr","@id":"https:\/\/airobazar.com\/product\/mix-berries-tea-vitamin-c-mixed-herbal-tea-healthy-and-tasty-blend-herbal-tea-superior-quality-120gr\/#primaryimage","url":"https:\/\/airobazar.com\/wp-content\/uploads\/2025\/09\/6-2.png","contentUrl":"https:\/\/airobazar.com\/wp-content\/uploads\/2025\/09\/6-2.png","width":1080,"height":1080},{"@type":"BreadcrumbList","@id":"https:\/\/airobazar.com\/product\/mix-berries-tea-vitamin-c-mixed-herbal-tea-healthy-and-tasty-blend-herbal-tea-superior-quality-120gr\/#breadcrumb","itemListElement":[{"@type":"ListItem","position":1,"name":"Home","item":"https:\/\/airobazar.com\/tr\/"},{"@type":"ListItem","position":2,"name":"Ma\u011faza","item":"https:\/\/airobazar.com\/tr\/magaza\/"},{"@type":"ListItem","position":3,"name":"Kar\u0131\u015f\u0131k Meyveli \u00c7ay, C Vitamini Kar\u0131\u015f\u0131k Bitki \u00c7ay\u0131 &#8211; Sa\u011fl\u0131kl\u0131 ve Lezzetli Kar\u0131\u015f\u0131m Bitki \u00c7ay\u0131, \u00dcst\u00fcn Kalite 120 gr"}]},{"@type":"WebSite","@id":"https:\/\/airobazar.com\/#website","url":"https:\/\/airobazar.com\/","name":"AiroBazar","description":"online sales","potentialAction":[{"@type":"SearchAction","target":{"@type":"EntryPoint","urlTemplate":"https:\/\/airobazar.com\/?s={search_term_string}"},"query-input":{"@type":"PropertyValueSpecification","valueRequired":true,"valueName":"search_term_string"}}],"inLanguage":"tr"}]}},"_links":{"self":[{"href":"https:\/\/airobazar.com\/tr\/wp-json\/wp\/v2\/product\/6082","targetHints":{"allow":["GET"]}}],"collection":[{"href":"https:\/\/airobazar.com\/tr\/wp-json\/wp\/v2\/product"}],"about":[{"href":"https:\/\/airobazar.com\/tr\/wp-json\/wp\/v2\/types\/product"}],"replies":[{"embeddable":true,"href":"https:\/\/airobazar.com\/tr\/wp-json\/wp\/v2\/comments?post=6082"}],"version-history":[{"count":0,"href":"https:\/\/airobazar.com\/tr\/wp-json\/wp\/v2\/product\/6082\/revisions"}],"wp:featuredmedia":[{"embeddable":true,"href":"https:\/\/airobazar.com\/tr\/wp-json\/wp\/v2\/media\/6073"}],"wp:attachment":[{"href":"https:\/\/airobazar.com\/tr\/wp-json\/wp\/v2\/media?parent=6082"}],"wp:term":[{"taxonomy":"product_brand","embeddable":true,"href":"https:\/\/airobazar.com\/tr\/wp-json\/wp\/v2\/product_brand?post=6082"},{"taxonomy":"product_cat","embeddable":true,"href":"https:\/\/airobazar.com\/tr\/wp-json\/wp\/v2\/product_cat?post=6082"},{"taxonomy":"product_tag","embeddable":true,"href":"https:\/\/airobazar.com\/tr\/wp-json\/wp\/v2\/product_tag?post=6082"}],"curies":[{"name":"wp","href":"https:\/\/api.w.org\/{rel}","templated":true}]}}