{"id":6037,"date":"2025-09-01T14:53:11","date_gmt":"2025-09-01T14:53:11","guid":{"rendered":"https:\/\/airobazar.com\/?post_type=product&#038;p=6037"},"modified":"2025-09-04T15:17:07","modified_gmt":"2025-09-04T15:17:07","slug":"dogal-detoks-zayiflama-sirkesi-bitkisel-karisim-500-ml","status":"publish","type":"product","link":"https:\/\/airobazar.com\/tr\/urun\/dogal-detoks-zayiflama-sirkesi-bitkisel-karisim-500-ml\/","title":{"rendered":"Do\u011fal Kurutulmu\u015f \u00c7ilek Taneli \u00c7ilek \u00c7ay\u0131"},"content":{"rendered":"<p data-start=\"262\" data-end=\"521\">\u0130ndulge in the sweet, refreshing taste of real strawberries with our <strong data-start=\"331\" data-end=\"369\">natural dried strawberry fruit tea<\/strong>. made with carefully selected dried strawberry pieces, this tea delivers a fruity aroma and a naturally sweet flavor that can be enjoyed hot or iced.<\/p>\n<p data-start=\"523\" data-end=\"659\">perfect for tea lovers who want a caffeine-free, antioxidant-rich drink that not only tastes amazing but also supports daily wellness.<\/p>\n<p data-start=\"661\" data-end=\"880\">\ud83c\udf53 <strong data-start=\"664\" data-end=\"696\">real dried strawberry pieces<\/strong> \u2013 rich fruity taste<br data-start=\"716\" data-end=\"719\" \/>\ud83c\udf3f <strong data-start=\"722\" data-end=\"744\">herbal fruit blend<\/strong> \u2013 caffeine-free &amp; refreshing<br data-start=\"773\" data-end=\"776\" \/>\ud83d\udca7 <strong data-start=\"779\" data-end=\"800\">enjoy hot or iced<\/strong> \u2013 perfect for any season<br data-start=\"825\" data-end=\"828\" \/>\u2728 <strong data-start=\"830\" data-end=\"850\">antioxidant rich<\/strong> \u2013 supports overall wellness<\/p>\n<p data-start=\"882\" data-end=\"976\">\u2714\ufe0f 100% natural ingredients<br data-start=\"909\" data-end=\"912\" \/>\u2714\ufe0f no artificial colors or flavors<br data-start=\"946\" data-end=\"949\" \/>\u2714\ufe0f delicious fruity aroma<\/p>\n<p data-start=\"978\" data-end=\"1081\">a delightful tea that brings the taste of summer strawberries to your cup, any time of the year! \ud83c\udf38\ud83c\udf53<\/p>\n","protected":false},"excerpt":{"rendered":"<p>\u0130ndulge in the sweet, refreshing taste of real strawberries with our natural dried strawberry fruit tea. made with carefully selected<\/p>\n","protected":false},"featured_media":6034,"comment_status":"open","ping_status":"closed","template":"","meta":[],"product_brand":[],"product_cat":[208,240],"product_tag":[],"class_list":{"0":"post-6037","1":"product","2":"type-product","3":"status-publish","4":"has-post-thumbnail","6":"product_cat-dogal-bitki-cayi","7":"product_cat-tum-katagoriler","9":"first","10":"instock","11":"sale","12":"taxable","13":"shipping-taxable","14":"purchasable","15":"product-type-simple"},"yoast_head":"<!-- This site is optimized with the Yoast SEO plugin v27.4 - https:\/\/yoast.com\/product\/yoast-seo-wordpress\/ -->\n<title>Do\u011fal Kurutulmu\u015f \u00c7ilek Taneli \u00c7ilek \u00c7ay\u0131 - AiroBazar<\/title>\n<meta name=\"robots\" content=\"index, follow, max-snippet:-1, max-image-preview:large, max-video-preview:-1\" \/>\n<link rel=\"canonical\" href=\"https:\/\/airobazar.com\/product\/natural-detox-slimming-vinegar-herbal-blend-500ml\/\" \/>\n<meta property=\"og:locale\" content=\"tr_TR\" \/>\n<meta property=\"og:type\" content=\"article\" \/>\n<meta property=\"og:title\" content=\"Do\u011fal Kurutulmu\u015f \u00c7ilek Taneli \u00c7ilek \u00c7ay\u0131 - AiroBazar\" \/>\n<meta property=\"og:description\" content=\"\u0130ndulge in the sweet, refreshing taste of real strawberries with our natural dried strawberry fruit tea. made with carefully selected\" \/>\n<meta property=\"og:url\" content=\"https:\/\/airobazar.com\/product\/natural-detox-slimming-vinegar-herbal-blend-500ml\/\" \/>\n<meta property=\"og:site_name\" content=\"AiroBazar\" \/>\n<meta property=\"article:modified_time\" content=\"2025-09-04T15:17:07+00:00\" \/>\n<meta property=\"og:image\" content=\"https:\/\/airobazar.com\/wp-content\/uploads\/2025\/09\/cilek4.png\" \/>\n\t<meta property=\"og:image:width\" content=\"1080\" \/>\n\t<meta property=\"og:image:height\" content=\"1080\" \/>\n\t<meta property=\"og:image:type\" content=\"image\/png\" \/>\n<meta name=\"twitter:card\" content=\"summary_large_image\" \/>\n<meta name=\"twitter:label1\" content=\"Tahmini okuma s\u00fcresi\" \/>\n\t<meta name=\"twitter:data1\" content=\"1 dakika\" \/>\n<script type=\"application\/ld+json\" class=\"yoast-schema-graph\">{\"@context\":\"https:\\\/\\\/schema.org\",\"@graph\":[{\"@type\":\"WebPage\",\"@id\":\"https:\\\/\\\/airobazar.com\\\/product\\\/natural-detox-slimming-vinegar-herbal-blend-500ml\\\/\",\"url\":\"https:\\\/\\\/airobazar.com\\\/product\\\/natural-detox-slimming-vinegar-herbal-blend-500ml\\\/\",\"name\":\"Do\u011fal Kurutulmu\u015f \u00c7ilek Taneli \u00c7ilek \u00c7ay\u0131 - AiroBazar\",\"isPartOf\":{\"@id\":\"https:\\\/\\\/airobazar.com\\\/#website\"},\"primaryImageOfPage\":{\"@id\":\"https:\\\/\\\/airobazar.com\\\/product\\\/natural-detox-slimming-vinegar-herbal-blend-500ml\\\/#primaryimage\"},\"image\":{\"@id\":\"https:\\\/\\\/airobazar.com\\\/product\\\/natural-detox-slimming-vinegar-herbal-blend-500ml\\\/#primaryimage\"},\"thumbnailUrl\":\"https:\\\/\\\/airobazar.com\\\/wp-content\\\/uploads\\\/2025\\\/09\\\/cilek4.png\",\"datePublished\":\"2025-09-01T14:53:11+00:00\",\"dateModified\":\"2025-09-04T15:17:07+00:00\",\"breadcrumb\":{\"@id\":\"https:\\\/\\\/airobazar.com\\\/product\\\/natural-detox-slimming-vinegar-herbal-blend-500ml\\\/#breadcrumb\"},\"inLanguage\":\"tr\",\"potentialAction\":[{\"@type\":\"ReadAction\",\"target\":[\"https:\\\/\\\/airobazar.com\\\/product\\\/natural-detox-slimming-vinegar-herbal-blend-500ml\\\/\"]}]},{\"@type\":\"ImageObject\",\"inLanguage\":\"tr\",\"@id\":\"https:\\\/\\\/airobazar.com\\\/product\\\/natural-detox-slimming-vinegar-herbal-blend-500ml\\\/#primaryimage\",\"url\":\"https:\\\/\\\/airobazar.com\\\/wp-content\\\/uploads\\\/2025\\\/09\\\/cilek4.png\",\"contentUrl\":\"https:\\\/\\\/airobazar.com\\\/wp-content\\\/uploads\\\/2025\\\/09\\\/cilek4.png\",\"width\":1080,\"height\":1080},{\"@type\":\"BreadcrumbList\",\"@id\":\"https:\\\/\\\/airobazar.com\\\/product\\\/natural-detox-slimming-vinegar-herbal-blend-500ml\\\/#breadcrumb\",\"itemListElement\":[{\"@type\":\"ListItem\",\"position\":1,\"name\":\"Home\",\"item\":\"https:\\\/\\\/airobazar.com\\\/tr\\\/\"},{\"@type\":\"ListItem\",\"position\":2,\"name\":\"Ma\u011faza\",\"item\":\"https:\\\/\\\/airobazar.com\\\/tr\\\/magaza\\\/\"},{\"@type\":\"ListItem\",\"position\":3,\"name\":\"Do\u011fal Kurutulmu\u015f \u00c7ilek Taneli \u00c7ilek \u00c7ay\u0131\"}]},{\"@type\":\"WebSite\",\"@id\":\"https:\\\/\\\/airobazar.com\\\/#website\",\"url\":\"https:\\\/\\\/airobazar.com\\\/\",\"name\":\"AiroBazar\",\"description\":\"online sales\",\"potentialAction\":[{\"@type\":\"SearchAction\",\"target\":{\"@type\":\"EntryPoint\",\"urlTemplate\":\"https:\\\/\\\/airobazar.com\\\/?s={search_term_string}\"},\"query-input\":{\"@type\":\"PropertyValueSpecification\",\"valueRequired\":true,\"valueName\":\"search_term_string\"}}],\"inLanguage\":\"tr\"}]}<\/script>\n<!-- \/ Yoast SEO plugin. -->","yoast_head_json":{"title":"Do\u011fal Kurutulmu\u015f \u00c7ilek Taneli \u00c7ilek \u00c7ay\u0131 - AiroBazar","robots":{"index":"index","follow":"follow","max-snippet":"max-snippet:-1","max-image-preview":"max-image-preview:large","max-video-preview":"max-video-preview:-1"},"canonical":"https:\/\/airobazar.com\/product\/natural-detox-slimming-vinegar-herbal-blend-500ml\/","og_locale":"tr_TR","og_type":"article","og_title":"Do\u011fal Kurutulmu\u015f \u00c7ilek Taneli \u00c7ilek \u00c7ay\u0131 - AiroBazar","og_description":"\u0130ndulge in the sweet, refreshing taste of real strawberries with our natural dried strawberry fruit tea. made with carefully selected","og_url":"https:\/\/airobazar.com\/product\/natural-detox-slimming-vinegar-herbal-blend-500ml\/","og_site_name":"AiroBazar","article_modified_time":"2025-09-04T15:17:07+00:00","og_image":[{"width":1080,"height":1080,"url":"https:\/\/airobazar.com\/wp-content\/uploads\/2025\/09\/cilek4.png","type":"image\/png"}],"twitter_card":"summary_large_image","twitter_misc":{"Tahmini okuma s\u00fcresi":"1 dakika"},"schema":{"@context":"https:\/\/schema.org","@graph":[{"@type":"WebPage","@id":"https:\/\/airobazar.com\/product\/natural-detox-slimming-vinegar-herbal-blend-500ml\/","url":"https:\/\/airobazar.com\/product\/natural-detox-slimming-vinegar-herbal-blend-500ml\/","name":"Do\u011fal Kurutulmu\u015f \u00c7ilek Taneli \u00c7ilek \u00c7ay\u0131 - AiroBazar","isPartOf":{"@id":"https:\/\/airobazar.com\/#website"},"primaryImageOfPage":{"@id":"https:\/\/airobazar.com\/product\/natural-detox-slimming-vinegar-herbal-blend-500ml\/#primaryimage"},"image":{"@id":"https:\/\/airobazar.com\/product\/natural-detox-slimming-vinegar-herbal-blend-500ml\/#primaryimage"},"thumbnailUrl":"https:\/\/airobazar.com\/wp-content\/uploads\/2025\/09\/cilek4.png","datePublished":"2025-09-01T14:53:11+00:00","dateModified":"2025-09-04T15:17:07+00:00","breadcrumb":{"@id":"https:\/\/airobazar.com\/product\/natural-detox-slimming-vinegar-herbal-blend-500ml\/#breadcrumb"},"inLanguage":"tr","potentialAction":[{"@type":"ReadAction","target":["https:\/\/airobazar.com\/product\/natural-detox-slimming-vinegar-herbal-blend-500ml\/"]}]},{"@type":"ImageObject","inLanguage":"tr","@id":"https:\/\/airobazar.com\/product\/natural-detox-slimming-vinegar-herbal-blend-500ml\/#primaryimage","url":"https:\/\/airobazar.com\/wp-content\/uploads\/2025\/09\/cilek4.png","contentUrl":"https:\/\/airobazar.com\/wp-content\/uploads\/2025\/09\/cilek4.png","width":1080,"height":1080},{"@type":"BreadcrumbList","@id":"https:\/\/airobazar.com\/product\/natural-detox-slimming-vinegar-herbal-blend-500ml\/#breadcrumb","itemListElement":[{"@type":"ListItem","position":1,"name":"Home","item":"https:\/\/airobazar.com\/tr\/"},{"@type":"ListItem","position":2,"name":"Ma\u011faza","item":"https:\/\/airobazar.com\/tr\/magaza\/"},{"@type":"ListItem","position":3,"name":"Do\u011fal Kurutulmu\u015f \u00c7ilek Taneli \u00c7ilek \u00c7ay\u0131"}]},{"@type":"WebSite","@id":"https:\/\/airobazar.com\/#website","url":"https:\/\/airobazar.com\/","name":"AiroBazar","description":"online sales","potentialAction":[{"@type":"SearchAction","target":{"@type":"EntryPoint","urlTemplate":"https:\/\/airobazar.com\/?s={search_term_string}"},"query-input":{"@type":"PropertyValueSpecification","valueRequired":true,"valueName":"search_term_string"}}],"inLanguage":"tr"}]}},"_links":{"self":[{"href":"https:\/\/airobazar.com\/tr\/wp-json\/wp\/v2\/product\/6037","targetHints":{"allow":["GET"]}}],"collection":[{"href":"https:\/\/airobazar.com\/tr\/wp-json\/wp\/v2\/product"}],"about":[{"href":"https:\/\/airobazar.com\/tr\/wp-json\/wp\/v2\/types\/product"}],"replies":[{"embeddable":true,"href":"https:\/\/airobazar.com\/tr\/wp-json\/wp\/v2\/comments?post=6037"}],"version-history":[{"count":0,"href":"https:\/\/airobazar.com\/tr\/wp-json\/wp\/v2\/product\/6037\/revisions"}],"wp:featuredmedia":[{"embeddable":true,"href":"https:\/\/airobazar.com\/tr\/wp-json\/wp\/v2\/media\/6034"}],"wp:attachment":[{"href":"https:\/\/airobazar.com\/tr\/wp-json\/wp\/v2\/media?parent=6037"}],"wp:term":[{"taxonomy":"product_brand","embeddable":true,"href":"https:\/\/airobazar.com\/tr\/wp-json\/wp\/v2\/product_brand?post=6037"},{"taxonomy":"product_cat","embeddable":true,"href":"https:\/\/airobazar.com\/tr\/wp-json\/wp\/v2\/product_cat?post=6037"},{"taxonomy":"product_tag","embeddable":true,"href":"https:\/\/airobazar.com\/tr\/wp-json\/wp\/v2\/product_tag?post=6037"}],"curies":[{"name":"wp","href":"https:\/\/api.w.org\/{rel}","templated":true}]}}