{"id":6025,"date":"2025-09-01T14:38:44","date_gmt":"2025-09-01T14:38:44","guid":{"rendered":"https:\/\/airobazar.com\/?post_type=product&#038;p=6025"},"modified":"2025-09-01T14:45:33","modified_gmt":"2025-09-01T14:45:33","slug":"narli-hazir-cay-nar-cayi-200-gr","status":"publish","type":"product","link":"https:\/\/airobazar.com\/tr\/urun\/narli-hazir-cay-nar-cayi-200-gr\/","title":{"rendered":"Narl\u0131 Haz\u0131r \u00c7ay, Nar \u00c7ay\u0131 200 gr"},"content":{"rendered":"<p>Narl\u0131 Haz\u0131r \u00c7ay &#8211; 200 gr<\/p>\n<p>G\u00fcn\u00fcn\u00fcz\u00fc nar\u0131n do\u011fal tatl\u0131 ve keskin aromas\u0131yla ferahlat\u0131n!<br \/>\nNarl\u0131 haz\u0131r \u00e7ay\u0131m\u0131z, s\u0131cak veya so\u011fuk olarak i\u00e7ilebilen, meyve aromas\u0131 ve rahatlat\u0131c\u0131 lezzetin m\u00fckemmel dengesini sunan lezzetli bir kar\u0131\u015f\u0131md\u0131r.<\/p>\n<p>Kolayl\u0131k sa\u011flamak i\u00e7in tasarlanan bu \u00e7ay, suda an\u0131nda \u00e7\u00f6z\u00fcn\u00fcr ve bu sayede evde, ofiste veya hareket halindeyken h\u0131zl\u0131 bir \u015fekilde haz\u0131rlamak i\u00e7in ideal bir se\u00e7imdir. Antioksidanlar a\u00e7\u0131s\u0131ndan zengin olan bu \u00e7ay, sadece damak tad\u0131n\u0131z\u0131 memnun etmekle kalmaz, ayn\u0131 zamanda sa\u011fl\u0131\u011f\u0131n\u0131z\u0131 da destekler.<\/p>\n<p>\u2714\ufe0f Haz\u0131r ve kolay haz\u0131rlan\u0131r<br \/>\n\u2714\ufe0f S\u0131cak veya buzlu olarak t\u00fcketilebilir<br \/>\n\u2714\ufe0f Zengin meyve aromas\u0131 ve do\u011fal aroma<br \/>\n\u2714\ufe0f Antioksidan deste\u011fi<\/p>\n<p>G\u00fcnl\u00fck rutinlerine meyve aromas\u0131 katmak isteyen \u00e7ay severler i\u00e7in m\u00fckemmel!<\/p>\n","protected":false},"excerpt":{"rendered":"<p>Narl\u0131 Haz\u0131r \u00c7ay &#8211; 200 gr G\u00fcn\u00fcn\u00fcz\u00fc nar\u0131n do\u011fal tatl\u0131 ve keskin aromas\u0131yla ferahlat\u0131n! Narl\u0131 haz\u0131r \u00e7ay\u0131m\u0131z, s\u0131cak veya so\u011fuk<\/p>\n","protected":false},"featured_media":6018,"comment_status":"open","ping_status":"closed","template":"","meta":[],"product_brand":[],"product_cat":[208,240],"product_tag":[],"class_list":{"0":"post-6025","1":"product","2":"type-product","3":"status-publish","4":"has-post-thumbnail","6":"product_cat-dogal-bitki-cayi","7":"product_cat-tum-katagoriler","9":"first","10":"instock","11":"sale","12":"taxable","13":"shipping-taxable","14":"purchasable","15":"product-type-simple"},"yoast_head":"<!-- This site is optimized with the Yoast SEO plugin v27.4 - https:\/\/yoast.com\/product\/yoast-seo-wordpress\/ -->\n<title>Narl\u0131 Haz\u0131r \u00c7ay, Nar \u00c7ay\u0131 200 gr - AiroBazar<\/title>\n<meta name=\"robots\" content=\"index, follow, max-snippet:-1, max-image-preview:large, max-video-preview:-1\" \/>\n<link rel=\"canonical\" href=\"https:\/\/airobazar.com\/tr\/urun\/narli-hazir-cay-nar-cayi-200-gr\/\" \/>\n<meta property=\"og:locale\" content=\"tr_TR\" \/>\n<meta property=\"og:type\" content=\"article\" \/>\n<meta property=\"og:title\" content=\"Narl\u0131 Haz\u0131r \u00c7ay, Nar \u00c7ay\u0131 200 gr - AiroBazar\" \/>\n<meta property=\"og:description\" content=\"Narl\u0131 Haz\u0131r \u00c7ay &#8211; 200 gr G\u00fcn\u00fcn\u00fcz\u00fc nar\u0131n do\u011fal tatl\u0131 ve keskin aromas\u0131yla ferahlat\u0131n! Narl\u0131 haz\u0131r \u00e7ay\u0131m\u0131z, s\u0131cak veya so\u011fuk\" \/>\n<meta property=\"og:url\" content=\"https:\/\/airobazar.com\/tr\/urun\/narli-hazir-cay-nar-cayi-200-gr\/\" \/>\n<meta property=\"og:site_name\" content=\"AiroBazar\" \/>\n<meta property=\"article:modified_time\" content=\"2025-09-01T14:45:33+00:00\" \/>\n<meta property=\"og:image\" content=\"https:\/\/airobazar.com\/wp-content\/uploads\/2025\/09\/7.png\" \/>\n\t<meta property=\"og:image:width\" content=\"1080\" \/>\n\t<meta property=\"og:image:height\" content=\"1080\" \/>\n\t<meta property=\"og:image:type\" content=\"image\/png\" \/>\n<meta name=\"twitter:card\" content=\"summary_large_image\" \/>\n<meta name=\"twitter:label1\" content=\"Tahmini okuma s\u00fcresi\" \/>\n\t<meta name=\"twitter:data1\" content=\"1 dakika\" \/>\n<script type=\"application\/ld+json\" class=\"yoast-schema-graph\">{\"@context\":\"https:\\\/\\\/schema.org\",\"@graph\":[{\"@type\":\"WebPage\",\"@id\":\"https:\\\/\\\/airobazar.com\\\/tr\\\/urun\\\/narli-hazir-cay-nar-cayi-200-gr\\\/\",\"url\":\"https:\\\/\\\/airobazar.com\\\/tr\\\/urun\\\/narli-hazir-cay-nar-cayi-200-gr\\\/\",\"name\":\"Narl\u0131 Haz\u0131r \u00c7ay, Nar \u00c7ay\u0131 200 gr - AiroBazar\",\"isPartOf\":{\"@id\":\"https:\\\/\\\/airobazar.com\\\/#website\"},\"primaryImageOfPage\":{\"@id\":\"https:\\\/\\\/airobazar.com\\\/tr\\\/urun\\\/narli-hazir-cay-nar-cayi-200-gr\\\/#primaryimage\"},\"image\":{\"@id\":\"https:\\\/\\\/airobazar.com\\\/tr\\\/urun\\\/narli-hazir-cay-nar-cayi-200-gr\\\/#primaryimage\"},\"thumbnailUrl\":\"https:\\\/\\\/airobazar.com\\\/wp-content\\\/uploads\\\/2025\\\/09\\\/7.png\",\"datePublished\":\"2025-09-01T14:38:44+00:00\",\"dateModified\":\"2025-09-01T14:45:33+00:00\",\"breadcrumb\":{\"@id\":\"https:\\\/\\\/airobazar.com\\\/tr\\\/urun\\\/narli-hazir-cay-nar-cayi-200-gr\\\/#breadcrumb\"},\"inLanguage\":\"tr\",\"potentialAction\":[{\"@type\":\"ReadAction\",\"target\":[\"https:\\\/\\\/airobazar.com\\\/tr\\\/urun\\\/narli-hazir-cay-nar-cayi-200-gr\\\/\"]}]},{\"@type\":\"ImageObject\",\"inLanguage\":\"tr\",\"@id\":\"https:\\\/\\\/airobazar.com\\\/tr\\\/urun\\\/narli-hazir-cay-nar-cayi-200-gr\\\/#primaryimage\",\"url\":\"https:\\\/\\\/airobazar.com\\\/wp-content\\\/uploads\\\/2025\\\/09\\\/7.png\",\"contentUrl\":\"https:\\\/\\\/airobazar.com\\\/wp-content\\\/uploads\\\/2025\\\/09\\\/7.png\",\"width\":1080,\"height\":1080},{\"@type\":\"BreadcrumbList\",\"@id\":\"https:\\\/\\\/airobazar.com\\\/tr\\\/urun\\\/narli-hazir-cay-nar-cayi-200-gr\\\/#breadcrumb\",\"itemListElement\":[{\"@type\":\"ListItem\",\"position\":1,\"name\":\"Home\",\"item\":\"https:\\\/\\\/airobazar.com\\\/tr\\\/\"},{\"@type\":\"ListItem\",\"position\":2,\"name\":\"Ma\u011faza\",\"item\":\"https:\\\/\\\/airobazar.com\\\/tr\\\/magaza\\\/\"},{\"@type\":\"ListItem\",\"position\":3,\"name\":\"Narl\u0131 Haz\u0131r \u00c7ay, Nar \u00c7ay\u0131 200 gr\"}]},{\"@type\":\"WebSite\",\"@id\":\"https:\\\/\\\/airobazar.com\\\/#website\",\"url\":\"https:\\\/\\\/airobazar.com\\\/\",\"name\":\"AiroBazar\",\"description\":\"online sales\",\"potentialAction\":[{\"@type\":\"SearchAction\",\"target\":{\"@type\":\"EntryPoint\",\"urlTemplate\":\"https:\\\/\\\/airobazar.com\\\/?s={search_term_string}\"},\"query-input\":{\"@type\":\"PropertyValueSpecification\",\"valueRequired\":true,\"valueName\":\"search_term_string\"}}],\"inLanguage\":\"tr\"}]}<\/script>\n<!-- \/ Yoast SEO plugin. -->","yoast_head_json":{"title":"Narl\u0131 Haz\u0131r \u00c7ay, Nar \u00c7ay\u0131 200 gr - AiroBazar","robots":{"index":"index","follow":"follow","max-snippet":"max-snippet:-1","max-image-preview":"max-image-preview:large","max-video-preview":"max-video-preview:-1"},"canonical":"https:\/\/airobazar.com\/tr\/urun\/narli-hazir-cay-nar-cayi-200-gr\/","og_locale":"tr_TR","og_type":"article","og_title":"Narl\u0131 Haz\u0131r \u00c7ay, Nar \u00c7ay\u0131 200 gr - AiroBazar","og_description":"Narl\u0131 Haz\u0131r \u00c7ay &#8211; 200 gr G\u00fcn\u00fcn\u00fcz\u00fc nar\u0131n do\u011fal tatl\u0131 ve keskin aromas\u0131yla ferahlat\u0131n! Narl\u0131 haz\u0131r \u00e7ay\u0131m\u0131z, s\u0131cak veya so\u011fuk","og_url":"https:\/\/airobazar.com\/tr\/urun\/narli-hazir-cay-nar-cayi-200-gr\/","og_site_name":"AiroBazar","article_modified_time":"2025-09-01T14:45:33+00:00","og_image":[{"width":1080,"height":1080,"url":"https:\/\/airobazar.com\/wp-content\/uploads\/2025\/09\/7.png","type":"image\/png"}],"twitter_card":"summary_large_image","twitter_misc":{"Tahmini okuma s\u00fcresi":"1 dakika"},"schema":{"@context":"https:\/\/schema.org","@graph":[{"@type":"WebPage","@id":"https:\/\/airobazar.com\/tr\/urun\/narli-hazir-cay-nar-cayi-200-gr\/","url":"https:\/\/airobazar.com\/tr\/urun\/narli-hazir-cay-nar-cayi-200-gr\/","name":"Narl\u0131 Haz\u0131r \u00c7ay, Nar \u00c7ay\u0131 200 gr - AiroBazar","isPartOf":{"@id":"https:\/\/airobazar.com\/#website"},"primaryImageOfPage":{"@id":"https:\/\/airobazar.com\/tr\/urun\/narli-hazir-cay-nar-cayi-200-gr\/#primaryimage"},"image":{"@id":"https:\/\/airobazar.com\/tr\/urun\/narli-hazir-cay-nar-cayi-200-gr\/#primaryimage"},"thumbnailUrl":"https:\/\/airobazar.com\/wp-content\/uploads\/2025\/09\/7.png","datePublished":"2025-09-01T14:38:44+00:00","dateModified":"2025-09-01T14:45:33+00:00","breadcrumb":{"@id":"https:\/\/airobazar.com\/tr\/urun\/narli-hazir-cay-nar-cayi-200-gr\/#breadcrumb"},"inLanguage":"tr","potentialAction":[{"@type":"ReadAction","target":["https:\/\/airobazar.com\/tr\/urun\/narli-hazir-cay-nar-cayi-200-gr\/"]}]},{"@type":"ImageObject","inLanguage":"tr","@id":"https:\/\/airobazar.com\/tr\/urun\/narli-hazir-cay-nar-cayi-200-gr\/#primaryimage","url":"https:\/\/airobazar.com\/wp-content\/uploads\/2025\/09\/7.png","contentUrl":"https:\/\/airobazar.com\/wp-content\/uploads\/2025\/09\/7.png","width":1080,"height":1080},{"@type":"BreadcrumbList","@id":"https:\/\/airobazar.com\/tr\/urun\/narli-hazir-cay-nar-cayi-200-gr\/#breadcrumb","itemListElement":[{"@type":"ListItem","position":1,"name":"Home","item":"https:\/\/airobazar.com\/tr\/"},{"@type":"ListItem","position":2,"name":"Ma\u011faza","item":"https:\/\/airobazar.com\/tr\/magaza\/"},{"@type":"ListItem","position":3,"name":"Narl\u0131 Haz\u0131r \u00c7ay, Nar \u00c7ay\u0131 200 gr"}]},{"@type":"WebSite","@id":"https:\/\/airobazar.com\/#website","url":"https:\/\/airobazar.com\/","name":"AiroBazar","description":"online sales","potentialAction":[{"@type":"SearchAction","target":{"@type":"EntryPoint","urlTemplate":"https:\/\/airobazar.com\/?s={search_term_string}"},"query-input":{"@type":"PropertyValueSpecification","valueRequired":true,"valueName":"search_term_string"}}],"inLanguage":"tr"}]}},"_links":{"self":[{"href":"https:\/\/airobazar.com\/tr\/wp-json\/wp\/v2\/product\/6025","targetHints":{"allow":["GET"]}}],"collection":[{"href":"https:\/\/airobazar.com\/tr\/wp-json\/wp\/v2\/product"}],"about":[{"href":"https:\/\/airobazar.com\/tr\/wp-json\/wp\/v2\/types\/product"}],"replies":[{"embeddable":true,"href":"https:\/\/airobazar.com\/tr\/wp-json\/wp\/v2\/comments?post=6025"}],"version-history":[{"count":0,"href":"https:\/\/airobazar.com\/tr\/wp-json\/wp\/v2\/product\/6025\/revisions"}],"wp:featuredmedia":[{"embeddable":true,"href":"https:\/\/airobazar.com\/tr\/wp-json\/wp\/v2\/media\/6018"}],"wp:attachment":[{"href":"https:\/\/airobazar.com\/tr\/wp-json\/wp\/v2\/media?parent=6025"}],"wp:term":[{"taxonomy":"product_brand","embeddable":true,"href":"https:\/\/airobazar.com\/tr\/wp-json\/wp\/v2\/product_brand?post=6025"},{"taxonomy":"product_cat","embeddable":true,"href":"https:\/\/airobazar.com\/tr\/wp-json\/wp\/v2\/product_cat?post=6025"},{"taxonomy":"product_tag","embeddable":true,"href":"https:\/\/airobazar.com\/tr\/wp-json\/wp\/v2\/product_tag?post=6025"}],"curies":[{"name":"wp","href":"https:\/\/api.w.org\/{rel}","templated":true}]}}