{"id":5668,"date":"2025-08-06T11:10:18","date_gmt":"2025-08-06T11:10:18","guid":{"rendered":"https:\/\/airobazar.com\/?post_type=product&#038;p=5668"},"modified":"2025-08-28T09:09:39","modified_gmt":"2025-08-28T09:09:39","slug":"anadolu-organik-turk-kahvesi-portakal-ve-tarcin-100gr","status":"publish","type":"product","link":"https:\/\/airobazar.com\/tr\/urun\/anadolu-organik-turk-kahvesi-portakal-ve-tarcin-100gr\/","title":{"rendered":"Anadolu Organik T\u00fcrk Kahvesi Portakal ve Tar\u00e7\u0131n 100gr"},"content":{"rendered":"<p>Anadolu Organik T\u00fcrk Kahvesi &#8211; Portakal ve Tar\u00e7\u0131n (100g)<\/p>\n<p>Anadolu Organik T\u00fcrk Kahvesi Portakal ve Tar\u00e7\u0131n ile geleneksel T\u00fcrk kahvesine ferahlat\u0131c\u0131 ve aromatik bir dokunu\u015f kat\u0131n. Bu e\u015fsiz kar\u0131\u015f\u0131m, en kaliteli organik kahve \u00e7ekirdeklerini portakal\u0131n canl\u0131 esans\u0131 ve tar\u00e7\u0131n\u0131n s\u0131cakl\u0131\u011f\u0131yla birle\u015ftirerek duyular\u0131n\u0131z\u0131 harekete ge\u00e7iren keyifli bir lezzet f\u00fczyonu yarat\u0131yor.<\/p>\n<p>Temel \u00d6zellikler:<\/p>\n<p>\u2714 %100 Organik &#8211; Birinci s\u0131n\u0131f, \u00f6zenle se\u00e7ilmi\u015f kahve \u00e7ekirdeklerinden \u00fcretilmi\u015ftir.<\/p>\n<p>\u2714 Portakal ve Tar\u00e7\u0131n Aromal\u0131 &#8211; Zengin kahve aromas\u0131n\u0131 art\u0131ran ho\u015f kokulu ve aromatik bir kar\u0131\u015f\u0131m.<\/p>\n<p>\u2714 Orta Kavrulmu\u015f &#8211; Cesurluk ve yumu\u015fakl\u0131\u011f\u0131n m\u00fckemmel dengesi.<br \/>\n\u2714 \u0130nce \u00d6\u011f\u00fct\u00fclm\u00fc\u015f &#8211; \u00d6zg\u00fcn T\u00fcrk kahvesi haz\u0131rlamak i\u00e7in ideal.<\/p>\n<p>Nas\u0131l Haz\u0131rlan\u0131r?<\/p>\n<p>Fincan ba\u015f\u0131na 1 tepeleme \u00e7ay ka\u015f\u0131\u011f\u0131 kahveyi so\u011fuk suya (iste\u011fe ba\u011fl\u0131 \u015feker) ekleyin.<\/p>\n<p>\u0130yice kar\u0131\u015ft\u0131r\u0131n ve k\u0131s\u0131k ate\u015fte \u0131s\u0131t\u0131n, k\u00f6p\u00fc\u011f\u00fcn kabarmas\u0131n\u0131 bekleyin.<\/p>\n<p>K\u00f6p\u00fc\u011f\u00fcn bozulmadan kalmas\u0131na izin vererek yava\u015f\u00e7a fincan\u0131n\u0131za d\u00f6k\u00fcn.<\/p>\n<p>Portakal ve tar\u00e7\u0131n\u0131n davetkar aromas\u0131n\u0131, zengin ve yumu\u015fak kahve aromas\u0131yla birle\u015ftirerek yudumlay\u0131n ve keyfini \u00e7\u0131kar\u0131n!<\/p>\n<p>Anadolu Organik T\u00fcrk Kahvesi Portakal ve Tar\u00e7\u0131n ile g\u00fcn\u00fcn her saati i\u00e7in m\u00fckemmel, ferahlat\u0131c\u0131 ve baharatl\u0131 bir dokunu\u015fla kahve deneyiminizi zenginle\u015ftirebilirsiniz. \u2615\u2728<\/p>\n","protected":false},"excerpt":{"rendered":"<p>Anadolu Organik T\u00fcrk Kahvesi &#8211; Portakal ve Tar\u00e7\u0131n (100g) Anadolu Organik T\u00fcrk Kahvesi Portakal ve Tar\u00e7\u0131n ile geleneksel T\u00fcrk kahvesine<\/p>\n","protected":false},"featured_media":3621,"comment_status":"closed","ping_status":"closed","template":"","meta":[],"product_brand":[],"product_cat":[211],"product_tag":[],"class_list":{"0":"post-5668","1":"product","2":"type-product","3":"status-publish","4":"has-post-thumbnail","6":"product_cat-kahve-cesitleri","8":"first","9":"instock","10":"sale","11":"taxable","12":"shipping-taxable","13":"purchasable","14":"product-type-simple"},"yoast_head":"<!-- This site is optimized with the Yoast SEO plugin v27.4 - https:\/\/yoast.com\/product\/yoast-seo-wordpress\/ -->\n<title>Anadolu Organik T\u00fcrk Kahvesi Portakal ve Tar\u00e7\u0131n 100gr - AiroBazar<\/title>\n<meta name=\"robots\" content=\"index, follow, max-snippet:-1, max-image-preview:large, max-video-preview:-1\" \/>\n<link rel=\"canonical\" href=\"https:\/\/airobazar.com\/product\/anatolian-organic-turkish-coffee-orange-cinnamon-100gr\/\" \/>\n<meta property=\"og:locale\" content=\"tr_TR\" \/>\n<meta property=\"og:type\" content=\"article\" \/>\n<meta property=\"og:title\" content=\"Anadolu Organik T\u00fcrk Kahvesi Portakal ve Tar\u00e7\u0131n 100gr - AiroBazar\" \/>\n<meta property=\"og:description\" content=\"Anadolu Organik T\u00fcrk Kahvesi &#8211; Portakal ve Tar\u00e7\u0131n (100g) Anadolu Organik T\u00fcrk Kahvesi Portakal ve Tar\u00e7\u0131n ile geleneksel T\u00fcrk kahvesine\" \/>\n<meta property=\"og:url\" content=\"https:\/\/airobazar.com\/product\/anatolian-organic-turkish-coffee-orange-cinnamon-100gr\/\" \/>\n<meta property=\"og:site_name\" content=\"AiroBazar\" \/>\n<meta property=\"article:modified_time\" content=\"2025-08-28T09:09:39+00:00\" \/>\n<meta property=\"og:image\" content=\"https:\/\/airobazar.com\/wp-content\/uploads\/2025\/08\/antaolian-organik-turkish-coffee-1p.jpg\" \/>\n\t<meta property=\"og:image:width\" content=\"1000\" \/>\n\t<meta property=\"og:image:height\" content=\"1000\" \/>\n\t<meta property=\"og:image:type\" content=\"image\/jpeg\" \/>\n<meta name=\"twitter:card\" content=\"summary_large_image\" \/>\n<meta name=\"twitter:label1\" content=\"Tahmini okuma s\u00fcresi\" \/>\n\t<meta name=\"twitter:data1\" content=\"1 dakika\" \/>\n<script type=\"application\/ld+json\" class=\"yoast-schema-graph\">{\"@context\":\"https:\\\/\\\/schema.org\",\"@graph\":[{\"@type\":\"WebPage\",\"@id\":\"https:\\\/\\\/airobazar.com\\\/product\\\/anatolian-organic-turkish-coffee-orange-cinnamon-100gr\\\/\",\"url\":\"https:\\\/\\\/airobazar.com\\\/product\\\/anatolian-organic-turkish-coffee-orange-cinnamon-100gr\\\/\",\"name\":\"Anadolu Organik T\u00fcrk Kahvesi Portakal ve Tar\u00e7\u0131n 100gr - AiroBazar\",\"isPartOf\":{\"@id\":\"https:\\\/\\\/airobazar.com\\\/#website\"},\"primaryImageOfPage\":{\"@id\":\"https:\\\/\\\/airobazar.com\\\/product\\\/anatolian-organic-turkish-coffee-orange-cinnamon-100gr\\\/#primaryimage\"},\"image\":{\"@id\":\"https:\\\/\\\/airobazar.com\\\/product\\\/anatolian-organic-turkish-coffee-orange-cinnamon-100gr\\\/#primaryimage\"},\"thumbnailUrl\":\"https:\\\/\\\/airobazar.com\\\/wp-content\\\/uploads\\\/2025\\\/08\\\/antaolian-organik-turkish-coffee-1p.jpg\",\"datePublished\":\"2025-08-06T11:10:18+00:00\",\"dateModified\":\"2025-08-28T09:09:39+00:00\",\"breadcrumb\":{\"@id\":\"https:\\\/\\\/airobazar.com\\\/product\\\/anatolian-organic-turkish-coffee-orange-cinnamon-100gr\\\/#breadcrumb\"},\"inLanguage\":\"tr\",\"potentialAction\":[{\"@type\":\"ReadAction\",\"target\":[\"https:\\\/\\\/airobazar.com\\\/product\\\/anatolian-organic-turkish-coffee-orange-cinnamon-100gr\\\/\"]}]},{\"@type\":\"ImageObject\",\"inLanguage\":\"tr\",\"@id\":\"https:\\\/\\\/airobazar.com\\\/product\\\/anatolian-organic-turkish-coffee-orange-cinnamon-100gr\\\/#primaryimage\",\"url\":\"https:\\\/\\\/airobazar.com\\\/wp-content\\\/uploads\\\/2025\\\/08\\\/antaolian-organik-turkish-coffee-1p.jpg\",\"contentUrl\":\"https:\\\/\\\/airobazar.com\\\/wp-content\\\/uploads\\\/2025\\\/08\\\/antaolian-organik-turkish-coffee-1p.jpg\",\"width\":1000,\"height\":1000},{\"@type\":\"BreadcrumbList\",\"@id\":\"https:\\\/\\\/airobazar.com\\\/product\\\/anatolian-organic-turkish-coffee-orange-cinnamon-100gr\\\/#breadcrumb\",\"itemListElement\":[{\"@type\":\"ListItem\",\"position\":1,\"name\":\"Home\",\"item\":\"https:\\\/\\\/airobazar.com\\\/tr\\\/\"},{\"@type\":\"ListItem\",\"position\":2,\"name\":\"Ma\u011faza\",\"item\":\"https:\\\/\\\/airobazar.com\\\/tr\\\/magaza\\\/\"},{\"@type\":\"ListItem\",\"position\":3,\"name\":\"Anadolu Organik T\u00fcrk Kahvesi Portakal ve Tar\u00e7\u0131n 100gr\"}]},{\"@type\":\"WebSite\",\"@id\":\"https:\\\/\\\/airobazar.com\\\/#website\",\"url\":\"https:\\\/\\\/airobazar.com\\\/\",\"name\":\"AiroBazar\",\"description\":\"online sales\",\"potentialAction\":[{\"@type\":\"SearchAction\",\"target\":{\"@type\":\"EntryPoint\",\"urlTemplate\":\"https:\\\/\\\/airobazar.com\\\/?s={search_term_string}\"},\"query-input\":{\"@type\":\"PropertyValueSpecification\",\"valueRequired\":true,\"valueName\":\"search_term_string\"}}],\"inLanguage\":\"tr\"}]}<\/script>\n<!-- \/ Yoast SEO plugin. -->","yoast_head_json":{"title":"Anadolu Organik T\u00fcrk Kahvesi Portakal ve Tar\u00e7\u0131n 100gr - AiroBazar","robots":{"index":"index","follow":"follow","max-snippet":"max-snippet:-1","max-image-preview":"max-image-preview:large","max-video-preview":"max-video-preview:-1"},"canonical":"https:\/\/airobazar.com\/product\/anatolian-organic-turkish-coffee-orange-cinnamon-100gr\/","og_locale":"tr_TR","og_type":"article","og_title":"Anadolu Organik T\u00fcrk Kahvesi Portakal ve Tar\u00e7\u0131n 100gr - AiroBazar","og_description":"Anadolu Organik T\u00fcrk Kahvesi &#8211; Portakal ve Tar\u00e7\u0131n (100g) Anadolu Organik T\u00fcrk Kahvesi Portakal ve Tar\u00e7\u0131n ile geleneksel T\u00fcrk kahvesine","og_url":"https:\/\/airobazar.com\/product\/anatolian-organic-turkish-coffee-orange-cinnamon-100gr\/","og_site_name":"AiroBazar","article_modified_time":"2025-08-28T09:09:39+00:00","og_image":[{"width":1000,"height":1000,"url":"https:\/\/airobazar.com\/wp-content\/uploads\/2025\/08\/antaolian-organik-turkish-coffee-1p.jpg","type":"image\/jpeg"}],"twitter_card":"summary_large_image","twitter_misc":{"Tahmini okuma s\u00fcresi":"1 dakika"},"schema":{"@context":"https:\/\/schema.org","@graph":[{"@type":"WebPage","@id":"https:\/\/airobazar.com\/product\/anatolian-organic-turkish-coffee-orange-cinnamon-100gr\/","url":"https:\/\/airobazar.com\/product\/anatolian-organic-turkish-coffee-orange-cinnamon-100gr\/","name":"Anadolu Organik T\u00fcrk Kahvesi Portakal ve Tar\u00e7\u0131n 100gr - AiroBazar","isPartOf":{"@id":"https:\/\/airobazar.com\/#website"},"primaryImageOfPage":{"@id":"https:\/\/airobazar.com\/product\/anatolian-organic-turkish-coffee-orange-cinnamon-100gr\/#primaryimage"},"image":{"@id":"https:\/\/airobazar.com\/product\/anatolian-organic-turkish-coffee-orange-cinnamon-100gr\/#primaryimage"},"thumbnailUrl":"https:\/\/airobazar.com\/wp-content\/uploads\/2025\/08\/antaolian-organik-turkish-coffee-1p.jpg","datePublished":"2025-08-06T11:10:18+00:00","dateModified":"2025-08-28T09:09:39+00:00","breadcrumb":{"@id":"https:\/\/airobazar.com\/product\/anatolian-organic-turkish-coffee-orange-cinnamon-100gr\/#breadcrumb"},"inLanguage":"tr","potentialAction":[{"@type":"ReadAction","target":["https:\/\/airobazar.com\/product\/anatolian-organic-turkish-coffee-orange-cinnamon-100gr\/"]}]},{"@type":"ImageObject","inLanguage":"tr","@id":"https:\/\/airobazar.com\/product\/anatolian-organic-turkish-coffee-orange-cinnamon-100gr\/#primaryimage","url":"https:\/\/airobazar.com\/wp-content\/uploads\/2025\/08\/antaolian-organik-turkish-coffee-1p.jpg","contentUrl":"https:\/\/airobazar.com\/wp-content\/uploads\/2025\/08\/antaolian-organik-turkish-coffee-1p.jpg","width":1000,"height":1000},{"@type":"BreadcrumbList","@id":"https:\/\/airobazar.com\/product\/anatolian-organic-turkish-coffee-orange-cinnamon-100gr\/#breadcrumb","itemListElement":[{"@type":"ListItem","position":1,"name":"Home","item":"https:\/\/airobazar.com\/tr\/"},{"@type":"ListItem","position":2,"name":"Ma\u011faza","item":"https:\/\/airobazar.com\/tr\/magaza\/"},{"@type":"ListItem","position":3,"name":"Anadolu Organik T\u00fcrk Kahvesi Portakal ve Tar\u00e7\u0131n 100gr"}]},{"@type":"WebSite","@id":"https:\/\/airobazar.com\/#website","url":"https:\/\/airobazar.com\/","name":"AiroBazar","description":"online sales","potentialAction":[{"@type":"SearchAction","target":{"@type":"EntryPoint","urlTemplate":"https:\/\/airobazar.com\/?s={search_term_string}"},"query-input":{"@type":"PropertyValueSpecification","valueRequired":true,"valueName":"search_term_string"}}],"inLanguage":"tr"}]}},"_links":{"self":[{"href":"https:\/\/airobazar.com\/tr\/wp-json\/wp\/v2\/product\/5668","targetHints":{"allow":["GET"]}}],"collection":[{"href":"https:\/\/airobazar.com\/tr\/wp-json\/wp\/v2\/product"}],"about":[{"href":"https:\/\/airobazar.com\/tr\/wp-json\/wp\/v2\/types\/product"}],"replies":[{"embeddable":true,"href":"https:\/\/airobazar.com\/tr\/wp-json\/wp\/v2\/comments?post=5668"}],"version-history":[{"count":0,"href":"https:\/\/airobazar.com\/tr\/wp-json\/wp\/v2\/product\/5668\/revisions"}],"wp:featuredmedia":[{"embeddable":true,"href":"https:\/\/airobazar.com\/tr\/wp-json\/wp\/v2\/media\/3621"}],"wp:attachment":[{"href":"https:\/\/airobazar.com\/tr\/wp-json\/wp\/v2\/media?parent=5668"}],"wp:term":[{"taxonomy":"product_brand","embeddable":true,"href":"https:\/\/airobazar.com\/tr\/wp-json\/wp\/v2\/product_brand?post=5668"},{"taxonomy":"product_cat","embeddable":true,"href":"https:\/\/airobazar.com\/tr\/wp-json\/wp\/v2\/product_cat?post=5668"},{"taxonomy":"product_tag","embeddable":true,"href":"https:\/\/airobazar.com\/tr\/wp-json\/wp\/v2\/product_tag?post=5668"}],"curies":[{"name":"wp","href":"https:\/\/api.w.org\/{rel}","templated":true}]}}