{"id":5556,"date":"2025-08-27T14:09:36","date_gmt":"2025-08-27T14:09:36","guid":{"rendered":"https:\/\/airobazar.com\/?post_type=product&#038;p=5556"},"modified":"2025-09-05T13:23:59","modified_gmt":"2025-09-05T13:23:59","slug":"sea-salt-soap-3-in-1-set-with-soap-tray-washcloth-natural-exfoliating-body-cleansing-gift","status":"publish","type":"product","link":"https:\/\/airobazar.com\/tr\/urun\/sea-salt-soap-3-in-1-set-with-soap-tray-washcloth-natural-exfoliating-body-cleansing-gift\/","title":{"rendered":"Sea Salt Soap 3-in-1 Set with Soap Tray &#038; Washcloth \u2013 Natural Exfoliating Body Cleansing Gift"},"content":{"rendered":"<p>Cildinizi do\u011fal olarak temizlemek, \u00f6l\u00fc derilerden ar\u0131nd\u0131rmak ve beslemek i\u00e7in tasarlanm\u0131\u015f Deniz Tuzu Sabunu 3&#8217;\u00fc 1 Arada Setimizin canland\u0131r\u0131c\u0131 g\u00fcc\u00fcn\u00fc deneyimleyin. Mineral a\u00e7\u0131s\u0131ndan zengin bir deniz tuzu sabunu kal\u0131b\u0131, dayan\u0131kl\u0131 bir sabunluk ve yumu\u015fak, emici bir lif i\u00e7eren bu hepsi bir arada v\u00fccut temizleme hediyesi, evde ferahlat\u0131c\u0131 ve spa benzeri bir rutin i\u00e7in ideal bir \u00e7\u00f6z\u00fcmd\u00fcr.<\/p>\n<p>Do\u011fal malzemelerle el yap\u0131m\u0131 olarak \u00fcretilen sabun kal\u0131b\u0131, \u00f6l\u00fc deri h\u00fccrelerini nazik\u00e7e temizlerken, sabunluk da\u011f\u0131n\u0131kl\u0131\u011f\u0131 \u00f6nler ve sabunun \u00f6mr\u00fcn\u00fc uzat\u0131r. \u00dcr\u00fcnle birlikte gelen lif, \u00f6l\u00fc deriyi ar\u0131nd\u0131r\u0131r ve kan dola\u015f\u0131m\u0131n\u0131 h\u0131zland\u0131rarak cildinizi p\u00fcr\u00fczs\u00fcz ve ferah b\u0131rak\u0131r. Hassas ciltler i\u00e7in m\u00fckemmel olan bu set, sert kimyasallar i\u00e7ermez ve hediye olarak \u00f6zenle paketlenmi\u015ftir. Kendinizi veya sevdiklerinizi bu deniz tuzu sabunu setinin sakinle\u015ftirici dokusu ve ger\u00e7ek faydalar\u0131yla \u015f\u0131mart\u0131n ve her al\u0131\u015fveri\u015finizde h\u0131zl\u0131 kargo ve g\u00fcler y\u00fczl\u00fc m\u00fc\u015fteri deste\u011fimizin keyfini \u00e7\u0131kar\u0131n.<\/p>\n","protected":false},"excerpt":{"rendered":"<p>Cildinizi do\u011fal olarak temizlemek, \u00f6l\u00fc derilerden ar\u0131nd\u0131rmak ve beslemek i\u00e7in tasarlanm\u0131\u015f Deniz Tuzu Sabunu 3&#8217;\u00fc 1 Arada Setimizin canland\u0131r\u0131c\u0131 g\u00fcc\u00fcn\u00fc<\/p>\n","protected":false},"featured_media":5547,"comment_status":"open","ping_status":"closed","template":"","meta":[],"product_brand":[],"product_cat":[223],"product_tag":[],"class_list":{"0":"post-5556","1":"product","2":"type-product","3":"status-publish","4":"has-post-thumbnail","6":"product_cat-kozmetik-ve-kisisel-bakim-tr","8":"first","9":"instock","10":"sale","11":"taxable","12":"shipping-taxable","13":"purchasable","14":"product-type-simple"},"yoast_head":"<!-- This site is optimized with the Yoast SEO plugin v27.4 - https:\/\/yoast.com\/product\/yoast-seo-wordpress\/ -->\n<title>Sea Salt Soap 3-in-1 Set with Soap Tray &amp; Washcloth \u2013 Natural Exfoliating Body Cleansing Gift - AiroBazar<\/title>\n<meta name=\"robots\" content=\"index, follow, max-snippet:-1, max-image-preview:large, max-video-preview:-1\" \/>\n<link rel=\"canonical\" href=\"https:\/\/airobazar.com\/product\/sea-salt-soap-3-in-1-set-with-soap-tray-washcloth-natural-exfoliating-body-cleansing-gift\/\" \/>\n<meta property=\"og:locale\" content=\"tr_TR\" \/>\n<meta property=\"og:type\" content=\"article\" \/>\n<meta property=\"og:title\" content=\"Sea Salt Soap 3-in-1 Set with Soap Tray &amp; Washcloth \u2013 Natural Exfoliating Body Cleansing Gift - AiroBazar\" \/>\n<meta property=\"og:description\" content=\"Cildinizi do\u011fal olarak temizlemek, \u00f6l\u00fc derilerden ar\u0131nd\u0131rmak ve beslemek i\u00e7in tasarlanm\u0131\u015f Deniz Tuzu Sabunu 3&#8217;\u00fc 1 Arada Setimizin canland\u0131r\u0131c\u0131 g\u00fcc\u00fcn\u00fc\" \/>\n<meta property=\"og:url\" content=\"https:\/\/airobazar.com\/product\/sea-salt-soap-3-in-1-set-with-soap-tray-washcloth-natural-exfoliating-body-cleansing-gift\/\" \/>\n<meta property=\"og:site_name\" content=\"AiroBazar\" \/>\n<meta property=\"article:modified_time\" content=\"2025-09-05T13:23:59+00:00\" \/>\n<meta property=\"og:image\" content=\"https:\/\/airobazar.com\/wp-content\/uploads\/2025\/08\/deniz-tuzlu-sabun-kese-ve-sabunluk-hed-4eb6-9.jpg\" \/>\n\t<meta property=\"og:image:width\" content=\"1200\" \/>\n\t<meta property=\"og:image:height\" content=\"1200\" \/>\n\t<meta property=\"og:image:type\" content=\"image\/jpeg\" \/>\n<meta name=\"twitter:card\" content=\"summary_large_image\" \/>\n<meta name=\"twitter:label1\" content=\"Tahmini okuma s\u00fcresi\" \/>\n\t<meta name=\"twitter:data1\" content=\"1 dakika\" \/>\n<script type=\"application\/ld+json\" class=\"yoast-schema-graph\">{\"@context\":\"https:\\\/\\\/schema.org\",\"@graph\":[{\"@type\":\"WebPage\",\"@id\":\"https:\\\/\\\/airobazar.com\\\/product\\\/sea-salt-soap-3-in-1-set-with-soap-tray-washcloth-natural-exfoliating-body-cleansing-gift\\\/\",\"url\":\"https:\\\/\\\/airobazar.com\\\/product\\\/sea-salt-soap-3-in-1-set-with-soap-tray-washcloth-natural-exfoliating-body-cleansing-gift\\\/\",\"name\":\"Sea Salt Soap 3-in-1 Set with Soap Tray & Washcloth \u2013 Natural Exfoliating Body Cleansing Gift - AiroBazar\",\"isPartOf\":{\"@id\":\"https:\\\/\\\/airobazar.com\\\/#website\"},\"primaryImageOfPage\":{\"@id\":\"https:\\\/\\\/airobazar.com\\\/product\\\/sea-salt-soap-3-in-1-set-with-soap-tray-washcloth-natural-exfoliating-body-cleansing-gift\\\/#primaryimage\"},\"image\":{\"@id\":\"https:\\\/\\\/airobazar.com\\\/product\\\/sea-salt-soap-3-in-1-set-with-soap-tray-washcloth-natural-exfoliating-body-cleansing-gift\\\/#primaryimage\"},\"thumbnailUrl\":\"https:\\\/\\\/airobazar.com\\\/wp-content\\\/uploads\\\/2025\\\/08\\\/deniz-tuzlu-sabun-kese-ve-sabunluk-hed-4eb6-9.jpg\",\"datePublished\":\"2025-08-27T14:09:36+00:00\",\"dateModified\":\"2025-09-05T13:23:59+00:00\",\"breadcrumb\":{\"@id\":\"https:\\\/\\\/airobazar.com\\\/product\\\/sea-salt-soap-3-in-1-set-with-soap-tray-washcloth-natural-exfoliating-body-cleansing-gift\\\/#breadcrumb\"},\"inLanguage\":\"tr\",\"potentialAction\":[{\"@type\":\"ReadAction\",\"target\":[\"https:\\\/\\\/airobazar.com\\\/product\\\/sea-salt-soap-3-in-1-set-with-soap-tray-washcloth-natural-exfoliating-body-cleansing-gift\\\/\"]}]},{\"@type\":\"ImageObject\",\"inLanguage\":\"tr\",\"@id\":\"https:\\\/\\\/airobazar.com\\\/product\\\/sea-salt-soap-3-in-1-set-with-soap-tray-washcloth-natural-exfoliating-body-cleansing-gift\\\/#primaryimage\",\"url\":\"https:\\\/\\\/airobazar.com\\\/wp-content\\\/uploads\\\/2025\\\/08\\\/deniz-tuzlu-sabun-kese-ve-sabunluk-hed-4eb6-9.jpg\",\"contentUrl\":\"https:\\\/\\\/airobazar.com\\\/wp-content\\\/uploads\\\/2025\\\/08\\\/deniz-tuzlu-sabun-kese-ve-sabunluk-hed-4eb6-9.jpg\",\"width\":1200,\"height\":1200},{\"@type\":\"BreadcrumbList\",\"@id\":\"https:\\\/\\\/airobazar.com\\\/product\\\/sea-salt-soap-3-in-1-set-with-soap-tray-washcloth-natural-exfoliating-body-cleansing-gift\\\/#breadcrumb\",\"itemListElement\":[{\"@type\":\"ListItem\",\"position\":1,\"name\":\"Home\",\"item\":\"https:\\\/\\\/airobazar.com\\\/tr\\\/\"},{\"@type\":\"ListItem\",\"position\":2,\"name\":\"Ma\u011faza\",\"item\":\"https:\\\/\\\/airobazar.com\\\/tr\\\/magaza\\\/\"},{\"@type\":\"ListItem\",\"position\":3,\"name\":\"Sea Salt Soap 3-in-1 Set with Soap Tray &#038; Washcloth \u2013 Natural Exfoliating Body Cleansing Gift\"}]},{\"@type\":\"WebSite\",\"@id\":\"https:\\\/\\\/airobazar.com\\\/#website\",\"url\":\"https:\\\/\\\/airobazar.com\\\/\",\"name\":\"AiroBazar\",\"description\":\"online sales\",\"potentialAction\":[{\"@type\":\"SearchAction\",\"target\":{\"@type\":\"EntryPoint\",\"urlTemplate\":\"https:\\\/\\\/airobazar.com\\\/?s={search_term_string}\"},\"query-input\":{\"@type\":\"PropertyValueSpecification\",\"valueRequired\":true,\"valueName\":\"search_term_string\"}}],\"inLanguage\":\"tr\"}]}<\/script>\n<!-- \/ Yoast SEO plugin. -->","yoast_head_json":{"title":"Sea Salt Soap 3-in-1 Set with Soap Tray & Washcloth \u2013 Natural Exfoliating Body Cleansing Gift - AiroBazar","robots":{"index":"index","follow":"follow","max-snippet":"max-snippet:-1","max-image-preview":"max-image-preview:large","max-video-preview":"max-video-preview:-1"},"canonical":"https:\/\/airobazar.com\/product\/sea-salt-soap-3-in-1-set-with-soap-tray-washcloth-natural-exfoliating-body-cleansing-gift\/","og_locale":"tr_TR","og_type":"article","og_title":"Sea Salt Soap 3-in-1 Set with Soap Tray & Washcloth \u2013 Natural Exfoliating Body Cleansing Gift - AiroBazar","og_description":"Cildinizi do\u011fal olarak temizlemek, \u00f6l\u00fc derilerden ar\u0131nd\u0131rmak ve beslemek i\u00e7in tasarlanm\u0131\u015f Deniz Tuzu Sabunu 3&#8217;\u00fc 1 Arada Setimizin canland\u0131r\u0131c\u0131 g\u00fcc\u00fcn\u00fc","og_url":"https:\/\/airobazar.com\/product\/sea-salt-soap-3-in-1-set-with-soap-tray-washcloth-natural-exfoliating-body-cleansing-gift\/","og_site_name":"AiroBazar","article_modified_time":"2025-09-05T13:23:59+00:00","og_image":[{"width":1200,"height":1200,"url":"https:\/\/airobazar.com\/wp-content\/uploads\/2025\/08\/deniz-tuzlu-sabun-kese-ve-sabunluk-hed-4eb6-9.jpg","type":"image\/jpeg"}],"twitter_card":"summary_large_image","twitter_misc":{"Tahmini okuma s\u00fcresi":"1 dakika"},"schema":{"@context":"https:\/\/schema.org","@graph":[{"@type":"WebPage","@id":"https:\/\/airobazar.com\/product\/sea-salt-soap-3-in-1-set-with-soap-tray-washcloth-natural-exfoliating-body-cleansing-gift\/","url":"https:\/\/airobazar.com\/product\/sea-salt-soap-3-in-1-set-with-soap-tray-washcloth-natural-exfoliating-body-cleansing-gift\/","name":"Sea Salt Soap 3-in-1 Set with Soap Tray & Washcloth \u2013 Natural Exfoliating Body Cleansing Gift - AiroBazar","isPartOf":{"@id":"https:\/\/airobazar.com\/#website"},"primaryImageOfPage":{"@id":"https:\/\/airobazar.com\/product\/sea-salt-soap-3-in-1-set-with-soap-tray-washcloth-natural-exfoliating-body-cleansing-gift\/#primaryimage"},"image":{"@id":"https:\/\/airobazar.com\/product\/sea-salt-soap-3-in-1-set-with-soap-tray-washcloth-natural-exfoliating-body-cleansing-gift\/#primaryimage"},"thumbnailUrl":"https:\/\/airobazar.com\/wp-content\/uploads\/2025\/08\/deniz-tuzlu-sabun-kese-ve-sabunluk-hed-4eb6-9.jpg","datePublished":"2025-08-27T14:09:36+00:00","dateModified":"2025-09-05T13:23:59+00:00","breadcrumb":{"@id":"https:\/\/airobazar.com\/product\/sea-salt-soap-3-in-1-set-with-soap-tray-washcloth-natural-exfoliating-body-cleansing-gift\/#breadcrumb"},"inLanguage":"tr","potentialAction":[{"@type":"ReadAction","target":["https:\/\/airobazar.com\/product\/sea-salt-soap-3-in-1-set-with-soap-tray-washcloth-natural-exfoliating-body-cleansing-gift\/"]}]},{"@type":"ImageObject","inLanguage":"tr","@id":"https:\/\/airobazar.com\/product\/sea-salt-soap-3-in-1-set-with-soap-tray-washcloth-natural-exfoliating-body-cleansing-gift\/#primaryimage","url":"https:\/\/airobazar.com\/wp-content\/uploads\/2025\/08\/deniz-tuzlu-sabun-kese-ve-sabunluk-hed-4eb6-9.jpg","contentUrl":"https:\/\/airobazar.com\/wp-content\/uploads\/2025\/08\/deniz-tuzlu-sabun-kese-ve-sabunluk-hed-4eb6-9.jpg","width":1200,"height":1200},{"@type":"BreadcrumbList","@id":"https:\/\/airobazar.com\/product\/sea-salt-soap-3-in-1-set-with-soap-tray-washcloth-natural-exfoliating-body-cleansing-gift\/#breadcrumb","itemListElement":[{"@type":"ListItem","position":1,"name":"Home","item":"https:\/\/airobazar.com\/tr\/"},{"@type":"ListItem","position":2,"name":"Ma\u011faza","item":"https:\/\/airobazar.com\/tr\/magaza\/"},{"@type":"ListItem","position":3,"name":"Sea Salt Soap 3-in-1 Set with Soap Tray &#038; Washcloth \u2013 Natural Exfoliating Body Cleansing Gift"}]},{"@type":"WebSite","@id":"https:\/\/airobazar.com\/#website","url":"https:\/\/airobazar.com\/","name":"AiroBazar","description":"online sales","potentialAction":[{"@type":"SearchAction","target":{"@type":"EntryPoint","urlTemplate":"https:\/\/airobazar.com\/?s={search_term_string}"},"query-input":{"@type":"PropertyValueSpecification","valueRequired":true,"valueName":"search_term_string"}}],"inLanguage":"tr"}]}},"_links":{"self":[{"href":"https:\/\/airobazar.com\/tr\/wp-json\/wp\/v2\/product\/5556","targetHints":{"allow":["GET"]}}],"collection":[{"href":"https:\/\/airobazar.com\/tr\/wp-json\/wp\/v2\/product"}],"about":[{"href":"https:\/\/airobazar.com\/tr\/wp-json\/wp\/v2\/types\/product"}],"replies":[{"embeddable":true,"href":"https:\/\/airobazar.com\/tr\/wp-json\/wp\/v2\/comments?post=5556"}],"version-history":[{"count":0,"href":"https:\/\/airobazar.com\/tr\/wp-json\/wp\/v2\/product\/5556\/revisions"}],"wp:featuredmedia":[{"embeddable":true,"href":"https:\/\/airobazar.com\/tr\/wp-json\/wp\/v2\/media\/5547"}],"wp:attachment":[{"href":"https:\/\/airobazar.com\/tr\/wp-json\/wp\/v2\/media?parent=5556"}],"wp:term":[{"taxonomy":"product_brand","embeddable":true,"href":"https:\/\/airobazar.com\/tr\/wp-json\/wp\/v2\/product_brand?post=5556"},{"taxonomy":"product_cat","embeddable":true,"href":"https:\/\/airobazar.com\/tr\/wp-json\/wp\/v2\/product_cat?post=5556"},{"taxonomy":"product_tag","embeddable":true,"href":"https:\/\/airobazar.com\/tr\/wp-json\/wp\/v2\/product_tag?post=5556"}],"curies":[{"name":"wp","href":"https:\/\/api.w.org\/{rel}","templated":true}]}}