{"id":5486,"date":"2025-08-26T11:34:44","date_gmt":"2025-08-26T11:34:44","guid":{"rendered":"https:\/\/airobazar.com\/?post_type=product&#038;p=5486"},"modified":"2025-08-26T11:46:48","modified_gmt":"2025-08-26T11:46:48","slug":"lavanta-ozlu-sabun-hediye-seti-hassas-ciltler-icin-sabun-tepsisi-ve-yikama-bezi-ile-3u-1-arada-dogal-sabun-bari","status":"publish","type":"product","link":"https:\/\/airobazar.com\/tr\/urun\/lavanta-ozlu-sabun-hediye-seti-hassas-ciltler-icin-sabun-tepsisi-ve-yikama-bezi-ile-3u-1-arada-dogal-sabun-bari\/","title":{"rendered":"Lavanta \u00d6zl\u00fc Sabun Hediye Seti &#8211; Hassas Ciltler \u0130\u00e7in Sabun Tepsisi ve Y\u0131kama Bezi ile 3&#8217;\u00fc 1 Arada Do\u011fal Sabun Bar\u0131"},"content":{"rendered":"<p>Hassas ciltler i\u00e7in \u00f6zenle tasarlanm\u0131\u015f, do\u011fal bir kal\u0131p sabun, bir sabunluk ve yumu\u015fak bir lif i\u00e7eren Lavanta \u00d6zl\u00fc Sabun Hediye Setimizle nazik bir temizlik deneyimi ya\u015fay\u0131n. Bu hepsi bir arada set, cildinize do\u011fal bir bak\u0131m yaparken sakinle\u015ftirici lavanta aromas\u0131n\u0131n tad\u0131n\u0131 \u00e7\u0131karman\u0131n basit ve \u00f6zg\u00fcn bir yolunu sunar.<\/p>\n<p>Her bir sabun kal\u0131b\u0131, tahri\u015f ve kurulu\u011fu \u00f6nlemek i\u00e7in ideal olan yat\u0131\u015ft\u0131r\u0131c\u0131 \u00f6zellikleriyle bilinen do\u011fal malzemelerden \u00fcretilmi\u015ftir. Birlikte verilen sabunluk, sabununuzun kuru kalmas\u0131n\u0131 ve daha uzun s\u00fcre dayanmas\u0131n\u0131 sa\u011flarken, yumu\u015fak lif g\u00fcnl\u00fck rutininize yumu\u015fak bir dokunu\u015f katar. Dayan\u0131kl\u0131l\u0131k ve konfor g\u00f6z \u00f6n\u00fcnde bulundurularak se\u00e7ilen boyutlar ve malzemeler, bu hediye setini bilin\u00e7li bir cilt bak\u0131m\u0131 deneyimi arayanlar i\u00e7in m\u00fckemmel k\u0131lar. Kendinize veya sevdiklerinize hem bedeninizi hem de zihninizi besleyen saf ve \u00f6zenli bir temizlik hediye edin. Memnuniyet garantimiz ve h\u0131zl\u0131 kargo avantaj\u0131m\u0131zla desteklenen, huzurlu ve cilt dostu bir banyo rit\u00fcelinin keyfini \u00e7\u0131karmak i\u00e7in bug\u00fcn sipari\u015f verin.<\/p>\n","protected":false},"excerpt":{"rendered":"<p>Hassas ciltler i\u00e7in \u00f6zenle tasarlanm\u0131\u015f, do\u011fal bir kal\u0131p sabun, bir sabunluk ve yumu\u015fak bir lif i\u00e7eren Lavanta \u00d6zl\u00fc Sabun Hediye<\/p>\n","protected":false},"featured_media":5478,"comment_status":"open","ping_status":"closed","template":"","meta":[],"product_brand":[],"product_cat":[240],"product_tag":[],"class_list":{"0":"post-5486","1":"product","2":"type-product","3":"status-publish","4":"has-post-thumbnail","6":"product_cat-tum-katagoriler","8":"first","9":"instock","10":"sale","11":"taxable","12":"shipping-taxable","13":"purchasable","14":"product-type-simple"},"yoast_head":"<!-- This site is optimized with the Yoast SEO plugin v27.4 - https:\/\/yoast.com\/product\/yoast-seo-wordpress\/ -->\n<title>Lavanta \u00d6zl\u00fc Sabun Hediye Seti - Hassas Ciltler \u0130\u00e7in Sabun Tepsisi ve Y\u0131kama Bezi ile 3&#039;\u00fc 1 Arada Do\u011fal Sabun Bar\u0131 - AiroBazar<\/title>\n<meta name=\"robots\" content=\"index, follow, max-snippet:-1, max-image-preview:large, max-video-preview:-1\" \/>\n<link rel=\"canonical\" href=\"https:\/\/airobazar.com\/product\/lavender-essence-soap-gift-set-3-in-1-natural-soap-bar-with-soap-tray-washcloth-for-sensitive-skin\/\" \/>\n<meta property=\"og:locale\" content=\"tr_TR\" \/>\n<meta property=\"og:type\" content=\"article\" \/>\n<meta property=\"og:title\" content=\"Lavanta \u00d6zl\u00fc Sabun Hediye Seti - Hassas Ciltler \u0130\u00e7in Sabun Tepsisi ve Y\u0131kama Bezi ile 3&#039;\u00fc 1 Arada Do\u011fal Sabun Bar\u0131 - AiroBazar\" \/>\n<meta property=\"og:description\" content=\"Hassas ciltler i\u00e7in \u00f6zenle tasarlanm\u0131\u015f, do\u011fal bir kal\u0131p sabun, bir sabunluk ve yumu\u015fak bir lif i\u00e7eren Lavanta \u00d6zl\u00fc Sabun Hediye\" \/>\n<meta property=\"og:url\" content=\"https:\/\/airobazar.com\/product\/lavender-essence-soap-gift-set-3-in-1-natural-soap-bar-with-soap-tray-washcloth-for-sensitive-skin\/\" \/>\n<meta property=\"og:site_name\" content=\"AiroBazar\" \/>\n<meta property=\"article:modified_time\" content=\"2025-08-26T11:46:48+00:00\" \/>\n<meta property=\"og:image\" content=\"https:\/\/airobazar.com\/wp-content\/uploads\/2025\/08\/lavanta-yagli-sabun-kese-ve-sabunluk-h-4880--scaled.jpg\" \/>\n\t<meta property=\"og:image:width\" content=\"1984\" \/>\n\t<meta property=\"og:image:height\" content=\"2560\" \/>\n\t<meta property=\"og:image:type\" content=\"image\/jpeg\" \/>\n<meta name=\"twitter:card\" content=\"summary_large_image\" \/>\n<meta name=\"twitter:label1\" content=\"Tahmini okuma s\u00fcresi\" \/>\n\t<meta name=\"twitter:data1\" content=\"1 dakika\" \/>\n<script type=\"application\/ld+json\" class=\"yoast-schema-graph\">{\"@context\":\"https:\\\/\\\/schema.org\",\"@graph\":[{\"@type\":\"WebPage\",\"@id\":\"https:\\\/\\\/airobazar.com\\\/product\\\/lavender-essence-soap-gift-set-3-in-1-natural-soap-bar-with-soap-tray-washcloth-for-sensitive-skin\\\/\",\"url\":\"https:\\\/\\\/airobazar.com\\\/product\\\/lavender-essence-soap-gift-set-3-in-1-natural-soap-bar-with-soap-tray-washcloth-for-sensitive-skin\\\/\",\"name\":\"Lavanta \u00d6zl\u00fc Sabun Hediye Seti - Hassas Ciltler \u0130\u00e7in Sabun Tepsisi ve Y\u0131kama Bezi ile 3'\u00fc 1 Arada Do\u011fal Sabun Bar\u0131 - AiroBazar\",\"isPartOf\":{\"@id\":\"https:\\\/\\\/airobazar.com\\\/#website\"},\"primaryImageOfPage\":{\"@id\":\"https:\\\/\\\/airobazar.com\\\/product\\\/lavender-essence-soap-gift-set-3-in-1-natural-soap-bar-with-soap-tray-washcloth-for-sensitive-skin\\\/#primaryimage\"},\"image\":{\"@id\":\"https:\\\/\\\/airobazar.com\\\/product\\\/lavender-essence-soap-gift-set-3-in-1-natural-soap-bar-with-soap-tray-washcloth-for-sensitive-skin\\\/#primaryimage\"},\"thumbnailUrl\":\"https:\\\/\\\/airobazar.com\\\/wp-content\\\/uploads\\\/2025\\\/08\\\/lavanta-yagli-sabun-kese-ve-sabunluk-h-4880--scaled.jpg\",\"datePublished\":\"2025-08-26T11:34:44+00:00\",\"dateModified\":\"2025-08-26T11:46:48+00:00\",\"breadcrumb\":{\"@id\":\"https:\\\/\\\/airobazar.com\\\/product\\\/lavender-essence-soap-gift-set-3-in-1-natural-soap-bar-with-soap-tray-washcloth-for-sensitive-skin\\\/#breadcrumb\"},\"inLanguage\":\"tr\",\"potentialAction\":[{\"@type\":\"ReadAction\",\"target\":[\"https:\\\/\\\/airobazar.com\\\/product\\\/lavender-essence-soap-gift-set-3-in-1-natural-soap-bar-with-soap-tray-washcloth-for-sensitive-skin\\\/\"]}]},{\"@type\":\"ImageObject\",\"inLanguage\":\"tr\",\"@id\":\"https:\\\/\\\/airobazar.com\\\/product\\\/lavender-essence-soap-gift-set-3-in-1-natural-soap-bar-with-soap-tray-washcloth-for-sensitive-skin\\\/#primaryimage\",\"url\":\"https:\\\/\\\/airobazar.com\\\/wp-content\\\/uploads\\\/2025\\\/08\\\/lavanta-yagli-sabun-kese-ve-sabunluk-h-4880--scaled.jpg\",\"contentUrl\":\"https:\\\/\\\/airobazar.com\\\/wp-content\\\/uploads\\\/2025\\\/08\\\/lavanta-yagli-sabun-kese-ve-sabunluk-h-4880--scaled.jpg\",\"width\":1984,\"height\":2560},{\"@type\":\"BreadcrumbList\",\"@id\":\"https:\\\/\\\/airobazar.com\\\/product\\\/lavender-essence-soap-gift-set-3-in-1-natural-soap-bar-with-soap-tray-washcloth-for-sensitive-skin\\\/#breadcrumb\",\"itemListElement\":[{\"@type\":\"ListItem\",\"position\":1,\"name\":\"Home\",\"item\":\"https:\\\/\\\/airobazar.com\\\/tr\\\/\"},{\"@type\":\"ListItem\",\"position\":2,\"name\":\"Ma\u011faza\",\"item\":\"https:\\\/\\\/airobazar.com\\\/tr\\\/magaza\\\/\"},{\"@type\":\"ListItem\",\"position\":3,\"name\":\"Lavanta \u00d6zl\u00fc Sabun Hediye Seti &#8211; Hassas Ciltler \u0130\u00e7in Sabun Tepsisi ve Y\u0131kama Bezi ile 3&#8217;\u00fc 1 Arada Do\u011fal Sabun Bar\u0131\"}]},{\"@type\":\"WebSite\",\"@id\":\"https:\\\/\\\/airobazar.com\\\/#website\",\"url\":\"https:\\\/\\\/airobazar.com\\\/\",\"name\":\"AiroBazar\",\"description\":\"online sales\",\"potentialAction\":[{\"@type\":\"SearchAction\",\"target\":{\"@type\":\"EntryPoint\",\"urlTemplate\":\"https:\\\/\\\/airobazar.com\\\/?s={search_term_string}\"},\"query-input\":{\"@type\":\"PropertyValueSpecification\",\"valueRequired\":true,\"valueName\":\"search_term_string\"}}],\"inLanguage\":\"tr\"}]}<\/script>\n<!-- \/ Yoast SEO plugin. -->","yoast_head_json":{"title":"Lavanta \u00d6zl\u00fc Sabun Hediye Seti - Hassas Ciltler \u0130\u00e7in Sabun Tepsisi ve Y\u0131kama Bezi ile 3'\u00fc 1 Arada Do\u011fal Sabun Bar\u0131 - AiroBazar","robots":{"index":"index","follow":"follow","max-snippet":"max-snippet:-1","max-image-preview":"max-image-preview:large","max-video-preview":"max-video-preview:-1"},"canonical":"https:\/\/airobazar.com\/product\/lavender-essence-soap-gift-set-3-in-1-natural-soap-bar-with-soap-tray-washcloth-for-sensitive-skin\/","og_locale":"tr_TR","og_type":"article","og_title":"Lavanta \u00d6zl\u00fc Sabun Hediye Seti - Hassas Ciltler \u0130\u00e7in Sabun Tepsisi ve Y\u0131kama Bezi ile 3'\u00fc 1 Arada Do\u011fal Sabun Bar\u0131 - AiroBazar","og_description":"Hassas ciltler i\u00e7in \u00f6zenle tasarlanm\u0131\u015f, do\u011fal bir kal\u0131p sabun, bir sabunluk ve yumu\u015fak bir lif i\u00e7eren Lavanta \u00d6zl\u00fc Sabun Hediye","og_url":"https:\/\/airobazar.com\/product\/lavender-essence-soap-gift-set-3-in-1-natural-soap-bar-with-soap-tray-washcloth-for-sensitive-skin\/","og_site_name":"AiroBazar","article_modified_time":"2025-08-26T11:46:48+00:00","og_image":[{"width":1984,"height":2560,"url":"https:\/\/airobazar.com\/wp-content\/uploads\/2025\/08\/lavanta-yagli-sabun-kese-ve-sabunluk-h-4880--scaled.jpg","type":"image\/jpeg"}],"twitter_card":"summary_large_image","twitter_misc":{"Tahmini okuma s\u00fcresi":"1 dakika"},"schema":{"@context":"https:\/\/schema.org","@graph":[{"@type":"WebPage","@id":"https:\/\/airobazar.com\/product\/lavender-essence-soap-gift-set-3-in-1-natural-soap-bar-with-soap-tray-washcloth-for-sensitive-skin\/","url":"https:\/\/airobazar.com\/product\/lavender-essence-soap-gift-set-3-in-1-natural-soap-bar-with-soap-tray-washcloth-for-sensitive-skin\/","name":"Lavanta \u00d6zl\u00fc Sabun Hediye Seti - Hassas Ciltler \u0130\u00e7in Sabun Tepsisi ve Y\u0131kama Bezi ile 3'\u00fc 1 Arada Do\u011fal Sabun Bar\u0131 - AiroBazar","isPartOf":{"@id":"https:\/\/airobazar.com\/#website"},"primaryImageOfPage":{"@id":"https:\/\/airobazar.com\/product\/lavender-essence-soap-gift-set-3-in-1-natural-soap-bar-with-soap-tray-washcloth-for-sensitive-skin\/#primaryimage"},"image":{"@id":"https:\/\/airobazar.com\/product\/lavender-essence-soap-gift-set-3-in-1-natural-soap-bar-with-soap-tray-washcloth-for-sensitive-skin\/#primaryimage"},"thumbnailUrl":"https:\/\/airobazar.com\/wp-content\/uploads\/2025\/08\/lavanta-yagli-sabun-kese-ve-sabunluk-h-4880--scaled.jpg","datePublished":"2025-08-26T11:34:44+00:00","dateModified":"2025-08-26T11:46:48+00:00","breadcrumb":{"@id":"https:\/\/airobazar.com\/product\/lavender-essence-soap-gift-set-3-in-1-natural-soap-bar-with-soap-tray-washcloth-for-sensitive-skin\/#breadcrumb"},"inLanguage":"tr","potentialAction":[{"@type":"ReadAction","target":["https:\/\/airobazar.com\/product\/lavender-essence-soap-gift-set-3-in-1-natural-soap-bar-with-soap-tray-washcloth-for-sensitive-skin\/"]}]},{"@type":"ImageObject","inLanguage":"tr","@id":"https:\/\/airobazar.com\/product\/lavender-essence-soap-gift-set-3-in-1-natural-soap-bar-with-soap-tray-washcloth-for-sensitive-skin\/#primaryimage","url":"https:\/\/airobazar.com\/wp-content\/uploads\/2025\/08\/lavanta-yagli-sabun-kese-ve-sabunluk-h-4880--scaled.jpg","contentUrl":"https:\/\/airobazar.com\/wp-content\/uploads\/2025\/08\/lavanta-yagli-sabun-kese-ve-sabunluk-h-4880--scaled.jpg","width":1984,"height":2560},{"@type":"BreadcrumbList","@id":"https:\/\/airobazar.com\/product\/lavender-essence-soap-gift-set-3-in-1-natural-soap-bar-with-soap-tray-washcloth-for-sensitive-skin\/#breadcrumb","itemListElement":[{"@type":"ListItem","position":1,"name":"Home","item":"https:\/\/airobazar.com\/tr\/"},{"@type":"ListItem","position":2,"name":"Ma\u011faza","item":"https:\/\/airobazar.com\/tr\/magaza\/"},{"@type":"ListItem","position":3,"name":"Lavanta \u00d6zl\u00fc Sabun Hediye Seti &#8211; Hassas Ciltler \u0130\u00e7in Sabun Tepsisi ve Y\u0131kama Bezi ile 3&#8217;\u00fc 1 Arada Do\u011fal Sabun Bar\u0131"}]},{"@type":"WebSite","@id":"https:\/\/airobazar.com\/#website","url":"https:\/\/airobazar.com\/","name":"AiroBazar","description":"online sales","potentialAction":[{"@type":"SearchAction","target":{"@type":"EntryPoint","urlTemplate":"https:\/\/airobazar.com\/?s={search_term_string}"},"query-input":{"@type":"PropertyValueSpecification","valueRequired":true,"valueName":"search_term_string"}}],"inLanguage":"tr"}]}},"_links":{"self":[{"href":"https:\/\/airobazar.com\/tr\/wp-json\/wp\/v2\/product\/5486","targetHints":{"allow":["GET"]}}],"collection":[{"href":"https:\/\/airobazar.com\/tr\/wp-json\/wp\/v2\/product"}],"about":[{"href":"https:\/\/airobazar.com\/tr\/wp-json\/wp\/v2\/types\/product"}],"replies":[{"embeddable":true,"href":"https:\/\/airobazar.com\/tr\/wp-json\/wp\/v2\/comments?post=5486"}],"version-history":[{"count":0,"href":"https:\/\/airobazar.com\/tr\/wp-json\/wp\/v2\/product\/5486\/revisions"}],"wp:featuredmedia":[{"embeddable":true,"href":"https:\/\/airobazar.com\/tr\/wp-json\/wp\/v2\/media\/5478"}],"wp:attachment":[{"href":"https:\/\/airobazar.com\/tr\/wp-json\/wp\/v2\/media?parent=5486"}],"wp:term":[{"taxonomy":"product_brand","embeddable":true,"href":"https:\/\/airobazar.com\/tr\/wp-json\/wp\/v2\/product_brand?post=5486"},{"taxonomy":"product_cat","embeddable":true,"href":"https:\/\/airobazar.com\/tr\/wp-json\/wp\/v2\/product_cat?post=5486"},{"taxonomy":"product_tag","embeddable":true,"href":"https:\/\/airobazar.com\/tr\/wp-json\/wp\/v2\/product_tag?post=5486"}],"curies":[{"name":"wp","href":"https:\/\/api.w.org\/{rel}","templated":true}]}}