{"id":5474,"date":"2025-08-26T10:35:31","date_gmt":"2025-08-26T10:35:31","guid":{"rendered":"https:\/\/airobazar.com\/?post_type=product&#038;p=5474"},"modified":"2025-08-26T10:38:19","modified_gmt":"2025-08-26T10:38:19","slug":"mango-essence-sabun-3u-1-arada-set-sabunluk-ve-yikama-bezi-dogal-nemlendirici-el-yapimi-cilt-bakim-hediyesi","status":"publish","type":"product","link":"https:\/\/airobazar.com\/tr\/urun\/mango-essence-sabun-3u-1-arada-set-sabunluk-ve-yikama-bezi-dogal-nemlendirici-el-yapimi-cilt-bakim-hediyesi\/","title":{"rendered":"Mango Essence Sabun 3&#8217;\u00fc 1 Arada Set, Sabunluk ve Y\u0131kama Bezi \u2013 Do\u011fal, Nemlendirici, El Yap\u0131m\u0131 Cilt Bak\u0131m Hediyesi"},"content":{"rendered":"<p>Cildinizi do\u011fal olarak temizlemek, nemlendirmek ve tazelemek i\u00e7in \u00f6zenle haz\u0131rlanm\u0131\u015f Mango \u00d6zl\u00fc Sabun 3&#8217;\u00fc 1 arada Setimizin besleyici kar\u0131\u015f\u0131m\u0131n\u0131 deneyimleyin. Bu el yap\u0131m\u0131 cilt bak\u0131m \u00fc\u00e7l\u00fcs\u00fc, nazik\u00e7e peeling yapan bir lif ve dayan\u0131kl\u0131 bir sabunluk i\u00e7erir ve g\u00fcnl\u00fck ki\u015fisel bak\u0131m i\u00e7in m\u00fckemmel, eksiksiz ve \u00e7evre dostu bir hediye olarak \u00f6ne \u00e7\u0131kar. Her bir sabun kal\u0131b\u0131, sert kimyasallar olmadan derinlemesine nemlendirme sa\u011flayan mango ya\u011f\u0131 a\u00e7\u0131s\u0131ndan zengin do\u011fal i\u00e7eriklerle \u00fcretilmi\u015ftir. Set \u015funlar\u0131 i\u00e7erir: &#8211; Nemlendirici bir sabun kal\u0131b\u0131 (yakla\u015f\u0131k 4 oz) &#8211; Sabun \u00f6mr\u00fcn\u00fc uzatmak i\u00e7in tasarlanm\u0131\u015f bir bambu sabunluk &#8211; Nazik peeling i\u00e7in yumu\u015fak, tekrar kullan\u0131labilir bir lif Bu koleksiyon, hassas cildi destekler, \u0131\u015f\u0131lt\u0131l\u0131 bir cilt g\u00f6r\u00fcn\u00fcm\u00fc sa\u011flar ve s\u00fcrd\u00fcr\u00fclebilir malzemeleriyle at\u0131klar\u0131 azalt\u0131r. Kendinize veya sevdiklerinize ferah, sakinle\u015ftirici ve do\u011fal olarak etkili hissettiren duyusal bir cilt bak\u0131m\u0131 rit\u00fceli hediye edin. K\u00fc\u00e7\u00fck, \u00f6zel ma\u011fazam\u0131zdan \u00fccretsiz kargo ve ki\u015fiselle\u015ftirilmi\u015f m\u00fc\u015fteri deste\u011finin keyfini \u00e7\u0131karmak i\u00e7in hemen sipari\u015f verin.<\/p>\n","protected":false},"excerpt":{"rendered":"<p>Cildinizi do\u011fal olarak temizlemek, nemlendirmek ve tazelemek i\u00e7in \u00f6zenle haz\u0131rlanm\u0131\u015f Mango \u00d6zl\u00fc Sabun 3&#8217;\u00fc 1 arada Setimizin besleyici kar\u0131\u015f\u0131m\u0131n\u0131 deneyimleyin.<\/p>\n","protected":false},"featured_media":5472,"comment_status":"open","ping_status":"closed","template":"","meta":[],"product_brand":[],"product_cat":[223,240],"product_tag":[],"class_list":{"0":"post-5474","1":"product","2":"type-product","3":"status-publish","4":"has-post-thumbnail","6":"product_cat-kozmetik-ve-kisisel-bakim-tr","7":"product_cat-tum-katagoriler","9":"first","10":"instock","11":"sale","12":"taxable","13":"shipping-taxable","14":"purchasable","15":"product-type-simple"},"yoast_head":"<!-- This site is optimized with the Yoast SEO plugin v27.4 - https:\/\/yoast.com\/product\/yoast-seo-wordpress\/ -->\n<title>Mango Essence Sabun 3&#039;\u00fc 1 Arada Set, Sabunluk ve Y\u0131kama Bezi \u2013 Do\u011fal, Nemlendirici, El Yap\u0131m\u0131 Cilt Bak\u0131m Hediyesi - AiroBazar<\/title>\n<meta name=\"robots\" content=\"index, follow, max-snippet:-1, max-image-preview:large, max-video-preview:-1\" \/>\n<link rel=\"canonical\" href=\"https:\/\/airobazar.com\/product\/mango-essence-soap-3-in-1-set-with-soap-tray-washcloth-natural-moisturizing-handmade-skincare-gift\/\" \/>\n<meta property=\"og:locale\" content=\"tr_TR\" \/>\n<meta property=\"og:type\" content=\"article\" \/>\n<meta property=\"og:title\" content=\"Mango Essence Sabun 3&#039;\u00fc 1 Arada Set, Sabunluk ve Y\u0131kama Bezi \u2013 Do\u011fal, Nemlendirici, El Yap\u0131m\u0131 Cilt Bak\u0131m Hediyesi - AiroBazar\" \/>\n<meta property=\"og:description\" content=\"Cildinizi do\u011fal olarak temizlemek, nemlendirmek ve tazelemek i\u00e7in \u00f6zenle haz\u0131rlanm\u0131\u015f Mango \u00d6zl\u00fc Sabun 3&#8217;\u00fc 1 arada Setimizin besleyici kar\u0131\u015f\u0131m\u0131n\u0131 deneyimleyin.\" \/>\n<meta property=\"og:url\" content=\"https:\/\/airobazar.com\/product\/mango-essence-soap-3-in-1-set-with-soap-tray-washcloth-natural-moisturizing-handmade-skincare-gift\/\" \/>\n<meta property=\"og:site_name\" content=\"AiroBazar\" \/>\n<meta property=\"article:modified_time\" content=\"2025-08-26T10:38:19+00:00\" \/>\n<meta property=\"og:image\" content=\"https:\/\/airobazar.com\/wp-content\/uploads\/2025\/08\/mango-ozlu-sabun-kese-ve-sabunluk-hedi-e-4999.jpg\" \/>\n\t<meta property=\"og:image:width\" content=\"1200\" \/>\n\t<meta property=\"og:image:height\" content=\"1200\" \/>\n\t<meta property=\"og:image:type\" content=\"image\/jpeg\" \/>\n<meta name=\"twitter:card\" content=\"summary_large_image\" \/>\n<meta name=\"twitter:label1\" content=\"Tahmini okuma s\u00fcresi\" \/>\n\t<meta name=\"twitter:data1\" content=\"1 dakika\" \/>\n<script type=\"application\/ld+json\" class=\"yoast-schema-graph\">{\"@context\":\"https:\\\/\\\/schema.org\",\"@graph\":[{\"@type\":\"WebPage\",\"@id\":\"https:\\\/\\\/airobazar.com\\\/product\\\/mango-essence-soap-3-in-1-set-with-soap-tray-washcloth-natural-moisturizing-handmade-skincare-gift\\\/\",\"url\":\"https:\\\/\\\/airobazar.com\\\/product\\\/mango-essence-soap-3-in-1-set-with-soap-tray-washcloth-natural-moisturizing-handmade-skincare-gift\\\/\",\"name\":\"Mango Essence Sabun 3'\u00fc 1 Arada Set, Sabunluk ve Y\u0131kama Bezi \u2013 Do\u011fal, Nemlendirici, El Yap\u0131m\u0131 Cilt Bak\u0131m Hediyesi - AiroBazar\",\"isPartOf\":{\"@id\":\"https:\\\/\\\/airobazar.com\\\/#website\"},\"primaryImageOfPage\":{\"@id\":\"https:\\\/\\\/airobazar.com\\\/product\\\/mango-essence-soap-3-in-1-set-with-soap-tray-washcloth-natural-moisturizing-handmade-skincare-gift\\\/#primaryimage\"},\"image\":{\"@id\":\"https:\\\/\\\/airobazar.com\\\/product\\\/mango-essence-soap-3-in-1-set-with-soap-tray-washcloth-natural-moisturizing-handmade-skincare-gift\\\/#primaryimage\"},\"thumbnailUrl\":\"https:\\\/\\\/airobazar.com\\\/wp-content\\\/uploads\\\/2025\\\/08\\\/mango-ozlu-sabun-kese-ve-sabunluk-hedi-e-4999.jpg\",\"datePublished\":\"2025-08-26T10:35:31+00:00\",\"dateModified\":\"2025-08-26T10:38:19+00:00\",\"breadcrumb\":{\"@id\":\"https:\\\/\\\/airobazar.com\\\/product\\\/mango-essence-soap-3-in-1-set-with-soap-tray-washcloth-natural-moisturizing-handmade-skincare-gift\\\/#breadcrumb\"},\"inLanguage\":\"tr\",\"potentialAction\":[{\"@type\":\"ReadAction\",\"target\":[\"https:\\\/\\\/airobazar.com\\\/product\\\/mango-essence-soap-3-in-1-set-with-soap-tray-washcloth-natural-moisturizing-handmade-skincare-gift\\\/\"]}]},{\"@type\":\"ImageObject\",\"inLanguage\":\"tr\",\"@id\":\"https:\\\/\\\/airobazar.com\\\/product\\\/mango-essence-soap-3-in-1-set-with-soap-tray-washcloth-natural-moisturizing-handmade-skincare-gift\\\/#primaryimage\",\"url\":\"https:\\\/\\\/airobazar.com\\\/wp-content\\\/uploads\\\/2025\\\/08\\\/mango-ozlu-sabun-kese-ve-sabunluk-hedi-e-4999.jpg\",\"contentUrl\":\"https:\\\/\\\/airobazar.com\\\/wp-content\\\/uploads\\\/2025\\\/08\\\/mango-ozlu-sabun-kese-ve-sabunluk-hedi-e-4999.jpg\",\"width\":1200,\"height\":1200},{\"@type\":\"BreadcrumbList\",\"@id\":\"https:\\\/\\\/airobazar.com\\\/product\\\/mango-essence-soap-3-in-1-set-with-soap-tray-washcloth-natural-moisturizing-handmade-skincare-gift\\\/#breadcrumb\",\"itemListElement\":[{\"@type\":\"ListItem\",\"position\":1,\"name\":\"Home\",\"item\":\"https:\\\/\\\/airobazar.com\\\/tr\\\/\"},{\"@type\":\"ListItem\",\"position\":2,\"name\":\"Ma\u011faza\",\"item\":\"https:\\\/\\\/airobazar.com\\\/tr\\\/magaza\\\/\"},{\"@type\":\"ListItem\",\"position\":3,\"name\":\"Mango Essence Sabun 3&#8217;\u00fc 1 Arada Set, Sabunluk ve Y\u0131kama Bezi \u2013 Do\u011fal, Nemlendirici, El Yap\u0131m\u0131 Cilt Bak\u0131m Hediyesi\"}]},{\"@type\":\"WebSite\",\"@id\":\"https:\\\/\\\/airobazar.com\\\/#website\",\"url\":\"https:\\\/\\\/airobazar.com\\\/\",\"name\":\"AiroBazar\",\"description\":\"online sales\",\"potentialAction\":[{\"@type\":\"SearchAction\",\"target\":{\"@type\":\"EntryPoint\",\"urlTemplate\":\"https:\\\/\\\/airobazar.com\\\/?s={search_term_string}\"},\"query-input\":{\"@type\":\"PropertyValueSpecification\",\"valueRequired\":true,\"valueName\":\"search_term_string\"}}],\"inLanguage\":\"tr\"}]}<\/script>\n<!-- \/ Yoast SEO plugin. -->","yoast_head_json":{"title":"Mango Essence Sabun 3'\u00fc 1 Arada Set, Sabunluk ve Y\u0131kama Bezi \u2013 Do\u011fal, Nemlendirici, El Yap\u0131m\u0131 Cilt Bak\u0131m Hediyesi - AiroBazar","robots":{"index":"index","follow":"follow","max-snippet":"max-snippet:-1","max-image-preview":"max-image-preview:large","max-video-preview":"max-video-preview:-1"},"canonical":"https:\/\/airobazar.com\/product\/mango-essence-soap-3-in-1-set-with-soap-tray-washcloth-natural-moisturizing-handmade-skincare-gift\/","og_locale":"tr_TR","og_type":"article","og_title":"Mango Essence Sabun 3'\u00fc 1 Arada Set, Sabunluk ve Y\u0131kama Bezi \u2013 Do\u011fal, Nemlendirici, El Yap\u0131m\u0131 Cilt Bak\u0131m Hediyesi - AiroBazar","og_description":"Cildinizi do\u011fal olarak temizlemek, nemlendirmek ve tazelemek i\u00e7in \u00f6zenle haz\u0131rlanm\u0131\u015f Mango \u00d6zl\u00fc Sabun 3&#8217;\u00fc 1 arada Setimizin besleyici kar\u0131\u015f\u0131m\u0131n\u0131 deneyimleyin.","og_url":"https:\/\/airobazar.com\/product\/mango-essence-soap-3-in-1-set-with-soap-tray-washcloth-natural-moisturizing-handmade-skincare-gift\/","og_site_name":"AiroBazar","article_modified_time":"2025-08-26T10:38:19+00:00","og_image":[{"width":1200,"height":1200,"url":"https:\/\/airobazar.com\/wp-content\/uploads\/2025\/08\/mango-ozlu-sabun-kese-ve-sabunluk-hedi-e-4999.jpg","type":"image\/jpeg"}],"twitter_card":"summary_large_image","twitter_misc":{"Tahmini okuma s\u00fcresi":"1 dakika"},"schema":{"@context":"https:\/\/schema.org","@graph":[{"@type":"WebPage","@id":"https:\/\/airobazar.com\/product\/mango-essence-soap-3-in-1-set-with-soap-tray-washcloth-natural-moisturizing-handmade-skincare-gift\/","url":"https:\/\/airobazar.com\/product\/mango-essence-soap-3-in-1-set-with-soap-tray-washcloth-natural-moisturizing-handmade-skincare-gift\/","name":"Mango Essence Sabun 3'\u00fc 1 Arada Set, Sabunluk ve Y\u0131kama Bezi \u2013 Do\u011fal, Nemlendirici, El Yap\u0131m\u0131 Cilt Bak\u0131m Hediyesi - AiroBazar","isPartOf":{"@id":"https:\/\/airobazar.com\/#website"},"primaryImageOfPage":{"@id":"https:\/\/airobazar.com\/product\/mango-essence-soap-3-in-1-set-with-soap-tray-washcloth-natural-moisturizing-handmade-skincare-gift\/#primaryimage"},"image":{"@id":"https:\/\/airobazar.com\/product\/mango-essence-soap-3-in-1-set-with-soap-tray-washcloth-natural-moisturizing-handmade-skincare-gift\/#primaryimage"},"thumbnailUrl":"https:\/\/airobazar.com\/wp-content\/uploads\/2025\/08\/mango-ozlu-sabun-kese-ve-sabunluk-hedi-e-4999.jpg","datePublished":"2025-08-26T10:35:31+00:00","dateModified":"2025-08-26T10:38:19+00:00","breadcrumb":{"@id":"https:\/\/airobazar.com\/product\/mango-essence-soap-3-in-1-set-with-soap-tray-washcloth-natural-moisturizing-handmade-skincare-gift\/#breadcrumb"},"inLanguage":"tr","potentialAction":[{"@type":"ReadAction","target":["https:\/\/airobazar.com\/product\/mango-essence-soap-3-in-1-set-with-soap-tray-washcloth-natural-moisturizing-handmade-skincare-gift\/"]}]},{"@type":"ImageObject","inLanguage":"tr","@id":"https:\/\/airobazar.com\/product\/mango-essence-soap-3-in-1-set-with-soap-tray-washcloth-natural-moisturizing-handmade-skincare-gift\/#primaryimage","url":"https:\/\/airobazar.com\/wp-content\/uploads\/2025\/08\/mango-ozlu-sabun-kese-ve-sabunluk-hedi-e-4999.jpg","contentUrl":"https:\/\/airobazar.com\/wp-content\/uploads\/2025\/08\/mango-ozlu-sabun-kese-ve-sabunluk-hedi-e-4999.jpg","width":1200,"height":1200},{"@type":"BreadcrumbList","@id":"https:\/\/airobazar.com\/product\/mango-essence-soap-3-in-1-set-with-soap-tray-washcloth-natural-moisturizing-handmade-skincare-gift\/#breadcrumb","itemListElement":[{"@type":"ListItem","position":1,"name":"Home","item":"https:\/\/airobazar.com\/tr\/"},{"@type":"ListItem","position":2,"name":"Ma\u011faza","item":"https:\/\/airobazar.com\/tr\/magaza\/"},{"@type":"ListItem","position":3,"name":"Mango Essence Sabun 3&#8217;\u00fc 1 Arada Set, Sabunluk ve Y\u0131kama Bezi \u2013 Do\u011fal, Nemlendirici, El Yap\u0131m\u0131 Cilt Bak\u0131m Hediyesi"}]},{"@type":"WebSite","@id":"https:\/\/airobazar.com\/#website","url":"https:\/\/airobazar.com\/","name":"AiroBazar","description":"online sales","potentialAction":[{"@type":"SearchAction","target":{"@type":"EntryPoint","urlTemplate":"https:\/\/airobazar.com\/?s={search_term_string}"},"query-input":{"@type":"PropertyValueSpecification","valueRequired":true,"valueName":"search_term_string"}}],"inLanguage":"tr"}]}},"_links":{"self":[{"href":"https:\/\/airobazar.com\/tr\/wp-json\/wp\/v2\/product\/5474","targetHints":{"allow":["GET"]}}],"collection":[{"href":"https:\/\/airobazar.com\/tr\/wp-json\/wp\/v2\/product"}],"about":[{"href":"https:\/\/airobazar.com\/tr\/wp-json\/wp\/v2\/types\/product"}],"replies":[{"embeddable":true,"href":"https:\/\/airobazar.com\/tr\/wp-json\/wp\/v2\/comments?post=5474"}],"version-history":[{"count":0,"href":"https:\/\/airobazar.com\/tr\/wp-json\/wp\/v2\/product\/5474\/revisions"}],"wp:featuredmedia":[{"embeddable":true,"href":"https:\/\/airobazar.com\/tr\/wp-json\/wp\/v2\/media\/5472"}],"wp:attachment":[{"href":"https:\/\/airobazar.com\/tr\/wp-json\/wp\/v2\/media?parent=5474"}],"wp:term":[{"taxonomy":"product_brand","embeddable":true,"href":"https:\/\/airobazar.com\/tr\/wp-json\/wp\/v2\/product_brand?post=5474"},{"taxonomy":"product_cat","embeddable":true,"href":"https:\/\/airobazar.com\/tr\/wp-json\/wp\/v2\/product_cat?post=5474"},{"taxonomy":"product_tag","embeddable":true,"href":"https:\/\/airobazar.com\/tr\/wp-json\/wp\/v2\/product_tag?post=5474"}],"curies":[{"name":"wp","href":"https:\/\/api.w.org\/{rel}","templated":true}]}}