{"id":5435,"date":"2025-08-26T09:13:48","date_gmt":"2025-08-26T09:13:48","guid":{"rendered":"https:\/\/airobazar.com\/?post_type=product&#038;p=5435"},"modified":"2025-08-26T09:20:28","modified_gmt":"2025-08-26T09:20:28","slug":"yasemin-cicegi-ozlu-sabun-3u-1-arada-sabun-sabunluk-yikama-bezi","status":"publish","type":"product","link":"https:\/\/airobazar.com\/tr\/urun\/yasemin-cicegi-ozlu-sabun-3u-1-arada-sabun-sabunluk-yikama-bezi\/","title":{"rendered":"Yasemin \u00c7i\u00e7e\u011fi \u00d6zl\u00fc Sabun 3&#8217;\u00fc 1 Arada Sabun + Sabunluk + Y\u0131kama Bezi"},"content":{"rendered":"<p>Besleyici bir sabun kal\u0131b\u0131, el yap\u0131m\u0131 bir sabunluk ve g\u00fcnl\u00fck kullan\u0131m i\u00e7in tasarlanm\u0131\u015f yumu\u015fak bir lif i\u00e7eren Yasemin \u00c7i\u00e7e\u011fi \u00d6zl\u00fc Sabun 3&#8217;\u00fc 1 arada setimizin sakinle\u015ftirici faydalar\u0131n\u0131 deneyimleyin. \u00d6zenle bir araya getirilen bu \u00fc\u00e7l\u00fc, cildinizi ferahlatan ve duyular\u0131n\u0131z\u0131 canland\u0131ran eksiksiz bir temizlik \u00e7\u00f6z\u00fcm\u00fc olarak \u00f6ne \u00e7\u0131kararak rahatl\u0131k ve bak\u0131m sunar.<\/p>\n<p>Do\u011fal yasemin \u00f6z\u00fcyle \u00fcretilen sabunumuz, nemini kaybetmeden nazik\u00e7e temizlerken, sa\u011flam sabunluk sabununuzun kuru kalmas\u0131n\u0131 ve daha uzun s\u00fcre dayanmas\u0131n\u0131 sa\u011flar. \u00dcr\u00fcnle birlikte verilen lif, nazik ve etkili bir temizlik i\u00e7in emici ve nefes alabilen kuma\u015ftan \u00fcretilmi\u015ftir ve t\u00fcm cilt tipleri i\u00e7in uygundur. Boyutlar\u0131, kolay kullan\u0131m ve saklama i\u00e7in tasarlanm\u0131\u015ft\u0131r ve bu da onu her banyo d\u00fczenine ideal bir ek yapar.<br \/>\n&#8211; Do\u011fal yasemin \u00e7i\u00e7e\u011fi \u00f6z\u00fc<br \/>\n&#8211; Drenajl\u0131 dayan\u0131kl\u0131 sabunluk<br \/>\n&#8211; Yumu\u015fak, \u00e7abuk kuruyan lif<br \/>\n&#8211; \u200b\u200bHassas ciltler i\u00e7in uygundur<\/p>\n<p>Bu seti kullanmak, g\u00fcnl\u00fck rutininizi huzurlu bir \u015f\u0131martma an\u0131na d\u00f6n\u00fc\u015ft\u00fcr\u00fcr ve cildinizde temiz, yumu\u015fak ve hafif bir koku b\u0131rak\u0131r. Yaseminin rahatlat\u0131c\u0131 aromas\u0131 stresi azaltmaya yard\u0131mc\u0131 olur ve evde spa benzeri bir deneyim sunar.<\/p>\n<p>Dengeli bir cilt bak\u0131m\u0131 rit\u00fcelinin tad\u0131n\u0131 \u00e7\u0131karmaya haz\u0131r m\u0131s\u0131n\u0131z? H\u0131zl\u0131 kargo ve ki\u015fiselle\u015ftirilmi\u015f m\u00fc\u015fteri hizmetleri i\u00e7in hemen sipari\u015f verin ve ki\u015fiselle\u015ftirme veya bak\u0131m talimatlar\u0131yla ilgili sorular\u0131n\u0131z i\u00e7in bizimle ileti\u015fime ge\u00e7mekten \u00e7ekinmeyin.<\/p>\n","protected":false},"excerpt":{"rendered":"<p>Besleyici bir sabun kal\u0131b\u0131, el yap\u0131m\u0131 bir sabunluk ve g\u00fcnl\u00fck kullan\u0131m i\u00e7in tasarlanm\u0131\u015f yumu\u015fak bir lif i\u00e7eren Yasemin \u00c7i\u00e7e\u011fi \u00d6zl\u00fc<\/p>\n","protected":false},"featured_media":5431,"comment_status":"open","ping_status":"closed","template":"","meta":[],"product_brand":[],"product_cat":[223,240],"product_tag":[],"class_list":{"0":"post-5435","1":"product","2":"type-product","3":"status-publish","4":"has-post-thumbnail","6":"product_cat-kozmetik-ve-kisisel-bakim-tr","7":"product_cat-tum-katagoriler","9":"first","10":"instock","11":"sale","12":"taxable","13":"shipping-taxable","14":"purchasable","15":"product-type-simple"},"yoast_head":"<!-- This site is optimized with the Yoast SEO plugin v27.4 - https:\/\/yoast.com\/product\/yoast-seo-wordpress\/ -->\n<title>Yasemin \u00c7i\u00e7e\u011fi \u00d6zl\u00fc Sabun 3&#039;\u00fc 1 Arada Sabun + Sabunluk + Y\u0131kama Bezi - AiroBazar<\/title>\n<meta name=\"robots\" content=\"index, follow, max-snippet:-1, max-image-preview:large, max-video-preview:-1\" \/>\n<link rel=\"canonical\" href=\"https:\/\/airobazar.com\/product\/jasmine-flower-essence-soap-3-in-1-soap-soap-dish-wash-cloth\/\" \/>\n<meta property=\"og:locale\" content=\"tr_TR\" \/>\n<meta property=\"og:type\" content=\"article\" \/>\n<meta property=\"og:title\" content=\"Yasemin \u00c7i\u00e7e\u011fi \u00d6zl\u00fc Sabun 3&#039;\u00fc 1 Arada Sabun + Sabunluk + Y\u0131kama Bezi - AiroBazar\" \/>\n<meta property=\"og:description\" content=\"Besleyici bir sabun kal\u0131b\u0131, el yap\u0131m\u0131 bir sabunluk ve g\u00fcnl\u00fck kullan\u0131m i\u00e7in tasarlanm\u0131\u015f yumu\u015fak bir lif i\u00e7eren Yasemin \u00c7i\u00e7e\u011fi \u00d6zl\u00fc\" \/>\n<meta property=\"og:url\" content=\"https:\/\/airobazar.com\/product\/jasmine-flower-essence-soap-3-in-1-soap-soap-dish-wash-cloth\/\" \/>\n<meta property=\"og:site_name\" content=\"AiroBazar\" \/>\n<meta property=\"article:modified_time\" content=\"2025-08-26T09:20:28+00:00\" \/>\n<meta property=\"og:image\" content=\"https:\/\/airobazar.com\/wp-content\/uploads\/2025\/08\/zeytinyagli-sabun-kese-ve-sabunluk-hed-b100-4-1.jpg\" \/>\n\t<meta property=\"og:image:width\" content=\"1200\" \/>\n\t<meta property=\"og:image:height\" content=\"1200\" \/>\n\t<meta property=\"og:image:type\" content=\"image\/jpeg\" \/>\n<meta name=\"twitter:card\" content=\"summary_large_image\" \/>\n<meta name=\"twitter:label1\" content=\"Tahmini okuma s\u00fcresi\" \/>\n\t<meta name=\"twitter:data1\" content=\"1 dakika\" \/>\n<script type=\"application\/ld+json\" class=\"yoast-schema-graph\">{\"@context\":\"https:\\\/\\\/schema.org\",\"@graph\":[{\"@type\":\"WebPage\",\"@id\":\"https:\\\/\\\/airobazar.com\\\/product\\\/jasmine-flower-essence-soap-3-in-1-soap-soap-dish-wash-cloth\\\/\",\"url\":\"https:\\\/\\\/airobazar.com\\\/product\\\/jasmine-flower-essence-soap-3-in-1-soap-soap-dish-wash-cloth\\\/\",\"name\":\"Yasemin \u00c7i\u00e7e\u011fi \u00d6zl\u00fc Sabun 3'\u00fc 1 Arada Sabun + Sabunluk + Y\u0131kama Bezi - AiroBazar\",\"isPartOf\":{\"@id\":\"https:\\\/\\\/airobazar.com\\\/#website\"},\"primaryImageOfPage\":{\"@id\":\"https:\\\/\\\/airobazar.com\\\/product\\\/jasmine-flower-essence-soap-3-in-1-soap-soap-dish-wash-cloth\\\/#primaryimage\"},\"image\":{\"@id\":\"https:\\\/\\\/airobazar.com\\\/product\\\/jasmine-flower-essence-soap-3-in-1-soap-soap-dish-wash-cloth\\\/#primaryimage\"},\"thumbnailUrl\":\"https:\\\/\\\/airobazar.com\\\/wp-content\\\/uploads\\\/2025\\\/08\\\/zeytinyagli-sabun-kese-ve-sabunluk-hed-b100-4-1.jpg\",\"datePublished\":\"2025-08-26T09:13:48+00:00\",\"dateModified\":\"2025-08-26T09:20:28+00:00\",\"breadcrumb\":{\"@id\":\"https:\\\/\\\/airobazar.com\\\/product\\\/jasmine-flower-essence-soap-3-in-1-soap-soap-dish-wash-cloth\\\/#breadcrumb\"},\"inLanguage\":\"tr\",\"potentialAction\":[{\"@type\":\"ReadAction\",\"target\":[\"https:\\\/\\\/airobazar.com\\\/product\\\/jasmine-flower-essence-soap-3-in-1-soap-soap-dish-wash-cloth\\\/\"]}]},{\"@type\":\"ImageObject\",\"inLanguage\":\"tr\",\"@id\":\"https:\\\/\\\/airobazar.com\\\/product\\\/jasmine-flower-essence-soap-3-in-1-soap-soap-dish-wash-cloth\\\/#primaryimage\",\"url\":\"https:\\\/\\\/airobazar.com\\\/wp-content\\\/uploads\\\/2025\\\/08\\\/zeytinyagli-sabun-kese-ve-sabunluk-hed-b100-4-1.jpg\",\"contentUrl\":\"https:\\\/\\\/airobazar.com\\\/wp-content\\\/uploads\\\/2025\\\/08\\\/zeytinyagli-sabun-kese-ve-sabunluk-hed-b100-4-1.jpg\",\"width\":1200,\"height\":1200},{\"@type\":\"BreadcrumbList\",\"@id\":\"https:\\\/\\\/airobazar.com\\\/product\\\/jasmine-flower-essence-soap-3-in-1-soap-soap-dish-wash-cloth\\\/#breadcrumb\",\"itemListElement\":[{\"@type\":\"ListItem\",\"position\":1,\"name\":\"Home\",\"item\":\"https:\\\/\\\/airobazar.com\\\/tr\\\/\"},{\"@type\":\"ListItem\",\"position\":2,\"name\":\"Ma\u011faza\",\"item\":\"https:\\\/\\\/airobazar.com\\\/tr\\\/magaza\\\/\"},{\"@type\":\"ListItem\",\"position\":3,\"name\":\"Yasemin \u00c7i\u00e7e\u011fi \u00d6zl\u00fc Sabun 3&#8217;\u00fc 1 Arada Sabun + Sabunluk + Y\u0131kama Bezi\"}]},{\"@type\":\"WebSite\",\"@id\":\"https:\\\/\\\/airobazar.com\\\/#website\",\"url\":\"https:\\\/\\\/airobazar.com\\\/\",\"name\":\"AiroBazar\",\"description\":\"online sales\",\"potentialAction\":[{\"@type\":\"SearchAction\",\"target\":{\"@type\":\"EntryPoint\",\"urlTemplate\":\"https:\\\/\\\/airobazar.com\\\/?s={search_term_string}\"},\"query-input\":{\"@type\":\"PropertyValueSpecification\",\"valueRequired\":true,\"valueName\":\"search_term_string\"}}],\"inLanguage\":\"tr\"}]}<\/script>\n<!-- \/ Yoast SEO plugin. -->","yoast_head_json":{"title":"Yasemin \u00c7i\u00e7e\u011fi \u00d6zl\u00fc Sabun 3'\u00fc 1 Arada Sabun + Sabunluk + Y\u0131kama Bezi - AiroBazar","robots":{"index":"index","follow":"follow","max-snippet":"max-snippet:-1","max-image-preview":"max-image-preview:large","max-video-preview":"max-video-preview:-1"},"canonical":"https:\/\/airobazar.com\/product\/jasmine-flower-essence-soap-3-in-1-soap-soap-dish-wash-cloth\/","og_locale":"tr_TR","og_type":"article","og_title":"Yasemin \u00c7i\u00e7e\u011fi \u00d6zl\u00fc Sabun 3'\u00fc 1 Arada Sabun + Sabunluk + Y\u0131kama Bezi - AiroBazar","og_description":"Besleyici bir sabun kal\u0131b\u0131, el yap\u0131m\u0131 bir sabunluk ve g\u00fcnl\u00fck kullan\u0131m i\u00e7in tasarlanm\u0131\u015f yumu\u015fak bir lif i\u00e7eren Yasemin \u00c7i\u00e7e\u011fi \u00d6zl\u00fc","og_url":"https:\/\/airobazar.com\/product\/jasmine-flower-essence-soap-3-in-1-soap-soap-dish-wash-cloth\/","og_site_name":"AiroBazar","article_modified_time":"2025-08-26T09:20:28+00:00","og_image":[{"width":1200,"height":1200,"url":"https:\/\/airobazar.com\/wp-content\/uploads\/2025\/08\/zeytinyagli-sabun-kese-ve-sabunluk-hed-b100-4-1.jpg","type":"image\/jpeg"}],"twitter_card":"summary_large_image","twitter_misc":{"Tahmini okuma s\u00fcresi":"1 dakika"},"schema":{"@context":"https:\/\/schema.org","@graph":[{"@type":"WebPage","@id":"https:\/\/airobazar.com\/product\/jasmine-flower-essence-soap-3-in-1-soap-soap-dish-wash-cloth\/","url":"https:\/\/airobazar.com\/product\/jasmine-flower-essence-soap-3-in-1-soap-soap-dish-wash-cloth\/","name":"Yasemin \u00c7i\u00e7e\u011fi \u00d6zl\u00fc Sabun 3'\u00fc 1 Arada Sabun + Sabunluk + Y\u0131kama Bezi - AiroBazar","isPartOf":{"@id":"https:\/\/airobazar.com\/#website"},"primaryImageOfPage":{"@id":"https:\/\/airobazar.com\/product\/jasmine-flower-essence-soap-3-in-1-soap-soap-dish-wash-cloth\/#primaryimage"},"image":{"@id":"https:\/\/airobazar.com\/product\/jasmine-flower-essence-soap-3-in-1-soap-soap-dish-wash-cloth\/#primaryimage"},"thumbnailUrl":"https:\/\/airobazar.com\/wp-content\/uploads\/2025\/08\/zeytinyagli-sabun-kese-ve-sabunluk-hed-b100-4-1.jpg","datePublished":"2025-08-26T09:13:48+00:00","dateModified":"2025-08-26T09:20:28+00:00","breadcrumb":{"@id":"https:\/\/airobazar.com\/product\/jasmine-flower-essence-soap-3-in-1-soap-soap-dish-wash-cloth\/#breadcrumb"},"inLanguage":"tr","potentialAction":[{"@type":"ReadAction","target":["https:\/\/airobazar.com\/product\/jasmine-flower-essence-soap-3-in-1-soap-soap-dish-wash-cloth\/"]}]},{"@type":"ImageObject","inLanguage":"tr","@id":"https:\/\/airobazar.com\/product\/jasmine-flower-essence-soap-3-in-1-soap-soap-dish-wash-cloth\/#primaryimage","url":"https:\/\/airobazar.com\/wp-content\/uploads\/2025\/08\/zeytinyagli-sabun-kese-ve-sabunluk-hed-b100-4-1.jpg","contentUrl":"https:\/\/airobazar.com\/wp-content\/uploads\/2025\/08\/zeytinyagli-sabun-kese-ve-sabunluk-hed-b100-4-1.jpg","width":1200,"height":1200},{"@type":"BreadcrumbList","@id":"https:\/\/airobazar.com\/product\/jasmine-flower-essence-soap-3-in-1-soap-soap-dish-wash-cloth\/#breadcrumb","itemListElement":[{"@type":"ListItem","position":1,"name":"Home","item":"https:\/\/airobazar.com\/tr\/"},{"@type":"ListItem","position":2,"name":"Ma\u011faza","item":"https:\/\/airobazar.com\/tr\/magaza\/"},{"@type":"ListItem","position":3,"name":"Yasemin \u00c7i\u00e7e\u011fi \u00d6zl\u00fc Sabun 3&#8217;\u00fc 1 Arada Sabun + Sabunluk + Y\u0131kama Bezi"}]},{"@type":"WebSite","@id":"https:\/\/airobazar.com\/#website","url":"https:\/\/airobazar.com\/","name":"AiroBazar","description":"online sales","potentialAction":[{"@type":"SearchAction","target":{"@type":"EntryPoint","urlTemplate":"https:\/\/airobazar.com\/?s={search_term_string}"},"query-input":{"@type":"PropertyValueSpecification","valueRequired":true,"valueName":"search_term_string"}}],"inLanguage":"tr"}]}},"_links":{"self":[{"href":"https:\/\/airobazar.com\/tr\/wp-json\/wp\/v2\/product\/5435","targetHints":{"allow":["GET"]}}],"collection":[{"href":"https:\/\/airobazar.com\/tr\/wp-json\/wp\/v2\/product"}],"about":[{"href":"https:\/\/airobazar.com\/tr\/wp-json\/wp\/v2\/types\/product"}],"replies":[{"embeddable":true,"href":"https:\/\/airobazar.com\/tr\/wp-json\/wp\/v2\/comments?post=5435"}],"version-history":[{"count":0,"href":"https:\/\/airobazar.com\/tr\/wp-json\/wp\/v2\/product\/5435\/revisions"}],"wp:featuredmedia":[{"embeddable":true,"href":"https:\/\/airobazar.com\/tr\/wp-json\/wp\/v2\/media\/5431"}],"wp:attachment":[{"href":"https:\/\/airobazar.com\/tr\/wp-json\/wp\/v2\/media?parent=5435"}],"wp:term":[{"taxonomy":"product_brand","embeddable":true,"href":"https:\/\/airobazar.com\/tr\/wp-json\/wp\/v2\/product_brand?post=5435"},{"taxonomy":"product_cat","embeddable":true,"href":"https:\/\/airobazar.com\/tr\/wp-json\/wp\/v2\/product_cat?post=5435"},{"taxonomy":"product_tag","embeddable":true,"href":"https:\/\/airobazar.com\/tr\/wp-json\/wp\/v2\/product_tag?post=5435"}],"curies":[{"name":"wp","href":"https:\/\/api.w.org\/{rel}","templated":true}]}}