{"id":5080,"date":"2025-08-05T15:16:33","date_gmt":"2025-08-05T15:16:33","guid":{"rendered":"https:\/\/tedsitedemonuz.com\/airo\/?post_type=product&#038;p=5080"},"modified":"2025-08-18T14:34:05","modified_gmt":"2025-08-18T14:34:05","slug":"alti-kisilik-kahve-fincan-seti-sekerlik-ve-tepsili","status":"publish","type":"product","link":"https:\/\/airobazar.com\/tr\/urun\/alti-kisilik-kahve-fincan-seti-sekerlik-ve-tepsili\/","title":{"rendered":"Alt\u0131 ki\u015filik Kahve Fincan Seti \u015eekerlik ve Tepsili"},"content":{"rendered":"<p>15 Par\u00e7al\u0131 Kahve Fincan\u0131 Seti (\u015eekerlik ve Tepsi Dahil)<\/p>\n<p>\u015e\u0131k bir sunum i\u00e7in \u015fekerlik ve tepsiyle tamamlanan bu zarif 15 par\u00e7al\u0131 kahve fincan\u0131 seti ile kahvenizi \u015f\u0131k bir \u015fekilde servis edin. T\u00fcrk kahvesi, espresso veya di\u011fer \u00f6zel i\u00e7ecekler i\u00e7in m\u00fckemmel olan bu set, masan\u0131za hem gelenek hem de zarafet kat\u0131yor.<\/p>\n<p>Set \u0130\u00e7eri\u011fi:<\/p>\n<p>\u2714 6 Kahve Fincan\u0131 \u2013 Zarif ve dayan\u0131kl\u0131 tasar\u0131m.<br \/>\n\u2714 6 Bardakl\u0131k \u2013 Esteti\u011fi art\u0131r\u0131r ve daha iyi tutu\u015f sa\u011flar.<br \/>\n\u2714 1 Kapakl\u0131 \u015eekerlik \u2013 \u015eeker veya tatl\u0131 servisi i\u00e7in idealdir.<br \/>\n\u2714 1 Servis Tepsisi \u2013 Seti \u015f\u0131k bir sunumla tamamlar.<br \/>\n\u2714 1 Kahve Demli\u011fi (Sete dahilse iste\u011fe ba\u011fl\u0131) \u2013 Kolay servis i\u00e7in.<\/p>\n<p>\u00d6zellikler:<\/p>\n<p>\u2714 Premium Kalite Malzeme: Dayan\u0131kl\u0131l\u0131k ve uzun s\u00fcreli kullan\u0131m i\u00e7in tasarlanm\u0131\u015ft\u0131r.<br \/>\n\u2714 Zamans\u0131z ve Zarif Tasar\u0131m: Hem modern hem de geleneksel ortamlar i\u00e7in m\u00fckemmeldir. \u2714 \u00d6zel G\u00fcnler \u0130\u00e7in \u0130deal: Misafirlerinizi, \u015f\u0131k bir \u015fekilde koordine edilmi\u015f kahve tak\u0131m\u0131yla etkileyin.<\/p>\n","protected":false},"excerpt":{"rendered":"<p>15 Par\u00e7al\u0131 Kahve Fincan\u0131 Seti (\u015eekerlik ve Tepsi Dahil) \u015e\u0131k bir sunum i\u00e7in \u015fekerlik ve tepsiyle tamamlanan bu zarif 15<\/p>\n","protected":false},"featured_media":1665,"comment_status":"open","ping_status":"closed","template":"","meta":[],"product_brand":[],"product_cat":[205,233,240],"product_tag":[],"class_list":{"0":"post-5080","1":"product","2":"type-product","3":"status-publish","4":"has-post-thumbnail","6":"product_cat-kahve-ve-cay-fincan-takimlari","7":"product_cat-ev-esyalari","8":"product_cat-tum-katagoriler","10":"first","11":"instock","12":"sale","13":"taxable","14":"shipping-taxable","15":"purchasable","16":"product-type-variable"},"yoast_head":"<!-- This site is optimized with the Yoast SEO plugin v27.4 - https:\/\/yoast.com\/product\/yoast-seo-wordpress\/ -->\n<title>Alt\u0131 ki\u015filik Kahve Fincan Seti \u015eekerlik ve Tepsili - AiroBazar<\/title>\n<meta name=\"robots\" content=\"index, follow, max-snippet:-1, max-image-preview:large, max-video-preview:-1\" \/>\n<link rel=\"canonical\" href=\"https:\/\/airobazar.com\/tr\/urun\/alti-kisilik-kahve-fincan-seti-sekerlik-ve-tepsili\/\" \/>\n<meta property=\"og:locale\" content=\"tr_TR\" \/>\n<meta property=\"og:type\" content=\"article\" \/>\n<meta property=\"og:title\" content=\"Alt\u0131 ki\u015filik Kahve Fincan Seti \u015eekerlik ve Tepsili - AiroBazar\" \/>\n<meta property=\"og:description\" content=\"15 Par\u00e7al\u0131 Kahve Fincan\u0131 Seti (\u015eekerlik ve Tepsi Dahil) \u015e\u0131k bir sunum i\u00e7in \u015fekerlik ve tepsiyle tamamlanan bu zarif 15\" \/>\n<meta property=\"og:url\" content=\"https:\/\/airobazar.com\/tr\/urun\/alti-kisilik-kahve-fincan-seti-sekerlik-ve-tepsili\/\" \/>\n<meta property=\"og:site_name\" content=\"AiroBazar\" \/>\n<meta property=\"article:modified_time\" content=\"2025-08-18T14:34:05+00:00\" \/>\n<meta property=\"og:image\" content=\"https:\/\/airobazar.com\/wp-content\/uploads\/2025\/08\/six-nescafe-set-poppy-yellow.jpg\" \/>\n\t<meta property=\"og:image:width\" content=\"1000\" \/>\n\t<meta property=\"og:image:height\" content=\"1000\" \/>\n\t<meta property=\"og:image:type\" content=\"image\/jpeg\" \/>\n<meta name=\"twitter:card\" content=\"summary_large_image\" \/>\n<meta name=\"twitter:label1\" content=\"Tahmini okuma s\u00fcresi\" \/>\n\t<meta name=\"twitter:data1\" content=\"1 dakika\" \/>\n<script type=\"application\/ld+json\" class=\"yoast-schema-graph\">{\"@context\":\"https:\\\/\\\/schema.org\",\"@graph\":[{\"@type\":\"WebPage\",\"@id\":\"https:\\\/\\\/airobazar.com\\\/tr\\\/urun\\\/alti-kisilik-kahve-fincan-seti-sekerlik-ve-tepsili\\\/\",\"url\":\"https:\\\/\\\/airobazar.com\\\/tr\\\/urun\\\/alti-kisilik-kahve-fincan-seti-sekerlik-ve-tepsili\\\/\",\"name\":\"Alt\u0131 ki\u015filik Kahve Fincan Seti \u015eekerlik ve Tepsili - AiroBazar\",\"isPartOf\":{\"@id\":\"https:\\\/\\\/airobazar.com\\\/#website\"},\"primaryImageOfPage\":{\"@id\":\"https:\\\/\\\/airobazar.com\\\/tr\\\/urun\\\/alti-kisilik-kahve-fincan-seti-sekerlik-ve-tepsili\\\/#primaryimage\"},\"image\":{\"@id\":\"https:\\\/\\\/airobazar.com\\\/tr\\\/urun\\\/alti-kisilik-kahve-fincan-seti-sekerlik-ve-tepsili\\\/#primaryimage\"},\"thumbnailUrl\":\"https:\\\/\\\/airobazar.com\\\/wp-content\\\/uploads\\\/2025\\\/08\\\/six-nescafe-set-poppy-yellow.jpg\",\"datePublished\":\"2025-08-05T15:16:33+00:00\",\"dateModified\":\"2025-08-18T14:34:05+00:00\",\"breadcrumb\":{\"@id\":\"https:\\\/\\\/airobazar.com\\\/tr\\\/urun\\\/alti-kisilik-kahve-fincan-seti-sekerlik-ve-tepsili\\\/#breadcrumb\"},\"inLanguage\":\"tr\",\"potentialAction\":[{\"@type\":\"ReadAction\",\"target\":[\"https:\\\/\\\/airobazar.com\\\/tr\\\/urun\\\/alti-kisilik-kahve-fincan-seti-sekerlik-ve-tepsili\\\/\"]}]},{\"@type\":\"ImageObject\",\"inLanguage\":\"tr\",\"@id\":\"https:\\\/\\\/airobazar.com\\\/tr\\\/urun\\\/alti-kisilik-kahve-fincan-seti-sekerlik-ve-tepsili\\\/#primaryimage\",\"url\":\"https:\\\/\\\/airobazar.com\\\/wp-content\\\/uploads\\\/2025\\\/08\\\/six-nescafe-set-poppy-yellow.jpg\",\"contentUrl\":\"https:\\\/\\\/airobazar.com\\\/wp-content\\\/uploads\\\/2025\\\/08\\\/six-nescafe-set-poppy-yellow.jpg\",\"width\":1000,\"height\":1000},{\"@type\":\"BreadcrumbList\",\"@id\":\"https:\\\/\\\/airobazar.com\\\/tr\\\/urun\\\/alti-kisilik-kahve-fincan-seti-sekerlik-ve-tepsili\\\/#breadcrumb\",\"itemListElement\":[{\"@type\":\"ListItem\",\"position\":1,\"name\":\"Home\",\"item\":\"https:\\\/\\\/airobazar.com\\\/tr\\\/\"},{\"@type\":\"ListItem\",\"position\":2,\"name\":\"Ma\u011faza\",\"item\":\"https:\\\/\\\/airobazar.com\\\/tr\\\/magaza\\\/\"},{\"@type\":\"ListItem\",\"position\":3,\"name\":\"Alt\u0131 ki\u015filik Kahve Fincan Seti \u015eekerlik ve Tepsili\"}]},{\"@type\":\"WebSite\",\"@id\":\"https:\\\/\\\/airobazar.com\\\/#website\",\"url\":\"https:\\\/\\\/airobazar.com\\\/\",\"name\":\"AiroBazar\",\"description\":\"online sales\",\"potentialAction\":[{\"@type\":\"SearchAction\",\"target\":{\"@type\":\"EntryPoint\",\"urlTemplate\":\"https:\\\/\\\/airobazar.com\\\/?s={search_term_string}\"},\"query-input\":{\"@type\":\"PropertyValueSpecification\",\"valueRequired\":true,\"valueName\":\"search_term_string\"}}],\"inLanguage\":\"tr\"}]}<\/script>\n<!-- \/ Yoast SEO plugin. -->","yoast_head_json":{"title":"Alt\u0131 ki\u015filik Kahve Fincan Seti \u015eekerlik ve Tepsili - AiroBazar","robots":{"index":"index","follow":"follow","max-snippet":"max-snippet:-1","max-image-preview":"max-image-preview:large","max-video-preview":"max-video-preview:-1"},"canonical":"https:\/\/airobazar.com\/tr\/urun\/alti-kisilik-kahve-fincan-seti-sekerlik-ve-tepsili\/","og_locale":"tr_TR","og_type":"article","og_title":"Alt\u0131 ki\u015filik Kahve Fincan Seti \u015eekerlik ve Tepsili - AiroBazar","og_description":"15 Par\u00e7al\u0131 Kahve Fincan\u0131 Seti (\u015eekerlik ve Tepsi Dahil) \u015e\u0131k bir sunum i\u00e7in \u015fekerlik ve tepsiyle tamamlanan bu zarif 15","og_url":"https:\/\/airobazar.com\/tr\/urun\/alti-kisilik-kahve-fincan-seti-sekerlik-ve-tepsili\/","og_site_name":"AiroBazar","article_modified_time":"2025-08-18T14:34:05+00:00","og_image":[{"width":1000,"height":1000,"url":"https:\/\/airobazar.com\/wp-content\/uploads\/2025\/08\/six-nescafe-set-poppy-yellow.jpg","type":"image\/jpeg"}],"twitter_card":"summary_large_image","twitter_misc":{"Tahmini okuma s\u00fcresi":"1 dakika"},"schema":{"@context":"https:\/\/schema.org","@graph":[{"@type":"WebPage","@id":"https:\/\/airobazar.com\/tr\/urun\/alti-kisilik-kahve-fincan-seti-sekerlik-ve-tepsili\/","url":"https:\/\/airobazar.com\/tr\/urun\/alti-kisilik-kahve-fincan-seti-sekerlik-ve-tepsili\/","name":"Alt\u0131 ki\u015filik Kahve Fincan Seti \u015eekerlik ve Tepsili - AiroBazar","isPartOf":{"@id":"https:\/\/airobazar.com\/#website"},"primaryImageOfPage":{"@id":"https:\/\/airobazar.com\/tr\/urun\/alti-kisilik-kahve-fincan-seti-sekerlik-ve-tepsili\/#primaryimage"},"image":{"@id":"https:\/\/airobazar.com\/tr\/urun\/alti-kisilik-kahve-fincan-seti-sekerlik-ve-tepsili\/#primaryimage"},"thumbnailUrl":"https:\/\/airobazar.com\/wp-content\/uploads\/2025\/08\/six-nescafe-set-poppy-yellow.jpg","datePublished":"2025-08-05T15:16:33+00:00","dateModified":"2025-08-18T14:34:05+00:00","breadcrumb":{"@id":"https:\/\/airobazar.com\/tr\/urun\/alti-kisilik-kahve-fincan-seti-sekerlik-ve-tepsili\/#breadcrumb"},"inLanguage":"tr","potentialAction":[{"@type":"ReadAction","target":["https:\/\/airobazar.com\/tr\/urun\/alti-kisilik-kahve-fincan-seti-sekerlik-ve-tepsili\/"]}]},{"@type":"ImageObject","inLanguage":"tr","@id":"https:\/\/airobazar.com\/tr\/urun\/alti-kisilik-kahve-fincan-seti-sekerlik-ve-tepsili\/#primaryimage","url":"https:\/\/airobazar.com\/wp-content\/uploads\/2025\/08\/six-nescafe-set-poppy-yellow.jpg","contentUrl":"https:\/\/airobazar.com\/wp-content\/uploads\/2025\/08\/six-nescafe-set-poppy-yellow.jpg","width":1000,"height":1000},{"@type":"BreadcrumbList","@id":"https:\/\/airobazar.com\/tr\/urun\/alti-kisilik-kahve-fincan-seti-sekerlik-ve-tepsili\/#breadcrumb","itemListElement":[{"@type":"ListItem","position":1,"name":"Home","item":"https:\/\/airobazar.com\/tr\/"},{"@type":"ListItem","position":2,"name":"Ma\u011faza","item":"https:\/\/airobazar.com\/tr\/magaza\/"},{"@type":"ListItem","position":3,"name":"Alt\u0131 ki\u015filik Kahve Fincan Seti \u015eekerlik ve Tepsili"}]},{"@type":"WebSite","@id":"https:\/\/airobazar.com\/#website","url":"https:\/\/airobazar.com\/","name":"AiroBazar","description":"online sales","potentialAction":[{"@type":"SearchAction","target":{"@type":"EntryPoint","urlTemplate":"https:\/\/airobazar.com\/?s={search_term_string}"},"query-input":{"@type":"PropertyValueSpecification","valueRequired":true,"valueName":"search_term_string"}}],"inLanguage":"tr"}]}},"_links":{"self":[{"href":"https:\/\/airobazar.com\/tr\/wp-json\/wp\/v2\/product\/5080","targetHints":{"allow":["GET"]}}],"collection":[{"href":"https:\/\/airobazar.com\/tr\/wp-json\/wp\/v2\/product"}],"about":[{"href":"https:\/\/airobazar.com\/tr\/wp-json\/wp\/v2\/types\/product"}],"replies":[{"embeddable":true,"href":"https:\/\/airobazar.com\/tr\/wp-json\/wp\/v2\/comments?post=5080"}],"version-history":[{"count":0,"href":"https:\/\/airobazar.com\/tr\/wp-json\/wp\/v2\/product\/5080\/revisions"}],"wp:featuredmedia":[{"embeddable":true,"href":"https:\/\/airobazar.com\/tr\/wp-json\/wp\/v2\/media\/1665"}],"wp:attachment":[{"href":"https:\/\/airobazar.com\/tr\/wp-json\/wp\/v2\/media?parent=5080"}],"wp:term":[{"taxonomy":"product_brand","embeddable":true,"href":"https:\/\/airobazar.com\/tr\/wp-json\/wp\/v2\/product_brand?post=5080"},{"taxonomy":"product_cat","embeddable":true,"href":"https:\/\/airobazar.com\/tr\/wp-json\/wp\/v2\/product_cat?post=5080"},{"taxonomy":"product_tag","embeddable":true,"href":"https:\/\/airobazar.com\/tr\/wp-json\/wp\/v2\/product_tag?post=5080"}],"curies":[{"name":"wp","href":"https:\/\/api.w.org\/{rel}","templated":true}]}}