{"id":5028,"date":"2025-08-05T15:16:34","date_gmt":"2025-08-05T15:16:34","guid":{"rendered":"https:\/\/tedsitedemonuz.com\/airo\/?post_type=product&#038;p=5028"},"modified":"2025-08-18T14:08:00","modified_gmt":"2025-08-18T14:08:00","slug":"12-parca-mirra-set-6-kisilik-kahve-fincan-seti","status":"publish","type":"product","link":"https:\/\/airobazar.com\/tr\/urun\/12-parca-mirra-set-6-kisilik-kahve-fincan-seti\/","title":{"rendered":"12 Par\u00e7a M\u0131rra Set 6 Ki\u015filik Kahve Fincan Seti"},"content":{"rendered":"<p>12 Par\u00e7al\u0131 M\u0131rra Seti \u2013 6 Fincan ve 6 Fincan Alt\u0131<\/p>\n<p>Zarif tasar\u0131ml\u0131 bu 12 par\u00e7al\u0131 M\u0131rra seti ile geleneksel M\u0131rra kahvesinin otantik tad\u0131n\u0131 deneyimleyin. Sert ve aromatik Arap kahvesi servis etmek i\u00e7in m\u00fckemmel olan bu set, 6 fincan ve 6 uyumlu fincan alt\u0131 ile zarafet ve pratikli\u011fi bir araya getiriyor.<\/p>\n<p>\u00d6zellikler:<\/p>\n<p>\u2714 \u00d6zg\u00fcn Tasar\u0131m: Geleneksel M\u0131rra kahve k\u00fclt\u00fcr\u00fcnden ilham ald\u0131.<br \/>\n\u2714 12 Par\u00e7al\u0131 Set: Eksiksiz bir servis deneyimi i\u00e7in 6 fincan ve 6 fincan alt\u0131 i\u00e7erir.<br \/>\n\u2714 Y\u00fcksek Kaliteli Malzeme: Dayan\u0131kl\u0131 ve \u015f\u0131k, uzun s\u00fcreli kullan\u0131m i\u00e7in tasarlanm\u0131\u015ft\u0131r.<br \/>\n\u2714 \u00d6zel G\u00fcnler \u0130\u00e7in M\u00fckemmel: Misafirlerinize servis yapmak ve kahve rit\u00fcellerinizi zenginle\u015ftirmek i\u00e7in idealdir.<\/p>\n<p>12 Par\u00e7al\u0131 M\u0131rra Seti ile kahve deneyiminizi zenginle\u015ftirin, sofran\u0131za gelenek ve zarafeti getirin.<\/p>\n","protected":false},"excerpt":{"rendered":"<p>12 Par\u00e7al\u0131 M\u0131rra Seti \u2013 6 Fincan ve 6 Fincan Alt\u0131 Zarif tasar\u0131ml\u0131 bu 12 par\u00e7al\u0131 M\u0131rra seti ile geleneksel<\/p>\n","protected":false},"featured_media":1696,"comment_status":"open","ping_status":"closed","template":"","meta":[],"product_brand":[],"product_cat":[205,233,240],"product_tag":[],"class_list":{"0":"post-5028","1":"product","2":"type-product","3":"status-publish","4":"has-post-thumbnail","6":"product_cat-kahve-ve-cay-fincan-takimlari","7":"product_cat-ev-esyalari","8":"product_cat-tum-katagoriler","10":"first","11":"instock","12":"sale","13":"taxable","14":"shipping-taxable","15":"purchasable","16":"product-type-variable"},"yoast_head":"<!-- This site is optimized with the Yoast SEO plugin v27.4 - https:\/\/yoast.com\/product\/yoast-seo-wordpress\/ -->\n<title>12 Par\u00e7a M\u0131rra Set 6 Ki\u015filik Kahve Fincan Seti - AiroBazar<\/title>\n<meta name=\"robots\" content=\"index, follow, max-snippet:-1, max-image-preview:large, max-video-preview:-1\" \/>\n<link rel=\"canonical\" href=\"https:\/\/airobazar.com\/product\/12-piece-mirra-set-6-piece-cup-6-piece-cup-bottom\/\" \/>\n<meta property=\"og:locale\" content=\"tr_TR\" \/>\n<meta property=\"og:type\" content=\"article\" \/>\n<meta property=\"og:title\" content=\"12 Par\u00e7a M\u0131rra Set 6 Ki\u015filik Kahve Fincan Seti - AiroBazar\" \/>\n<meta property=\"og:description\" content=\"12 Par\u00e7al\u0131 M\u0131rra Seti \u2013 6 Fincan ve 6 Fincan Alt\u0131 Zarif tasar\u0131ml\u0131 bu 12 par\u00e7al\u0131 M\u0131rra seti ile geleneksel\" \/>\n<meta property=\"og:url\" content=\"https:\/\/airobazar.com\/product\/12-piece-mirra-set-6-piece-cup-6-piece-cup-bottom\/\" \/>\n<meta property=\"og:site_name\" content=\"AiroBazar\" \/>\n<meta property=\"article:modified_time\" content=\"2025-08-18T14:08:00+00:00\" \/>\n<meta property=\"og:image\" content=\"https:\/\/airobazar.com\/wp-content\/uploads\/2025\/08\/SET400SA.jpg\" \/>\n\t<meta property=\"og:image:width\" content=\"1200\" \/>\n\t<meta property=\"og:image:height\" content=\"900\" \/>\n\t<meta property=\"og:image:type\" content=\"image\/jpeg\" \/>\n<meta name=\"twitter:card\" content=\"summary_large_image\" \/>\n<meta name=\"twitter:label1\" content=\"Tahmini okuma s\u00fcresi\" \/>\n\t<meta name=\"twitter:data1\" content=\"1 dakika\" \/>\n<script type=\"application\/ld+json\" class=\"yoast-schema-graph\">{\"@context\":\"https:\\\/\\\/schema.org\",\"@graph\":[{\"@type\":\"WebPage\",\"@id\":\"https:\\\/\\\/airobazar.com\\\/product\\\/12-piece-mirra-set-6-piece-cup-6-piece-cup-bottom\\\/\",\"url\":\"https:\\\/\\\/airobazar.com\\\/product\\\/12-piece-mirra-set-6-piece-cup-6-piece-cup-bottom\\\/\",\"name\":\"12 Par\u00e7a M\u0131rra Set 6 Ki\u015filik Kahve Fincan Seti - AiroBazar\",\"isPartOf\":{\"@id\":\"https:\\\/\\\/airobazar.com\\\/#website\"},\"primaryImageOfPage\":{\"@id\":\"https:\\\/\\\/airobazar.com\\\/product\\\/12-piece-mirra-set-6-piece-cup-6-piece-cup-bottom\\\/#primaryimage\"},\"image\":{\"@id\":\"https:\\\/\\\/airobazar.com\\\/product\\\/12-piece-mirra-set-6-piece-cup-6-piece-cup-bottom\\\/#primaryimage\"},\"thumbnailUrl\":\"https:\\\/\\\/airobazar.com\\\/wp-content\\\/uploads\\\/2025\\\/08\\\/SET400SA.jpg\",\"datePublished\":\"2025-08-05T15:16:34+00:00\",\"dateModified\":\"2025-08-18T14:08:00+00:00\",\"breadcrumb\":{\"@id\":\"https:\\\/\\\/airobazar.com\\\/product\\\/12-piece-mirra-set-6-piece-cup-6-piece-cup-bottom\\\/#breadcrumb\"},\"inLanguage\":\"tr\",\"potentialAction\":[{\"@type\":\"ReadAction\",\"target\":[\"https:\\\/\\\/airobazar.com\\\/product\\\/12-piece-mirra-set-6-piece-cup-6-piece-cup-bottom\\\/\"]}]},{\"@type\":\"ImageObject\",\"inLanguage\":\"tr\",\"@id\":\"https:\\\/\\\/airobazar.com\\\/product\\\/12-piece-mirra-set-6-piece-cup-6-piece-cup-bottom\\\/#primaryimage\",\"url\":\"https:\\\/\\\/airobazar.com\\\/wp-content\\\/uploads\\\/2025\\\/08\\\/SET400SA.jpg\",\"contentUrl\":\"https:\\\/\\\/airobazar.com\\\/wp-content\\\/uploads\\\/2025\\\/08\\\/SET400SA.jpg\",\"width\":1200,\"height\":900},{\"@type\":\"BreadcrumbList\",\"@id\":\"https:\\\/\\\/airobazar.com\\\/product\\\/12-piece-mirra-set-6-piece-cup-6-piece-cup-bottom\\\/#breadcrumb\",\"itemListElement\":[{\"@type\":\"ListItem\",\"position\":1,\"name\":\"Home\",\"item\":\"https:\\\/\\\/airobazar.com\\\/tr\\\/\"},{\"@type\":\"ListItem\",\"position\":2,\"name\":\"Ma\u011faza\",\"item\":\"https:\\\/\\\/airobazar.com\\\/tr\\\/magaza\\\/\"},{\"@type\":\"ListItem\",\"position\":3,\"name\":\"12 Par\u00e7a M\u0131rra Set 6 Ki\u015filik Kahve Fincan Seti\"}]},{\"@type\":\"WebSite\",\"@id\":\"https:\\\/\\\/airobazar.com\\\/#website\",\"url\":\"https:\\\/\\\/airobazar.com\\\/\",\"name\":\"AiroBazar\",\"description\":\"online sales\",\"potentialAction\":[{\"@type\":\"SearchAction\",\"target\":{\"@type\":\"EntryPoint\",\"urlTemplate\":\"https:\\\/\\\/airobazar.com\\\/?s={search_term_string}\"},\"query-input\":{\"@type\":\"PropertyValueSpecification\",\"valueRequired\":true,\"valueName\":\"search_term_string\"}}],\"inLanguage\":\"tr\"}]}<\/script>\n<!-- \/ Yoast SEO plugin. -->","yoast_head_json":{"title":"12 Par\u00e7a M\u0131rra Set 6 Ki\u015filik Kahve Fincan Seti - AiroBazar","robots":{"index":"index","follow":"follow","max-snippet":"max-snippet:-1","max-image-preview":"max-image-preview:large","max-video-preview":"max-video-preview:-1"},"canonical":"https:\/\/airobazar.com\/product\/12-piece-mirra-set-6-piece-cup-6-piece-cup-bottom\/","og_locale":"tr_TR","og_type":"article","og_title":"12 Par\u00e7a M\u0131rra Set 6 Ki\u015filik Kahve Fincan Seti - AiroBazar","og_description":"12 Par\u00e7al\u0131 M\u0131rra Seti \u2013 6 Fincan ve 6 Fincan Alt\u0131 Zarif tasar\u0131ml\u0131 bu 12 par\u00e7al\u0131 M\u0131rra seti ile geleneksel","og_url":"https:\/\/airobazar.com\/product\/12-piece-mirra-set-6-piece-cup-6-piece-cup-bottom\/","og_site_name":"AiroBazar","article_modified_time":"2025-08-18T14:08:00+00:00","og_image":[{"width":1200,"height":900,"url":"https:\/\/airobazar.com\/wp-content\/uploads\/2025\/08\/SET400SA.jpg","type":"image\/jpeg"}],"twitter_card":"summary_large_image","twitter_misc":{"Tahmini okuma s\u00fcresi":"1 dakika"},"schema":{"@context":"https:\/\/schema.org","@graph":[{"@type":"WebPage","@id":"https:\/\/airobazar.com\/product\/12-piece-mirra-set-6-piece-cup-6-piece-cup-bottom\/","url":"https:\/\/airobazar.com\/product\/12-piece-mirra-set-6-piece-cup-6-piece-cup-bottom\/","name":"12 Par\u00e7a M\u0131rra Set 6 Ki\u015filik Kahve Fincan Seti - AiroBazar","isPartOf":{"@id":"https:\/\/airobazar.com\/#website"},"primaryImageOfPage":{"@id":"https:\/\/airobazar.com\/product\/12-piece-mirra-set-6-piece-cup-6-piece-cup-bottom\/#primaryimage"},"image":{"@id":"https:\/\/airobazar.com\/product\/12-piece-mirra-set-6-piece-cup-6-piece-cup-bottom\/#primaryimage"},"thumbnailUrl":"https:\/\/airobazar.com\/wp-content\/uploads\/2025\/08\/SET400SA.jpg","datePublished":"2025-08-05T15:16:34+00:00","dateModified":"2025-08-18T14:08:00+00:00","breadcrumb":{"@id":"https:\/\/airobazar.com\/product\/12-piece-mirra-set-6-piece-cup-6-piece-cup-bottom\/#breadcrumb"},"inLanguage":"tr","potentialAction":[{"@type":"ReadAction","target":["https:\/\/airobazar.com\/product\/12-piece-mirra-set-6-piece-cup-6-piece-cup-bottom\/"]}]},{"@type":"ImageObject","inLanguage":"tr","@id":"https:\/\/airobazar.com\/product\/12-piece-mirra-set-6-piece-cup-6-piece-cup-bottom\/#primaryimage","url":"https:\/\/airobazar.com\/wp-content\/uploads\/2025\/08\/SET400SA.jpg","contentUrl":"https:\/\/airobazar.com\/wp-content\/uploads\/2025\/08\/SET400SA.jpg","width":1200,"height":900},{"@type":"BreadcrumbList","@id":"https:\/\/airobazar.com\/product\/12-piece-mirra-set-6-piece-cup-6-piece-cup-bottom\/#breadcrumb","itemListElement":[{"@type":"ListItem","position":1,"name":"Home","item":"https:\/\/airobazar.com\/tr\/"},{"@type":"ListItem","position":2,"name":"Ma\u011faza","item":"https:\/\/airobazar.com\/tr\/magaza\/"},{"@type":"ListItem","position":3,"name":"12 Par\u00e7a M\u0131rra Set 6 Ki\u015filik Kahve Fincan Seti"}]},{"@type":"WebSite","@id":"https:\/\/airobazar.com\/#website","url":"https:\/\/airobazar.com\/","name":"AiroBazar","description":"online sales","potentialAction":[{"@type":"SearchAction","target":{"@type":"EntryPoint","urlTemplate":"https:\/\/airobazar.com\/?s={search_term_string}"},"query-input":{"@type":"PropertyValueSpecification","valueRequired":true,"valueName":"search_term_string"}}],"inLanguage":"tr"}]}},"_links":{"self":[{"href":"https:\/\/airobazar.com\/tr\/wp-json\/wp\/v2\/product\/5028","targetHints":{"allow":["GET"]}}],"collection":[{"href":"https:\/\/airobazar.com\/tr\/wp-json\/wp\/v2\/product"}],"about":[{"href":"https:\/\/airobazar.com\/tr\/wp-json\/wp\/v2\/types\/product"}],"replies":[{"embeddable":true,"href":"https:\/\/airobazar.com\/tr\/wp-json\/wp\/v2\/comments?post=5028"}],"version-history":[{"count":0,"href":"https:\/\/airobazar.com\/tr\/wp-json\/wp\/v2\/product\/5028\/revisions"}],"wp:featuredmedia":[{"embeddable":true,"href":"https:\/\/airobazar.com\/tr\/wp-json\/wp\/v2\/media\/1696"}],"wp:attachment":[{"href":"https:\/\/airobazar.com\/tr\/wp-json\/wp\/v2\/media?parent=5028"}],"wp:term":[{"taxonomy":"product_brand","embeddable":true,"href":"https:\/\/airobazar.com\/tr\/wp-json\/wp\/v2\/product_brand?post=5028"},{"taxonomy":"product_cat","embeddable":true,"href":"https:\/\/airobazar.com\/tr\/wp-json\/wp\/v2\/product_cat?post=5028"},{"taxonomy":"product_tag","embeddable":true,"href":"https:\/\/airobazar.com\/tr\/wp-json\/wp\/v2\/product_tag?post=5028"}],"curies":[{"name":"wp","href":"https:\/\/api.w.org\/{rel}","templated":true}]}}