{"id":4976,"date":"2025-08-05T15:16:35","date_gmt":"2025-08-05T15:16:35","guid":{"rendered":"https:\/\/tedsitedemonuz.com\/airo\/?post_type=product&#038;p=4976"},"modified":"2025-08-18T13:41:00","modified_gmt":"2025-08-18T13:41:00","slug":"tepsi-iki-kisilik-kare","status":"publish","type":"product","link":"https:\/\/airobazar.com\/tr\/urun\/tepsi-iki-kisilik-kare\/","title":{"rendered":"Tepsi \u0130ki Ki\u015filik &#8211; Kare"},"content":{"rendered":"<p>\u0130ki Ki\u015filik &#8211; Kare<\/p>\n<p>\u0130ki Ki\u015filik Tepsi &#8211; Kare, her eve \u015f\u0131k ve i\u015flevsel bir katk\u0131 sa\u011flayarak servis veya dekorasyon ama\u00e7l\u0131 m\u00fckemmel bir se\u00e7enektir. Modern kare tasar\u0131m\u0131 ve \u00e7ift katmanl\u0131 yap\u0131s\u0131yla hem pratiklik hem de zarafet sunar.<\/p>\n<p>\u00d6zellikler:<\/p>\n<p>\u2714 \u00c7ift Katmanl\u0131 Tasar\u0131m: Verimli servis i\u00e7in ekstra alan sa\u011flar.<\/p>\n<p>\u2714 Modern Kare \u015eekil: Her ortama \u015f\u0131k ve \u00e7a\u011fda\u015f bir dokunu\u015f katar.<\/p>\n<p>\u2714 Dayan\u0131kl\u0131 Yap\u0131: Uzun \u00f6m\u00fcrl\u00fc kullan\u0131m i\u00e7in \u00fcretilmi\u015ftir.<\/p>\n<p>\u2714 \u00c7ok Y\u00f6nl\u00fc Kullan\u0131m: Kahve, \u00e7ay, at\u0131\u015ft\u0131rmal\u0131k servisi yapmak veya dekoratif bir par\u00e7a olarak kullanmak i\u00e7in m\u00fckemmeldir.<\/p>\n<h3><span style=\"color: #333333; font-size: 16px;\">.<\/span><\/h3>\n","protected":false},"excerpt":{"rendered":"<p>\u0130ki Ki\u015filik &#8211; Kare \u0130ki Ki\u015filik Tepsi &#8211; Kare, her eve \u015f\u0131k ve i\u015flevsel bir katk\u0131 sa\u011flayarak servis veya dekorasyon<\/p>\n","protected":false},"featured_media":4091,"comment_status":"open","ping_status":"closed","template":"","meta":[],"product_brand":[],"product_cat":[233,216,240],"product_tag":[],"class_list":{"0":"post-4976","1":"product","2":"type-product","3":"status-publish","4":"has-post-thumbnail","6":"product_cat-ev-esyalari","7":"product_cat-tepsi-cesitleri","8":"product_cat-tum-katagoriler","10":"first","11":"instock","12":"sale","13":"taxable","14":"shipping-taxable","15":"purchasable","16":"product-type-variable"},"yoast_head":"<!-- This site is optimized with the Yoast SEO plugin v27.4 - https:\/\/yoast.com\/product\/yoast-seo-wordpress\/ -->\n<title>Tepsi \u0130ki Ki\u015filik - Kare - AiroBazar<\/title>\n<meta name=\"robots\" content=\"index, follow, max-snippet:-1, max-image-preview:large, max-video-preview:-1\" \/>\n<link rel=\"canonical\" href=\"https:\/\/airobazar.com\/product\/tray-double-square\/\" \/>\n<meta property=\"og:locale\" content=\"tr_TR\" \/>\n<meta property=\"og:type\" content=\"article\" \/>\n<meta property=\"og:title\" content=\"Tepsi \u0130ki Ki\u015filik - Kare - AiroBazar\" \/>\n<meta property=\"og:description\" content=\"\u0130ki Ki\u015filik &#8211; Kare \u0130ki Ki\u015filik Tepsi &#8211; Kare, her eve \u015f\u0131k ve i\u015flevsel bir katk\u0131 sa\u011flayarak servis veya dekorasyon\" \/>\n<meta property=\"og:url\" content=\"https:\/\/airobazar.com\/product\/tray-double-square\/\" \/>\n<meta property=\"og:site_name\" content=\"AiroBazar\" \/>\n<meta property=\"article:modified_time\" content=\"2025-08-18T13:41:00+00:00\" \/>\n<meta property=\"og:image\" content=\"https:\/\/airobazar.com\/wp-content\/uploads\/2025\/08\/Tray-Double-Square-White.jpg\" \/>\n\t<meta property=\"og:image:width\" content=\"1000\" \/>\n\t<meta property=\"og:image:height\" content=\"1000\" \/>\n\t<meta property=\"og:image:type\" content=\"image\/jpeg\" \/>\n<meta name=\"twitter:card\" content=\"summary_large_image\" \/>\n<meta name=\"twitter:label1\" content=\"Tahmini okuma s\u00fcresi\" \/>\n\t<meta name=\"twitter:data1\" content=\"1 dakika\" \/>\n<script type=\"application\/ld+json\" class=\"yoast-schema-graph\">{\"@context\":\"https:\\\/\\\/schema.org\",\"@graph\":[{\"@type\":\"WebPage\",\"@id\":\"https:\\\/\\\/airobazar.com\\\/product\\\/tray-double-square\\\/\",\"url\":\"https:\\\/\\\/airobazar.com\\\/product\\\/tray-double-square\\\/\",\"name\":\"Tepsi \u0130ki Ki\u015filik - Kare - AiroBazar\",\"isPartOf\":{\"@id\":\"https:\\\/\\\/airobazar.com\\\/#website\"},\"primaryImageOfPage\":{\"@id\":\"https:\\\/\\\/airobazar.com\\\/product\\\/tray-double-square\\\/#primaryimage\"},\"image\":{\"@id\":\"https:\\\/\\\/airobazar.com\\\/product\\\/tray-double-square\\\/#primaryimage\"},\"thumbnailUrl\":\"https:\\\/\\\/airobazar.com\\\/wp-content\\\/uploads\\\/2025\\\/08\\\/Tray-Double-Square-White.jpg\",\"datePublished\":\"2025-08-05T15:16:35+00:00\",\"dateModified\":\"2025-08-18T13:41:00+00:00\",\"breadcrumb\":{\"@id\":\"https:\\\/\\\/airobazar.com\\\/product\\\/tray-double-square\\\/#breadcrumb\"},\"inLanguage\":\"tr\",\"potentialAction\":[{\"@type\":\"ReadAction\",\"target\":[\"https:\\\/\\\/airobazar.com\\\/product\\\/tray-double-square\\\/\"]}]},{\"@type\":\"ImageObject\",\"inLanguage\":\"tr\",\"@id\":\"https:\\\/\\\/airobazar.com\\\/product\\\/tray-double-square\\\/#primaryimage\",\"url\":\"https:\\\/\\\/airobazar.com\\\/wp-content\\\/uploads\\\/2025\\\/08\\\/Tray-Double-Square-White.jpg\",\"contentUrl\":\"https:\\\/\\\/airobazar.com\\\/wp-content\\\/uploads\\\/2025\\\/08\\\/Tray-Double-Square-White.jpg\",\"width\":1000,\"height\":1000},{\"@type\":\"BreadcrumbList\",\"@id\":\"https:\\\/\\\/airobazar.com\\\/product\\\/tray-double-square\\\/#breadcrumb\",\"itemListElement\":[{\"@type\":\"ListItem\",\"position\":1,\"name\":\"Home\",\"item\":\"https:\\\/\\\/airobazar.com\\\/tr\\\/\"},{\"@type\":\"ListItem\",\"position\":2,\"name\":\"Ma\u011faza\",\"item\":\"https:\\\/\\\/airobazar.com\\\/tr\\\/magaza\\\/\"},{\"@type\":\"ListItem\",\"position\":3,\"name\":\"Tepsi \u0130ki Ki\u015filik &#8211; Kare\"}]},{\"@type\":\"WebSite\",\"@id\":\"https:\\\/\\\/airobazar.com\\\/#website\",\"url\":\"https:\\\/\\\/airobazar.com\\\/\",\"name\":\"AiroBazar\",\"description\":\"online sales\",\"potentialAction\":[{\"@type\":\"SearchAction\",\"target\":{\"@type\":\"EntryPoint\",\"urlTemplate\":\"https:\\\/\\\/airobazar.com\\\/?s={search_term_string}\"},\"query-input\":{\"@type\":\"PropertyValueSpecification\",\"valueRequired\":true,\"valueName\":\"search_term_string\"}}],\"inLanguage\":\"tr\"}]}<\/script>\n<!-- \/ Yoast SEO plugin. -->","yoast_head_json":{"title":"Tepsi \u0130ki Ki\u015filik - Kare - AiroBazar","robots":{"index":"index","follow":"follow","max-snippet":"max-snippet:-1","max-image-preview":"max-image-preview:large","max-video-preview":"max-video-preview:-1"},"canonical":"https:\/\/airobazar.com\/product\/tray-double-square\/","og_locale":"tr_TR","og_type":"article","og_title":"Tepsi \u0130ki Ki\u015filik - Kare - AiroBazar","og_description":"\u0130ki Ki\u015filik &#8211; Kare \u0130ki Ki\u015filik Tepsi &#8211; Kare, her eve \u015f\u0131k ve i\u015flevsel bir katk\u0131 sa\u011flayarak servis veya dekorasyon","og_url":"https:\/\/airobazar.com\/product\/tray-double-square\/","og_site_name":"AiroBazar","article_modified_time":"2025-08-18T13:41:00+00:00","og_image":[{"width":1000,"height":1000,"url":"https:\/\/airobazar.com\/wp-content\/uploads\/2025\/08\/Tray-Double-Square-White.jpg","type":"image\/jpeg"}],"twitter_card":"summary_large_image","twitter_misc":{"Tahmini okuma s\u00fcresi":"1 dakika"},"schema":{"@context":"https:\/\/schema.org","@graph":[{"@type":"WebPage","@id":"https:\/\/airobazar.com\/product\/tray-double-square\/","url":"https:\/\/airobazar.com\/product\/tray-double-square\/","name":"Tepsi \u0130ki Ki\u015filik - Kare - AiroBazar","isPartOf":{"@id":"https:\/\/airobazar.com\/#website"},"primaryImageOfPage":{"@id":"https:\/\/airobazar.com\/product\/tray-double-square\/#primaryimage"},"image":{"@id":"https:\/\/airobazar.com\/product\/tray-double-square\/#primaryimage"},"thumbnailUrl":"https:\/\/airobazar.com\/wp-content\/uploads\/2025\/08\/Tray-Double-Square-White.jpg","datePublished":"2025-08-05T15:16:35+00:00","dateModified":"2025-08-18T13:41:00+00:00","breadcrumb":{"@id":"https:\/\/airobazar.com\/product\/tray-double-square\/#breadcrumb"},"inLanguage":"tr","potentialAction":[{"@type":"ReadAction","target":["https:\/\/airobazar.com\/product\/tray-double-square\/"]}]},{"@type":"ImageObject","inLanguage":"tr","@id":"https:\/\/airobazar.com\/product\/tray-double-square\/#primaryimage","url":"https:\/\/airobazar.com\/wp-content\/uploads\/2025\/08\/Tray-Double-Square-White.jpg","contentUrl":"https:\/\/airobazar.com\/wp-content\/uploads\/2025\/08\/Tray-Double-Square-White.jpg","width":1000,"height":1000},{"@type":"BreadcrumbList","@id":"https:\/\/airobazar.com\/product\/tray-double-square\/#breadcrumb","itemListElement":[{"@type":"ListItem","position":1,"name":"Home","item":"https:\/\/airobazar.com\/tr\/"},{"@type":"ListItem","position":2,"name":"Ma\u011faza","item":"https:\/\/airobazar.com\/tr\/magaza\/"},{"@type":"ListItem","position":3,"name":"Tepsi \u0130ki Ki\u015filik &#8211; Kare"}]},{"@type":"WebSite","@id":"https:\/\/airobazar.com\/#website","url":"https:\/\/airobazar.com\/","name":"AiroBazar","description":"online sales","potentialAction":[{"@type":"SearchAction","target":{"@type":"EntryPoint","urlTemplate":"https:\/\/airobazar.com\/?s={search_term_string}"},"query-input":{"@type":"PropertyValueSpecification","valueRequired":true,"valueName":"search_term_string"}}],"inLanguage":"tr"}]}},"_links":{"self":[{"href":"https:\/\/airobazar.com\/tr\/wp-json\/wp\/v2\/product\/4976","targetHints":{"allow":["GET"]}}],"collection":[{"href":"https:\/\/airobazar.com\/tr\/wp-json\/wp\/v2\/product"}],"about":[{"href":"https:\/\/airobazar.com\/tr\/wp-json\/wp\/v2\/types\/product"}],"replies":[{"embeddable":true,"href":"https:\/\/airobazar.com\/tr\/wp-json\/wp\/v2\/comments?post=4976"}],"version-history":[{"count":0,"href":"https:\/\/airobazar.com\/tr\/wp-json\/wp\/v2\/product\/4976\/revisions"}],"wp:featuredmedia":[{"embeddable":true,"href":"https:\/\/airobazar.com\/tr\/wp-json\/wp\/v2\/media\/4091"}],"wp:attachment":[{"href":"https:\/\/airobazar.com\/tr\/wp-json\/wp\/v2\/media?parent=4976"}],"wp:term":[{"taxonomy":"product_brand","embeddable":true,"href":"https:\/\/airobazar.com\/tr\/wp-json\/wp\/v2\/product_brand?post=4976"},{"taxonomy":"product_cat","embeddable":true,"href":"https:\/\/airobazar.com\/tr\/wp-json\/wp\/v2\/product_cat?post=4976"},{"taxonomy":"product_tag","embeddable":true,"href":"https:\/\/airobazar.com\/tr\/wp-json\/wp\/v2\/product_tag?post=4976"}],"curies":[{"name":"wp","href":"https:\/\/api.w.org\/{rel}","templated":true}]}}