{"id":4921,"date":"2025-08-05T15:17:03","date_gmt":"2025-08-05T15:17:03","guid":{"rendered":"https:\/\/tedsitedemonuz.com\/airo\/?post_type=product&#038;p=4921"},"modified":"2025-08-18T11:44:06","modified_gmt":"2025-08-18T11:44:06","slug":"degirmen-toplu-kahve-pirinci","status":"publish","type":"product","link":"https:\/\/airobazar.com\/tr\/urun\/degirmen-toplu-kahve-pirinci\/","title":{"rendered":"De\u011firmen &#8211; Toplu Kahve Pirinci"},"content":{"rendered":"<p>De\u011firmen &#8211; Toplu Kahve Pirinci<br \/>\nKahve \u00f6\u011f\u00fctme i\u015fleminde kalite ve verimlili\u011fi art\u0131ran De\u011firmen &#8211; Toplu Kahve Pirinci, kahve makinelerinizin bak\u0131m\u0131n\u0131 kolayla\u015ft\u0131rmak ve \u00f6\u011f\u00fctme i\u015flemini optimize etmek i\u00e7in \u00f6zel olarak tasarlanm\u0131\u015ft\u0131r. Y\u00fcksek kaliteli malzemesi sayesinde uzun \u00f6m\u00fcrl\u00fc kullan\u0131m sunar.<\/p>\n<p>\u00d6zellikler:<br \/>\n\u2714 Y\u00fcksek Kapasite: Toplu kahve \u00f6\u011f\u00fctmek i\u00e7in ideal yap\u0131.<br \/>\n\u2714 Dayan\u0131kl\u0131 Malzeme: Uzun \u00f6m\u00fcrl\u00fc ve verimli kullan\u0131m.<br \/>\n\u2714 Kahve \u00d6\u011f\u00fctme \u0130\u015flemini Kolayla\u015ft\u0131r\u0131r: Homojen \u00f6\u011f\u00fctme sa\u011flar.<br \/>\n\u2714 \u00c7e\u015fitli Kahve T\u00fcrleriyle Uyumlu: Filtre kahve, espresso ve T\u00fcrk kahvesi i\u00e7in uygundur.<\/p>\n<p>De\u011firmen &#8211; Toplu Kahve Pirinci, profesyonel ve ev kullan\u0131m\u0131 i\u00e7in m\u00fckemmel bir se\u00e7im, kahve tutkunlar\u0131n\u0131n vazge\u00e7ilmezi olacak! \u2615\u2728<\/p>\n","protected":false},"excerpt":{"rendered":"<p>De\u011firmen &#8211; Toplu Kahve Pirinci Kahve \u00f6\u011f\u00fctme i\u015fleminde kalite ve verimlili\u011fi art\u0131ran De\u011firmen &#8211; Toplu Kahve Pirinci, kahve makinelerinizin bak\u0131m\u0131n\u0131<\/p>\n","protected":false},"featured_media":4113,"comment_status":"open","ping_status":"closed","template":"","meta":[],"product_brand":[],"product_cat":[212,233,240],"product_tag":[],"class_list":{"0":"post-4921","1":"product","2":"type-product","3":"status-publish","4":"has-post-thumbnail","6":"product_cat-degirmener-baharat-ogutuculeri","7":"product_cat-ev-esyalari","8":"product_cat-tum-katagoriler","10":"first","11":"instock","12":"sale","13":"virtual","14":"taxable","15":"purchasable","16":"product-type-simple"},"yoast_head":"<!-- This site is optimized with the Yoast SEO plugin v27.4 - https:\/\/yoast.com\/product\/yoast-seo-wordpress\/ -->\n<title>De\u011firmen - Toplu Kahve Pirinci - AiroBazar<\/title>\n<meta name=\"robots\" content=\"index, follow, max-snippet:-1, max-image-preview:large, max-video-preview:-1\" \/>\n<link rel=\"canonical\" href=\"https:\/\/airobazar.com\/product\/mill-bulk-coffee-rice\/\" \/>\n<meta property=\"og:locale\" content=\"tr_TR\" \/>\n<meta property=\"og:type\" content=\"article\" \/>\n<meta property=\"og:title\" content=\"De\u011firmen - Toplu Kahve Pirinci - AiroBazar\" \/>\n<meta property=\"og:description\" content=\"De\u011firmen &#8211; Toplu Kahve Pirinci Kahve \u00f6\u011f\u00fctme i\u015fleminde kalite ve verimlili\u011fi art\u0131ran De\u011firmen &#8211; Toplu Kahve Pirinci, kahve makinelerinizin bak\u0131m\u0131n\u0131\" \/>\n<meta property=\"og:url\" content=\"https:\/\/airobazar.com\/product\/mill-bulk-coffee-rice\/\" \/>\n<meta property=\"og:site_name\" content=\"AiroBazar\" \/>\n<meta property=\"article:modified_time\" content=\"2025-08-18T11:44:06+00:00\" \/>\n<meta property=\"og:image\" content=\"https:\/\/airobazar.com\/wp-content\/uploads\/2025\/08\/Mill-Bulk-Coffee-Rice.jpg\" \/>\n\t<meta property=\"og:image:width\" content=\"1000\" \/>\n\t<meta property=\"og:image:height\" content=\"1000\" \/>\n\t<meta property=\"og:image:type\" content=\"image\/jpeg\" \/>\n<meta name=\"twitter:card\" content=\"summary_large_image\" \/>\n<meta name=\"twitter:label1\" content=\"Tahmini okuma s\u00fcresi\" \/>\n\t<meta name=\"twitter:data1\" content=\"1 dakika\" \/>\n<script type=\"application\/ld+json\" class=\"yoast-schema-graph\">{\"@context\":\"https:\\\/\\\/schema.org\",\"@graph\":[{\"@type\":\"WebPage\",\"@id\":\"https:\\\/\\\/airobazar.com\\\/product\\\/mill-bulk-coffee-rice\\\/\",\"url\":\"https:\\\/\\\/airobazar.com\\\/product\\\/mill-bulk-coffee-rice\\\/\",\"name\":\"De\u011firmen - Toplu Kahve Pirinci - AiroBazar\",\"isPartOf\":{\"@id\":\"https:\\\/\\\/airobazar.com\\\/#website\"},\"primaryImageOfPage\":{\"@id\":\"https:\\\/\\\/airobazar.com\\\/product\\\/mill-bulk-coffee-rice\\\/#primaryimage\"},\"image\":{\"@id\":\"https:\\\/\\\/airobazar.com\\\/product\\\/mill-bulk-coffee-rice\\\/#primaryimage\"},\"thumbnailUrl\":\"https:\\\/\\\/airobazar.com\\\/wp-content\\\/uploads\\\/2025\\\/08\\\/Mill-Bulk-Coffee-Rice.jpg\",\"datePublished\":\"2025-08-05T15:17:03+00:00\",\"dateModified\":\"2025-08-18T11:44:06+00:00\",\"breadcrumb\":{\"@id\":\"https:\\\/\\\/airobazar.com\\\/product\\\/mill-bulk-coffee-rice\\\/#breadcrumb\"},\"inLanguage\":\"tr\",\"potentialAction\":[{\"@type\":\"ReadAction\",\"target\":[\"https:\\\/\\\/airobazar.com\\\/product\\\/mill-bulk-coffee-rice\\\/\"]}]},{\"@type\":\"ImageObject\",\"inLanguage\":\"tr\",\"@id\":\"https:\\\/\\\/airobazar.com\\\/product\\\/mill-bulk-coffee-rice\\\/#primaryimage\",\"url\":\"https:\\\/\\\/airobazar.com\\\/wp-content\\\/uploads\\\/2025\\\/08\\\/Mill-Bulk-Coffee-Rice.jpg\",\"contentUrl\":\"https:\\\/\\\/airobazar.com\\\/wp-content\\\/uploads\\\/2025\\\/08\\\/Mill-Bulk-Coffee-Rice.jpg\",\"width\":1000,\"height\":1000},{\"@type\":\"BreadcrumbList\",\"@id\":\"https:\\\/\\\/airobazar.com\\\/product\\\/mill-bulk-coffee-rice\\\/#breadcrumb\",\"itemListElement\":[{\"@type\":\"ListItem\",\"position\":1,\"name\":\"Home\",\"item\":\"https:\\\/\\\/airobazar.com\\\/tr\\\/\"},{\"@type\":\"ListItem\",\"position\":2,\"name\":\"Ma\u011faza\",\"item\":\"https:\\\/\\\/airobazar.com\\\/tr\\\/magaza\\\/\"},{\"@type\":\"ListItem\",\"position\":3,\"name\":\"De\u011firmen &#8211; Toplu Kahve Pirinci\"}]},{\"@type\":\"WebSite\",\"@id\":\"https:\\\/\\\/airobazar.com\\\/#website\",\"url\":\"https:\\\/\\\/airobazar.com\\\/\",\"name\":\"AiroBazar\",\"description\":\"online sales\",\"potentialAction\":[{\"@type\":\"SearchAction\",\"target\":{\"@type\":\"EntryPoint\",\"urlTemplate\":\"https:\\\/\\\/airobazar.com\\\/?s={search_term_string}\"},\"query-input\":{\"@type\":\"PropertyValueSpecification\",\"valueRequired\":true,\"valueName\":\"search_term_string\"}}],\"inLanguage\":\"tr\"}]}<\/script>\n<!-- \/ Yoast SEO plugin. -->","yoast_head_json":{"title":"De\u011firmen - Toplu Kahve Pirinci - AiroBazar","robots":{"index":"index","follow":"follow","max-snippet":"max-snippet:-1","max-image-preview":"max-image-preview:large","max-video-preview":"max-video-preview:-1"},"canonical":"https:\/\/airobazar.com\/product\/mill-bulk-coffee-rice\/","og_locale":"tr_TR","og_type":"article","og_title":"De\u011firmen - Toplu Kahve Pirinci - AiroBazar","og_description":"De\u011firmen &#8211; Toplu Kahve Pirinci Kahve \u00f6\u011f\u00fctme i\u015fleminde kalite ve verimlili\u011fi art\u0131ran De\u011firmen &#8211; Toplu Kahve Pirinci, kahve makinelerinizin bak\u0131m\u0131n\u0131","og_url":"https:\/\/airobazar.com\/product\/mill-bulk-coffee-rice\/","og_site_name":"AiroBazar","article_modified_time":"2025-08-18T11:44:06+00:00","og_image":[{"width":1000,"height":1000,"url":"https:\/\/airobazar.com\/wp-content\/uploads\/2025\/08\/Mill-Bulk-Coffee-Rice.jpg","type":"image\/jpeg"}],"twitter_card":"summary_large_image","twitter_misc":{"Tahmini okuma s\u00fcresi":"1 dakika"},"schema":{"@context":"https:\/\/schema.org","@graph":[{"@type":"WebPage","@id":"https:\/\/airobazar.com\/product\/mill-bulk-coffee-rice\/","url":"https:\/\/airobazar.com\/product\/mill-bulk-coffee-rice\/","name":"De\u011firmen - Toplu Kahve Pirinci - AiroBazar","isPartOf":{"@id":"https:\/\/airobazar.com\/#website"},"primaryImageOfPage":{"@id":"https:\/\/airobazar.com\/product\/mill-bulk-coffee-rice\/#primaryimage"},"image":{"@id":"https:\/\/airobazar.com\/product\/mill-bulk-coffee-rice\/#primaryimage"},"thumbnailUrl":"https:\/\/airobazar.com\/wp-content\/uploads\/2025\/08\/Mill-Bulk-Coffee-Rice.jpg","datePublished":"2025-08-05T15:17:03+00:00","dateModified":"2025-08-18T11:44:06+00:00","breadcrumb":{"@id":"https:\/\/airobazar.com\/product\/mill-bulk-coffee-rice\/#breadcrumb"},"inLanguage":"tr","potentialAction":[{"@type":"ReadAction","target":["https:\/\/airobazar.com\/product\/mill-bulk-coffee-rice\/"]}]},{"@type":"ImageObject","inLanguage":"tr","@id":"https:\/\/airobazar.com\/product\/mill-bulk-coffee-rice\/#primaryimage","url":"https:\/\/airobazar.com\/wp-content\/uploads\/2025\/08\/Mill-Bulk-Coffee-Rice.jpg","contentUrl":"https:\/\/airobazar.com\/wp-content\/uploads\/2025\/08\/Mill-Bulk-Coffee-Rice.jpg","width":1000,"height":1000},{"@type":"BreadcrumbList","@id":"https:\/\/airobazar.com\/product\/mill-bulk-coffee-rice\/#breadcrumb","itemListElement":[{"@type":"ListItem","position":1,"name":"Home","item":"https:\/\/airobazar.com\/tr\/"},{"@type":"ListItem","position":2,"name":"Ma\u011faza","item":"https:\/\/airobazar.com\/tr\/magaza\/"},{"@type":"ListItem","position":3,"name":"De\u011firmen &#8211; Toplu Kahve Pirinci"}]},{"@type":"WebSite","@id":"https:\/\/airobazar.com\/#website","url":"https:\/\/airobazar.com\/","name":"AiroBazar","description":"online sales","potentialAction":[{"@type":"SearchAction","target":{"@type":"EntryPoint","urlTemplate":"https:\/\/airobazar.com\/?s={search_term_string}"},"query-input":{"@type":"PropertyValueSpecification","valueRequired":true,"valueName":"search_term_string"}}],"inLanguage":"tr"}]}},"_links":{"self":[{"href":"https:\/\/airobazar.com\/tr\/wp-json\/wp\/v2\/product\/4921","targetHints":{"allow":["GET"]}}],"collection":[{"href":"https:\/\/airobazar.com\/tr\/wp-json\/wp\/v2\/product"}],"about":[{"href":"https:\/\/airobazar.com\/tr\/wp-json\/wp\/v2\/types\/product"}],"replies":[{"embeddable":true,"href":"https:\/\/airobazar.com\/tr\/wp-json\/wp\/v2\/comments?post=4921"}],"version-history":[{"count":0,"href":"https:\/\/airobazar.com\/tr\/wp-json\/wp\/v2\/product\/4921\/revisions"}],"wp:featuredmedia":[{"embeddable":true,"href":"https:\/\/airobazar.com\/tr\/wp-json\/wp\/v2\/media\/4113"}],"wp:attachment":[{"href":"https:\/\/airobazar.com\/tr\/wp-json\/wp\/v2\/media?parent=4921"}],"wp:term":[{"taxonomy":"product_brand","embeddable":true,"href":"https:\/\/airobazar.com\/tr\/wp-json\/wp\/v2\/product_brand?post=4921"},{"taxonomy":"product_cat","embeddable":true,"href":"https:\/\/airobazar.com\/tr\/wp-json\/wp\/v2\/product_cat?post=4921"},{"taxonomy":"product_tag","embeddable":true,"href":"https:\/\/airobazar.com\/tr\/wp-json\/wp\/v2\/product_tag?post=4921"}],"curies":[{"name":"wp","href":"https:\/\/api.w.org\/{rel}","templated":true}]}}