{"id":4870,"date":"2025-08-05T15:17:29","date_gmt":"2025-08-05T15:17:29","guid":{"rendered":"https:\/\/tedsitedemonuz.com\/airo\/?post_type=product&#038;p=4870"},"modified":"2025-08-18T06:11:15","modified_gmt":"2025-08-18T06:11:15","slug":"askili-yuvarlak-dalgali-tepsi","status":"publish","type":"product","link":"https:\/\/airobazar.com\/tr\/urun\/askili-yuvarlak-dalgali-tepsi\/","title":{"rendered":"Ask\u0131l\u0131 Yuvarlak Dalgal\u0131 Tepsi"},"content":{"rendered":"<p>Ak\u0131\u015fkan Yuvarlak Dalgal\u0131 Ask\u0131l\u0131 Tepsi ile mekan\u0131n\u0131za zarafet ve i\u015flevsellik kat\u0131n. Hem dekoratif hem de pratik kullan\u0131m i\u00e7in tasarlanan bu benzersiz tepsi, her ortama uyum sa\u011flayan dalgal\u0131 ve sanatsal bir g\u00f6r\u00fcn\u00fcme sahiptir.<\/p>\n<p>\u00d6zellikler:<\/p>\n<p>\u2714 Zarif Dalgal\u0131 Tasar\u0131m &#8211; Estetik ve \u015f\u0131k, modern ve klasik i\u00e7 mekanlar i\u00e7in m\u00fckemmel.<\/p>\n<p>\u2714 Dayan\u0131kl\u0131 ve Y\u00fcksek Kaliteli Malzeme &#8211; Birinci s\u0131n\u0131f bir kaplama ile uzun \u00f6m\u00fcrl\u00fc kullan\u0131m i\u00e7in \u00fcretilmi\u015ftir.<\/p>\n<p>\u2714 Ask\u0131 \u00d6zelli\u011fi &#8211; Kullan\u0131\u015fl\u0131 ve yerden tasarruf sa\u011flar, servis veya sergileme i\u00e7in idealdir.<\/p>\n<p>\u2714 \u00c7ok Y\u00f6nl\u00fc Kullan\u0131m &#8211; Ev dekorasyonu, i\u00e7ecek servisi veya dekoratif e\u015fyalar\u0131 sergilemek i\u00e7in uygundur.<br \/>\n\u2714 Yuvarlak \u015eekil &#8211; Her ortama kusursuz bir \u015fekilde uyum sa\u011flayan zamans\u0131z bir tasar\u0131m.<\/p>\n<p>Evinizi, g\u00fczellik ve pratikli\u011fin m\u00fckemmel bir kar\u0131\u015f\u0131m\u0131 olan Ak\u0131\u015fkan Yuvarlak Dalgal\u0131 Ask\u0131l\u0131 Tepsi ile g\u00fczelle\u015ftirin!<\/p>\n","protected":false},"excerpt":{"rendered":"<p>Ak\u0131\u015fkan Yuvarlak Dalgal\u0131 Ask\u0131l\u0131 Tepsi ile mekan\u0131n\u0131za zarafet ve i\u015flevsellik kat\u0131n. Hem dekoratif hem de pratik kullan\u0131m i\u00e7in tasarlanan bu<\/p>\n","protected":false},"featured_media":1785,"comment_status":"open","ping_status":"closed","template":"","meta":[],"product_brand":[],"product_cat":[233,216,240],"product_tag":[],"class_list":{"0":"post-4870","1":"product","2":"type-product","3":"status-publish","4":"has-post-thumbnail","6":"product_cat-mutfak-esyalar","7":"product_cat-tepsi-cesitleri","8":"product_cat-tum-urunler-2","10":"first","11":"instock","12":"sale","13":"taxable","14":"shipping-taxable","15":"purchasable","16":"product-type-variable","17":"has-default-attributes"},"_links":{"self":[{"href":"https:\/\/airobazar.com\/tr\/wp-json\/wp\/v2\/product\/4870","targetHints":{"allow":["GET"]}}],"collection":[{"href":"https:\/\/airobazar.com\/tr\/wp-json\/wp\/v2\/product"}],"about":[{"href":"https:\/\/airobazar.com\/tr\/wp-json\/wp\/v2\/types\/product"}],"replies":[{"embeddable":true,"href":"https:\/\/airobazar.com\/tr\/wp-json\/wp\/v2\/comments?post=4870"}],"version-history":[{"count":0,"href":"https:\/\/airobazar.com\/tr\/wp-json\/wp\/v2\/product\/4870\/revisions"}],"wp:featuredmedia":[{"embeddable":true,"href":"https:\/\/airobazar.com\/tr\/wp-json\/wp\/v2\/media\/1785"}],"wp:attachment":[{"href":"https:\/\/airobazar.com\/tr\/wp-json\/wp\/v2\/media?parent=4870"}],"wp:term":[{"taxonomy":"product_brand","embeddable":true,"href":"https:\/\/airobazar.com\/tr\/wp-json\/wp\/v2\/product_brand?post=4870"},{"taxonomy":"product_cat","embeddable":true,"href":"https:\/\/airobazar.com\/tr\/wp-json\/wp\/v2\/product_cat?post=4870"},{"taxonomy":"product_tag","embeddable":true,"href":"https:\/\/airobazar.com\/tr\/wp-json\/wp\/v2\/product_tag?post=4870"}],"curies":[{"name":"wp","href":"https:\/\/api.w.org\/{rel}","templated":true}]}}