{"id":4862,"date":"2025-08-05T15:19:19","date_gmt":"2025-08-05T15:19:19","guid":{"rendered":"https:\/\/tedsitedemonuz.com\/airo\/?post_type=product&#038;p=4862"},"modified":"2025-08-15T14:29:07","modified_gmt":"2025-08-15T14:29:07","slug":"karadut-cayi-hazir-icim-bitki-cayi","status":"publish","type":"product","link":"https:\/\/airobazar.com\/tr\/urun\/karadut-cayi-hazir-icim-bitki-cayi\/","title":{"rendered":"Karadut \u00c7ay\u0131 Haz\u0131r \u0130\u00e7im Bitki \u00c7ay\u0131"},"content":{"rendered":"<p>Karadut \u00c7ay\u0131 &#8211; \u0130\u00e7ime Haz\u0131r Bitki \u00c7ay\u0131<\/p>\n<p>Y\u00fcksek kaliteli kara dutlardan \u00f6zenle haz\u0131rlanm\u0131\u015f bitkisel bir kar\u0131\u015f\u0131m olan Karadut \u00c7ay\u0131&#8217;n\u0131n zengin ve do\u011fal tatl\u0131 tad\u0131n\u0131 deneyimleyin. Bu \u00e7ay, hem pratik hem de lezzetli olmas\u0131 i\u00e7in tasarlanm\u0131\u015ft\u0131r ve s\u0131cak veya so\u011fuk olarak i\u00e7ilebilen lezzetli ve ferahlat\u0131c\u0131 bir i\u00e7ecek sunar.<\/p>\n<p>Temel \u00d6zellikler:<\/p>\n<p>\u2714 \u0130\u00e7ime Haz\u0131r Form\u00fcl &#8211; H\u0131zl\u0131 ve kolay haz\u0131rlama.<br \/>\n\u2714 Do\u011fal Tatl\u0131 ve Meyveli &#8211; Yapay aroma veya koruyucu i\u00e7ermez.<br \/>\n\u2714 S\u0131cak ve So\u011fuk Demlemeye Uygun &#8211; Rahatlat\u0131c\u0131 bir deneyim i\u00e7in s\u0131cak, ferahlat\u0131c\u0131 bir i\u00e7ecek i\u00e7in so\u011fuk olarak t\u00fcketin.<br \/>\n\u2714 Antioksidan Zengini &#8211; Faydal\u0131 \u00f6zelliklere sahip do\u011fal bir bitki \u00e7ay\u0131.<\/p>\n<p>Haz\u0131rlan\u0131\u015f\u0131:<br \/>\nS\u0131cak \u00c7ay: Bir fincan s\u0131cak suya 1 \u00e7ay ka\u015f\u0131\u011f\u0131 \u00e7ay kar\u0131\u015f\u0131m\u0131 ekleyin, 5-7 dakika demleyin ve afiyetle i\u00e7in.<\/p>\n<p>So\u011fuk \u00c7ay: Her zamanki gibi demleyin, so\u011fumaya b\u0131rak\u0131n ve canland\u0131r\u0131c\u0131 bir i\u00e7ecek i\u00e7in buzla servis edin.<\/p>\n<p>Keyifli ve do\u011fal bir \u00e7ay deneyimi i\u00e7in Black Mulberry Tea \u2013 Haz\u0131r \u0130\u00e7im Bitki \u00c7ay\u0131&#8217;n\u0131n derin, meyveli \u00f6z\u00fcn\u00fcn tad\u0131n\u0131 \u00e7\u0131kar\u0131n! \u2728<\/p>\n","protected":false},"excerpt":{"rendered":"<p>Karadut \u00c7ay\u0131 &#8211; \u0130\u00e7ime Haz\u0131r Bitki \u00c7ay\u0131 Y\u00fcksek kaliteli kara dutlardan \u00f6zenle haz\u0131rlanm\u0131\u015f bitkisel bir kar\u0131\u015f\u0131m olan Karadut \u00c7ay\u0131&#8217;n\u0131n zengin<\/p>\n","protected":false},"featured_media":4167,"comment_status":"open","ping_status":"closed","template":"","meta":[],"product_brand":[],"product_cat":[208],"product_tag":[],"class_list":{"0":"post-4862","1":"product","2":"type-product","3":"status-publish","4":"has-post-thumbnail","6":"product_cat-dogal-bitki-cayi","8":"first","9":"instock","10":"sale","11":"taxable","12":"shipping-taxable","13":"purchasable","14":"product-type-simple"},"yoast_head":"<!-- This site is optimized with the Yoast SEO plugin v27.4 - https:\/\/yoast.com\/product\/yoast-seo-wordpress\/ -->\n<title>Karadut \u00c7ay\u0131 Haz\u0131r \u0130\u00e7im Bitki \u00c7ay\u0131 - AiroBazar<\/title>\n<meta name=\"robots\" content=\"index, follow, max-snippet:-1, max-image-preview:large, max-video-preview:-1\" \/>\n<link rel=\"canonical\" href=\"https:\/\/airobazar.com\/product\/black-mulberry-tea-ready-to-drink-herbal-tea\/\" \/>\n<meta property=\"og:locale\" content=\"tr_TR\" \/>\n<meta property=\"og:type\" content=\"article\" \/>\n<meta property=\"og:title\" content=\"Karadut \u00c7ay\u0131 Haz\u0131r \u0130\u00e7im Bitki \u00c7ay\u0131 - AiroBazar\" \/>\n<meta property=\"og:description\" content=\"Karadut \u00c7ay\u0131 &#8211; \u0130\u00e7ime Haz\u0131r Bitki \u00c7ay\u0131 Y\u00fcksek kaliteli kara dutlardan \u00f6zenle haz\u0131rlanm\u0131\u015f bitkisel bir kar\u0131\u015f\u0131m olan Karadut \u00c7ay\u0131&#8217;n\u0131n zengin\" \/>\n<meta property=\"og:url\" content=\"https:\/\/airobazar.com\/product\/black-mulberry-tea-ready-to-drink-herbal-tea\/\" \/>\n<meta property=\"og:site_name\" content=\"AiroBazar\" \/>\n<meta property=\"article:modified_time\" content=\"2025-08-15T14:29:07+00:00\" \/>\n<meta property=\"og:image\" content=\"https:\/\/airobazar.com\/wp-content\/uploads\/2025\/08\/6-6.png\" \/>\n\t<meta property=\"og:image:width\" content=\"1080\" \/>\n\t<meta property=\"og:image:height\" content=\"1080\" \/>\n\t<meta property=\"og:image:type\" content=\"image\/png\" \/>\n<meta name=\"twitter:card\" content=\"summary_large_image\" \/>\n<meta name=\"twitter:label1\" content=\"Tahmini okuma s\u00fcresi\" \/>\n\t<meta name=\"twitter:data1\" content=\"1 dakika\" \/>\n<script type=\"application\/ld+json\" class=\"yoast-schema-graph\">{\"@context\":\"https:\\\/\\\/schema.org\",\"@graph\":[{\"@type\":\"WebPage\",\"@id\":\"https:\\\/\\\/airobazar.com\\\/product\\\/black-mulberry-tea-ready-to-drink-herbal-tea\\\/\",\"url\":\"https:\\\/\\\/airobazar.com\\\/product\\\/black-mulberry-tea-ready-to-drink-herbal-tea\\\/\",\"name\":\"Karadut \u00c7ay\u0131 Haz\u0131r \u0130\u00e7im Bitki \u00c7ay\u0131 - AiroBazar\",\"isPartOf\":{\"@id\":\"https:\\\/\\\/airobazar.com\\\/#website\"},\"primaryImageOfPage\":{\"@id\":\"https:\\\/\\\/airobazar.com\\\/product\\\/black-mulberry-tea-ready-to-drink-herbal-tea\\\/#primaryimage\"},\"image\":{\"@id\":\"https:\\\/\\\/airobazar.com\\\/product\\\/black-mulberry-tea-ready-to-drink-herbal-tea\\\/#primaryimage\"},\"thumbnailUrl\":\"https:\\\/\\\/airobazar.com\\\/wp-content\\\/uploads\\\/2025\\\/08\\\/6-6.png\",\"datePublished\":\"2025-08-05T15:19:19+00:00\",\"dateModified\":\"2025-08-15T14:29:07+00:00\",\"breadcrumb\":{\"@id\":\"https:\\\/\\\/airobazar.com\\\/product\\\/black-mulberry-tea-ready-to-drink-herbal-tea\\\/#breadcrumb\"},\"inLanguage\":\"tr\",\"potentialAction\":[{\"@type\":\"ReadAction\",\"target\":[\"https:\\\/\\\/airobazar.com\\\/product\\\/black-mulberry-tea-ready-to-drink-herbal-tea\\\/\"]}]},{\"@type\":\"ImageObject\",\"inLanguage\":\"tr\",\"@id\":\"https:\\\/\\\/airobazar.com\\\/product\\\/black-mulberry-tea-ready-to-drink-herbal-tea\\\/#primaryimage\",\"url\":\"https:\\\/\\\/airobazar.com\\\/wp-content\\\/uploads\\\/2025\\\/08\\\/6-6.png\",\"contentUrl\":\"https:\\\/\\\/airobazar.com\\\/wp-content\\\/uploads\\\/2025\\\/08\\\/6-6.png\",\"width\":1080,\"height\":1080},{\"@type\":\"BreadcrumbList\",\"@id\":\"https:\\\/\\\/airobazar.com\\\/product\\\/black-mulberry-tea-ready-to-drink-herbal-tea\\\/#breadcrumb\",\"itemListElement\":[{\"@type\":\"ListItem\",\"position\":1,\"name\":\"Home\",\"item\":\"https:\\\/\\\/airobazar.com\\\/tr\\\/\"},{\"@type\":\"ListItem\",\"position\":2,\"name\":\"Ma\u011faza\",\"item\":\"https:\\\/\\\/airobazar.com\\\/tr\\\/magaza\\\/\"},{\"@type\":\"ListItem\",\"position\":3,\"name\":\"Karadut \u00c7ay\u0131 Haz\u0131r \u0130\u00e7im Bitki \u00c7ay\u0131\"}]},{\"@type\":\"WebSite\",\"@id\":\"https:\\\/\\\/airobazar.com\\\/#website\",\"url\":\"https:\\\/\\\/airobazar.com\\\/\",\"name\":\"AiroBazar\",\"description\":\"online sales\",\"potentialAction\":[{\"@type\":\"SearchAction\",\"target\":{\"@type\":\"EntryPoint\",\"urlTemplate\":\"https:\\\/\\\/airobazar.com\\\/?s={search_term_string}\"},\"query-input\":{\"@type\":\"PropertyValueSpecification\",\"valueRequired\":true,\"valueName\":\"search_term_string\"}}],\"inLanguage\":\"tr\"}]}<\/script>\n<!-- \/ Yoast SEO plugin. -->","yoast_head_json":{"title":"Karadut \u00c7ay\u0131 Haz\u0131r \u0130\u00e7im Bitki \u00c7ay\u0131 - AiroBazar","robots":{"index":"index","follow":"follow","max-snippet":"max-snippet:-1","max-image-preview":"max-image-preview:large","max-video-preview":"max-video-preview:-1"},"canonical":"https:\/\/airobazar.com\/product\/black-mulberry-tea-ready-to-drink-herbal-tea\/","og_locale":"tr_TR","og_type":"article","og_title":"Karadut \u00c7ay\u0131 Haz\u0131r \u0130\u00e7im Bitki \u00c7ay\u0131 - AiroBazar","og_description":"Karadut \u00c7ay\u0131 &#8211; \u0130\u00e7ime Haz\u0131r Bitki \u00c7ay\u0131 Y\u00fcksek kaliteli kara dutlardan \u00f6zenle haz\u0131rlanm\u0131\u015f bitkisel bir kar\u0131\u015f\u0131m olan Karadut \u00c7ay\u0131&#8217;n\u0131n zengin","og_url":"https:\/\/airobazar.com\/product\/black-mulberry-tea-ready-to-drink-herbal-tea\/","og_site_name":"AiroBazar","article_modified_time":"2025-08-15T14:29:07+00:00","og_image":[{"width":1080,"height":1080,"url":"https:\/\/airobazar.com\/wp-content\/uploads\/2025\/08\/6-6.png","type":"image\/png"}],"twitter_card":"summary_large_image","twitter_misc":{"Tahmini okuma s\u00fcresi":"1 dakika"},"schema":{"@context":"https:\/\/schema.org","@graph":[{"@type":"WebPage","@id":"https:\/\/airobazar.com\/product\/black-mulberry-tea-ready-to-drink-herbal-tea\/","url":"https:\/\/airobazar.com\/product\/black-mulberry-tea-ready-to-drink-herbal-tea\/","name":"Karadut \u00c7ay\u0131 Haz\u0131r \u0130\u00e7im Bitki \u00c7ay\u0131 - AiroBazar","isPartOf":{"@id":"https:\/\/airobazar.com\/#website"},"primaryImageOfPage":{"@id":"https:\/\/airobazar.com\/product\/black-mulberry-tea-ready-to-drink-herbal-tea\/#primaryimage"},"image":{"@id":"https:\/\/airobazar.com\/product\/black-mulberry-tea-ready-to-drink-herbal-tea\/#primaryimage"},"thumbnailUrl":"https:\/\/airobazar.com\/wp-content\/uploads\/2025\/08\/6-6.png","datePublished":"2025-08-05T15:19:19+00:00","dateModified":"2025-08-15T14:29:07+00:00","breadcrumb":{"@id":"https:\/\/airobazar.com\/product\/black-mulberry-tea-ready-to-drink-herbal-tea\/#breadcrumb"},"inLanguage":"tr","potentialAction":[{"@type":"ReadAction","target":["https:\/\/airobazar.com\/product\/black-mulberry-tea-ready-to-drink-herbal-tea\/"]}]},{"@type":"ImageObject","inLanguage":"tr","@id":"https:\/\/airobazar.com\/product\/black-mulberry-tea-ready-to-drink-herbal-tea\/#primaryimage","url":"https:\/\/airobazar.com\/wp-content\/uploads\/2025\/08\/6-6.png","contentUrl":"https:\/\/airobazar.com\/wp-content\/uploads\/2025\/08\/6-6.png","width":1080,"height":1080},{"@type":"BreadcrumbList","@id":"https:\/\/airobazar.com\/product\/black-mulberry-tea-ready-to-drink-herbal-tea\/#breadcrumb","itemListElement":[{"@type":"ListItem","position":1,"name":"Home","item":"https:\/\/airobazar.com\/tr\/"},{"@type":"ListItem","position":2,"name":"Ma\u011faza","item":"https:\/\/airobazar.com\/tr\/magaza\/"},{"@type":"ListItem","position":3,"name":"Karadut \u00c7ay\u0131 Haz\u0131r \u0130\u00e7im Bitki \u00c7ay\u0131"}]},{"@type":"WebSite","@id":"https:\/\/airobazar.com\/#website","url":"https:\/\/airobazar.com\/","name":"AiroBazar","description":"online sales","potentialAction":[{"@type":"SearchAction","target":{"@type":"EntryPoint","urlTemplate":"https:\/\/airobazar.com\/?s={search_term_string}"},"query-input":{"@type":"PropertyValueSpecification","valueRequired":true,"valueName":"search_term_string"}}],"inLanguage":"tr"}]}},"_links":{"self":[{"href":"https:\/\/airobazar.com\/tr\/wp-json\/wp\/v2\/product\/4862","targetHints":{"allow":["GET"]}}],"collection":[{"href":"https:\/\/airobazar.com\/tr\/wp-json\/wp\/v2\/product"}],"about":[{"href":"https:\/\/airobazar.com\/tr\/wp-json\/wp\/v2\/types\/product"}],"replies":[{"embeddable":true,"href":"https:\/\/airobazar.com\/tr\/wp-json\/wp\/v2\/comments?post=4862"}],"version-history":[{"count":0,"href":"https:\/\/airobazar.com\/tr\/wp-json\/wp\/v2\/product\/4862\/revisions"}],"wp:featuredmedia":[{"embeddable":true,"href":"https:\/\/airobazar.com\/tr\/wp-json\/wp\/v2\/media\/4167"}],"wp:attachment":[{"href":"https:\/\/airobazar.com\/tr\/wp-json\/wp\/v2\/media?parent=4862"}],"wp:term":[{"taxonomy":"product_brand","embeddable":true,"href":"https:\/\/airobazar.com\/tr\/wp-json\/wp\/v2\/product_brand?post=4862"},{"taxonomy":"product_cat","embeddable":true,"href":"https:\/\/airobazar.com\/tr\/wp-json\/wp\/v2\/product_cat?post=4862"},{"taxonomy":"product_tag","embeddable":true,"href":"https:\/\/airobazar.com\/tr\/wp-json\/wp\/v2\/product_tag?post=4862"}],"curies":[{"name":"wp","href":"https:\/\/api.w.org\/{rel}","templated":true}]}}