{"id":4838,"date":"2025-08-05T17:36:11","date_gmt":"2025-08-05T17:36:11","guid":{"rendered":"https:\/\/tedsitedemonuz.com\/airo\/?post_type=product&#038;p=4838"},"modified":"2025-08-15T12:22:47","modified_gmt":"2025-08-15T12:22:47","slug":"geleneksel-menengic-turk-kahvesi","status":"publish","type":"product","link":"https:\/\/airobazar.com\/tr\/urun\/geleneksel-menengic-turk-kahvesi\/","title":{"rendered":"Geleneksel Menengi\u00e7  T\u00fcrk Kahvesi"},"content":{"rendered":"<p>Geleneksel Menengi\u00e7 T\u00fcrk Kahvesi \u2615\u2728<\/p>\n<p>\u0130nce \u00e7ekilmi\u015f T\u00fcrk kahvesi ve zengin, aromatik Menengi\u00e7 e\u015fsiz kar\u0131\u015f\u0131m\u0131n\u0131n tad\u0131n\u0131 \u00e7\u0131kar\u0131n. Bu l\u00fcks f\u00fczyon, kremsi bir dokuya sahip yumu\u015fak, f\u0131nd\u0131ks\u0131 bir lezzet sunarak keyifli bir kahve deneyimi yarat\u0131r.<\/p>\n<p>Temel \u00d6zellikler:<\/p>\n<p>\u2714 Otantik T\u00fcrk Kahvesi \u2013 Birinci s\u0131n\u0131f kahve \u00e7ekirdekleri ve ger\u00e7ek Antep f\u0131st\u0131\u011f\u0131ndan yap\u0131l\u0131r.<br \/>\n\u2714 Zengin ve F\u0131nd\u0131ks\u0131 Aroma \u2013 Cesur kahve ve kremsi Antep f\u0131st\u0131\u011f\u0131 notalar\u0131n\u0131n m\u00fckemmel dengesi.<br \/>\n\u2714 \u0130nce \u00d6\u011f\u00fct\u00fclm\u00fc\u015f \u2013 Geleneksel T\u00fcrk kahvesi haz\u0131rlamak i\u00e7in idealdir.<br \/>\n\u2714 Kadifemsi Krema \u2013 Her yudumda yumu\u015fak ve aromatik bir biti\u015f sa\u011flar.<\/p>\n<p>Nas\u0131l Haz\u0131rlan\u0131r?<\/p>\n<p>1\ufe0f\u20e3 Fincan ba\u015f\u0131na 1 tepeleme \u00e7ay ka\u015f\u0131\u011f\u0131 kahveyi so\u011fuk suya (iste\u011fe ba\u011fl\u0131 \u015feker) ekleyin.<br \/>\n2\ufe0f\u20e3 \u0130yice kar\u0131\u015ft\u0131r\u0131n ve k\u00f6p\u00fcrene kadar k\u0131s\u0131k ate\u015fte \u0131s\u0131t\u0131n.<br \/>\n3\ufe0f\u20e3 K\u00f6p\u00fc\u011f\u00fcn y\u00fczeye \u00e7\u0131kmas\u0131na izin vererek yava\u015f\u00e7a fincana d\u00f6k\u00fcn. 4\ufe0f\u20e3Menengi\u00e7 T\u00fcrk Kahvesi&#8217;nin zengin ve f\u0131nd\u0131ks\u0131 aromas\u0131n\u0131n tad\u0131n\u0131 \u00e7\u0131kar\u0131n!<\/p>\n<p>Zamans\u0131z bir klasi\u011fe keyifli bir dokunu\u015f &#8211; benzersiz ve keyifli bir deneyim arayan kahve severler i\u00e7in m\u00fckemmel! \u2615\u2728<\/p>\n","protected":false},"excerpt":{"rendered":"<p>Geleneksel Menengi\u00e7 T\u00fcrk Kahvesi \u2615\u2728 \u0130nce \u00e7ekilmi\u015f T\u00fcrk kahvesi ve zengin, aromatik Menengi\u00e7 e\u015fsiz kar\u0131\u015f\u0131m\u0131n\u0131n tad\u0131n\u0131 \u00e7\u0131kar\u0131n. Bu l\u00fcks f\u00fczyon,<\/p>\n","protected":false},"featured_media":1978,"comment_status":"open","ping_status":"closed","template":"","meta":[],"product_brand":[],"product_cat":[211],"product_tag":[],"class_list":{"0":"post-4838","1":"product","2":"type-product","3":"status-publish","4":"has-post-thumbnail","6":"product_cat-kahve-cesitleri","8":"first","9":"instock","10":"sale","11":"taxable","12":"shipping-taxable","13":"purchasable","14":"product-type-simple"},"yoast_head":"<!-- This site is optimized with the Yoast SEO plugin v27.4 - https:\/\/yoast.com\/product\/yoast-seo-wordpress\/ -->\n<title>Geleneksel Menengi\u00e7 T\u00fcrk Kahvesi - AiroBazar<\/title>\n<meta name=\"robots\" content=\"index, follow, max-snippet:-1, max-image-preview:large, max-video-preview:-1\" \/>\n<link rel=\"canonical\" href=\"https:\/\/airobazar.com\/product\/traditional-pistachio-turkish-coffee-3\/\" \/>\n<meta property=\"og:locale\" content=\"tr_TR\" \/>\n<meta property=\"og:type\" content=\"article\" \/>\n<meta property=\"og:title\" content=\"Geleneksel Menengi\u00e7 T\u00fcrk Kahvesi - AiroBazar\" \/>\n<meta property=\"og:description\" content=\"Geleneksel Menengi\u00e7 T\u00fcrk Kahvesi \u2615\u2728 \u0130nce \u00e7ekilmi\u015f T\u00fcrk kahvesi ve zengin, aromatik Menengi\u00e7 e\u015fsiz kar\u0131\u015f\u0131m\u0131n\u0131n tad\u0131n\u0131 \u00e7\u0131kar\u0131n. Bu l\u00fcks f\u00fczyon,\" \/>\n<meta property=\"og:url\" content=\"https:\/\/airobazar.com\/product\/traditional-pistachio-turkish-coffee-3\/\" \/>\n<meta property=\"og:site_name\" content=\"AiroBazar\" \/>\n<meta property=\"article:modified_time\" content=\"2025-08-15T12:22:47+00:00\" \/>\n<meta property=\"og:image\" content=\"https:\/\/airobazar.com\/wp-content\/uploads\/2025\/08\/6-1.png\" \/>\n\t<meta property=\"og:image:width\" content=\"1080\" \/>\n\t<meta property=\"og:image:height\" content=\"1080\" \/>\n\t<meta property=\"og:image:type\" content=\"image\/png\" \/>\n<meta name=\"twitter:card\" content=\"summary_large_image\" \/>\n<meta name=\"twitter:label1\" content=\"Tahmini okuma s\u00fcresi\" \/>\n\t<meta name=\"twitter:data1\" content=\"1 dakika\" \/>\n<script type=\"application\/ld+json\" class=\"yoast-schema-graph\">{\"@context\":\"https:\\\/\\\/schema.org\",\"@graph\":[{\"@type\":\"WebPage\",\"@id\":\"https:\\\/\\\/airobazar.com\\\/product\\\/traditional-pistachio-turkish-coffee-3\\\/\",\"url\":\"https:\\\/\\\/airobazar.com\\\/product\\\/traditional-pistachio-turkish-coffee-3\\\/\",\"name\":\"Geleneksel Menengi\u00e7 T\u00fcrk Kahvesi - AiroBazar\",\"isPartOf\":{\"@id\":\"https:\\\/\\\/airobazar.com\\\/#website\"},\"primaryImageOfPage\":{\"@id\":\"https:\\\/\\\/airobazar.com\\\/product\\\/traditional-pistachio-turkish-coffee-3\\\/#primaryimage\"},\"image\":{\"@id\":\"https:\\\/\\\/airobazar.com\\\/product\\\/traditional-pistachio-turkish-coffee-3\\\/#primaryimage\"},\"thumbnailUrl\":\"https:\\\/\\\/airobazar.com\\\/wp-content\\\/uploads\\\/2025\\\/08\\\/6-1.png\",\"datePublished\":\"2025-08-05T17:36:11+00:00\",\"dateModified\":\"2025-08-15T12:22:47+00:00\",\"breadcrumb\":{\"@id\":\"https:\\\/\\\/airobazar.com\\\/product\\\/traditional-pistachio-turkish-coffee-3\\\/#breadcrumb\"},\"inLanguage\":\"tr\",\"potentialAction\":[{\"@type\":\"ReadAction\",\"target\":[\"https:\\\/\\\/airobazar.com\\\/product\\\/traditional-pistachio-turkish-coffee-3\\\/\"]}]},{\"@type\":\"ImageObject\",\"inLanguage\":\"tr\",\"@id\":\"https:\\\/\\\/airobazar.com\\\/product\\\/traditional-pistachio-turkish-coffee-3\\\/#primaryimage\",\"url\":\"https:\\\/\\\/airobazar.com\\\/wp-content\\\/uploads\\\/2025\\\/08\\\/6-1.png\",\"contentUrl\":\"https:\\\/\\\/airobazar.com\\\/wp-content\\\/uploads\\\/2025\\\/08\\\/6-1.png\",\"width\":1080,\"height\":1080},{\"@type\":\"BreadcrumbList\",\"@id\":\"https:\\\/\\\/airobazar.com\\\/product\\\/traditional-pistachio-turkish-coffee-3\\\/#breadcrumb\",\"itemListElement\":[{\"@type\":\"ListItem\",\"position\":1,\"name\":\"Home\",\"item\":\"https:\\\/\\\/airobazar.com\\\/tr\\\/\"},{\"@type\":\"ListItem\",\"position\":2,\"name\":\"Ma\u011faza\",\"item\":\"https:\\\/\\\/airobazar.com\\\/tr\\\/magaza\\\/\"},{\"@type\":\"ListItem\",\"position\":3,\"name\":\"Geleneksel Menengi\u00e7 T\u00fcrk Kahvesi\"}]},{\"@type\":\"WebSite\",\"@id\":\"https:\\\/\\\/airobazar.com\\\/#website\",\"url\":\"https:\\\/\\\/airobazar.com\\\/\",\"name\":\"AiroBazar\",\"description\":\"online sales\",\"potentialAction\":[{\"@type\":\"SearchAction\",\"target\":{\"@type\":\"EntryPoint\",\"urlTemplate\":\"https:\\\/\\\/airobazar.com\\\/?s={search_term_string}\"},\"query-input\":{\"@type\":\"PropertyValueSpecification\",\"valueRequired\":true,\"valueName\":\"search_term_string\"}}],\"inLanguage\":\"tr\"}]}<\/script>\n<!-- \/ Yoast SEO plugin. -->","yoast_head_json":{"title":"Geleneksel Menengi\u00e7 T\u00fcrk Kahvesi - AiroBazar","robots":{"index":"index","follow":"follow","max-snippet":"max-snippet:-1","max-image-preview":"max-image-preview:large","max-video-preview":"max-video-preview:-1"},"canonical":"https:\/\/airobazar.com\/product\/traditional-pistachio-turkish-coffee-3\/","og_locale":"tr_TR","og_type":"article","og_title":"Geleneksel Menengi\u00e7 T\u00fcrk Kahvesi - AiroBazar","og_description":"Geleneksel Menengi\u00e7 T\u00fcrk Kahvesi \u2615\u2728 \u0130nce \u00e7ekilmi\u015f T\u00fcrk kahvesi ve zengin, aromatik Menengi\u00e7 e\u015fsiz kar\u0131\u015f\u0131m\u0131n\u0131n tad\u0131n\u0131 \u00e7\u0131kar\u0131n. Bu l\u00fcks f\u00fczyon,","og_url":"https:\/\/airobazar.com\/product\/traditional-pistachio-turkish-coffee-3\/","og_site_name":"AiroBazar","article_modified_time":"2025-08-15T12:22:47+00:00","og_image":[{"width":1080,"height":1080,"url":"https:\/\/airobazar.com\/wp-content\/uploads\/2025\/08\/6-1.png","type":"image\/png"}],"twitter_card":"summary_large_image","twitter_misc":{"Tahmini okuma s\u00fcresi":"1 dakika"},"schema":{"@context":"https:\/\/schema.org","@graph":[{"@type":"WebPage","@id":"https:\/\/airobazar.com\/product\/traditional-pistachio-turkish-coffee-3\/","url":"https:\/\/airobazar.com\/product\/traditional-pistachio-turkish-coffee-3\/","name":"Geleneksel Menengi\u00e7 T\u00fcrk Kahvesi - AiroBazar","isPartOf":{"@id":"https:\/\/airobazar.com\/#website"},"primaryImageOfPage":{"@id":"https:\/\/airobazar.com\/product\/traditional-pistachio-turkish-coffee-3\/#primaryimage"},"image":{"@id":"https:\/\/airobazar.com\/product\/traditional-pistachio-turkish-coffee-3\/#primaryimage"},"thumbnailUrl":"https:\/\/airobazar.com\/wp-content\/uploads\/2025\/08\/6-1.png","datePublished":"2025-08-05T17:36:11+00:00","dateModified":"2025-08-15T12:22:47+00:00","breadcrumb":{"@id":"https:\/\/airobazar.com\/product\/traditional-pistachio-turkish-coffee-3\/#breadcrumb"},"inLanguage":"tr","potentialAction":[{"@type":"ReadAction","target":["https:\/\/airobazar.com\/product\/traditional-pistachio-turkish-coffee-3\/"]}]},{"@type":"ImageObject","inLanguage":"tr","@id":"https:\/\/airobazar.com\/product\/traditional-pistachio-turkish-coffee-3\/#primaryimage","url":"https:\/\/airobazar.com\/wp-content\/uploads\/2025\/08\/6-1.png","contentUrl":"https:\/\/airobazar.com\/wp-content\/uploads\/2025\/08\/6-1.png","width":1080,"height":1080},{"@type":"BreadcrumbList","@id":"https:\/\/airobazar.com\/product\/traditional-pistachio-turkish-coffee-3\/#breadcrumb","itemListElement":[{"@type":"ListItem","position":1,"name":"Home","item":"https:\/\/airobazar.com\/tr\/"},{"@type":"ListItem","position":2,"name":"Ma\u011faza","item":"https:\/\/airobazar.com\/tr\/magaza\/"},{"@type":"ListItem","position":3,"name":"Geleneksel Menengi\u00e7 T\u00fcrk Kahvesi"}]},{"@type":"WebSite","@id":"https:\/\/airobazar.com\/#website","url":"https:\/\/airobazar.com\/","name":"AiroBazar","description":"online sales","potentialAction":[{"@type":"SearchAction","target":{"@type":"EntryPoint","urlTemplate":"https:\/\/airobazar.com\/?s={search_term_string}"},"query-input":{"@type":"PropertyValueSpecification","valueRequired":true,"valueName":"search_term_string"}}],"inLanguage":"tr"}]}},"_links":{"self":[{"href":"https:\/\/airobazar.com\/tr\/wp-json\/wp\/v2\/product\/4838","targetHints":{"allow":["GET"]}}],"collection":[{"href":"https:\/\/airobazar.com\/tr\/wp-json\/wp\/v2\/product"}],"about":[{"href":"https:\/\/airobazar.com\/tr\/wp-json\/wp\/v2\/types\/product"}],"replies":[{"embeddable":true,"href":"https:\/\/airobazar.com\/tr\/wp-json\/wp\/v2\/comments?post=4838"}],"version-history":[{"count":0,"href":"https:\/\/airobazar.com\/tr\/wp-json\/wp\/v2\/product\/4838\/revisions"}],"wp:featuredmedia":[{"embeddable":true,"href":"https:\/\/airobazar.com\/tr\/wp-json\/wp\/v2\/media\/1978"}],"wp:attachment":[{"href":"https:\/\/airobazar.com\/tr\/wp-json\/wp\/v2\/media?parent=4838"}],"wp:term":[{"taxonomy":"product_brand","embeddable":true,"href":"https:\/\/airobazar.com\/tr\/wp-json\/wp\/v2\/product_brand?post=4838"},{"taxonomy":"product_cat","embeddable":true,"href":"https:\/\/airobazar.com\/tr\/wp-json\/wp\/v2\/product_cat?post=4838"},{"taxonomy":"product_tag","embeddable":true,"href":"https:\/\/airobazar.com\/tr\/wp-json\/wp\/v2\/product_tag?post=4838"}],"curies":[{"name":"wp","href":"https:\/\/api.w.org\/{rel}","templated":true}]}}