{"id":4828,"date":"2025-08-05T17:36:12","date_gmt":"2025-08-05T17:36:12","guid":{"rendered":"https:\/\/tedsitedemonuz.com\/airo\/?post_type=product&#038;p=4828"},"modified":"2025-08-15T11:31:47","modified_gmt":"2025-08-15T11:31:47","slug":"ayran-bardak-ve-surahi-takimi","status":"publish","type":"product","link":"https:\/\/airobazar.com\/tr\/urun\/ayran-bardak-ve-surahi-takimi\/","title":{"rendered":"Ayran Bardak ve S\u00fcrahi Tak\u0131m\u0131"},"content":{"rendered":"<p>Ayran Barda\u011f\u0131 ve S\u00fcrahi Seti \u2728<\/p>\n<p>Geleneksel T\u00fcrk yo\u011furtlu i\u00e7eceklerini servis etmek ve tatmak i\u00e7in tasarlanan Ayran Barda\u011f\u0131 ve S\u00fcrahi Seti ile ferahlat\u0131c\u0131 ayran\u0131n\u0131z\u0131n tad\u0131n\u0131 \u015f\u0131k bir \u015fekilde \u00e7\u0131kar\u0131n.<\/p>\n<p>Temel \u00d6zellikler:<\/p>\n<p>\u2714 Tam Set \u2013 \u00d6zenle haz\u0131rlanm\u0131\u015f bir s\u00fcrahi ve uyumlu bardaklar i\u00e7erir.<br \/>\n\u2714 Geleneksel ve \u015e\u0131k Tasar\u0131m \u2013 Hem g\u00fcnl\u00fck kullan\u0131m hem de \u00f6zel g\u00fcnler i\u00e7in m\u00fckemmeldir.<br \/>\n\u2714 Dayan\u0131kl\u0131 ve Y\u00fcksek Kaliteli Malzeme \u2013 Uzun \u00f6m\u00fcrl\u00fcd\u00fcr ve uzun s\u00fcreli kullan\u0131m sa\u011flar.<br \/>\n\u2714 So\u011fuk \u0130\u00e7ecekler \u0130\u00e7in M\u00fckemmel \u2013 Ayran, limonata ve di\u011fer ferahlat\u0131c\u0131 i\u00e7ecekler i\u00e7in idealdir.<\/p>\n<p>Neden Bu Seti Se\u00e7melisiniz?<br \/>\nGeleneksel T\u00fcrk ayran\u0131n\u0131n otantik servis deneyimini zenginle\u015ftirir.<br \/>\nSofra d\u00fczeninize \u015f\u0131k bir dokunu\u015f katar.<br \/>\nT\u00fcrk k\u00fclt\u00fcr\u00fcn\u00fc ve misafirperverli\u011fini sevenler i\u00e7in harika bir hediye fikri.<\/p>\n<p>Ayran\u0131n\u0131z\u0131 geleneksel \u015fekilde servis edin ve her yudumda ferahlat\u0131c\u0131 bir deneyim ya\u015fay\u0131n! \u2728<\/p>\n","protected":false},"excerpt":{"rendered":"<p>Ayran Barda\u011f\u0131 ve S\u00fcrahi Seti \u2728 Geleneksel T\u00fcrk yo\u011furtlu i\u00e7eceklerini servis etmek ve tatmak i\u00e7in tasarlanan Ayran Barda\u011f\u0131 ve S\u00fcrahi<\/p>\n","protected":false},"featured_media":4192,"comment_status":"open","ping_status":"closed","template":"","meta":[],"product_brand":[],"product_cat":[205,233,240],"product_tag":[],"class_list":{"0":"post-4828","1":"product","2":"type-product","3":"status-publish","4":"has-post-thumbnail","6":"product_cat-kahve-ve-cay-fincan-takimlari","7":"product_cat-mutfak-esyalar","8":"product_cat-tum-urunler-2","10":"first","11":"instock","12":"sale","13":"taxable","14":"shipping-taxable","15":"purchasable","16":"product-type-variable"},"_links":{"self":[{"href":"https:\/\/airobazar.com\/tr\/wp-json\/wp\/v2\/product\/4828","targetHints":{"allow":["GET"]}}],"collection":[{"href":"https:\/\/airobazar.com\/tr\/wp-json\/wp\/v2\/product"}],"about":[{"href":"https:\/\/airobazar.com\/tr\/wp-json\/wp\/v2\/types\/product"}],"replies":[{"embeddable":true,"href":"https:\/\/airobazar.com\/tr\/wp-json\/wp\/v2\/comments?post=4828"}],"version-history":[{"count":0,"href":"https:\/\/airobazar.com\/tr\/wp-json\/wp\/v2\/product\/4828\/revisions"}],"wp:featuredmedia":[{"embeddable":true,"href":"https:\/\/airobazar.com\/tr\/wp-json\/wp\/v2\/media\/4192"}],"wp:attachment":[{"href":"https:\/\/airobazar.com\/tr\/wp-json\/wp\/v2\/media?parent=4828"}],"wp:term":[{"taxonomy":"product_brand","embeddable":true,"href":"https:\/\/airobazar.com\/tr\/wp-json\/wp\/v2\/product_brand?post=4828"},{"taxonomy":"product_cat","embeddable":true,"href":"https:\/\/airobazar.com\/tr\/wp-json\/wp\/v2\/product_cat?post=4828"},{"taxonomy":"product_tag","embeddable":true,"href":"https:\/\/airobazar.com\/tr\/wp-json\/wp\/v2\/product_tag?post=4828"}],"curies":[{"name":"wp","href":"https:\/\/api.w.org\/{rel}","templated":true}]}}