{"id":4816,"date":"2025-08-05T17:36:12","date_gmt":"2025-08-05T17:36:12","guid":{"rendered":"https:\/\/tedsitedemonuz.com\/airo\/?post_type=product&#038;p=4816"},"modified":"2025-08-15T11:19:10","modified_gmt":"2025-08-15T11:19:10","slug":"tek-bolmeli-kare-kum-pisirme-kahve-ocagi","status":"publish","type":"product","link":"https:\/\/airobazar.com\/tr\/urun\/tek-bolmeli-kare-kum-pisirme-kahve-ocagi\/","title":{"rendered":"Tek B\u00f6lmeli Kare Kum Pi\u015firme Kahve Oca\u011f\u0131"},"content":{"rendered":"<div class=\"flex max-w-full flex-col flex-grow\">\n<div class=\"min-h-8 text-message flex w-full flex-col items-end gap-2 whitespace-normal break-words text-start [.text-message+&amp;]:mt-5\" dir=\"auto\" data-message-author-role=\"assistant\" data-message-id=\"b783ed1c-fc2d-4c14-a596-0f47bcd42e10\" data-message-model-slug=\"gpt-4o\">\n<div class=\"flex w-full flex-col gap-1 empty:hidden first:pt-[3px]\">\n<div class=\"markdown prose w-full break-words dark:prose-invert light\">\n<p>Tek B\u00f6lmeli Kare Kum Pi\u015firme Kahve Oca\u011f\u0131 \u2615<\/p>\n<p>Tek B\u00f6lmeli Kare Kum Pi\u015firme Kahve Oca\u011f\u0131 ile otantik kahve demleme deneyimini ya\u015fay\u0131n. Geleneksel kum demleme i\u00e7in tasarlanan bu ocak, yava\u015f ve e\u015fit \u0131s\u0131 da\u011f\u0131l\u0131m\u0131 sa\u011flayarak kahvenizin lezzetini ve dokusunu art\u0131r\u0131r.<\/p>\n<p>Temel \u00d6zellikler:<\/p>\n<p>\u2714 Otantik Kum Demleme \u2013 T\u00fcrk, Arap ve Yunan kahveleri i\u00e7in m\u00fckemmel.<br \/>\n\u2714 Kare B\u00f6lmeli Tasar\u0131m \u2013 Zengin bir demleme i\u00e7in e\u015fit \u0131s\u0131 da\u011f\u0131l\u0131m\u0131 sa\u011flar.<br \/>\n\u2714 Dayan\u0131kl\u0131 ve Y\u00fcksek Kaliteli Malzeme \u2013 Uzun \u00f6m\u00fcrl\u00fc kullan\u0131m i\u00e7in \u00fcretilmi\u015ftir.<br \/>\n\u2714 Kompakt ve \u015e\u0131k \u2013 Ev, kafe ve profesyonel kullan\u0131m i\u00e7in idealdir.<\/p>\n<p>Kullan\u0131m \u015eekli:<\/p>\n<p>1\ufe0f\u20e3 B\u00f6lmeyi ince, \u0131s\u0131ya dayan\u0131kl\u0131 kumla doldurun.<br \/>\n2\ufe0f\u20e3 Kahve makinenizi (cezve) s\u0131cak kuma yerle\u015ftirin.<br \/>\n3\ufe0f\u20e3 M\u00fckemmel k\u00f6p\u00fck ve zengin bir tat i\u00e7in yava\u015f ve e\u015fit \u0131s\u0131tma sa\u011flay\u0131n.<br \/>\n4\ufe0f\u20e3 Geleneksel, aromatik bir kahve deneyiminin tad\u0131n\u0131 \u00e7\u0131kar\u0131n!<\/p>\n<p>Geleneksel demleme tekniklerini takdir eden kahve tutkunlar\u0131 i\u00e7in olmazsa olmaz! \u2615\u2728<\/p>\n<p>4o<\/p>\n<\/div>\n<\/div>\n<\/div>\n<\/div>\n","protected":false},"excerpt":{"rendered":"<p>Tek B\u00f6lmeli Kare Kum Pi\u015firme Kahve Oca\u011f\u0131 \u2615 Tek B\u00f6lmeli Kare Kum Pi\u015firme Kahve Oca\u011f\u0131 ile otantik kahve demleme deneyimini<\/p>\n","protected":false},"featured_media":2039,"comment_status":"open","ping_status":"closed","template":"","meta":[],"product_brand":[],"product_cat":[210],"product_tag":[],"class_list":{"0":"post-4816","1":"product","2":"type-product","3":"status-publish","4":"has-post-thumbnail","6":"product_cat-kahve_pisirme_makinalari","8":"first","9":"instock","10":"sale","11":"taxable","12":"shipping-taxable","13":"purchasable","14":"product-type-variable"},"yoast_head":"<!-- This site is optimized with the Yoast SEO plugin v27.4 - https:\/\/yoast.com\/product\/yoast-seo-wordpress\/ -->\n<title>Tek B\u00f6lmeli Kare Kum Pi\u015firme Kahve Oca\u011f\u0131 - AiroBazar<\/title>\n<meta name=\"robots\" content=\"index, follow, max-snippet:-1, max-image-preview:large, max-video-preview:-1\" \/>\n<link rel=\"canonical\" href=\"https:\/\/airobazar.com\/product\/single-chamber-square-sand-cooking-coffee-stove-3\/\" \/>\n<meta property=\"og:locale\" content=\"tr_TR\" \/>\n<meta property=\"og:type\" content=\"article\" \/>\n<meta property=\"og:title\" content=\"Tek B\u00f6lmeli Kare Kum Pi\u015firme Kahve Oca\u011f\u0131 - AiroBazar\" \/>\n<meta property=\"og:description\" content=\"Tek B\u00f6lmeli Kare Kum Pi\u015firme Kahve Oca\u011f\u0131 \u2615 Tek B\u00f6lmeli Kare Kum Pi\u015firme Kahve Oca\u011f\u0131 ile otantik kahve demleme deneyimini\" \/>\n<meta property=\"og:url\" content=\"https:\/\/airobazar.com\/product\/single-chamber-square-sand-cooking-coffee-stove-3\/\" \/>\n<meta property=\"og:site_name\" content=\"AiroBazar\" \/>\n<meta property=\"article:modified_time\" content=\"2025-08-15T11:19:10+00:00\" \/>\n<meta property=\"og:image\" content=\"https:\/\/airobazar.com\/wp-content\/uploads\/2025\/08\/1-6.png\" \/>\n\t<meta property=\"og:image:width\" content=\"1080\" \/>\n\t<meta property=\"og:image:height\" content=\"1080\" \/>\n\t<meta property=\"og:image:type\" content=\"image\/png\" \/>\n<meta name=\"twitter:card\" content=\"summary_large_image\" \/>\n<meta name=\"twitter:label1\" content=\"Tahmini okuma s\u00fcresi\" \/>\n\t<meta name=\"twitter:data1\" content=\"1 dakika\" \/>\n<script type=\"application\/ld+json\" class=\"yoast-schema-graph\">{\"@context\":\"https:\\\/\\\/schema.org\",\"@graph\":[{\"@type\":\"WebPage\",\"@id\":\"https:\\\/\\\/airobazar.com\\\/product\\\/single-chamber-square-sand-cooking-coffee-stove-3\\\/\",\"url\":\"https:\\\/\\\/airobazar.com\\\/product\\\/single-chamber-square-sand-cooking-coffee-stove-3\\\/\",\"name\":\"Tek B\u00f6lmeli Kare Kum Pi\u015firme Kahve Oca\u011f\u0131 - AiroBazar\",\"isPartOf\":{\"@id\":\"https:\\\/\\\/airobazar.com\\\/#website\"},\"primaryImageOfPage\":{\"@id\":\"https:\\\/\\\/airobazar.com\\\/product\\\/single-chamber-square-sand-cooking-coffee-stove-3\\\/#primaryimage\"},\"image\":{\"@id\":\"https:\\\/\\\/airobazar.com\\\/product\\\/single-chamber-square-sand-cooking-coffee-stove-3\\\/#primaryimage\"},\"thumbnailUrl\":\"https:\\\/\\\/airobazar.com\\\/wp-content\\\/uploads\\\/2025\\\/08\\\/1-6.png\",\"datePublished\":\"2025-08-05T17:36:12+00:00\",\"dateModified\":\"2025-08-15T11:19:10+00:00\",\"breadcrumb\":{\"@id\":\"https:\\\/\\\/airobazar.com\\\/product\\\/single-chamber-square-sand-cooking-coffee-stove-3\\\/#breadcrumb\"},\"inLanguage\":\"tr\",\"potentialAction\":[{\"@type\":\"ReadAction\",\"target\":[\"https:\\\/\\\/airobazar.com\\\/product\\\/single-chamber-square-sand-cooking-coffee-stove-3\\\/\"]}]},{\"@type\":\"ImageObject\",\"inLanguage\":\"tr\",\"@id\":\"https:\\\/\\\/airobazar.com\\\/product\\\/single-chamber-square-sand-cooking-coffee-stove-3\\\/#primaryimage\",\"url\":\"https:\\\/\\\/airobazar.com\\\/wp-content\\\/uploads\\\/2025\\\/08\\\/1-6.png\",\"contentUrl\":\"https:\\\/\\\/airobazar.com\\\/wp-content\\\/uploads\\\/2025\\\/08\\\/1-6.png\",\"width\":1080,\"height\":1080},{\"@type\":\"BreadcrumbList\",\"@id\":\"https:\\\/\\\/airobazar.com\\\/product\\\/single-chamber-square-sand-cooking-coffee-stove-3\\\/#breadcrumb\",\"itemListElement\":[{\"@type\":\"ListItem\",\"position\":1,\"name\":\"Home\",\"item\":\"https:\\\/\\\/airobazar.com\\\/tr\\\/\"},{\"@type\":\"ListItem\",\"position\":2,\"name\":\"Ma\u011faza\",\"item\":\"https:\\\/\\\/airobazar.com\\\/tr\\\/magaza\\\/\"},{\"@type\":\"ListItem\",\"position\":3,\"name\":\"Tek B\u00f6lmeli Kare Kum Pi\u015firme Kahve Oca\u011f\u0131\"}]},{\"@type\":\"WebSite\",\"@id\":\"https:\\\/\\\/airobazar.com\\\/#website\",\"url\":\"https:\\\/\\\/airobazar.com\\\/\",\"name\":\"AiroBazar\",\"description\":\"online sales\",\"potentialAction\":[{\"@type\":\"SearchAction\",\"target\":{\"@type\":\"EntryPoint\",\"urlTemplate\":\"https:\\\/\\\/airobazar.com\\\/?s={search_term_string}\"},\"query-input\":{\"@type\":\"PropertyValueSpecification\",\"valueRequired\":true,\"valueName\":\"search_term_string\"}}],\"inLanguage\":\"tr\"}]}<\/script>\n<!-- \/ Yoast SEO plugin. -->","yoast_head_json":{"title":"Tek B\u00f6lmeli Kare Kum Pi\u015firme Kahve Oca\u011f\u0131 - AiroBazar","robots":{"index":"index","follow":"follow","max-snippet":"max-snippet:-1","max-image-preview":"max-image-preview:large","max-video-preview":"max-video-preview:-1"},"canonical":"https:\/\/airobazar.com\/product\/single-chamber-square-sand-cooking-coffee-stove-3\/","og_locale":"tr_TR","og_type":"article","og_title":"Tek B\u00f6lmeli Kare Kum Pi\u015firme Kahve Oca\u011f\u0131 - AiroBazar","og_description":"Tek B\u00f6lmeli Kare Kum Pi\u015firme Kahve Oca\u011f\u0131 \u2615 Tek B\u00f6lmeli Kare Kum Pi\u015firme Kahve Oca\u011f\u0131 ile otantik kahve demleme deneyimini","og_url":"https:\/\/airobazar.com\/product\/single-chamber-square-sand-cooking-coffee-stove-3\/","og_site_name":"AiroBazar","article_modified_time":"2025-08-15T11:19:10+00:00","og_image":[{"width":1080,"height":1080,"url":"https:\/\/airobazar.com\/wp-content\/uploads\/2025\/08\/1-6.png","type":"image\/png"}],"twitter_card":"summary_large_image","twitter_misc":{"Tahmini okuma s\u00fcresi":"1 dakika"},"schema":{"@context":"https:\/\/schema.org","@graph":[{"@type":"WebPage","@id":"https:\/\/airobazar.com\/product\/single-chamber-square-sand-cooking-coffee-stove-3\/","url":"https:\/\/airobazar.com\/product\/single-chamber-square-sand-cooking-coffee-stove-3\/","name":"Tek B\u00f6lmeli Kare Kum Pi\u015firme Kahve Oca\u011f\u0131 - AiroBazar","isPartOf":{"@id":"https:\/\/airobazar.com\/#website"},"primaryImageOfPage":{"@id":"https:\/\/airobazar.com\/product\/single-chamber-square-sand-cooking-coffee-stove-3\/#primaryimage"},"image":{"@id":"https:\/\/airobazar.com\/product\/single-chamber-square-sand-cooking-coffee-stove-3\/#primaryimage"},"thumbnailUrl":"https:\/\/airobazar.com\/wp-content\/uploads\/2025\/08\/1-6.png","datePublished":"2025-08-05T17:36:12+00:00","dateModified":"2025-08-15T11:19:10+00:00","breadcrumb":{"@id":"https:\/\/airobazar.com\/product\/single-chamber-square-sand-cooking-coffee-stove-3\/#breadcrumb"},"inLanguage":"tr","potentialAction":[{"@type":"ReadAction","target":["https:\/\/airobazar.com\/product\/single-chamber-square-sand-cooking-coffee-stove-3\/"]}]},{"@type":"ImageObject","inLanguage":"tr","@id":"https:\/\/airobazar.com\/product\/single-chamber-square-sand-cooking-coffee-stove-3\/#primaryimage","url":"https:\/\/airobazar.com\/wp-content\/uploads\/2025\/08\/1-6.png","contentUrl":"https:\/\/airobazar.com\/wp-content\/uploads\/2025\/08\/1-6.png","width":1080,"height":1080},{"@type":"BreadcrumbList","@id":"https:\/\/airobazar.com\/product\/single-chamber-square-sand-cooking-coffee-stove-3\/#breadcrumb","itemListElement":[{"@type":"ListItem","position":1,"name":"Home","item":"https:\/\/airobazar.com\/tr\/"},{"@type":"ListItem","position":2,"name":"Ma\u011faza","item":"https:\/\/airobazar.com\/tr\/magaza\/"},{"@type":"ListItem","position":3,"name":"Tek B\u00f6lmeli Kare Kum Pi\u015firme Kahve Oca\u011f\u0131"}]},{"@type":"WebSite","@id":"https:\/\/airobazar.com\/#website","url":"https:\/\/airobazar.com\/","name":"AiroBazar","description":"online sales","potentialAction":[{"@type":"SearchAction","target":{"@type":"EntryPoint","urlTemplate":"https:\/\/airobazar.com\/?s={search_term_string}"},"query-input":{"@type":"PropertyValueSpecification","valueRequired":true,"valueName":"search_term_string"}}],"inLanguage":"tr"}]}},"_links":{"self":[{"href":"https:\/\/airobazar.com\/tr\/wp-json\/wp\/v2\/product\/4816","targetHints":{"allow":["GET"]}}],"collection":[{"href":"https:\/\/airobazar.com\/tr\/wp-json\/wp\/v2\/product"}],"about":[{"href":"https:\/\/airobazar.com\/tr\/wp-json\/wp\/v2\/types\/product"}],"replies":[{"embeddable":true,"href":"https:\/\/airobazar.com\/tr\/wp-json\/wp\/v2\/comments?post=4816"}],"version-history":[{"count":0,"href":"https:\/\/airobazar.com\/tr\/wp-json\/wp\/v2\/product\/4816\/revisions"}],"wp:featuredmedia":[{"embeddable":true,"href":"https:\/\/airobazar.com\/tr\/wp-json\/wp\/v2\/media\/2039"}],"wp:attachment":[{"href":"https:\/\/airobazar.com\/tr\/wp-json\/wp\/v2\/media?parent=4816"}],"wp:term":[{"taxonomy":"product_brand","embeddable":true,"href":"https:\/\/airobazar.com\/tr\/wp-json\/wp\/v2\/product_brand?post=4816"},{"taxonomy":"product_cat","embeddable":true,"href":"https:\/\/airobazar.com\/tr\/wp-json\/wp\/v2\/product_cat?post=4816"},{"taxonomy":"product_tag","embeddable":true,"href":"https:\/\/airobazar.com\/tr\/wp-json\/wp\/v2\/product_tag?post=4816"}],"curies":[{"name":"wp","href":"https:\/\/api.w.org\/{rel}","templated":true}]}}