{"id":4812,"date":"2025-08-05T17:36:13","date_gmt":"2025-08-05T17:36:13","guid":{"rendered":"https:\/\/tedsitedemonuz.com\/airo\/?post_type=product&#038;p=4812"},"modified":"2025-08-15T11:01:19","modified_gmt":"2025-08-15T11:01:19","slug":"odun-atesi-icin-caydanlikli-semaver-seti","status":"publish","type":"product","link":"https:\/\/airobazar.com\/tr\/urun\/odun-atesi-icin-caydanlikli-semaver-seti\/","title":{"rendered":"Odun Ate\u015fi \u0130\u00e7in \u00c7aydanl\u0131kl\u0131 Semaver Seti"},"content":{"rendered":"<p>Odun Ate\u015finde Demlikli Semaver Seti \u2615<\/p>\n<p>Odun Ate\u015finde Demlikli Semaver Seti ile geleneksel demlenmi\u015f \u00e7ay\u0131n otantik tad\u0131n\u0131 deneyimleyin. A\u00e7\u0131k hava toplant\u0131lar\u0131, piknikler ve geleneksel \u00e7ay demleme i\u00e7in m\u00fckemmel olan bu set, i\u015flevsellik, dayan\u0131kl\u0131l\u0131k ve zarafeti bir araya getiriyor.<\/p>\n<p>Temel \u00d6zellikler:<\/p>\n<p>\u2714 Geleneksel Odun Ate\u015finde Demlenmi\u015f Semaver \u2013 Zengin ve dumanl\u0131 bir aroma i\u00e7in do\u011fal odun ate\u015finde demlenmi\u015f \u00e7ay\u0131n tad\u0131n\u0131 \u00e7\u0131kar\u0131n.<br \/>\n\u2714 Komple Set \u2013 Sorunsuz bir \u00e7ay yapma deneyimi i\u00e7in sa\u011flam bir semaver ve uyumlu bir demlik i\u00e7erir.<br \/>\n\u2714 Y\u00fcksek Kaliteli Malzeme \u2013 Uzun \u00f6m\u00fcrl\u00fc performans i\u00e7in dayan\u0131kl\u0131 metalden \u00fcretilmi\u015ftir.<br \/>\n\u2714 Geni\u015f Kapasite \u2013 Birden fazla fincan servis etmek i\u00e7in idealdir, bu da onu aile ve arkada\u015flar i\u00e7in harika k\u0131lar.<br \/>\n\u2714 M\u00fckemmel Is\u0131 Da\u011f\u0131t\u0131m\u0131 \u2013 E\u015fit kaynama sa\u011flar ve ideal \u00e7ay s\u0131cakl\u0131\u011f\u0131n\u0131 daha uzun s\u00fcre korur.<\/p>\n<p>Neden Bu Semaver Setini Se\u00e7melisiniz?<br \/>\nGeleneksel ve Otantik \u2013 Eski moda \u00e7ay demlemenin cazibesini geri getirir. \u00c7evre Dostu Is\u0131tma \u2013 Elektrik yerine odun veya k\u00f6m\u00fcr kullan\u0131r.<br \/>\nD\u0131\u015f Mekan Kullan\u0131m\u0131 \u0130\u00e7in M\u00fckemmel \u2013 Kamp, piknik ve bah\u00e7e toplant\u0131lar\u0131 i\u00e7in idealdir.<\/p>\n<p>Odun Ate\u015fi \u0130\u00e7in \u00c7aydanl\u0131kl\u0131 Semaver Seti ile zamans\u0131z bir \u00e7ay deneyiminin tad\u0131n\u0131 \u00e7\u0131kar\u0131n \u2013 her yudumda s\u0131cakl\u0131k, lezzet ve gelenek! \u2615<\/p>\n","protected":false},"excerpt":{"rendered":"<p>Odun Ate\u015finde Demlikli Semaver Seti \u2615 Odun Ate\u015finde Demlikli Semaver Seti ile geleneksel demlenmi\u015f \u00e7ay\u0131n otantik tad\u0131n\u0131 deneyimleyin. A\u00e7\u0131k hava<\/p>\n","protected":false},"featured_media":4199,"comment_status":"open","ping_status":"closed","template":"","meta":[],"product_brand":[],"product_cat":[215],"product_tag":[],"class_list":{"0":"post-4812","1":"product","2":"type-product","3":"status-publish","4":"has-post-thumbnail","6":"product_cat-semaverler-ve-caydanlik-cesitleri","8":"first","9":"instock","10":"sale","11":"taxable","12":"shipping-taxable","13":"purchasable","14":"product-type-simple"},"yoast_head":"<!-- This site is optimized with the Yoast SEO plugin v27.4 - https:\/\/yoast.com\/product\/yoast-seo-wordpress\/ -->\n<title>Odun Ate\u015fi \u0130\u00e7in \u00c7aydanl\u0131kl\u0131 Semaver Seti - AiroBazar<\/title>\n<meta name=\"robots\" content=\"index, follow, max-snippet:-1, max-image-preview:large, max-video-preview:-1\" \/>\n<link rel=\"canonical\" href=\"https:\/\/airobazar.com\/product\/samovar-set-with-teapot-for-wood-fire-3\/\" \/>\n<meta property=\"og:locale\" content=\"tr_TR\" \/>\n<meta property=\"og:type\" content=\"article\" \/>\n<meta property=\"og:title\" content=\"Odun Ate\u015fi \u0130\u00e7in \u00c7aydanl\u0131kl\u0131 Semaver Seti - AiroBazar\" \/>\n<meta property=\"og:description\" content=\"Odun Ate\u015finde Demlikli Semaver Seti \u2615 Odun Ate\u015finde Demlikli Semaver Seti ile geleneksel demlenmi\u015f \u00e7ay\u0131n otantik tad\u0131n\u0131 deneyimleyin. A\u00e7\u0131k hava\" \/>\n<meta property=\"og:url\" content=\"https:\/\/airobazar.com\/product\/samovar-set-with-teapot-for-wood-fire-3\/\" \/>\n<meta property=\"og:site_name\" content=\"AiroBazar\" \/>\n<meta property=\"article:modified_time\" content=\"2025-08-15T11:01:19+00:00\" \/>\n<meta property=\"og:image\" content=\"https:\/\/airobazar.com\/wp-content\/uploads\/2025\/08\/110.png\" \/>\n\t<meta property=\"og:image:width\" content=\"1080\" \/>\n\t<meta property=\"og:image:height\" content=\"1080\" \/>\n\t<meta property=\"og:image:type\" content=\"image\/png\" \/>\n<meta name=\"twitter:card\" content=\"summary_large_image\" \/>\n<meta name=\"twitter:label1\" content=\"Tahmini okuma s\u00fcresi\" \/>\n\t<meta name=\"twitter:data1\" content=\"1 dakika\" \/>\n<script type=\"application\/ld+json\" class=\"yoast-schema-graph\">{\"@context\":\"https:\\\/\\\/schema.org\",\"@graph\":[{\"@type\":\"WebPage\",\"@id\":\"https:\\\/\\\/airobazar.com\\\/product\\\/samovar-set-with-teapot-for-wood-fire-3\\\/\",\"url\":\"https:\\\/\\\/airobazar.com\\\/product\\\/samovar-set-with-teapot-for-wood-fire-3\\\/\",\"name\":\"Odun Ate\u015fi \u0130\u00e7in \u00c7aydanl\u0131kl\u0131 Semaver Seti - AiroBazar\",\"isPartOf\":{\"@id\":\"https:\\\/\\\/airobazar.com\\\/#website\"},\"primaryImageOfPage\":{\"@id\":\"https:\\\/\\\/airobazar.com\\\/product\\\/samovar-set-with-teapot-for-wood-fire-3\\\/#primaryimage\"},\"image\":{\"@id\":\"https:\\\/\\\/airobazar.com\\\/product\\\/samovar-set-with-teapot-for-wood-fire-3\\\/#primaryimage\"},\"thumbnailUrl\":\"https:\\\/\\\/airobazar.com\\\/wp-content\\\/uploads\\\/2025\\\/08\\\/110.png\",\"datePublished\":\"2025-08-05T17:36:13+00:00\",\"dateModified\":\"2025-08-15T11:01:19+00:00\",\"breadcrumb\":{\"@id\":\"https:\\\/\\\/airobazar.com\\\/product\\\/samovar-set-with-teapot-for-wood-fire-3\\\/#breadcrumb\"},\"inLanguage\":\"tr\",\"potentialAction\":[{\"@type\":\"ReadAction\",\"target\":[\"https:\\\/\\\/airobazar.com\\\/product\\\/samovar-set-with-teapot-for-wood-fire-3\\\/\"]}]},{\"@type\":\"ImageObject\",\"inLanguage\":\"tr\",\"@id\":\"https:\\\/\\\/airobazar.com\\\/product\\\/samovar-set-with-teapot-for-wood-fire-3\\\/#primaryimage\",\"url\":\"https:\\\/\\\/airobazar.com\\\/wp-content\\\/uploads\\\/2025\\\/08\\\/110.png\",\"contentUrl\":\"https:\\\/\\\/airobazar.com\\\/wp-content\\\/uploads\\\/2025\\\/08\\\/110.png\",\"width\":1080,\"height\":1080},{\"@type\":\"BreadcrumbList\",\"@id\":\"https:\\\/\\\/airobazar.com\\\/product\\\/samovar-set-with-teapot-for-wood-fire-3\\\/#breadcrumb\",\"itemListElement\":[{\"@type\":\"ListItem\",\"position\":1,\"name\":\"Home\",\"item\":\"https:\\\/\\\/airobazar.com\\\/tr\\\/\"},{\"@type\":\"ListItem\",\"position\":2,\"name\":\"Ma\u011faza\",\"item\":\"https:\\\/\\\/airobazar.com\\\/tr\\\/magaza\\\/\"},{\"@type\":\"ListItem\",\"position\":3,\"name\":\"Odun Ate\u015fi \u0130\u00e7in \u00c7aydanl\u0131kl\u0131 Semaver Seti\"}]},{\"@type\":\"WebSite\",\"@id\":\"https:\\\/\\\/airobazar.com\\\/#website\",\"url\":\"https:\\\/\\\/airobazar.com\\\/\",\"name\":\"AiroBazar\",\"description\":\"online sales\",\"potentialAction\":[{\"@type\":\"SearchAction\",\"target\":{\"@type\":\"EntryPoint\",\"urlTemplate\":\"https:\\\/\\\/airobazar.com\\\/?s={search_term_string}\"},\"query-input\":{\"@type\":\"PropertyValueSpecification\",\"valueRequired\":true,\"valueName\":\"search_term_string\"}}],\"inLanguage\":\"tr\"}]}<\/script>\n<!-- \/ Yoast SEO plugin. -->","yoast_head_json":{"title":"Odun Ate\u015fi \u0130\u00e7in \u00c7aydanl\u0131kl\u0131 Semaver Seti - AiroBazar","robots":{"index":"index","follow":"follow","max-snippet":"max-snippet:-1","max-image-preview":"max-image-preview:large","max-video-preview":"max-video-preview:-1"},"canonical":"https:\/\/airobazar.com\/product\/samovar-set-with-teapot-for-wood-fire-3\/","og_locale":"tr_TR","og_type":"article","og_title":"Odun Ate\u015fi \u0130\u00e7in \u00c7aydanl\u0131kl\u0131 Semaver Seti - AiroBazar","og_description":"Odun Ate\u015finde Demlikli Semaver Seti \u2615 Odun Ate\u015finde Demlikli Semaver Seti ile geleneksel demlenmi\u015f \u00e7ay\u0131n otantik tad\u0131n\u0131 deneyimleyin. A\u00e7\u0131k hava","og_url":"https:\/\/airobazar.com\/product\/samovar-set-with-teapot-for-wood-fire-3\/","og_site_name":"AiroBazar","article_modified_time":"2025-08-15T11:01:19+00:00","og_image":[{"width":1080,"height":1080,"url":"https:\/\/airobazar.com\/wp-content\/uploads\/2025\/08\/110.png","type":"image\/png"}],"twitter_card":"summary_large_image","twitter_misc":{"Tahmini okuma s\u00fcresi":"1 dakika"},"schema":{"@context":"https:\/\/schema.org","@graph":[{"@type":"WebPage","@id":"https:\/\/airobazar.com\/product\/samovar-set-with-teapot-for-wood-fire-3\/","url":"https:\/\/airobazar.com\/product\/samovar-set-with-teapot-for-wood-fire-3\/","name":"Odun Ate\u015fi \u0130\u00e7in \u00c7aydanl\u0131kl\u0131 Semaver Seti - AiroBazar","isPartOf":{"@id":"https:\/\/airobazar.com\/#website"},"primaryImageOfPage":{"@id":"https:\/\/airobazar.com\/product\/samovar-set-with-teapot-for-wood-fire-3\/#primaryimage"},"image":{"@id":"https:\/\/airobazar.com\/product\/samovar-set-with-teapot-for-wood-fire-3\/#primaryimage"},"thumbnailUrl":"https:\/\/airobazar.com\/wp-content\/uploads\/2025\/08\/110.png","datePublished":"2025-08-05T17:36:13+00:00","dateModified":"2025-08-15T11:01:19+00:00","breadcrumb":{"@id":"https:\/\/airobazar.com\/product\/samovar-set-with-teapot-for-wood-fire-3\/#breadcrumb"},"inLanguage":"tr","potentialAction":[{"@type":"ReadAction","target":["https:\/\/airobazar.com\/product\/samovar-set-with-teapot-for-wood-fire-3\/"]}]},{"@type":"ImageObject","inLanguage":"tr","@id":"https:\/\/airobazar.com\/product\/samovar-set-with-teapot-for-wood-fire-3\/#primaryimage","url":"https:\/\/airobazar.com\/wp-content\/uploads\/2025\/08\/110.png","contentUrl":"https:\/\/airobazar.com\/wp-content\/uploads\/2025\/08\/110.png","width":1080,"height":1080},{"@type":"BreadcrumbList","@id":"https:\/\/airobazar.com\/product\/samovar-set-with-teapot-for-wood-fire-3\/#breadcrumb","itemListElement":[{"@type":"ListItem","position":1,"name":"Home","item":"https:\/\/airobazar.com\/tr\/"},{"@type":"ListItem","position":2,"name":"Ma\u011faza","item":"https:\/\/airobazar.com\/tr\/magaza\/"},{"@type":"ListItem","position":3,"name":"Odun Ate\u015fi \u0130\u00e7in \u00c7aydanl\u0131kl\u0131 Semaver Seti"}]},{"@type":"WebSite","@id":"https:\/\/airobazar.com\/#website","url":"https:\/\/airobazar.com\/","name":"AiroBazar","description":"online sales","potentialAction":[{"@type":"SearchAction","target":{"@type":"EntryPoint","urlTemplate":"https:\/\/airobazar.com\/?s={search_term_string}"},"query-input":{"@type":"PropertyValueSpecification","valueRequired":true,"valueName":"search_term_string"}}],"inLanguage":"tr"}]}},"_links":{"self":[{"href":"https:\/\/airobazar.com\/tr\/wp-json\/wp\/v2\/product\/4812","targetHints":{"allow":["GET"]}}],"collection":[{"href":"https:\/\/airobazar.com\/tr\/wp-json\/wp\/v2\/product"}],"about":[{"href":"https:\/\/airobazar.com\/tr\/wp-json\/wp\/v2\/types\/product"}],"replies":[{"embeddable":true,"href":"https:\/\/airobazar.com\/tr\/wp-json\/wp\/v2\/comments?post=4812"}],"version-history":[{"count":0,"href":"https:\/\/airobazar.com\/tr\/wp-json\/wp\/v2\/product\/4812\/revisions"}],"wp:featuredmedia":[{"embeddable":true,"href":"https:\/\/airobazar.com\/tr\/wp-json\/wp\/v2\/media\/4199"}],"wp:attachment":[{"href":"https:\/\/airobazar.com\/tr\/wp-json\/wp\/v2\/media?parent=4812"}],"wp:term":[{"taxonomy":"product_brand","embeddable":true,"href":"https:\/\/airobazar.com\/tr\/wp-json\/wp\/v2\/product_brand?post=4812"},{"taxonomy":"product_cat","embeddable":true,"href":"https:\/\/airobazar.com\/tr\/wp-json\/wp\/v2\/product_cat?post=4812"},{"taxonomy":"product_tag","embeddable":true,"href":"https:\/\/airobazar.com\/tr\/wp-json\/wp\/v2\/product_tag?post=4812"}],"curies":[{"name":"wp","href":"https:\/\/api.w.org\/{rel}","templated":true}]}}