{"id":4807,"date":"2025-08-05T17:36:19","date_gmt":"2025-08-05T17:36:19","guid":{"rendered":"https:\/\/tedsitedemonuz.com\/airo\/?post_type=product&#038;p=4807"},"modified":"2025-12-09T13:33:06","modified_gmt":"2025-12-09T13:33:06","slug":"kumda-tek-brulorlu-kahve-yapma-makinesi","status":"publish","type":"product","link":"https:\/\/airobazar.com\/tr\/urun\/kumda-tek-brulorlu-kahve-yapma-makinesi\/","title":{"rendered":"Kumda Tek Br\u00fcl\u00f6rl\u00fc Kahve Yapma Makinesi"},"content":{"rendered":"<p>Kumda Kahve Yapma Makinesi &#8211; Tek G\u00f6zl\u00fc Ocak<\/p>\n<p>\u00dcr\u00fcn A\u00e7\u0131klamas\u0131:<br \/>\nBu Tek G\u00f6zl\u00fc Kumda Kahve Makinesi ile geleneksel T\u00fcrk kahvesinin otantik tad\u0131n\u0131 deneyimleyin. Kahve tutkunlar\u0131 i\u00e7in tasarlanan bu makine, yava\u015f ve e\u015fit \u0131s\u0131tma sa\u011flayarak kahvenin zengin aromas\u0131n\u0131 ve kadifemsi dokusunu geli\u015ftirmesini sa\u011flar.<\/p>\n<p>\u2714 Otantik Demleme \u2013 M\u00fckemmel T\u00fcrk kahvesi i\u00e7in geleneksel kumda demlemeyi sim\u00fcle eder.<br \/>\n\u2714 Verimli Tek G\u00f6zl\u00fc Ocak \u2013 Hassas kahve haz\u0131rlama i\u00e7in kontroll\u00fc \u0131s\u0131 sa\u011flar.<br \/>\n\u2714 Dayan\u0131kl\u0131 Yap\u0131 \u2013 Uzun \u00f6m\u00fcrl\u00fc kullan\u0131m i\u00e7in y\u00fcksek kaliteli malzemelerden \u00fcretilmi\u015ftir.<br \/>\n\u2714 Kullan\u0131m\u0131 Kolay \u2013 Ev, kafe ve profesyonel kahve haz\u0131rlama ortamlar\u0131 i\u00e7in idealdir.<\/p>\n<p>Kullan\u0131m \u015eekli:<br \/>\n1\ufe0f\u20e3 Kum b\u00f6lmesini doldurun ve e\u015fit \u015fekilde \u0131s\u0131t\u0131n.<br \/>\n2\ufe0f\u20e3 Kahve makinesini (cezve) \u0131s\u0131t\u0131lm\u0131\u015f kuma yerle\u015ftirin.<br \/>\n3\ufe0f\u20e3 Kahve k\u00f6p\u00fcrene ve m\u00fckemmel k\u0131vama gelene kadar yava\u015f\u00e7a kar\u0131\u015ft\u0131r\u0131n.<br \/>\n4\ufe0f\u20e3 Bir fincana d\u00f6k\u00fcn ve afiyetle i\u00e7in!<\/p>\n<p>Zengin aroma, yumu\u015fak doku ve k\u00f6kl\u00fc demleme y\u00f6ntemini takdir eden kahve severler i\u00e7in m\u00fckemmel. \u2615\u2728<\/p>\n<p data-pm-slice=\"1 1 []\">Cezveler sete dahil de\u011fildir.<\/p>\n","protected":false},"excerpt":{"rendered":"<p>Kumda Kahve Yapma Makinesi &#8211; Tek G\u00f6zl\u00fc Ocak \u00dcr\u00fcn A\u00e7\u0131klamas\u0131: Bu Tek G\u00f6zl\u00fc Kumda Kahve Makinesi ile geleneksel T\u00fcrk kahvesinin<\/p>\n","protected":false},"featured_media":2083,"comment_status":"open","ping_status":"closed","template":"","meta":[],"product_brand":[],"product_cat":[210],"product_tag":[],"class_list":{"0":"post-4807","1":"product","2":"type-product","3":"status-publish","4":"has-post-thumbnail","6":"product_cat-kahve_pisirme_makinalari","8":"first","9":"instock","10":"sale","11":"taxable","12":"shipping-taxable","13":"purchasable","14":"product-type-variable"},"yoast_head":"<!-- This site is optimized with the Yoast SEO plugin v27.4 - https:\/\/yoast.com\/product\/yoast-seo-wordpress\/ -->\n<title>Kumda Tek Br\u00fcl\u00f6rl\u00fc Kahve Yapma Makinesi - AiroBazar<\/title>\n<meta name=\"robots\" content=\"index, follow, max-snippet:-1, max-image-preview:large, max-video-preview:-1\" \/>\n<link rel=\"canonical\" href=\"https:\/\/airobazar.com\/product\/coffee-making-machine-in-sand-single-burner-stove-3\/\" \/>\n<meta property=\"og:locale\" content=\"tr_TR\" \/>\n<meta property=\"og:type\" content=\"article\" \/>\n<meta property=\"og:title\" content=\"Kumda Tek Br\u00fcl\u00f6rl\u00fc Kahve Yapma Makinesi - AiroBazar\" \/>\n<meta property=\"og:description\" content=\"Kumda Kahve Yapma Makinesi &#8211; Tek G\u00f6zl\u00fc Ocak \u00dcr\u00fcn A\u00e7\u0131klamas\u0131: Bu Tek G\u00f6zl\u00fc Kumda Kahve Makinesi ile geleneksel T\u00fcrk kahvesinin\" \/>\n<meta property=\"og:url\" content=\"https:\/\/airobazar.com\/product\/coffee-making-machine-in-sand-single-burner-stove-3\/\" \/>\n<meta property=\"og:site_name\" content=\"AiroBazar\" \/>\n<meta property=\"article:modified_time\" content=\"2025-12-09T13:33:06+00:00\" \/>\n<meta property=\"og:image\" content=\"https:\/\/airobazar.com\/wp-content\/uploads\/2025\/08\/Adsiz-tasarim.png\" \/>\n\t<meta property=\"og:image:width\" content=\"1080\" \/>\n\t<meta property=\"og:image:height\" content=\"1080\" \/>\n\t<meta property=\"og:image:type\" content=\"image\/png\" \/>\n<meta name=\"twitter:card\" content=\"summary_large_image\" \/>\n<meta name=\"twitter:label1\" content=\"Tahmini okuma s\u00fcresi\" \/>\n\t<meta name=\"twitter:data1\" content=\"1 dakika\" \/>\n<script type=\"application\/ld+json\" class=\"yoast-schema-graph\">{\"@context\":\"https:\\\/\\\/schema.org\",\"@graph\":[{\"@type\":\"WebPage\",\"@id\":\"https:\\\/\\\/airobazar.com\\\/product\\\/coffee-making-machine-in-sand-single-burner-stove-3\\\/\",\"url\":\"https:\\\/\\\/airobazar.com\\\/product\\\/coffee-making-machine-in-sand-single-burner-stove-3\\\/\",\"name\":\"Kumda Tek Br\u00fcl\u00f6rl\u00fc Kahve Yapma Makinesi - AiroBazar\",\"isPartOf\":{\"@id\":\"https:\\\/\\\/airobazar.com\\\/#website\"},\"primaryImageOfPage\":{\"@id\":\"https:\\\/\\\/airobazar.com\\\/product\\\/coffee-making-machine-in-sand-single-burner-stove-3\\\/#primaryimage\"},\"image\":{\"@id\":\"https:\\\/\\\/airobazar.com\\\/product\\\/coffee-making-machine-in-sand-single-burner-stove-3\\\/#primaryimage\"},\"thumbnailUrl\":\"https:\\\/\\\/airobazar.com\\\/wp-content\\\/uploads\\\/2025\\\/08\\\/Adsiz-tasarim.png\",\"datePublished\":\"2025-08-05T17:36:19+00:00\",\"dateModified\":\"2025-12-09T13:33:06+00:00\",\"breadcrumb\":{\"@id\":\"https:\\\/\\\/airobazar.com\\\/product\\\/coffee-making-machine-in-sand-single-burner-stove-3\\\/#breadcrumb\"},\"inLanguage\":\"tr\",\"potentialAction\":[{\"@type\":\"ReadAction\",\"target\":[\"https:\\\/\\\/airobazar.com\\\/product\\\/coffee-making-machine-in-sand-single-burner-stove-3\\\/\"]}]},{\"@type\":\"ImageObject\",\"inLanguage\":\"tr\",\"@id\":\"https:\\\/\\\/airobazar.com\\\/product\\\/coffee-making-machine-in-sand-single-burner-stove-3\\\/#primaryimage\",\"url\":\"https:\\\/\\\/airobazar.com\\\/wp-content\\\/uploads\\\/2025\\\/08\\\/Adsiz-tasarim.png\",\"contentUrl\":\"https:\\\/\\\/airobazar.com\\\/wp-content\\\/uploads\\\/2025\\\/08\\\/Adsiz-tasarim.png\",\"width\":1080,\"height\":1080},{\"@type\":\"BreadcrumbList\",\"@id\":\"https:\\\/\\\/airobazar.com\\\/product\\\/coffee-making-machine-in-sand-single-burner-stove-3\\\/#breadcrumb\",\"itemListElement\":[{\"@type\":\"ListItem\",\"position\":1,\"name\":\"Home\",\"item\":\"https:\\\/\\\/airobazar.com\\\/tr\\\/\"},{\"@type\":\"ListItem\",\"position\":2,\"name\":\"Ma\u011faza\",\"item\":\"https:\\\/\\\/airobazar.com\\\/tr\\\/magaza\\\/\"},{\"@type\":\"ListItem\",\"position\":3,\"name\":\"Kumda Tek Br\u00fcl\u00f6rl\u00fc Kahve Yapma Makinesi\"}]},{\"@type\":\"WebSite\",\"@id\":\"https:\\\/\\\/airobazar.com\\\/#website\",\"url\":\"https:\\\/\\\/airobazar.com\\\/\",\"name\":\"AiroBazar\",\"description\":\"online sales\",\"potentialAction\":[{\"@type\":\"SearchAction\",\"target\":{\"@type\":\"EntryPoint\",\"urlTemplate\":\"https:\\\/\\\/airobazar.com\\\/?s={search_term_string}\"},\"query-input\":{\"@type\":\"PropertyValueSpecification\",\"valueRequired\":true,\"valueName\":\"search_term_string\"}}],\"inLanguage\":\"tr\"}]}<\/script>\n<!-- \/ Yoast SEO plugin. -->","yoast_head_json":{"title":"Kumda Tek Br\u00fcl\u00f6rl\u00fc Kahve Yapma Makinesi - AiroBazar","robots":{"index":"index","follow":"follow","max-snippet":"max-snippet:-1","max-image-preview":"max-image-preview:large","max-video-preview":"max-video-preview:-1"},"canonical":"https:\/\/airobazar.com\/product\/coffee-making-machine-in-sand-single-burner-stove-3\/","og_locale":"tr_TR","og_type":"article","og_title":"Kumda Tek Br\u00fcl\u00f6rl\u00fc Kahve Yapma Makinesi - AiroBazar","og_description":"Kumda Kahve Yapma Makinesi &#8211; Tek G\u00f6zl\u00fc Ocak \u00dcr\u00fcn A\u00e7\u0131klamas\u0131: Bu Tek G\u00f6zl\u00fc Kumda Kahve Makinesi ile geleneksel T\u00fcrk kahvesinin","og_url":"https:\/\/airobazar.com\/product\/coffee-making-machine-in-sand-single-burner-stove-3\/","og_site_name":"AiroBazar","article_modified_time":"2025-12-09T13:33:06+00:00","og_image":[{"width":1080,"height":1080,"url":"https:\/\/airobazar.com\/wp-content\/uploads\/2025\/08\/Adsiz-tasarim.png","type":"image\/png"}],"twitter_card":"summary_large_image","twitter_misc":{"Tahmini okuma s\u00fcresi":"1 dakika"},"schema":{"@context":"https:\/\/schema.org","@graph":[{"@type":"WebPage","@id":"https:\/\/airobazar.com\/product\/coffee-making-machine-in-sand-single-burner-stove-3\/","url":"https:\/\/airobazar.com\/product\/coffee-making-machine-in-sand-single-burner-stove-3\/","name":"Kumda Tek Br\u00fcl\u00f6rl\u00fc Kahve Yapma Makinesi - AiroBazar","isPartOf":{"@id":"https:\/\/airobazar.com\/#website"},"primaryImageOfPage":{"@id":"https:\/\/airobazar.com\/product\/coffee-making-machine-in-sand-single-burner-stove-3\/#primaryimage"},"image":{"@id":"https:\/\/airobazar.com\/product\/coffee-making-machine-in-sand-single-burner-stove-3\/#primaryimage"},"thumbnailUrl":"https:\/\/airobazar.com\/wp-content\/uploads\/2025\/08\/Adsiz-tasarim.png","datePublished":"2025-08-05T17:36:19+00:00","dateModified":"2025-12-09T13:33:06+00:00","breadcrumb":{"@id":"https:\/\/airobazar.com\/product\/coffee-making-machine-in-sand-single-burner-stove-3\/#breadcrumb"},"inLanguage":"tr","potentialAction":[{"@type":"ReadAction","target":["https:\/\/airobazar.com\/product\/coffee-making-machine-in-sand-single-burner-stove-3\/"]}]},{"@type":"ImageObject","inLanguage":"tr","@id":"https:\/\/airobazar.com\/product\/coffee-making-machine-in-sand-single-burner-stove-3\/#primaryimage","url":"https:\/\/airobazar.com\/wp-content\/uploads\/2025\/08\/Adsiz-tasarim.png","contentUrl":"https:\/\/airobazar.com\/wp-content\/uploads\/2025\/08\/Adsiz-tasarim.png","width":1080,"height":1080},{"@type":"BreadcrumbList","@id":"https:\/\/airobazar.com\/product\/coffee-making-machine-in-sand-single-burner-stove-3\/#breadcrumb","itemListElement":[{"@type":"ListItem","position":1,"name":"Home","item":"https:\/\/airobazar.com\/tr\/"},{"@type":"ListItem","position":2,"name":"Ma\u011faza","item":"https:\/\/airobazar.com\/tr\/magaza\/"},{"@type":"ListItem","position":3,"name":"Kumda Tek Br\u00fcl\u00f6rl\u00fc Kahve Yapma Makinesi"}]},{"@type":"WebSite","@id":"https:\/\/airobazar.com\/#website","url":"https:\/\/airobazar.com\/","name":"AiroBazar","description":"online sales","potentialAction":[{"@type":"SearchAction","target":{"@type":"EntryPoint","urlTemplate":"https:\/\/airobazar.com\/?s={search_term_string}"},"query-input":{"@type":"PropertyValueSpecification","valueRequired":true,"valueName":"search_term_string"}}],"inLanguage":"tr"}]}},"_links":{"self":[{"href":"https:\/\/airobazar.com\/tr\/wp-json\/wp\/v2\/product\/4807","targetHints":{"allow":["GET"]}}],"collection":[{"href":"https:\/\/airobazar.com\/tr\/wp-json\/wp\/v2\/product"}],"about":[{"href":"https:\/\/airobazar.com\/tr\/wp-json\/wp\/v2\/types\/product"}],"replies":[{"embeddable":true,"href":"https:\/\/airobazar.com\/tr\/wp-json\/wp\/v2\/comments?post=4807"}],"version-history":[{"count":1,"href":"https:\/\/airobazar.com\/tr\/wp-json\/wp\/v2\/product\/4807\/revisions"}],"predecessor-version":[{"id":10308,"href":"https:\/\/airobazar.com\/tr\/wp-json\/wp\/v2\/product\/4807\/revisions\/10308"}],"wp:featuredmedia":[{"embeddable":true,"href":"https:\/\/airobazar.com\/tr\/wp-json\/wp\/v2\/media\/2083"}],"wp:attachment":[{"href":"https:\/\/airobazar.com\/tr\/wp-json\/wp\/v2\/media?parent=4807"}],"wp:term":[{"taxonomy":"product_brand","embeddable":true,"href":"https:\/\/airobazar.com\/tr\/wp-json\/wp\/v2\/product_brand?post=4807"},{"taxonomy":"product_cat","embeddable":true,"href":"https:\/\/airobazar.com\/tr\/wp-json\/wp\/v2\/product_cat?post=4807"},{"taxonomy":"product_tag","embeddable":true,"href":"https:\/\/airobazar.com\/tr\/wp-json\/wp\/v2\/product_tag?post=4807"}],"curies":[{"name":"wp","href":"https:\/\/api.w.org\/{rel}","templated":true}]}}