{"id":4799,"date":"2025-08-05T17:36:19","date_gmt":"2025-08-05T17:36:19","guid":{"rendered":"https:\/\/tedsitedemonuz.com\/airo\/?post_type=product&#038;p=4799"},"modified":"2025-08-15T10:35:46","modified_gmt":"2025-08-15T10:35:46","slug":"davlumbazlar-ocak-basliklari","status":"publish","type":"product","link":"https:\/\/airobazar.com\/tr\/urun\/davlumbazlar-ocak-basliklari\/","title":{"rendered":"Davlumbazlar Ocak Ba\u015fl\u0131klar\u0131"},"content":{"rendered":"<p>Davlumbazl\u0131 ocaklar dayan\u0131kl\u0131 malzemeden \u00fcretilmi\u015ftir ve g\u00fc\u00e7l\u00fc hava emi\u015f kapasitesiyle mutfaktaki duman ve kokuyu etkili bir \u015fekilde azalt\u0131r. \u015e\u0131k ve i\u015flevsel tasar\u0131m\u0131yla hem profesyonel mutfaklar hem de ev kullan\u0131m\u0131 i\u00e7in uygundur.<\/p>\n<p>L\u00fctfen \u00fczerine yaz\u0131lmas\u0131n\u0131 istedi\u011finiz metni sipari\u015f kodunuzla birlikte WhatsApp destek hatt\u0131m\u0131zdan bize g\u00f6nderin.<\/p>\n","protected":false},"excerpt":{"rendered":"<p>Davlumbazl\u0131 ocaklar dayan\u0131kl\u0131 malzemeden \u00fcretilmi\u015ftir ve g\u00fc\u00e7l\u00fc hava emi\u015f kapasitesiyle mutfaktaki duman ve kokuyu etkili bir \u015fekilde azalt\u0131r. \u015e\u0131k ve<\/p>\n","protected":false},"featured_media":2078,"comment_status":"open","ping_status":"closed","template":"","meta":[],"product_brand":[],"product_cat":[210],"product_tag":[],"class_list":{"0":"post-4799","1":"product","2":"type-product","3":"status-publish","4":"has-post-thumbnail","6":"product_cat-kahve_pisirme_makinalari","8":"first","9":"instock","10":"sale","11":"taxable","12":"shipping-taxable","13":"purchasable","14":"product-type-variable"},"_links":{"self":[{"href":"https:\/\/airobazar.com\/tr\/wp-json\/wp\/v2\/product\/4799","targetHints":{"allow":["GET"]}}],"collection":[{"href":"https:\/\/airobazar.com\/tr\/wp-json\/wp\/v2\/product"}],"about":[{"href":"https:\/\/airobazar.com\/tr\/wp-json\/wp\/v2\/types\/product"}],"replies":[{"embeddable":true,"href":"https:\/\/airobazar.com\/tr\/wp-json\/wp\/v2\/comments?post=4799"}],"version-history":[{"count":0,"href":"https:\/\/airobazar.com\/tr\/wp-json\/wp\/v2\/product\/4799\/revisions"}],"wp:featuredmedia":[{"embeddable":true,"href":"https:\/\/airobazar.com\/tr\/wp-json\/wp\/v2\/media\/2078"}],"wp:attachment":[{"href":"https:\/\/airobazar.com\/tr\/wp-json\/wp\/v2\/media?parent=4799"}],"wp:term":[{"taxonomy":"product_brand","embeddable":true,"href":"https:\/\/airobazar.com\/tr\/wp-json\/wp\/v2\/product_brand?post=4799"},{"taxonomy":"product_cat","embeddable":true,"href":"https:\/\/airobazar.com\/tr\/wp-json\/wp\/v2\/product_cat?post=4799"},{"taxonomy":"product_tag","embeddable":true,"href":"https:\/\/airobazar.com\/tr\/wp-json\/wp\/v2\/product_tag?post=4799"}],"curies":[{"name":"wp","href":"https:\/\/api.w.org\/{rel}","templated":true}]}}