{"id":4729,"date":"2025-08-05T17:26:00","date_gmt":"2025-08-05T17:26:00","guid":{"rendered":"https:\/\/tedsitedemonuz.com\/airo\/?post_type=product&#038;p=4729"},"modified":"2025-12-09T13:33:44","modified_gmt":"2025-12-09T13:33:44","slug":"coffee-cooking-stoves-in-sand-coffee-cooking-machine","status":"publish","type":"product","link":"https:\/\/airobazar.com\/tr\/urun\/coffee-cooking-stoves-in-sand-coffee-cooking-machine\/","title":{"rendered":"Kumda Kahve Pi\u015firme Ocaklar\u0131 Kahve Pi\u015firme Makinesi"},"content":{"rendered":"<p>Kumda Kahve Pi\u015firme Ocaklar\u0131 &#8211; Kahve Pi\u015firme Makinesi \u2615<\/p>\n<p>Kumda Kahve Pi\u015firme Ocaklar\u0131 ile kahvenizi geleneksel y\u00f6ntemlerle haz\u0131rlay\u0131n. Bu makine, \u0131s\u0131t\u0131lm\u0131\u015f kumda yava\u015f demleme imkan\u0131 sunarak, t\u0131pk\u0131 ger\u00e7ek T\u00fcrk, Arap veya Yunan kahvesi gibi zengin, kadifemsi bir doku ve yo\u011fun bir aroma sunar.<\/p>\n<p data-pm-slice=\"1 1 []\">Cezveler sete dahil de\u011fildir.<\/p>\n","protected":false},"excerpt":{"rendered":"<p>Kumda Kahve Pi\u015firme Ocaklar\u0131 &#8211; Kahve Pi\u015firme Makinesi \u2615 Kumda Kahve Pi\u015firme Ocaklar\u0131 ile kahvenizi geleneksel y\u00f6ntemlerle haz\u0131rlay\u0131n. Bu makine,<\/p>\n","protected":false},"featured_media":2129,"comment_status":"open","ping_status":"closed","template":"","meta":[],"product_brand":[],"product_cat":[210],"product_tag":[],"class_list":{"0":"post-4729","1":"product","2":"type-product","3":"status-publish","4":"has-post-thumbnail","6":"product_cat-kahve_pisirme_makinalari","8":"first","9":"instock","10":"sale","11":"taxable","12":"shipping-taxable","13":"purchasable","14":"product-type-variable"},"yoast_head":"<!-- This site is optimized with the Yoast SEO plugin v27.5 - https:\/\/yoast.com\/product\/yoast-seo-wordpress\/ -->\n<title>Kumda Kahve Pi\u015firme Ocaklar\u0131 Kahve Pi\u015firme Makinesi - AiroBazar<\/title>\n<meta name=\"robots\" content=\"index, follow, max-snippet:-1, max-image-preview:large, max-video-preview:-1\" \/>\n<link rel=\"canonical\" href=\"https:\/\/airobazar.com\/tr\/urun\/coffee-cooking-stoves-in-sand-coffee-cooking-machine\/\" \/>\n<meta property=\"og:locale\" content=\"tr_TR\" \/>\n<meta property=\"og:type\" content=\"article\" \/>\n<meta property=\"og:title\" content=\"Kumda Kahve Pi\u015firme Ocaklar\u0131 Kahve Pi\u015firme Makinesi - AiroBazar\" \/>\n<meta property=\"og:description\" content=\"Kumda Kahve Pi\u015firme Ocaklar\u0131 &#8211; Kahve Pi\u015firme Makinesi \u2615 Kumda Kahve Pi\u015firme Ocaklar\u0131 ile kahvenizi geleneksel y\u00f6ntemlerle haz\u0131rlay\u0131n. Bu makine,\" \/>\n<meta property=\"og:url\" content=\"https:\/\/airobazar.com\/tr\/urun\/coffee-cooking-stoves-in-sand-coffee-cooking-machine\/\" \/>\n<meta property=\"og:site_name\" content=\"AiroBazar\" \/>\n<meta property=\"article:modified_time\" content=\"2025-12-09T13:33:44+00:00\" \/>\n<meta name=\"twitter:card\" content=\"summary_large_image\" \/>\n<script type=\"application\/ld+json\" class=\"yoast-schema-graph\">{\"@context\":\"https:\\\/\\\/schema.org\",\"@graph\":[{\"@type\":\"WebPage\",\"@id\":\"https:\\\/\\\/airobazar.com\\\/tr\\\/urun\\\/coffee-cooking-stoves-in-sand-coffee-cooking-machine\\\/\",\"url\":\"https:\\\/\\\/airobazar.com\\\/tr\\\/urun\\\/coffee-cooking-stoves-in-sand-coffee-cooking-machine\\\/\",\"name\":\"Kumda Kahve Pi\u015firme Ocaklar\u0131 Kahve Pi\u015firme Makinesi - AiroBazar\",\"isPartOf\":{\"@id\":\"https:\\\/\\\/airobazar.com\\\/#website\"},\"primaryImageOfPage\":{\"@id\":\"https:\\\/\\\/airobazar.com\\\/tr\\\/urun\\\/coffee-cooking-stoves-in-sand-coffee-cooking-machine\\\/#primaryimage\"},\"image\":{\"@id\":\"https:\\\/\\\/airobazar.com\\\/tr\\\/urun\\\/coffee-cooking-stoves-in-sand-coffee-cooking-machine\\\/#primaryimage\"},\"thumbnailUrl\":\"https:\\\/\\\/airobazar.com\\\/wp-content\\\/uploads\\\/2025\\\/08\\\/2-12.png\",\"datePublished\":\"2025-08-05T17:26:00+00:00\",\"dateModified\":\"2025-12-09T13:33:44+00:00\",\"breadcrumb\":{\"@id\":\"https:\\\/\\\/airobazar.com\\\/tr\\\/urun\\\/coffee-cooking-stoves-in-sand-coffee-cooking-machine\\\/#breadcrumb\"},\"inLanguage\":\"tr\",\"potentialAction\":[{\"@type\":\"ReadAction\",\"target\":[\"https:\\\/\\\/airobazar.com\\\/tr\\\/urun\\\/coffee-cooking-stoves-in-sand-coffee-cooking-machine\\\/\"]}]},{\"@type\":\"ImageObject\",\"inLanguage\":\"tr\",\"@id\":\"https:\\\/\\\/airobazar.com\\\/tr\\\/urun\\\/coffee-cooking-stoves-in-sand-coffee-cooking-machine\\\/#primaryimage\",\"url\":\"https:\\\/\\\/airobazar.com\\\/wp-content\\\/uploads\\\/2025\\\/08\\\/2-12.png\",\"contentUrl\":\"https:\\\/\\\/airobazar.com\\\/wp-content\\\/uploads\\\/2025\\\/08\\\/2-12.png\",\"width\":1080,\"height\":1080},{\"@type\":\"BreadcrumbList\",\"@id\":\"https:\\\/\\\/airobazar.com\\\/tr\\\/urun\\\/coffee-cooking-stoves-in-sand-coffee-cooking-machine\\\/#breadcrumb\",\"itemListElement\":[{\"@type\":\"ListItem\",\"position\":1,\"name\":\"Home\",\"item\":\"https:\\\/\\\/airobazar.com\\\/tr\\\/\"},{\"@type\":\"ListItem\",\"position\":2,\"name\":\"Ma\u011faza\",\"item\":\"https:\\\/\\\/airobazar.com\\\/tr\\\/magaza\\\/\"},{\"@type\":\"ListItem\",\"position\":3,\"name\":\"Kumda Kahve Pi\u015firme Ocaklar\u0131 Kahve Pi\u015firme Makinesi\"}]},{\"@type\":\"WebSite\",\"@id\":\"https:\\\/\\\/airobazar.com\\\/#website\",\"url\":\"https:\\\/\\\/airobazar.com\\\/\",\"name\":\"AiroBazar\",\"description\":\"online sales\",\"potentialAction\":[{\"@type\":\"SearchAction\",\"target\":{\"@type\":\"EntryPoint\",\"urlTemplate\":\"https:\\\/\\\/airobazar.com\\\/?s={search_term_string}\"},\"query-input\":{\"@type\":\"PropertyValueSpecification\",\"valueRequired\":true,\"valueName\":\"search_term_string\"}}],\"inLanguage\":\"tr\"}]}<\/script>\n<!-- \/ Yoast SEO plugin. -->","yoast_head_json":{"title":"Kumda Kahve Pi\u015firme Ocaklar\u0131 Kahve Pi\u015firme Makinesi - AiroBazar","robots":{"index":"index","follow":"follow","max-snippet":"max-snippet:-1","max-image-preview":"max-image-preview:large","max-video-preview":"max-video-preview:-1"},"canonical":"https:\/\/airobazar.com\/tr\/urun\/coffee-cooking-stoves-in-sand-coffee-cooking-machine\/","og_locale":"tr_TR","og_type":"article","og_title":"Kumda Kahve Pi\u015firme Ocaklar\u0131 Kahve Pi\u015firme Makinesi - AiroBazar","og_description":"Kumda Kahve Pi\u015firme Ocaklar\u0131 &#8211; Kahve Pi\u015firme Makinesi \u2615 Kumda Kahve Pi\u015firme Ocaklar\u0131 ile kahvenizi geleneksel y\u00f6ntemlerle haz\u0131rlay\u0131n. Bu makine,","og_url":"https:\/\/airobazar.com\/tr\/urun\/coffee-cooking-stoves-in-sand-coffee-cooking-machine\/","og_site_name":"AiroBazar","article_modified_time":"2025-12-09T13:33:44+00:00","twitter_card":"summary_large_image","schema":{"@context":"https:\/\/schema.org","@graph":[{"@type":"WebPage","@id":"https:\/\/airobazar.com\/tr\/urun\/coffee-cooking-stoves-in-sand-coffee-cooking-machine\/","url":"https:\/\/airobazar.com\/tr\/urun\/coffee-cooking-stoves-in-sand-coffee-cooking-machine\/","name":"Kumda Kahve Pi\u015firme Ocaklar\u0131 Kahve Pi\u015firme Makinesi - AiroBazar","isPartOf":{"@id":"https:\/\/airobazar.com\/#website"},"primaryImageOfPage":{"@id":"https:\/\/airobazar.com\/tr\/urun\/coffee-cooking-stoves-in-sand-coffee-cooking-machine\/#primaryimage"},"image":{"@id":"https:\/\/airobazar.com\/tr\/urun\/coffee-cooking-stoves-in-sand-coffee-cooking-machine\/#primaryimage"},"thumbnailUrl":"https:\/\/airobazar.com\/wp-content\/uploads\/2025\/08\/2-12.png","datePublished":"2025-08-05T17:26:00+00:00","dateModified":"2025-12-09T13:33:44+00:00","breadcrumb":{"@id":"https:\/\/airobazar.com\/tr\/urun\/coffee-cooking-stoves-in-sand-coffee-cooking-machine\/#breadcrumb"},"inLanguage":"tr","potentialAction":[{"@type":"ReadAction","target":["https:\/\/airobazar.com\/tr\/urun\/coffee-cooking-stoves-in-sand-coffee-cooking-machine\/"]}]},{"@type":"ImageObject","inLanguage":"tr","@id":"https:\/\/airobazar.com\/tr\/urun\/coffee-cooking-stoves-in-sand-coffee-cooking-machine\/#primaryimage","url":"https:\/\/airobazar.com\/wp-content\/uploads\/2025\/08\/2-12.png","contentUrl":"https:\/\/airobazar.com\/wp-content\/uploads\/2025\/08\/2-12.png","width":1080,"height":1080},{"@type":"BreadcrumbList","@id":"https:\/\/airobazar.com\/tr\/urun\/coffee-cooking-stoves-in-sand-coffee-cooking-machine\/#breadcrumb","itemListElement":[{"@type":"ListItem","position":1,"name":"Home","item":"https:\/\/airobazar.com\/tr\/"},{"@type":"ListItem","position":2,"name":"Ma\u011faza","item":"https:\/\/airobazar.com\/tr\/magaza\/"},{"@type":"ListItem","position":3,"name":"Kumda Kahve Pi\u015firme Ocaklar\u0131 Kahve Pi\u015firme Makinesi"}]},{"@type":"WebSite","@id":"https:\/\/airobazar.com\/#website","url":"https:\/\/airobazar.com\/","name":"AiroBazar","description":"online sales","potentialAction":[{"@type":"SearchAction","target":{"@type":"EntryPoint","urlTemplate":"https:\/\/airobazar.com\/?s={search_term_string}"},"query-input":{"@type":"PropertyValueSpecification","valueRequired":true,"valueName":"search_term_string"}}],"inLanguage":"tr"}]}},"_links":{"self":[{"href":"https:\/\/airobazar.com\/tr\/wp-json\/wp\/v2\/product\/4729","targetHints":{"allow":["GET"]}}],"collection":[{"href":"https:\/\/airobazar.com\/tr\/wp-json\/wp\/v2\/product"}],"about":[{"href":"https:\/\/airobazar.com\/tr\/wp-json\/wp\/v2\/types\/product"}],"replies":[{"embeddable":true,"href":"https:\/\/airobazar.com\/tr\/wp-json\/wp\/v2\/comments?post=4729"}],"version-history":[{"count":1,"href":"https:\/\/airobazar.com\/tr\/wp-json\/wp\/v2\/product\/4729\/revisions"}],"predecessor-version":[{"id":10309,"href":"https:\/\/airobazar.com\/tr\/wp-json\/wp\/v2\/product\/4729\/revisions\/10309"}],"wp:featuredmedia":[{"embeddable":true,"href":"https:\/\/airobazar.com\/tr\/wp-json\/wp\/v2\/media\/2129"}],"wp:attachment":[{"href":"https:\/\/airobazar.com\/tr\/wp-json\/wp\/v2\/media?parent=4729"}],"wp:term":[{"taxonomy":"product_brand","embeddable":true,"href":"https:\/\/airobazar.com\/tr\/wp-json\/wp\/v2\/product_brand?post=4729"},{"taxonomy":"product_cat","embeddable":true,"href":"https:\/\/airobazar.com\/tr\/wp-json\/wp\/v2\/product_cat?post=4729"},{"taxonomy":"product_tag","embeddable":true,"href":"https:\/\/airobazar.com\/tr\/wp-json\/wp\/v2\/product_tag?post=4729"}],"curies":[{"name":"wp","href":"https:\/\/api.w.org\/{rel}","templated":true}]}}