{"id":4719,"date":"2025-08-06T11:10:59","date_gmt":"2025-08-06T11:10:59","guid":{"rendered":"https:\/\/tedsitedemonuz.com\/airo\/?post_type=product&#038;p=4719"},"modified":"2025-08-12T13:23:47","modified_gmt":"2025-08-12T13:23:47","slug":"american-monarch-organik-ihlamur-cayi-30-gr","status":"publish","type":"product","link":"https:\/\/airobazar.com\/tr\/urun\/american-monarch-organik-ihlamur-cayi-30-gr\/","title":{"rendered":"American Monarch Organik Ihlamur \u00c7ay\u0131 30 gr"},"content":{"rendered":"<p>Birinci s\u0131n\u0131f organik \u0131hlamur \u00e7i\u00e7eklerinden haz\u0131rlanan American Monarch Organik Ihlamur \u00c7ay\u0131 ile rahatlay\u0131n ve gev\u015feyin. Bu rahatlat\u0131c\u0131 bitki \u00e7ay\u0131, stresi azaltmak ve uzun bir g\u00fcn\u00fcn ard\u0131ndan rahatlamay\u0131 desteklemek i\u00e7in m\u00fckemmel, hafif ve tatl\u0131 bir aroma sunar.<\/p>\n<p>\u00d6zellikler:<\/p>\n<p>\u2714 %100 Organik Ihlamur \u00c7i\u00e7ekleri &#8211; En kaliteli organik \u0131hlamur \u00e7i\u00e7eklerinden elde edilmi\u015ftir.<br \/>\n\u2714 Yat\u0131\u015ft\u0131r\u0131c\u0131 ve Rahatlat\u0131c\u0131 &#8211; Sakinle\u015ftirici \u00f6zellikleriyle bilinir ve stres atmak i\u00e7in idealdir.<br \/>\n\u2714 Do\u011fal Tatl\u0131 &#8211; Ak\u015fam rahatlamas\u0131 i\u00e7in m\u00fckemmel, narin ve do\u011fal tatl\u0131 bir aroma.<br \/>\n\u2714 Kafeinsiz &#8211; Dinlendirici bir gece uykusu i\u00e7in istedi\u011finiz zaman, \u00f6zellikle yatmadan \u00f6nce i\u00e7in.<\/p>\n","protected":false},"excerpt":{"rendered":"<p>Birinci s\u0131n\u0131f organik \u0131hlamur \u00e7i\u00e7eklerinden haz\u0131rlanan American Monarch Organik Ihlamur \u00c7ay\u0131 ile rahatlay\u0131n ve gev\u015feyin. Bu rahatlat\u0131c\u0131 bitki \u00e7ay\u0131, stresi<\/p>\n","protected":false},"featured_media":4326,"comment_status":"closed","ping_status":"closed","template":"","meta":[],"product_brand":[],"product_cat":[208],"product_tag":[],"class_list":{"0":"post-4719","1":"product","2":"type-product","3":"status-publish","4":"has-post-thumbnail","6":"product_cat-dogal-bitki-cayi","8":"first","9":"instock","10":"sale","11":"taxable","12":"shipping-taxable","13":"purchasable","14":"product-type-simple"},"yoast_head":"<!-- This site is optimized with the Yoast SEO plugin v27.4 - https:\/\/yoast.com\/product\/yoast-seo-wordpress\/ -->\n<title>American Monarch Organik Ihlamur \u00c7ay\u0131 30 gr - AiroBazar<\/title>\n<meta name=\"robots\" content=\"index, follow, max-snippet:-1, max-image-preview:large, max-video-preview:-1\" \/>\n<link rel=\"canonical\" href=\"https:\/\/airobazar.com\/product\/american-monarch-organic-linden-tea-30-gr\/\" \/>\n<meta property=\"og:locale\" content=\"tr_TR\" \/>\n<meta property=\"og:type\" content=\"article\" \/>\n<meta property=\"og:title\" content=\"American Monarch Organik Ihlamur \u00c7ay\u0131 30 gr - AiroBazar\" \/>\n<meta property=\"og:description\" content=\"Birinci s\u0131n\u0131f organik \u0131hlamur \u00e7i\u00e7eklerinden haz\u0131rlanan American Monarch Organik Ihlamur \u00c7ay\u0131 ile rahatlay\u0131n ve gev\u015feyin. Bu rahatlat\u0131c\u0131 bitki \u00e7ay\u0131, stresi\" \/>\n<meta property=\"og:url\" content=\"https:\/\/airobazar.com\/product\/american-monarch-organic-linden-tea-30-gr\/\" \/>\n<meta property=\"og:site_name\" content=\"AiroBazar\" \/>\n<meta property=\"article:modified_time\" content=\"2025-08-12T13:23:47+00:00\" \/>\n<meta property=\"og:image\" content=\"https:\/\/airobazar.com\/wp-content\/uploads\/2025\/08\/9.jpg\" \/>\n\t<meta property=\"og:image:width\" content=\"750\" \/>\n\t<meta property=\"og:image:height\" content=\"750\" \/>\n\t<meta property=\"og:image:type\" content=\"image\/jpeg\" \/>\n<meta name=\"twitter:card\" content=\"summary_large_image\" \/>\n<meta name=\"twitter:label1\" content=\"Tahmini okuma s\u00fcresi\" \/>\n\t<meta name=\"twitter:data1\" content=\"1 dakika\" \/>\n<script type=\"application\/ld+json\" class=\"yoast-schema-graph\">{\"@context\":\"https:\\\/\\\/schema.org\",\"@graph\":[{\"@type\":\"WebPage\",\"@id\":\"https:\\\/\\\/airobazar.com\\\/product\\\/american-monarch-organic-linden-tea-30-gr\\\/\",\"url\":\"https:\\\/\\\/airobazar.com\\\/product\\\/american-monarch-organic-linden-tea-30-gr\\\/\",\"name\":\"American Monarch Organik Ihlamur \u00c7ay\u0131 30 gr - AiroBazar\",\"isPartOf\":{\"@id\":\"https:\\\/\\\/airobazar.com\\\/#website\"},\"primaryImageOfPage\":{\"@id\":\"https:\\\/\\\/airobazar.com\\\/product\\\/american-monarch-organic-linden-tea-30-gr\\\/#primaryimage\"},\"image\":{\"@id\":\"https:\\\/\\\/airobazar.com\\\/product\\\/american-monarch-organic-linden-tea-30-gr\\\/#primaryimage\"},\"thumbnailUrl\":\"https:\\\/\\\/airobazar.com\\\/wp-content\\\/uploads\\\/2025\\\/08\\\/9.jpg\",\"datePublished\":\"2025-08-06T11:10:59+00:00\",\"dateModified\":\"2025-08-12T13:23:47+00:00\",\"breadcrumb\":{\"@id\":\"https:\\\/\\\/airobazar.com\\\/product\\\/american-monarch-organic-linden-tea-30-gr\\\/#breadcrumb\"},\"inLanguage\":\"tr\",\"potentialAction\":[{\"@type\":\"ReadAction\",\"target\":[\"https:\\\/\\\/airobazar.com\\\/product\\\/american-monarch-organic-linden-tea-30-gr\\\/\"]}]},{\"@type\":\"ImageObject\",\"inLanguage\":\"tr\",\"@id\":\"https:\\\/\\\/airobazar.com\\\/product\\\/american-monarch-organic-linden-tea-30-gr\\\/#primaryimage\",\"url\":\"https:\\\/\\\/airobazar.com\\\/wp-content\\\/uploads\\\/2025\\\/08\\\/9.jpg\",\"contentUrl\":\"https:\\\/\\\/airobazar.com\\\/wp-content\\\/uploads\\\/2025\\\/08\\\/9.jpg\",\"width\":750,\"height\":750},{\"@type\":\"BreadcrumbList\",\"@id\":\"https:\\\/\\\/airobazar.com\\\/product\\\/american-monarch-organic-linden-tea-30-gr\\\/#breadcrumb\",\"itemListElement\":[{\"@type\":\"ListItem\",\"position\":1,\"name\":\"Home\",\"item\":\"https:\\\/\\\/airobazar.com\\\/tr\\\/\"},{\"@type\":\"ListItem\",\"position\":2,\"name\":\"Ma\u011faza\",\"item\":\"https:\\\/\\\/airobazar.com\\\/tr\\\/magaza\\\/\"},{\"@type\":\"ListItem\",\"position\":3,\"name\":\"American Monarch Organik Ihlamur \u00c7ay\u0131 30 gr\"}]},{\"@type\":\"WebSite\",\"@id\":\"https:\\\/\\\/airobazar.com\\\/#website\",\"url\":\"https:\\\/\\\/airobazar.com\\\/\",\"name\":\"AiroBazar\",\"description\":\"online sales\",\"potentialAction\":[{\"@type\":\"SearchAction\",\"target\":{\"@type\":\"EntryPoint\",\"urlTemplate\":\"https:\\\/\\\/airobazar.com\\\/?s={search_term_string}\"},\"query-input\":{\"@type\":\"PropertyValueSpecification\",\"valueRequired\":true,\"valueName\":\"search_term_string\"}}],\"inLanguage\":\"tr\"}]}<\/script>\n<!-- \/ Yoast SEO plugin. -->","yoast_head_json":{"title":"American Monarch Organik Ihlamur \u00c7ay\u0131 30 gr - AiroBazar","robots":{"index":"index","follow":"follow","max-snippet":"max-snippet:-1","max-image-preview":"max-image-preview:large","max-video-preview":"max-video-preview:-1"},"canonical":"https:\/\/airobazar.com\/product\/american-monarch-organic-linden-tea-30-gr\/","og_locale":"tr_TR","og_type":"article","og_title":"American Monarch Organik Ihlamur \u00c7ay\u0131 30 gr - AiroBazar","og_description":"Birinci s\u0131n\u0131f organik \u0131hlamur \u00e7i\u00e7eklerinden haz\u0131rlanan American Monarch Organik Ihlamur \u00c7ay\u0131 ile rahatlay\u0131n ve gev\u015feyin. Bu rahatlat\u0131c\u0131 bitki \u00e7ay\u0131, stresi","og_url":"https:\/\/airobazar.com\/product\/american-monarch-organic-linden-tea-30-gr\/","og_site_name":"AiroBazar","article_modified_time":"2025-08-12T13:23:47+00:00","og_image":[{"width":750,"height":750,"url":"https:\/\/airobazar.com\/wp-content\/uploads\/2025\/08\/9.jpg","type":"image\/jpeg"}],"twitter_card":"summary_large_image","twitter_misc":{"Tahmini okuma s\u00fcresi":"1 dakika"},"schema":{"@context":"https:\/\/schema.org","@graph":[{"@type":"WebPage","@id":"https:\/\/airobazar.com\/product\/american-monarch-organic-linden-tea-30-gr\/","url":"https:\/\/airobazar.com\/product\/american-monarch-organic-linden-tea-30-gr\/","name":"American Monarch Organik Ihlamur \u00c7ay\u0131 30 gr - AiroBazar","isPartOf":{"@id":"https:\/\/airobazar.com\/#website"},"primaryImageOfPage":{"@id":"https:\/\/airobazar.com\/product\/american-monarch-organic-linden-tea-30-gr\/#primaryimage"},"image":{"@id":"https:\/\/airobazar.com\/product\/american-monarch-organic-linden-tea-30-gr\/#primaryimage"},"thumbnailUrl":"https:\/\/airobazar.com\/wp-content\/uploads\/2025\/08\/9.jpg","datePublished":"2025-08-06T11:10:59+00:00","dateModified":"2025-08-12T13:23:47+00:00","breadcrumb":{"@id":"https:\/\/airobazar.com\/product\/american-monarch-organic-linden-tea-30-gr\/#breadcrumb"},"inLanguage":"tr","potentialAction":[{"@type":"ReadAction","target":["https:\/\/airobazar.com\/product\/american-monarch-organic-linden-tea-30-gr\/"]}]},{"@type":"ImageObject","inLanguage":"tr","@id":"https:\/\/airobazar.com\/product\/american-monarch-organic-linden-tea-30-gr\/#primaryimage","url":"https:\/\/airobazar.com\/wp-content\/uploads\/2025\/08\/9.jpg","contentUrl":"https:\/\/airobazar.com\/wp-content\/uploads\/2025\/08\/9.jpg","width":750,"height":750},{"@type":"BreadcrumbList","@id":"https:\/\/airobazar.com\/product\/american-monarch-organic-linden-tea-30-gr\/#breadcrumb","itemListElement":[{"@type":"ListItem","position":1,"name":"Home","item":"https:\/\/airobazar.com\/tr\/"},{"@type":"ListItem","position":2,"name":"Ma\u011faza","item":"https:\/\/airobazar.com\/tr\/magaza\/"},{"@type":"ListItem","position":3,"name":"American Monarch Organik Ihlamur \u00c7ay\u0131 30 gr"}]},{"@type":"WebSite","@id":"https:\/\/airobazar.com\/#website","url":"https:\/\/airobazar.com\/","name":"AiroBazar","description":"online sales","potentialAction":[{"@type":"SearchAction","target":{"@type":"EntryPoint","urlTemplate":"https:\/\/airobazar.com\/?s={search_term_string}"},"query-input":{"@type":"PropertyValueSpecification","valueRequired":true,"valueName":"search_term_string"}}],"inLanguage":"tr"}]}},"_links":{"self":[{"href":"https:\/\/airobazar.com\/tr\/wp-json\/wp\/v2\/product\/4719","targetHints":{"allow":["GET"]}}],"collection":[{"href":"https:\/\/airobazar.com\/tr\/wp-json\/wp\/v2\/product"}],"about":[{"href":"https:\/\/airobazar.com\/tr\/wp-json\/wp\/v2\/types\/product"}],"replies":[{"embeddable":true,"href":"https:\/\/airobazar.com\/tr\/wp-json\/wp\/v2\/comments?post=4719"}],"version-history":[{"count":0,"href":"https:\/\/airobazar.com\/tr\/wp-json\/wp\/v2\/product\/4719\/revisions"}],"wp:featuredmedia":[{"embeddable":true,"href":"https:\/\/airobazar.com\/tr\/wp-json\/wp\/v2\/media\/4326"}],"wp:attachment":[{"href":"https:\/\/airobazar.com\/tr\/wp-json\/wp\/v2\/media?parent=4719"}],"wp:term":[{"taxonomy":"product_brand","embeddable":true,"href":"https:\/\/airobazar.com\/tr\/wp-json\/wp\/v2\/product_brand?post=4719"},{"taxonomy":"product_cat","embeddable":true,"href":"https:\/\/airobazar.com\/tr\/wp-json\/wp\/v2\/product_cat?post=4719"},{"taxonomy":"product_tag","embeddable":true,"href":"https:\/\/airobazar.com\/tr\/wp-json\/wp\/v2\/product_tag?post=4719"}],"curies":[{"name":"wp","href":"https:\/\/api.w.org\/{rel}","templated":true}]}}