{"id":4716,"date":"2025-08-06T11:11:03","date_gmt":"2025-08-06T11:11:03","guid":{"rendered":"https:\/\/tedsitedemonuz.com\/airo\/?post_type=product&#038;p=4716"},"modified":"2025-08-12T13:17:27","modified_gmt":"2025-08-12T13:17:27","slug":"american-monarch-organik-yesil-cay-110gr","status":"publish","type":"product","link":"https:\/\/airobazar.com\/tr\/urun\/american-monarch-organik-yesil-cay-110gr\/","title":{"rendered":"American Monarch Organik Ye\u015fil \u00c7ay 110gr"},"content":{"rendered":"<p>En kaliteli organik ye\u015fil \u00e7ay yapraklar\u0131ndan \u00fcretilen American Monarch Organik Ye\u015fil \u00c7ay&#8217;\u0131n narin ve ferahlat\u0131c\u0131 aromas\u0131n\u0131n tad\u0131n\u0131 \u00e7\u0131kar\u0131n. Bu hafif ve yumu\u015fak i\u00e7imli \u00e7ay, genel sa\u011fl\u0131\u011f\u0131 destekleyen sa\u011fl\u0131kl\u0131 ve canland\u0131r\u0131c\u0131 bir i\u00e7ecek arayanlar i\u00e7in m\u00fckemmel olan antioksidanlarla doludur.<\/p>\n<p>\u00d6zellikler:<\/p>\n<p>\u2714 %100 Organik Ye\u015fil \u00c7ay Yapraklar\u0131 &#8211; Katk\u0131 maddesi, koruyucu madde veya yapay aroma i\u00e7ermez.<br \/>\n\u2714 Hafif ve Yumu\u015fak &#8211; Temiz bir tada sahip, hafif ve ferahlat\u0131c\u0131 bir \u00e7ay.<br \/>\n\u2714 Antioksidanlar A\u00e7\u0131s\u0131ndan Zengin &#8211; Sa\u011fl\u0131\u011f\u0131n\u0131z\u0131 desteklemek ve metabolizman\u0131z\u0131 h\u0131zland\u0131rmak i\u00e7in idealdir.<br \/>\n\u2714 Kafeinsiz Se\u00e7enek &#8211; G\u00fcn boyunca veya sakinle\u015ftirici bir gece \u00e7ay\u0131 olarak keyfini \u00e7\u0131kar\u0131n.<\/p>\n","protected":false},"excerpt":{"rendered":"<p>En kaliteli organik ye\u015fil \u00e7ay yapraklar\u0131ndan \u00fcretilen American Monarch Organik Ye\u015fil \u00c7ay&#8217;\u0131n narin ve ferahlat\u0131c\u0131 aromas\u0131n\u0131n tad\u0131n\u0131 \u00e7\u0131kar\u0131n. Bu hafif<\/p>\n","protected":false},"featured_media":4332,"comment_status":"closed","ping_status":"closed","template":"","meta":[],"product_brand":[],"product_cat":[208],"product_tag":[],"class_list":{"0":"post-4716","1":"product","2":"type-product","3":"status-publish","4":"has-post-thumbnail","6":"product_cat-dogal-bitki-cayi","8":"first","9":"instock","10":"sale","11":"taxable","12":"shipping-taxable","13":"purchasable","14":"product-type-simple"},"yoast_head":"<!-- This site is optimized with the Yoast SEO plugin v27.4 - https:\/\/yoast.com\/product\/yoast-seo-wordpress\/ -->\n<title>American Monarch Organik Ye\u015fil \u00c7ay 110gr - AiroBazar<\/title>\n<meta name=\"robots\" content=\"index, follow, max-snippet:-1, max-image-preview:large, max-video-preview:-1\" \/>\n<link rel=\"canonical\" href=\"https:\/\/airobazar.com\/product\/american-monarch-organic-green-tea-110gr\/\" \/>\n<meta property=\"og:locale\" content=\"tr_TR\" \/>\n<meta property=\"og:type\" content=\"article\" \/>\n<meta property=\"og:title\" content=\"American Monarch Organik Ye\u015fil \u00c7ay 110gr - AiroBazar\" \/>\n<meta property=\"og:description\" content=\"En kaliteli organik ye\u015fil \u00e7ay yapraklar\u0131ndan \u00fcretilen American Monarch Organik Ye\u015fil \u00c7ay&#8217;\u0131n narin ve ferahlat\u0131c\u0131 aromas\u0131n\u0131n tad\u0131n\u0131 \u00e7\u0131kar\u0131n. Bu hafif\" \/>\n<meta property=\"og:url\" content=\"https:\/\/airobazar.com\/product\/american-monarch-organic-green-tea-110gr\/\" \/>\n<meta property=\"og:site_name\" content=\"AiroBazar\" \/>\n<meta property=\"article:modified_time\" content=\"2025-08-12T13:17:27+00:00\" \/>\n<meta property=\"og:image\" content=\"https:\/\/airobazar.com\/wp-content\/uploads\/2025\/08\/12-1.jpg\" \/>\n\t<meta property=\"og:image:width\" content=\"750\" \/>\n\t<meta property=\"og:image:height\" content=\"750\" \/>\n\t<meta property=\"og:image:type\" content=\"image\/jpeg\" \/>\n<meta name=\"twitter:card\" content=\"summary_large_image\" \/>\n<meta name=\"twitter:label1\" content=\"Tahmini okuma s\u00fcresi\" \/>\n\t<meta name=\"twitter:data1\" content=\"1 dakika\" \/>\n<script type=\"application\/ld+json\" class=\"yoast-schema-graph\">{\"@context\":\"https:\\\/\\\/schema.org\",\"@graph\":[{\"@type\":\"WebPage\",\"@id\":\"https:\\\/\\\/airobazar.com\\\/product\\\/american-monarch-organic-green-tea-110gr\\\/\",\"url\":\"https:\\\/\\\/airobazar.com\\\/product\\\/american-monarch-organic-green-tea-110gr\\\/\",\"name\":\"American Monarch Organik Ye\u015fil \u00c7ay 110gr - AiroBazar\",\"isPartOf\":{\"@id\":\"https:\\\/\\\/airobazar.com\\\/#website\"},\"primaryImageOfPage\":{\"@id\":\"https:\\\/\\\/airobazar.com\\\/product\\\/american-monarch-organic-green-tea-110gr\\\/#primaryimage\"},\"image\":{\"@id\":\"https:\\\/\\\/airobazar.com\\\/product\\\/american-monarch-organic-green-tea-110gr\\\/#primaryimage\"},\"thumbnailUrl\":\"https:\\\/\\\/airobazar.com\\\/wp-content\\\/uploads\\\/2025\\\/08\\\/12-1.jpg\",\"datePublished\":\"2025-08-06T11:11:03+00:00\",\"dateModified\":\"2025-08-12T13:17:27+00:00\",\"breadcrumb\":{\"@id\":\"https:\\\/\\\/airobazar.com\\\/product\\\/american-monarch-organic-green-tea-110gr\\\/#breadcrumb\"},\"inLanguage\":\"tr\",\"potentialAction\":[{\"@type\":\"ReadAction\",\"target\":[\"https:\\\/\\\/airobazar.com\\\/product\\\/american-monarch-organic-green-tea-110gr\\\/\"]}]},{\"@type\":\"ImageObject\",\"inLanguage\":\"tr\",\"@id\":\"https:\\\/\\\/airobazar.com\\\/product\\\/american-monarch-organic-green-tea-110gr\\\/#primaryimage\",\"url\":\"https:\\\/\\\/airobazar.com\\\/wp-content\\\/uploads\\\/2025\\\/08\\\/12-1.jpg\",\"contentUrl\":\"https:\\\/\\\/airobazar.com\\\/wp-content\\\/uploads\\\/2025\\\/08\\\/12-1.jpg\",\"width\":750,\"height\":750},{\"@type\":\"BreadcrumbList\",\"@id\":\"https:\\\/\\\/airobazar.com\\\/product\\\/american-monarch-organic-green-tea-110gr\\\/#breadcrumb\",\"itemListElement\":[{\"@type\":\"ListItem\",\"position\":1,\"name\":\"Home\",\"item\":\"https:\\\/\\\/airobazar.com\\\/tr\\\/\"},{\"@type\":\"ListItem\",\"position\":2,\"name\":\"Ma\u011faza\",\"item\":\"https:\\\/\\\/airobazar.com\\\/tr\\\/magaza\\\/\"},{\"@type\":\"ListItem\",\"position\":3,\"name\":\"American Monarch Organik Ye\u015fil \u00c7ay 110gr\"}]},{\"@type\":\"WebSite\",\"@id\":\"https:\\\/\\\/airobazar.com\\\/#website\",\"url\":\"https:\\\/\\\/airobazar.com\\\/\",\"name\":\"AiroBazar\",\"description\":\"online sales\",\"potentialAction\":[{\"@type\":\"SearchAction\",\"target\":{\"@type\":\"EntryPoint\",\"urlTemplate\":\"https:\\\/\\\/airobazar.com\\\/?s={search_term_string}\"},\"query-input\":{\"@type\":\"PropertyValueSpecification\",\"valueRequired\":true,\"valueName\":\"search_term_string\"}}],\"inLanguage\":\"tr\"}]}<\/script>\n<!-- \/ Yoast SEO plugin. -->","yoast_head_json":{"title":"American Monarch Organik Ye\u015fil \u00c7ay 110gr - AiroBazar","robots":{"index":"index","follow":"follow","max-snippet":"max-snippet:-1","max-image-preview":"max-image-preview:large","max-video-preview":"max-video-preview:-1"},"canonical":"https:\/\/airobazar.com\/product\/american-monarch-organic-green-tea-110gr\/","og_locale":"tr_TR","og_type":"article","og_title":"American Monarch Organik Ye\u015fil \u00c7ay 110gr - AiroBazar","og_description":"En kaliteli organik ye\u015fil \u00e7ay yapraklar\u0131ndan \u00fcretilen American Monarch Organik Ye\u015fil \u00c7ay&#8217;\u0131n narin ve ferahlat\u0131c\u0131 aromas\u0131n\u0131n tad\u0131n\u0131 \u00e7\u0131kar\u0131n. Bu hafif","og_url":"https:\/\/airobazar.com\/product\/american-monarch-organic-green-tea-110gr\/","og_site_name":"AiroBazar","article_modified_time":"2025-08-12T13:17:27+00:00","og_image":[{"width":750,"height":750,"url":"https:\/\/airobazar.com\/wp-content\/uploads\/2025\/08\/12-1.jpg","type":"image\/jpeg"}],"twitter_card":"summary_large_image","twitter_misc":{"Tahmini okuma s\u00fcresi":"1 dakika"},"schema":{"@context":"https:\/\/schema.org","@graph":[{"@type":"WebPage","@id":"https:\/\/airobazar.com\/product\/american-monarch-organic-green-tea-110gr\/","url":"https:\/\/airobazar.com\/product\/american-monarch-organic-green-tea-110gr\/","name":"American Monarch Organik Ye\u015fil \u00c7ay 110gr - AiroBazar","isPartOf":{"@id":"https:\/\/airobazar.com\/#website"},"primaryImageOfPage":{"@id":"https:\/\/airobazar.com\/product\/american-monarch-organic-green-tea-110gr\/#primaryimage"},"image":{"@id":"https:\/\/airobazar.com\/product\/american-monarch-organic-green-tea-110gr\/#primaryimage"},"thumbnailUrl":"https:\/\/airobazar.com\/wp-content\/uploads\/2025\/08\/12-1.jpg","datePublished":"2025-08-06T11:11:03+00:00","dateModified":"2025-08-12T13:17:27+00:00","breadcrumb":{"@id":"https:\/\/airobazar.com\/product\/american-monarch-organic-green-tea-110gr\/#breadcrumb"},"inLanguage":"tr","potentialAction":[{"@type":"ReadAction","target":["https:\/\/airobazar.com\/product\/american-monarch-organic-green-tea-110gr\/"]}]},{"@type":"ImageObject","inLanguage":"tr","@id":"https:\/\/airobazar.com\/product\/american-monarch-organic-green-tea-110gr\/#primaryimage","url":"https:\/\/airobazar.com\/wp-content\/uploads\/2025\/08\/12-1.jpg","contentUrl":"https:\/\/airobazar.com\/wp-content\/uploads\/2025\/08\/12-1.jpg","width":750,"height":750},{"@type":"BreadcrumbList","@id":"https:\/\/airobazar.com\/product\/american-monarch-organic-green-tea-110gr\/#breadcrumb","itemListElement":[{"@type":"ListItem","position":1,"name":"Home","item":"https:\/\/airobazar.com\/tr\/"},{"@type":"ListItem","position":2,"name":"Ma\u011faza","item":"https:\/\/airobazar.com\/tr\/magaza\/"},{"@type":"ListItem","position":3,"name":"American Monarch Organik Ye\u015fil \u00c7ay 110gr"}]},{"@type":"WebSite","@id":"https:\/\/airobazar.com\/#website","url":"https:\/\/airobazar.com\/","name":"AiroBazar","description":"online sales","potentialAction":[{"@type":"SearchAction","target":{"@type":"EntryPoint","urlTemplate":"https:\/\/airobazar.com\/?s={search_term_string}"},"query-input":{"@type":"PropertyValueSpecification","valueRequired":true,"valueName":"search_term_string"}}],"inLanguage":"tr"}]}},"_links":{"self":[{"href":"https:\/\/airobazar.com\/tr\/wp-json\/wp\/v2\/product\/4716","targetHints":{"allow":["GET"]}}],"collection":[{"href":"https:\/\/airobazar.com\/tr\/wp-json\/wp\/v2\/product"}],"about":[{"href":"https:\/\/airobazar.com\/tr\/wp-json\/wp\/v2\/types\/product"}],"replies":[{"embeddable":true,"href":"https:\/\/airobazar.com\/tr\/wp-json\/wp\/v2\/comments?post=4716"}],"version-history":[{"count":0,"href":"https:\/\/airobazar.com\/tr\/wp-json\/wp\/v2\/product\/4716\/revisions"}],"wp:featuredmedia":[{"embeddable":true,"href":"https:\/\/airobazar.com\/tr\/wp-json\/wp\/v2\/media\/4332"}],"wp:attachment":[{"href":"https:\/\/airobazar.com\/tr\/wp-json\/wp\/v2\/media?parent=4716"}],"wp:term":[{"taxonomy":"product_brand","embeddable":true,"href":"https:\/\/airobazar.com\/tr\/wp-json\/wp\/v2\/product_brand?post=4716"},{"taxonomy":"product_cat","embeddable":true,"href":"https:\/\/airobazar.com\/tr\/wp-json\/wp\/v2\/product_cat?post=4716"},{"taxonomy":"product_tag","embeddable":true,"href":"https:\/\/airobazar.com\/tr\/wp-json\/wp\/v2\/product_tag?post=4716"}],"curies":[{"name":"wp","href":"https:\/\/api.w.org\/{rel}","templated":true}]}}