{"id":4704,"date":"2025-08-06T11:11:18","date_gmt":"2025-08-06T11:11:18","guid":{"rendered":"https:\/\/tedsitedemonuz.com\/airo\/?post_type=product&#038;p=4704"},"modified":"2025-08-12T12:27:30","modified_gmt":"2025-08-12T12:27:30","slug":"american-monarch-organik-hibiskus-cayi-60-gr","status":"publish","type":"product","link":"https:\/\/airobazar.com\/tr\/urun\/american-monarch-organik-hibiskus-cayi-60-gr\/","title":{"rendered":"American Monarch Organik Hibiskus \u00c7ay\u0131 60 gr"},"content":{"rendered":"<p>%100 organik ebeg\u00fcmeci \u00e7i\u00e7eklerinden \u00fcretilen American Monarch Organik Ebeg\u00fcmeci \u00c7ay\u0131&#8217;n\u0131n canl\u0131 ve keskin aromas\u0131n\u0131n tad\u0131n\u0131 \u00e7\u0131kar\u0131n. Do\u011fal olarak kafeinsiz olan bu bitki \u00e7ay\u0131, duyular\u0131n\u0131z\u0131 canland\u0131rmak ve g\u00fcn boyunca v\u00fccudunuzu nemlendirmek i\u00e7in m\u00fckemmel olan zengin ve ek\u015fi bir tada sahiptir.<\/p>\n<p>\u00d6zellikler:<\/p>\n<p>\u2714 %100 Organik Ebeg\u00fcmeci \u00c7i\u00e7ekleri &#8211; Katk\u0131 maddesi, koruyucu madde veya yapay aroma i\u00e7ermez.<br \/>\n\u2714 Do\u011fal Ek\u015fi ve Ferahlat\u0131c\u0131 &#8211; Tat tomurcuklar\u0131n\u0131 uyand\u0131ran meyveli ve keskin bir demleme.<br \/>\n\u2714 Kafeinsiz &#8211; Gece g\u00fcnd\u00fcz, her zaman tad\u0131n\u0131 \u00e7\u0131kar\u0131n.<br \/>\n\u2714 S\u0131cak ve So\u011fuk Demleme &#8211; S\u0131cak, sakinle\u015ftirici bir \u00e7ay veya ferahlat\u0131c\u0131 bir buzlu i\u00e7ecek i\u00e7in m\u00fckemmeldir.<\/p>\n","protected":false},"excerpt":{"rendered":"<p>%100 organik ebeg\u00fcmeci \u00e7i\u00e7eklerinden \u00fcretilen American Monarch Organik Ebeg\u00fcmeci \u00c7ay\u0131&#8217;n\u0131n canl\u0131 ve keskin aromas\u0131n\u0131n tad\u0131n\u0131 \u00e7\u0131kar\u0131n. Do\u011fal olarak kafeinsiz olan<\/p>\n","protected":false},"featured_media":4355,"comment_status":"closed","ping_status":"closed","template":"","meta":[],"product_brand":[],"product_cat":[208],"product_tag":[],"class_list":{"0":"post-4704","1":"product","2":"type-product","3":"status-publish","4":"has-post-thumbnail","6":"product_cat-dogal-bitki-cayi","8":"first","9":"instock","10":"sale","11":"taxable","12":"shipping-taxable","13":"purchasable","14":"product-type-simple"},"yoast_head":"<!-- This site is optimized with the Yoast SEO plugin v27.4 - https:\/\/yoast.com\/product\/yoast-seo-wordpress\/ -->\n<title>American Monarch Organik Hibiskus \u00c7ay\u0131 60 gr - AiroBazar<\/title>\n<meta name=\"robots\" content=\"index, follow, max-snippet:-1, max-image-preview:large, max-video-preview:-1\" \/>\n<link rel=\"canonical\" href=\"https:\/\/airobazar.com\/product\/american-monarch-organic-hibiscus-tea-60gr\/\" \/>\n<meta property=\"og:locale\" content=\"tr_TR\" \/>\n<meta property=\"og:type\" content=\"article\" \/>\n<meta property=\"og:title\" content=\"American Monarch Organik Hibiskus \u00c7ay\u0131 60 gr - AiroBazar\" \/>\n<meta property=\"og:description\" content=\"%100 organik ebeg\u00fcmeci \u00e7i\u00e7eklerinden \u00fcretilen American Monarch Organik Ebeg\u00fcmeci \u00c7ay\u0131&#8217;n\u0131n canl\u0131 ve keskin aromas\u0131n\u0131n tad\u0131n\u0131 \u00e7\u0131kar\u0131n. Do\u011fal olarak kafeinsiz olan\" \/>\n<meta property=\"og:url\" content=\"https:\/\/airobazar.com\/product\/american-monarch-organic-hibiscus-tea-60gr\/\" \/>\n<meta property=\"og:site_name\" content=\"AiroBazar\" \/>\n<meta property=\"article:modified_time\" content=\"2025-08-12T12:27:30+00:00\" \/>\n<meta property=\"og:image\" content=\"https:\/\/airobazar.com\/wp-content\/uploads\/2025\/08\/american-monarch-organik-hibiskus-cayi-60-gr-1.jpg\" \/>\n\t<meta property=\"og:image:width\" content=\"1000\" \/>\n\t<meta property=\"og:image:height\" content=\"1000\" \/>\n\t<meta property=\"og:image:type\" content=\"image\/jpeg\" \/>\n<meta name=\"twitter:card\" content=\"summary_large_image\" \/>\n<meta name=\"twitter:label1\" content=\"Tahmini okuma s\u00fcresi\" \/>\n\t<meta name=\"twitter:data1\" content=\"1 dakika\" \/>\n<script type=\"application\/ld+json\" class=\"yoast-schema-graph\">{\"@context\":\"https:\\\/\\\/schema.org\",\"@graph\":[{\"@type\":\"WebPage\",\"@id\":\"https:\\\/\\\/airobazar.com\\\/product\\\/american-monarch-organic-hibiscus-tea-60gr\\\/\",\"url\":\"https:\\\/\\\/airobazar.com\\\/product\\\/american-monarch-organic-hibiscus-tea-60gr\\\/\",\"name\":\"American Monarch Organik Hibiskus \u00c7ay\u0131 60 gr - AiroBazar\",\"isPartOf\":{\"@id\":\"https:\\\/\\\/airobazar.com\\\/#website\"},\"primaryImageOfPage\":{\"@id\":\"https:\\\/\\\/airobazar.com\\\/product\\\/american-monarch-organic-hibiscus-tea-60gr\\\/#primaryimage\"},\"image\":{\"@id\":\"https:\\\/\\\/airobazar.com\\\/product\\\/american-monarch-organic-hibiscus-tea-60gr\\\/#primaryimage\"},\"thumbnailUrl\":\"https:\\\/\\\/airobazar.com\\\/wp-content\\\/uploads\\\/2025\\\/08\\\/american-monarch-organik-hibiskus-cayi-60-gr-1.jpg\",\"datePublished\":\"2025-08-06T11:11:18+00:00\",\"dateModified\":\"2025-08-12T12:27:30+00:00\",\"breadcrumb\":{\"@id\":\"https:\\\/\\\/airobazar.com\\\/product\\\/american-monarch-organic-hibiscus-tea-60gr\\\/#breadcrumb\"},\"inLanguage\":\"tr\",\"potentialAction\":[{\"@type\":\"ReadAction\",\"target\":[\"https:\\\/\\\/airobazar.com\\\/product\\\/american-monarch-organic-hibiscus-tea-60gr\\\/\"]}]},{\"@type\":\"ImageObject\",\"inLanguage\":\"tr\",\"@id\":\"https:\\\/\\\/airobazar.com\\\/product\\\/american-monarch-organic-hibiscus-tea-60gr\\\/#primaryimage\",\"url\":\"https:\\\/\\\/airobazar.com\\\/wp-content\\\/uploads\\\/2025\\\/08\\\/american-monarch-organik-hibiskus-cayi-60-gr-1.jpg\",\"contentUrl\":\"https:\\\/\\\/airobazar.com\\\/wp-content\\\/uploads\\\/2025\\\/08\\\/american-monarch-organik-hibiskus-cayi-60-gr-1.jpg\",\"width\":1000,\"height\":1000},{\"@type\":\"BreadcrumbList\",\"@id\":\"https:\\\/\\\/airobazar.com\\\/product\\\/american-monarch-organic-hibiscus-tea-60gr\\\/#breadcrumb\",\"itemListElement\":[{\"@type\":\"ListItem\",\"position\":1,\"name\":\"Home\",\"item\":\"https:\\\/\\\/airobazar.com\\\/tr\\\/\"},{\"@type\":\"ListItem\",\"position\":2,\"name\":\"Ma\u011faza\",\"item\":\"https:\\\/\\\/airobazar.com\\\/tr\\\/magaza\\\/\"},{\"@type\":\"ListItem\",\"position\":3,\"name\":\"American Monarch Organik Hibiskus \u00c7ay\u0131 60 gr\"}]},{\"@type\":\"WebSite\",\"@id\":\"https:\\\/\\\/airobazar.com\\\/#website\",\"url\":\"https:\\\/\\\/airobazar.com\\\/\",\"name\":\"AiroBazar\",\"description\":\"online sales\",\"potentialAction\":[{\"@type\":\"SearchAction\",\"target\":{\"@type\":\"EntryPoint\",\"urlTemplate\":\"https:\\\/\\\/airobazar.com\\\/?s={search_term_string}\"},\"query-input\":{\"@type\":\"PropertyValueSpecification\",\"valueRequired\":true,\"valueName\":\"search_term_string\"}}],\"inLanguage\":\"tr\"}]}<\/script>\n<!-- \/ Yoast SEO plugin. -->","yoast_head_json":{"title":"American Monarch Organik Hibiskus \u00c7ay\u0131 60 gr - AiroBazar","robots":{"index":"index","follow":"follow","max-snippet":"max-snippet:-1","max-image-preview":"max-image-preview:large","max-video-preview":"max-video-preview:-1"},"canonical":"https:\/\/airobazar.com\/product\/american-monarch-organic-hibiscus-tea-60gr\/","og_locale":"tr_TR","og_type":"article","og_title":"American Monarch Organik Hibiskus \u00c7ay\u0131 60 gr - AiroBazar","og_description":"%100 organik ebeg\u00fcmeci \u00e7i\u00e7eklerinden \u00fcretilen American Monarch Organik Ebeg\u00fcmeci \u00c7ay\u0131&#8217;n\u0131n canl\u0131 ve keskin aromas\u0131n\u0131n tad\u0131n\u0131 \u00e7\u0131kar\u0131n. Do\u011fal olarak kafeinsiz olan","og_url":"https:\/\/airobazar.com\/product\/american-monarch-organic-hibiscus-tea-60gr\/","og_site_name":"AiroBazar","article_modified_time":"2025-08-12T12:27:30+00:00","og_image":[{"width":1000,"height":1000,"url":"https:\/\/airobazar.com\/wp-content\/uploads\/2025\/08\/american-monarch-organik-hibiskus-cayi-60-gr-1.jpg","type":"image\/jpeg"}],"twitter_card":"summary_large_image","twitter_misc":{"Tahmini okuma s\u00fcresi":"1 dakika"},"schema":{"@context":"https:\/\/schema.org","@graph":[{"@type":"WebPage","@id":"https:\/\/airobazar.com\/product\/american-monarch-organic-hibiscus-tea-60gr\/","url":"https:\/\/airobazar.com\/product\/american-monarch-organic-hibiscus-tea-60gr\/","name":"American Monarch Organik Hibiskus \u00c7ay\u0131 60 gr - AiroBazar","isPartOf":{"@id":"https:\/\/airobazar.com\/#website"},"primaryImageOfPage":{"@id":"https:\/\/airobazar.com\/product\/american-monarch-organic-hibiscus-tea-60gr\/#primaryimage"},"image":{"@id":"https:\/\/airobazar.com\/product\/american-monarch-organic-hibiscus-tea-60gr\/#primaryimage"},"thumbnailUrl":"https:\/\/airobazar.com\/wp-content\/uploads\/2025\/08\/american-monarch-organik-hibiskus-cayi-60-gr-1.jpg","datePublished":"2025-08-06T11:11:18+00:00","dateModified":"2025-08-12T12:27:30+00:00","breadcrumb":{"@id":"https:\/\/airobazar.com\/product\/american-monarch-organic-hibiscus-tea-60gr\/#breadcrumb"},"inLanguage":"tr","potentialAction":[{"@type":"ReadAction","target":["https:\/\/airobazar.com\/product\/american-monarch-organic-hibiscus-tea-60gr\/"]}]},{"@type":"ImageObject","inLanguage":"tr","@id":"https:\/\/airobazar.com\/product\/american-monarch-organic-hibiscus-tea-60gr\/#primaryimage","url":"https:\/\/airobazar.com\/wp-content\/uploads\/2025\/08\/american-monarch-organik-hibiskus-cayi-60-gr-1.jpg","contentUrl":"https:\/\/airobazar.com\/wp-content\/uploads\/2025\/08\/american-monarch-organik-hibiskus-cayi-60-gr-1.jpg","width":1000,"height":1000},{"@type":"BreadcrumbList","@id":"https:\/\/airobazar.com\/product\/american-monarch-organic-hibiscus-tea-60gr\/#breadcrumb","itemListElement":[{"@type":"ListItem","position":1,"name":"Home","item":"https:\/\/airobazar.com\/tr\/"},{"@type":"ListItem","position":2,"name":"Ma\u011faza","item":"https:\/\/airobazar.com\/tr\/magaza\/"},{"@type":"ListItem","position":3,"name":"American Monarch Organik Hibiskus \u00c7ay\u0131 60 gr"}]},{"@type":"WebSite","@id":"https:\/\/airobazar.com\/#website","url":"https:\/\/airobazar.com\/","name":"AiroBazar","description":"online sales","potentialAction":[{"@type":"SearchAction","target":{"@type":"EntryPoint","urlTemplate":"https:\/\/airobazar.com\/?s={search_term_string}"},"query-input":{"@type":"PropertyValueSpecification","valueRequired":true,"valueName":"search_term_string"}}],"inLanguage":"tr"}]}},"_links":{"self":[{"href":"https:\/\/airobazar.com\/tr\/wp-json\/wp\/v2\/product\/4704","targetHints":{"allow":["GET"]}}],"collection":[{"href":"https:\/\/airobazar.com\/tr\/wp-json\/wp\/v2\/product"}],"about":[{"href":"https:\/\/airobazar.com\/tr\/wp-json\/wp\/v2\/types\/product"}],"replies":[{"embeddable":true,"href":"https:\/\/airobazar.com\/tr\/wp-json\/wp\/v2\/comments?post=4704"}],"version-history":[{"count":0,"href":"https:\/\/airobazar.com\/tr\/wp-json\/wp\/v2\/product\/4704\/revisions"}],"wp:featuredmedia":[{"embeddable":true,"href":"https:\/\/airobazar.com\/tr\/wp-json\/wp\/v2\/media\/4355"}],"wp:attachment":[{"href":"https:\/\/airobazar.com\/tr\/wp-json\/wp\/v2\/media?parent=4704"}],"wp:term":[{"taxonomy":"product_brand","embeddable":true,"href":"https:\/\/airobazar.com\/tr\/wp-json\/wp\/v2\/product_brand?post=4704"},{"taxonomy":"product_cat","embeddable":true,"href":"https:\/\/airobazar.com\/tr\/wp-json\/wp\/v2\/product_cat?post=4704"},{"taxonomy":"product_tag","embeddable":true,"href":"https:\/\/airobazar.com\/tr\/wp-json\/wp\/v2\/product_tag?post=4704"}],"curies":[{"name":"wp","href":"https:\/\/api.w.org\/{rel}","templated":true}]}}