{"id":4679,"date":"2025-08-06T11:11:47","date_gmt":"2025-08-06T11:11:47","guid":{"rendered":"https:\/\/tedsitedemonuz.com\/airo\/?post_type=product&#038;p=4679"},"modified":"2025-08-12T10:38:31","modified_gmt":"2025-08-12T10:38:31","slug":"american-monarch-organik-zencefil-cayi-150-gr","status":"publish","type":"product","link":"https:\/\/airobazar.com\/tr\/urun\/american-monarch-organik-zencefil-cayi-150-gr\/","title":{"rendered":"American Monarch Organik Zencefil \u00c7ay\u0131 150 gr"},"content":{"rendered":"<p>%100 organik kuru zencefilden \u00fcretilen American Monarch Organik Zencefil \u00c7ay\u0131&#8217;n\u0131n canland\u0131r\u0131c\u0131 s\u0131cakl\u0131\u011f\u0131n\u0131n tad\u0131n\u0131 \u00e7\u0131kar\u0131n. Kafeinsiz bu bitki \u00e7ay\u0131, g\u00fcn\u00fcn her saati i\u00e7in m\u00fckemmel olan, rahatlat\u0131c\u0131 bir biti\u015fle cesur ve baharatl\u0131 bir tat sunar.<\/p>\n<p>\u00d6zellikler:<\/p>\n<p>\u2714 %100 Organik Zencefil &#8211; Katk\u0131 maddesi, yapay aroma veya koruyucu i\u00e7ermez.<br \/>\n\u2714 G\u00fc\u00e7l\u00fc ve Baharatl\u0131 Lezzet &#8211; Do\u011fal olarak \u0131s\u0131t\u0131c\u0131 ve aromatik.<br \/>\n\u2714 Kafeinsiz &#8211; Sabah veya ak\u015fam rahatlamas\u0131 i\u00e7in idealdir.<br \/>\n\u2714 S\u0131cak ve So\u011fuk Demleme &#8211; Rahatlat\u0131c\u0131 bir s\u0131cak \u00e7ay veya ferahlat\u0131c\u0131 bir buzlu i\u00e7ecek olarak tad\u0131n\u0131 \u00e7\u0131kar\u0131n.<\/p>\n","protected":false},"excerpt":{"rendered":"<p>%100 organik kuru zencefilden \u00fcretilen American Monarch Organik Zencefil \u00c7ay\u0131&#8217;n\u0131n canland\u0131r\u0131c\u0131 s\u0131cakl\u0131\u011f\u0131n\u0131n tad\u0131n\u0131 \u00e7\u0131kar\u0131n. Kafeinsiz bu bitki \u00e7ay\u0131, g\u00fcn\u00fcn her<\/p>\n","protected":false},"featured_media":4399,"comment_status":"closed","ping_status":"closed","template":"","meta":[],"product_brand":[],"product_cat":[208],"product_tag":[],"class_list":{"0":"post-4679","1":"product","2":"type-product","3":"status-publish","4":"has-post-thumbnail","6":"product_cat-dogal-bitki-cayi","8":"first","9":"instock","10":"sale","11":"taxable","12":"shipping-taxable","13":"purchasable","14":"product-type-simple"},"yoast_head":"<!-- This site is optimized with the Yoast SEO plugin v27.4 - https:\/\/yoast.com\/product\/yoast-seo-wordpress\/ -->\n<title>American Monarch Organik Zencefil \u00c7ay\u0131 150 gr - AiroBazar<\/title>\n<meta name=\"robots\" content=\"index, follow, max-snippet:-1, max-image-preview:large, max-video-preview:-1\" \/>\n<link rel=\"canonical\" href=\"https:\/\/airobazar.com\/product\/american-monarch-organic-ginger-tea-150-gr\/\" \/>\n<meta property=\"og:locale\" content=\"tr_TR\" \/>\n<meta property=\"og:type\" content=\"article\" \/>\n<meta property=\"og:title\" content=\"American Monarch Organik Zencefil \u00c7ay\u0131 150 gr - AiroBazar\" \/>\n<meta property=\"og:description\" content=\"%100 organik kuru zencefilden \u00fcretilen American Monarch Organik Zencefil \u00c7ay\u0131&#8217;n\u0131n canland\u0131r\u0131c\u0131 s\u0131cakl\u0131\u011f\u0131n\u0131n tad\u0131n\u0131 \u00e7\u0131kar\u0131n. Kafeinsiz bu bitki \u00e7ay\u0131, g\u00fcn\u00fcn her\" \/>\n<meta property=\"og:url\" content=\"https:\/\/airobazar.com\/product\/american-monarch-organic-ginger-tea-150-gr\/\" \/>\n<meta property=\"og:site_name\" content=\"AiroBazar\" \/>\n<meta property=\"article:modified_time\" content=\"2025-08-12T10:38:31+00:00\" \/>\n<meta property=\"og:image\" content=\"https:\/\/airobazar.com\/wp-content\/uploads\/2025\/08\/4-2.jpg\" \/>\n\t<meta property=\"og:image:width\" content=\"750\" \/>\n\t<meta property=\"og:image:height\" content=\"750\" \/>\n\t<meta property=\"og:image:type\" content=\"image\/jpeg\" \/>\n<meta name=\"twitter:card\" content=\"summary_large_image\" \/>\n<meta name=\"twitter:label1\" content=\"Tahmini okuma s\u00fcresi\" \/>\n\t<meta name=\"twitter:data1\" content=\"1 dakika\" \/>\n<script type=\"application\/ld+json\" class=\"yoast-schema-graph\">{\"@context\":\"https:\\\/\\\/schema.org\",\"@graph\":[{\"@type\":\"WebPage\",\"@id\":\"https:\\\/\\\/airobazar.com\\\/product\\\/american-monarch-organic-ginger-tea-150-gr\\\/\",\"url\":\"https:\\\/\\\/airobazar.com\\\/product\\\/american-monarch-organic-ginger-tea-150-gr\\\/\",\"name\":\"American Monarch Organik Zencefil \u00c7ay\u0131 150 gr - AiroBazar\",\"isPartOf\":{\"@id\":\"https:\\\/\\\/airobazar.com\\\/#website\"},\"primaryImageOfPage\":{\"@id\":\"https:\\\/\\\/airobazar.com\\\/product\\\/american-monarch-organic-ginger-tea-150-gr\\\/#primaryimage\"},\"image\":{\"@id\":\"https:\\\/\\\/airobazar.com\\\/product\\\/american-monarch-organic-ginger-tea-150-gr\\\/#primaryimage\"},\"thumbnailUrl\":\"https:\\\/\\\/airobazar.com\\\/wp-content\\\/uploads\\\/2025\\\/08\\\/4-2.jpg\",\"datePublished\":\"2025-08-06T11:11:47+00:00\",\"dateModified\":\"2025-08-12T10:38:31+00:00\",\"breadcrumb\":{\"@id\":\"https:\\\/\\\/airobazar.com\\\/product\\\/american-monarch-organic-ginger-tea-150-gr\\\/#breadcrumb\"},\"inLanguage\":\"tr\",\"potentialAction\":[{\"@type\":\"ReadAction\",\"target\":[\"https:\\\/\\\/airobazar.com\\\/product\\\/american-monarch-organic-ginger-tea-150-gr\\\/\"]}]},{\"@type\":\"ImageObject\",\"inLanguage\":\"tr\",\"@id\":\"https:\\\/\\\/airobazar.com\\\/product\\\/american-monarch-organic-ginger-tea-150-gr\\\/#primaryimage\",\"url\":\"https:\\\/\\\/airobazar.com\\\/wp-content\\\/uploads\\\/2025\\\/08\\\/4-2.jpg\",\"contentUrl\":\"https:\\\/\\\/airobazar.com\\\/wp-content\\\/uploads\\\/2025\\\/08\\\/4-2.jpg\",\"width\":750,\"height\":750},{\"@type\":\"BreadcrumbList\",\"@id\":\"https:\\\/\\\/airobazar.com\\\/product\\\/american-monarch-organic-ginger-tea-150-gr\\\/#breadcrumb\",\"itemListElement\":[{\"@type\":\"ListItem\",\"position\":1,\"name\":\"Home\",\"item\":\"https:\\\/\\\/airobazar.com\\\/tr\\\/\"},{\"@type\":\"ListItem\",\"position\":2,\"name\":\"Ma\u011faza\",\"item\":\"https:\\\/\\\/airobazar.com\\\/tr\\\/magaza\\\/\"},{\"@type\":\"ListItem\",\"position\":3,\"name\":\"American Monarch Organik Zencefil \u00c7ay\u0131 150 gr\"}]},{\"@type\":\"WebSite\",\"@id\":\"https:\\\/\\\/airobazar.com\\\/#website\",\"url\":\"https:\\\/\\\/airobazar.com\\\/\",\"name\":\"AiroBazar\",\"description\":\"online sales\",\"potentialAction\":[{\"@type\":\"SearchAction\",\"target\":{\"@type\":\"EntryPoint\",\"urlTemplate\":\"https:\\\/\\\/airobazar.com\\\/?s={search_term_string}\"},\"query-input\":{\"@type\":\"PropertyValueSpecification\",\"valueRequired\":true,\"valueName\":\"search_term_string\"}}],\"inLanguage\":\"tr\"}]}<\/script>\n<!-- \/ Yoast SEO plugin. -->","yoast_head_json":{"title":"American Monarch Organik Zencefil \u00c7ay\u0131 150 gr - AiroBazar","robots":{"index":"index","follow":"follow","max-snippet":"max-snippet:-1","max-image-preview":"max-image-preview:large","max-video-preview":"max-video-preview:-1"},"canonical":"https:\/\/airobazar.com\/product\/american-monarch-organic-ginger-tea-150-gr\/","og_locale":"tr_TR","og_type":"article","og_title":"American Monarch Organik Zencefil \u00c7ay\u0131 150 gr - AiroBazar","og_description":"%100 organik kuru zencefilden \u00fcretilen American Monarch Organik Zencefil \u00c7ay\u0131&#8217;n\u0131n canland\u0131r\u0131c\u0131 s\u0131cakl\u0131\u011f\u0131n\u0131n tad\u0131n\u0131 \u00e7\u0131kar\u0131n. Kafeinsiz bu bitki \u00e7ay\u0131, g\u00fcn\u00fcn her","og_url":"https:\/\/airobazar.com\/product\/american-monarch-organic-ginger-tea-150-gr\/","og_site_name":"AiroBazar","article_modified_time":"2025-08-12T10:38:31+00:00","og_image":[{"width":750,"height":750,"url":"https:\/\/airobazar.com\/wp-content\/uploads\/2025\/08\/4-2.jpg","type":"image\/jpeg"}],"twitter_card":"summary_large_image","twitter_misc":{"Tahmini okuma s\u00fcresi":"1 dakika"},"schema":{"@context":"https:\/\/schema.org","@graph":[{"@type":"WebPage","@id":"https:\/\/airobazar.com\/product\/american-monarch-organic-ginger-tea-150-gr\/","url":"https:\/\/airobazar.com\/product\/american-monarch-organic-ginger-tea-150-gr\/","name":"American Monarch Organik Zencefil \u00c7ay\u0131 150 gr - AiroBazar","isPartOf":{"@id":"https:\/\/airobazar.com\/#website"},"primaryImageOfPage":{"@id":"https:\/\/airobazar.com\/product\/american-monarch-organic-ginger-tea-150-gr\/#primaryimage"},"image":{"@id":"https:\/\/airobazar.com\/product\/american-monarch-organic-ginger-tea-150-gr\/#primaryimage"},"thumbnailUrl":"https:\/\/airobazar.com\/wp-content\/uploads\/2025\/08\/4-2.jpg","datePublished":"2025-08-06T11:11:47+00:00","dateModified":"2025-08-12T10:38:31+00:00","breadcrumb":{"@id":"https:\/\/airobazar.com\/product\/american-monarch-organic-ginger-tea-150-gr\/#breadcrumb"},"inLanguage":"tr","potentialAction":[{"@type":"ReadAction","target":["https:\/\/airobazar.com\/product\/american-monarch-organic-ginger-tea-150-gr\/"]}]},{"@type":"ImageObject","inLanguage":"tr","@id":"https:\/\/airobazar.com\/product\/american-monarch-organic-ginger-tea-150-gr\/#primaryimage","url":"https:\/\/airobazar.com\/wp-content\/uploads\/2025\/08\/4-2.jpg","contentUrl":"https:\/\/airobazar.com\/wp-content\/uploads\/2025\/08\/4-2.jpg","width":750,"height":750},{"@type":"BreadcrumbList","@id":"https:\/\/airobazar.com\/product\/american-monarch-organic-ginger-tea-150-gr\/#breadcrumb","itemListElement":[{"@type":"ListItem","position":1,"name":"Home","item":"https:\/\/airobazar.com\/tr\/"},{"@type":"ListItem","position":2,"name":"Ma\u011faza","item":"https:\/\/airobazar.com\/tr\/magaza\/"},{"@type":"ListItem","position":3,"name":"American Monarch Organik Zencefil \u00c7ay\u0131 150 gr"}]},{"@type":"WebSite","@id":"https:\/\/airobazar.com\/#website","url":"https:\/\/airobazar.com\/","name":"AiroBazar","description":"online sales","potentialAction":[{"@type":"SearchAction","target":{"@type":"EntryPoint","urlTemplate":"https:\/\/airobazar.com\/?s={search_term_string}"},"query-input":{"@type":"PropertyValueSpecification","valueRequired":true,"valueName":"search_term_string"}}],"inLanguage":"tr"}]}},"_links":{"self":[{"href":"https:\/\/airobazar.com\/tr\/wp-json\/wp\/v2\/product\/4679","targetHints":{"allow":["GET"]}}],"collection":[{"href":"https:\/\/airobazar.com\/tr\/wp-json\/wp\/v2\/product"}],"about":[{"href":"https:\/\/airobazar.com\/tr\/wp-json\/wp\/v2\/types\/product"}],"replies":[{"embeddable":true,"href":"https:\/\/airobazar.com\/tr\/wp-json\/wp\/v2\/comments?post=4679"}],"version-history":[{"count":0,"href":"https:\/\/airobazar.com\/tr\/wp-json\/wp\/v2\/product\/4679\/revisions"}],"wp:featuredmedia":[{"embeddable":true,"href":"https:\/\/airobazar.com\/tr\/wp-json\/wp\/v2\/media\/4399"}],"wp:attachment":[{"href":"https:\/\/airobazar.com\/tr\/wp-json\/wp\/v2\/media?parent=4679"}],"wp:term":[{"taxonomy":"product_brand","embeddable":true,"href":"https:\/\/airobazar.com\/tr\/wp-json\/wp\/v2\/product_brand?post=4679"},{"taxonomy":"product_cat","embeddable":true,"href":"https:\/\/airobazar.com\/tr\/wp-json\/wp\/v2\/product_cat?post=4679"},{"taxonomy":"product_tag","embeddable":true,"href":"https:\/\/airobazar.com\/tr\/wp-json\/wp\/v2\/product_tag?post=4679"}],"curies":[{"name":"wp","href":"https:\/\/api.w.org\/{rel}","templated":true}]}}