{"id":4669,"date":"2025-08-06T11:12:00","date_gmt":"2025-08-06T11:12:00","guid":{"rendered":"https:\/\/tedsitedemonuz.com\/airo\/?post_type=product&#038;p=4669"},"modified":"2025-08-12T09:56:43","modified_gmt":"2025-08-12T09:56:43","slug":"american-monarch-organik-kis-cayi-120gr","status":"publish","type":"product","link":"https:\/\/airobazar.com\/tr\/urun\/american-monarch-organik-kis-cayi-120gr\/","title":{"rendered":"American Monarch Organik K\u0131\u015f \u00c7ay\u0131 120Gr"},"content":{"rendered":"<p>American Monarch Organik K\u0131\u015f \u00c7ay\u0131 \u2013 120 g<\/p>\n<p>Birinci s\u0131n\u0131f organik bitki ve baharatlar\u0131n \u00f6zenle harmanland\u0131\u011f\u0131 American Monarch Organik K\u0131\u015f \u00c7ay\u0131&#8217;n\u0131n rahatlat\u0131c\u0131 s\u0131cakl\u0131\u011f\u0131n\u0131 hissedin. So\u011fuk g\u00fcnler i\u00e7in m\u00fckemmel olan bu \u00e7ay, her yudumda rahatlat\u0131c\u0131 ve aromatik bir deneyim sunar.<\/p>\n<p>\u00d6zellikler:<\/p>\n<p>\u2714 %100 Organik \u0130\u00e7erikler \u2013 Katk\u0131 maddesi ve yapay aroma i\u00e7ermez.<\/p>\n<p>\u2714 Zengin ve Is\u0131t\u0131c\u0131 Kar\u0131\u015f\u0131m \u2013 Yat\u0131\u015ft\u0131r\u0131c\u0131 bir tat i\u00e7in \u00f6zel olarak se\u00e7ilmi\u015f bitki ve baharatlar.<br \/>\n\u2714 So\u011fuk Havalar \u0130\u00e7in M\u00fckemmel \u2013 Rahatlaman\u0131za ve gev\u015femenize yard\u0131mc\u0131 olur.<br \/>\n\u2714 S\u0131cak veya So\u011fuk \u2013 Rahatlat\u0131c\u0131 bir i\u00e7ecek i\u00e7in s\u0131cak demleyin veya ferahlat\u0131c\u0131 bir buzlu \u00e7ay i\u00e7in so\u011futun.<\/p>\n","protected":false},"excerpt":{"rendered":"<p>American Monarch Organik K\u0131\u015f \u00c7ay\u0131 \u2013 120 g Birinci s\u0131n\u0131f organik bitki ve baharatlar\u0131n \u00f6zenle harmanland\u0131\u011f\u0131 American Monarch Organik K\u0131\u015f<\/p>\n","protected":false},"featured_media":3795,"comment_status":"closed","ping_status":"closed","template":"","meta":[],"product_brand":[],"product_cat":[208],"product_tag":[],"class_list":{"0":"post-4669","1":"product","2":"type-product","3":"status-publish","4":"has-post-thumbnail","6":"product_cat-dogal-bitki-cayi","8":"first","9":"instock","10":"sale","11":"taxable","12":"shipping-taxable","13":"purchasable","14":"product-type-simple"},"_links":{"self":[{"href":"https:\/\/airobazar.com\/tr\/wp-json\/wp\/v2\/product\/4669","targetHints":{"allow":["GET"]}}],"collection":[{"href":"https:\/\/airobazar.com\/tr\/wp-json\/wp\/v2\/product"}],"about":[{"href":"https:\/\/airobazar.com\/tr\/wp-json\/wp\/v2\/types\/product"}],"replies":[{"embeddable":true,"href":"https:\/\/airobazar.com\/tr\/wp-json\/wp\/v2\/comments?post=4669"}],"version-history":[{"count":0,"href":"https:\/\/airobazar.com\/tr\/wp-json\/wp\/v2\/product\/4669\/revisions"}],"wp:featuredmedia":[{"embeddable":true,"href":"https:\/\/airobazar.com\/tr\/wp-json\/wp\/v2\/media\/3795"}],"wp:attachment":[{"href":"https:\/\/airobazar.com\/tr\/wp-json\/wp\/v2\/media?parent=4669"}],"wp:term":[{"taxonomy":"product_brand","embeddable":true,"href":"https:\/\/airobazar.com\/tr\/wp-json\/wp\/v2\/product_brand?post=4669"},{"taxonomy":"product_cat","embeddable":true,"href":"https:\/\/airobazar.com\/tr\/wp-json\/wp\/v2\/product_cat?post=4669"},{"taxonomy":"product_tag","embeddable":true,"href":"https:\/\/airobazar.com\/tr\/wp-json\/wp\/v2\/product_tag?post=4669"}],"curies":[{"name":"wp","href":"https:\/\/api.w.org\/{rel}","templated":true}]}}