{"id":11859,"date":"2026-04-29T11:32:05","date_gmt":"2026-04-29T11:32:05","guid":{"rendered":"https:\/\/airobazar.com\/?post_type=product&#038;p=11859"},"modified":"2026-04-29T11:46:01","modified_gmt":"2026-04-29T11:46:01","slug":"organik-karadut-cayi-gercek-karadut-taneli-dogal-ve-katkisiz-bitki-cayi","status":"publish","type":"product","link":"https:\/\/airobazar.com\/tr\/urun\/organik-karadut-cayi-gercek-karadut-taneli-dogal-ve-katkisiz-bitki-cayi\/","title":{"rendered":"Organik Karadut \u00c7ay\u0131, Ger\u00e7ek Karadut Taneli, Do\u011fal ve Katk\u0131s\u0131z Bitki \u00c7ay\u0131"},"content":{"rendered":"<h2>Organik Karadut \u00c7ay\u0131, Ger\u00e7ek Karadut Taneli, Do\u011fal ve Katk\u0131s\u0131z Bitki \u00c7ay\u0131<\/h2>\n<p data-start=\"80\" data-end=\"388\">Do\u011fal ve yo\u011fun meyve aromas\u0131yla \u00f6ne \u00e7\u0131kan <strong data-start=\"122\" data-end=\"146\">Organik Karadut \u00c7ay\u0131<\/strong>, ger\u00e7ek karadut taneleriyle haz\u0131rlanm\u0131\u015f katk\u0131s\u0131z bir bitki \u00e7ay\u0131d\u0131r. Her fincanda ferahlat\u0131c\u0131, hafif tatl\u0131 ve dengeli bir karadut lezzeti sunar. G\u00fcn\u00fcn her an\u0131nda keyifle t\u00fcketilebilen bu \u00f6zel \u00e7ay, hem s\u0131cak hem de so\u011fuk olarak i\u00e7ime uygundur.<\/p>\n<h3 data-section-id=\"1tnrl0u\" data-start=\"390\" data-end=\"438\"><span role=\"text\"><strong data-start=\"394\" data-end=\"438\">Ger\u00e7ek Karadut Taneleri ile Do\u011fal Lezzet<\/strong><\/span><\/h3>\n<p data-start=\"439\" data-end=\"647\">\u00d6zenle se\u00e7ilen ger\u00e7ek karadut taneleri sayesinde her yudumda yo\u011fun ve do\u011fal bir meyve aromas\u0131 hissedilir. Bu \u00f6zel kar\u0131\u015f\u0131m, karadutun kendine has tatl\u0131-ek\u015fi dengesini koruyarak keyifli bir i\u00e7im deneyimi sunar.<\/p>\n<h3 data-section-id=\"1kvjgsw\" data-start=\"649\" data-end=\"692\"><span role=\"text\"><strong data-start=\"653\" data-end=\"692\">Katk\u0131s\u0131z ve Saf Bitki \u00c7ay\u0131 Deneyimi<\/strong><\/span><\/h3>\n<p data-start=\"693\" data-end=\"925\" data-is-last-node=\"\" data-is-only-node=\"\"><strong data-start=\"693\" data-end=\"717\">Organik Karadut \u00c7ay\u0131<\/strong>, hi\u00e7bir yapay aroma, koruyucu veya katk\u0131 maddesi i\u00e7ermez. Tamamen do\u011fal i\u00e7eriklerle haz\u0131rlanm\u0131\u015ft\u0131r. Sa\u011fl\u0131kl\u0131 ya\u015fam\u0131 tercih edenler i\u00e7in ideal bir bitki \u00e7ay\u0131 alternatifi sunar ve g\u00fcnl\u00fck t\u00fcketim i\u00e7in uygundur.<\/p>\n","protected":false},"excerpt":{"rendered":"<p>Organik Karadut \u00c7ay\u0131, Ger\u00e7ek Karadut Taneli, Do\u011fal ve Katk\u0131s\u0131z Bitki \u00c7ay\u0131<\/p>\n","protected":false},"featured_media":11854,"comment_status":"open","ping_status":"closed","template":"","meta":[],"product_brand":[],"product_cat":[208,240],"product_tag":[],"class_list":{"0":"post-11859","1":"product","2":"type-product","3":"status-publish","4":"has-post-thumbnail","6":"product_cat-dogal-bitki-cayi","7":"product_cat-tum-urunler-2","9":"first","10":"instock","11":"sale","12":"taxable","13":"shipping-taxable","14":"purchasable","15":"product-type-variable"},"_links":{"self":[{"href":"https:\/\/airobazar.com\/tr\/wp-json\/wp\/v2\/product\/11859","targetHints":{"allow":["GET"]}}],"collection":[{"href":"https:\/\/airobazar.com\/tr\/wp-json\/wp\/v2\/product"}],"about":[{"href":"https:\/\/airobazar.com\/tr\/wp-json\/wp\/v2\/types\/product"}],"replies":[{"embeddable":true,"href":"https:\/\/airobazar.com\/tr\/wp-json\/wp\/v2\/comments?post=11859"}],"version-history":[{"count":1,"href":"https:\/\/airobazar.com\/tr\/wp-json\/wp\/v2\/product\/11859\/revisions"}],"predecessor-version":[{"id":11863,"href":"https:\/\/airobazar.com\/tr\/wp-json\/wp\/v2\/product\/11859\/revisions\/11863"}],"wp:featuredmedia":[{"embeddable":true,"href":"https:\/\/airobazar.com\/tr\/wp-json\/wp\/v2\/media\/11854"}],"wp:attachment":[{"href":"https:\/\/airobazar.com\/tr\/wp-json\/wp\/v2\/media?parent=11859"}],"wp:term":[{"taxonomy":"product_brand","embeddable":true,"href":"https:\/\/airobazar.com\/tr\/wp-json\/wp\/v2\/product_brand?post=11859"},{"taxonomy":"product_cat","embeddable":true,"href":"https:\/\/airobazar.com\/tr\/wp-json\/wp\/v2\/product_cat?post=11859"},{"taxonomy":"product_tag","embeddable":true,"href":"https:\/\/airobazar.com\/tr\/wp-json\/wp\/v2\/product_tag?post=11859"}],"curies":[{"name":"wp","href":"https:\/\/api.w.org\/{rel}","templated":true}]}}