{"id":11816,"date":"2026-04-29T09:52:47","date_gmt":"2026-04-29T09:52:47","guid":{"rendered":"https:\/\/airobazar.com\/?post_type=product&#038;p=11816"},"modified":"2026-04-29T09:59:23","modified_gmt":"2026-04-29T09:59:23","slug":"mor-2li-borosilikat-fincan-seti-kare-bambu-altlikli-isiya-dayanikli-kahve-ve-cay-fincani-copy","status":"publish","type":"product","link":"https:\/\/airobazar.com\/tr\/urun\/mor-2li-borosilikat-fincan-seti-kare-bambu-altlikli-isiya-dayanikli-kahve-ve-cay-fincani-copy\/","title":{"rendered":"Mor 2\u2019li Borosilikat Fincan Seti Kare Bambu Altl\u0131kl\u0131, Is\u0131ya Dayan\u0131kl\u0131 Kahve ve \u00c7ay Fincan\u0131"},"content":{"rendered":"<h2 data-section-id=\"12fwjhq\" data-start=\"156\" data-end=\"227\"><strong data-start=\"159\" data-end=\"225\">\u015e\u0131k Mor \u00c7ift Duvarl\u0131 Cam Bardak Seti Kahve ve \u00c7ay \u0130\u00e7in<\/strong><\/h2>\n<p data-start=\"228\" data-end=\"601\">G\u00fcnl\u00fck kahve veya \u00e7ay rit\u00fcelinize \u015f\u0131kl\u0131k kat\u0131n. Bu Mor <strong data-start=\"279\" data-end=\"317\">\u00e7ift duvarl\u0131 cam bardak seti<\/strong>, parlak Mor <strong data-start=\"326\" data-end=\"351\">metalik kaplama<\/strong>ya sahip 2 adet bardak ve do\u011fal <strong data-start=\"383\" data-end=\"404\">bambu altl\u0131klarla<\/strong> birlikte gelir. Altl\u0131klar, y\u00fczeylerinizi korurken s\u0131cak ve do\u011fal bir dokunu\u015f sa\u011flar. Hem ev kullan\u0131m\u0131 hem de misafir a\u011f\u0131rlamak i\u00e7in ideal olan bu set, <strong data-start=\"556\" data-end=\"580\">stil ve i\u015flevselli\u011fi<\/strong> bir araya getirir.<\/p>\n<h3 data-section-id=\"1t8o4h4\" data-start=\"608\" data-end=\"659\"><strong data-start=\"612\" data-end=\"657\">Is\u0131ya Dayan\u0131kl\u0131 ve \u0130zole Cam Tasar\u0131m\u0131<\/strong><\/h3>\n<p data-start=\"660\" data-end=\"938\"><strong data-start=\"660\" data-end=\"681\">\u00c7ift duvarl\u0131 yap\u0131<\/strong> sayesinde s\u0131cak i\u00e7ecekleriniz daha uzun s\u00fcre s\u0131cak kal\u0131r, d\u0131\u015f y\u00fczey ise g\u00fcvenle tutulabilir. <strong data-start=\"775\" data-end=\"816\">Kahve, \u00e7ay, latte veya s\u0131cak \u00e7ikolata<\/strong> i\u00e7in m\u00fckemmeldir. \u0130zole tasar\u0131m\u0131 ayn\u0131 zamanda so\u011fuk i\u00e7ecekler i\u00e7in de uygundur, b\u00f6ylece t\u00fcm y\u0131l boyunca kullan\u0131labilir.<\/p>\n<h3 data-section-id=\"1jb4vpn\" data-start=\"945\" data-end=\"1011\"><strong data-start=\"949\" data-end=\"1009\">Dayan\u0131kl\u0131 Borosilikat Cam ve Paslanmaz \u00c7elik \u0130\u00e7 Yap\u0131<\/strong><\/h3>\n<p data-start=\"1012\" data-end=\"1307\">Bardaklar, y\u00fcksek kaliteli <strong data-start=\"1039\" data-end=\"1058\">borosilikat cam<\/strong> ve paslanmaz \u00e7elik i\u00e7 kaplama ile \u00fcretilmi\u015ftir. G\u00fcnl\u00fck kullan\u0131ma ve \u0131s\u0131 de\u011fi\u015fimlerine kar\u015f\u0131 dayan\u0131kl\u0131d\u0131r, parlak g\u00f6r\u00fcn\u00fcmlerini uzun s\u00fcre korur. \u015e\u0131k kulplar g\u00fcvenli bir tutu\u015f sa\u011flar ve bardaklar, uyumlu bambu altl\u0131klar\u0131n\u0131n \u00fczerine m\u00fckemmel oturur.<\/p>\n<h3 data-section-id=\"1fkt0g0\" data-start=\"1314\" data-end=\"1363\"><strong data-start=\"1318\" data-end=\"1361\">Stil ve Koruma \u0130\u00e7in Bambu Altl\u0131klar<\/strong><\/h3>\n<p data-start=\"1364\" data-end=\"1553\">Her bardak, y\u00fczeylerinizi \u0131s\u0131 ve d\u00f6k\u00fclmelerden koruyan do\u011fal <strong data-start=\"1425\" data-end=\"1441\">bambu altl\u0131k<\/strong> ile birlikte gelir. Altl\u0131klar, Mor <strong data-start=\"1473\" data-end=\"1494\">cam tasar\u0131m<\/strong> ile uyumlu olarak \u015f\u0131k ve \u00e7evre dostu bir dokunu\u015f sa\u011flar.<\/p>\n<h2 data-section-id=\"1wc0lyo\" data-start=\"1560\" data-end=\"1608\"><strong data-start=\"1563\" data-end=\"1606\">Her Durum \u0130\u00e7in M\u00fckemmel Hediye Seti<\/strong><\/h2>\n<p data-start=\"1609\" data-end=\"1902\">Bu 2 par\u00e7al\u0131 set, ev hediyesi, d\u00fc\u011f\u00fcn veya \u00f6zel kutlamalar i\u00e7in ideal bir hediyedir. <strong data-start=\"1693\" data-end=\"1720\">G\u00f6z al\u0131c\u0131 Mor kaplama<\/strong> ve fonksiyonel tasar\u0131m\u0131, kahve ve \u00e7ay severler i\u00e7in unutulmaz bir hediye sunar. Stil, dayan\u0131kl\u0131l\u0131k ve pratikli\u011fi bir araya getiren bu set, y\u0131llarca kullan\u0131lacak ve be\u011fenilecektir.<\/p>\n<h3 data-section-id=\"1y76qki\" data-start=\"1909\" data-end=\"1949\"><strong data-start=\"1913\" data-end=\"1947\">\u015e\u0131k ve \u00c7ok Y\u00f6nl\u00fc Bardaklar<\/strong><\/h3>\n<p data-start=\"1950\" data-end=\"2171\">Sabah kahveniz, \u00f6\u011fleden sonra \u00e7ay\u0131n\u0131z veya misafir a\u011f\u0131rlama anlar\u0131n\u0131z i\u00e7in bu set her ortam\u0131 g\u00fczelle\u015ftirir. Modern tasar\u0131m, <strong data-start=\"2074\" data-end=\"2109\">\u0131s\u0131ya dayan\u0131kl\u0131 borosilikat cam<\/strong> ve bambu detaylar, mutfak veya yemek masan\u0131za \u015f\u0131kl\u0131k katar.<\/p>\n","protected":false},"excerpt":{"rendered":"<p>Mor 2\u2019li Borosilikat Fincan Seti Kare Bambu Altl\u0131kl\u0131, Is\u0131ya Dayan\u0131kl\u0131 Kahve ve \u00c7ay Fincan\u0131<\/p>\n","protected":false},"featured_media":11824,"comment_status":"open","ping_status":"closed","template":"","meta":[],"product_brand":[],"product_cat":[248,233,240],"product_tag":[],"class_list":{"0":"post-11816","1":"product","2":"type-product","3":"status-publish","4":"has-post-thumbnail","6":"product_cat-mutfak-esyalari","7":"product_cat-mutfak-esyalar","8":"product_cat-tum-urunler-2","10":"first","11":"outofstock","12":"sale","13":"taxable","14":"shipping-taxable","15":"purchasable","16":"product-type-simple"},"yoast_head":"<!-- This site is optimized with the Yoast SEO plugin v27.5 - https:\/\/yoast.com\/product\/yoast-seo-wordpress\/ -->\n<title>Mor 2\u2019li Borosilikat Fincan Seti Kare Bambu Altl\u0131kl\u0131<\/title>\n<meta name=\"description\" content=\"Mor 2\u2019li Borosilikat Fincan Seti Kare Bambu Altl\u0131kl\u0131, Is\u0131ya Dayan\u0131kl\u0131 Kahve ve \u00c7ay Fincan\u0131, Mor 2\u2019li Borosilikat Fincan Seti Kare Bambu Altl\u0131kl\u0131\" \/>\n<meta name=\"robots\" content=\"index, follow, max-snippet:-1, max-image-preview:large, max-video-preview:-1\" \/>\n<link rel=\"canonical\" href=\"https:\/\/airobazar.com\/tr\/urun\/mor-2li-borosilikat-fincan-seti-kare-bambu-altlikli-isiya-dayanikli-kahve-ve-cay-fincani-copy\/\" \/>\n<meta property=\"og:locale\" content=\"tr_TR\" \/>\n<meta property=\"og:type\" content=\"article\" \/>\n<meta property=\"og:title\" content=\"Mor 2\u2019li Borosilikat Fincan Seti Kare Bambu Altl\u0131kl\u0131\" \/>\n<meta property=\"og:description\" content=\"Mor 2\u2019li Borosilikat Fincan Seti Kare Bambu Altl\u0131kl\u0131, Is\u0131ya Dayan\u0131kl\u0131 Kahve ve \u00c7ay Fincan\u0131, Mor 2\u2019li Borosilikat Fincan Seti Kare Bambu Altl\u0131kl\u0131\" \/>\n<meta property=\"og:url\" content=\"https:\/\/airobazar.com\/tr\/urun\/mor-2li-borosilikat-fincan-seti-kare-bambu-altlikli-isiya-dayanikli-kahve-ve-cay-fincani-copy\/\" \/>\n<meta property=\"og:site_name\" content=\"AiroBazar\" \/>\n<meta property=\"article:modified_time\" content=\"2026-04-29T09:59:23+00:00\" \/>\n<meta property=\"og:image\" content=\"https:\/\/airobazar.com\/wp-content\/uploads\/2026\/04\/grde.jpeg\" \/>\n\t<meta property=\"og:image:width\" content=\"1080\" \/>\n\t<meta property=\"og:image:height\" content=\"1350\" \/>\n\t<meta property=\"og:image:type\" content=\"image\/jpeg\" \/>\n<meta name=\"twitter:card\" content=\"summary_large_image\" \/>\n<meta name=\"twitter:label1\" content=\"Tahmini okuma s\u00fcresi\" \/>\n\t<meta name=\"twitter:data1\" content=\"2 dakika\" \/>\n<script type=\"application\/ld+json\" class=\"yoast-schema-graph\">{\"@context\":\"https:\\\/\\\/schema.org\",\"@graph\":[{\"@type\":\"WebPage\",\"@id\":\"https:\\\/\\\/airobazar.com\\\/tr\\\/urun\\\/mor-2li-borosilikat-fincan-seti-kare-bambu-altlikli-isiya-dayanikli-kahve-ve-cay-fincani-copy\\\/\",\"url\":\"https:\\\/\\\/airobazar.com\\\/tr\\\/urun\\\/mor-2li-borosilikat-fincan-seti-kare-bambu-altlikli-isiya-dayanikli-kahve-ve-cay-fincani-copy\\\/\",\"name\":\"Mor 2\u2019li Borosilikat Fincan Seti Kare Bambu Altl\u0131kl\u0131\",\"isPartOf\":{\"@id\":\"https:\\\/\\\/airobazar.com\\\/#website\"},\"primaryImageOfPage\":{\"@id\":\"https:\\\/\\\/airobazar.com\\\/tr\\\/urun\\\/mor-2li-borosilikat-fincan-seti-kare-bambu-altlikli-isiya-dayanikli-kahve-ve-cay-fincani-copy\\\/#primaryimage\"},\"image\":{\"@id\":\"https:\\\/\\\/airobazar.com\\\/tr\\\/urun\\\/mor-2li-borosilikat-fincan-seti-kare-bambu-altlikli-isiya-dayanikli-kahve-ve-cay-fincani-copy\\\/#primaryimage\"},\"thumbnailUrl\":\"https:\\\/\\\/airobazar.com\\\/wp-content\\\/uploads\\\/2026\\\/04\\\/grde.jpeg\",\"datePublished\":\"2026-04-29T09:52:47+00:00\",\"dateModified\":\"2026-04-29T09:59:23+00:00\",\"description\":\"Mor 2\u2019li Borosilikat Fincan Seti Kare Bambu Altl\u0131kl\u0131, Is\u0131ya Dayan\u0131kl\u0131 Kahve ve \u00c7ay Fincan\u0131, Mor 2\u2019li Borosilikat Fincan Seti Kare Bambu Altl\u0131kl\u0131\",\"breadcrumb\":{\"@id\":\"https:\\\/\\\/airobazar.com\\\/tr\\\/urun\\\/mor-2li-borosilikat-fincan-seti-kare-bambu-altlikli-isiya-dayanikli-kahve-ve-cay-fincani-copy\\\/#breadcrumb\"},\"inLanguage\":\"tr\",\"potentialAction\":[{\"@type\":\"ReadAction\",\"target\":[\"https:\\\/\\\/airobazar.com\\\/tr\\\/urun\\\/mor-2li-borosilikat-fincan-seti-kare-bambu-altlikli-isiya-dayanikli-kahve-ve-cay-fincani-copy\\\/\"]}]},{\"@type\":\"ImageObject\",\"inLanguage\":\"tr\",\"@id\":\"https:\\\/\\\/airobazar.com\\\/tr\\\/urun\\\/mor-2li-borosilikat-fincan-seti-kare-bambu-altlikli-isiya-dayanikli-kahve-ve-cay-fincani-copy\\\/#primaryimage\",\"url\":\"https:\\\/\\\/airobazar.com\\\/wp-content\\\/uploads\\\/2026\\\/04\\\/grde.jpeg\",\"contentUrl\":\"https:\\\/\\\/airobazar.com\\\/wp-content\\\/uploads\\\/2026\\\/04\\\/grde.jpeg\",\"width\":1080,\"height\":1350},{\"@type\":\"BreadcrumbList\",\"@id\":\"https:\\\/\\\/airobazar.com\\\/tr\\\/urun\\\/mor-2li-borosilikat-fincan-seti-kare-bambu-altlikli-isiya-dayanikli-kahve-ve-cay-fincani-copy\\\/#breadcrumb\",\"itemListElement\":[{\"@type\":\"ListItem\",\"position\":1,\"name\":\"Home\",\"item\":\"https:\\\/\\\/airobazar.com\\\/tr\\\/\"},{\"@type\":\"ListItem\",\"position\":2,\"name\":\"Ma\u011faza\",\"item\":\"https:\\\/\\\/airobazar.com\\\/tr\\\/magaza\\\/\"},{\"@type\":\"ListItem\",\"position\":3,\"name\":\"Mor 2\u2019li Borosilikat Fincan Seti Kare Bambu Altl\u0131kl\u0131, Is\u0131ya Dayan\u0131kl\u0131 Kahve ve \u00c7ay Fincan\u0131\"}]},{\"@type\":\"WebSite\",\"@id\":\"https:\\\/\\\/airobazar.com\\\/#website\",\"url\":\"https:\\\/\\\/airobazar.com\\\/\",\"name\":\"AiroBazar\",\"description\":\"online sales\",\"potentialAction\":[{\"@type\":\"SearchAction\",\"target\":{\"@type\":\"EntryPoint\",\"urlTemplate\":\"https:\\\/\\\/airobazar.com\\\/?s={search_term_string}\"},\"query-input\":{\"@type\":\"PropertyValueSpecification\",\"valueRequired\":true,\"valueName\":\"search_term_string\"}}],\"inLanguage\":\"tr\"}]}<\/script>\n<!-- \/ Yoast SEO plugin. -->","yoast_head_json":{"title":"Mor 2\u2019li Borosilikat Fincan Seti Kare Bambu Altl\u0131kl\u0131","description":"Mor 2\u2019li Borosilikat Fincan Seti Kare Bambu Altl\u0131kl\u0131, Is\u0131ya Dayan\u0131kl\u0131 Kahve ve \u00c7ay Fincan\u0131, Mor 2\u2019li Borosilikat Fincan Seti Kare Bambu Altl\u0131kl\u0131","robots":{"index":"index","follow":"follow","max-snippet":"max-snippet:-1","max-image-preview":"max-image-preview:large","max-video-preview":"max-video-preview:-1"},"canonical":"https:\/\/airobazar.com\/tr\/urun\/mor-2li-borosilikat-fincan-seti-kare-bambu-altlikli-isiya-dayanikli-kahve-ve-cay-fincani-copy\/","og_locale":"tr_TR","og_type":"article","og_title":"Mor 2\u2019li Borosilikat Fincan Seti Kare Bambu Altl\u0131kl\u0131","og_description":"Mor 2\u2019li Borosilikat Fincan Seti Kare Bambu Altl\u0131kl\u0131, Is\u0131ya Dayan\u0131kl\u0131 Kahve ve \u00c7ay Fincan\u0131, Mor 2\u2019li Borosilikat Fincan Seti Kare Bambu Altl\u0131kl\u0131","og_url":"https:\/\/airobazar.com\/tr\/urun\/mor-2li-borosilikat-fincan-seti-kare-bambu-altlikli-isiya-dayanikli-kahve-ve-cay-fincani-copy\/","og_site_name":"AiroBazar","article_modified_time":"2026-04-29T09:59:23+00:00","og_image":[{"width":1080,"height":1350,"url":"https:\/\/airobazar.com\/wp-content\/uploads\/2026\/04\/grde.jpeg","type":"image\/jpeg"}],"twitter_card":"summary_large_image","twitter_misc":{"Tahmini okuma s\u00fcresi":"2 dakika"},"schema":{"@context":"https:\/\/schema.org","@graph":[{"@type":"WebPage","@id":"https:\/\/airobazar.com\/tr\/urun\/mor-2li-borosilikat-fincan-seti-kare-bambu-altlikli-isiya-dayanikli-kahve-ve-cay-fincani-copy\/","url":"https:\/\/airobazar.com\/tr\/urun\/mor-2li-borosilikat-fincan-seti-kare-bambu-altlikli-isiya-dayanikli-kahve-ve-cay-fincani-copy\/","name":"Mor 2\u2019li Borosilikat Fincan Seti Kare Bambu Altl\u0131kl\u0131","isPartOf":{"@id":"https:\/\/airobazar.com\/#website"},"primaryImageOfPage":{"@id":"https:\/\/airobazar.com\/tr\/urun\/mor-2li-borosilikat-fincan-seti-kare-bambu-altlikli-isiya-dayanikli-kahve-ve-cay-fincani-copy\/#primaryimage"},"image":{"@id":"https:\/\/airobazar.com\/tr\/urun\/mor-2li-borosilikat-fincan-seti-kare-bambu-altlikli-isiya-dayanikli-kahve-ve-cay-fincani-copy\/#primaryimage"},"thumbnailUrl":"https:\/\/airobazar.com\/wp-content\/uploads\/2026\/04\/grde.jpeg","datePublished":"2026-04-29T09:52:47+00:00","dateModified":"2026-04-29T09:59:23+00:00","description":"Mor 2\u2019li Borosilikat Fincan Seti Kare Bambu Altl\u0131kl\u0131, Is\u0131ya Dayan\u0131kl\u0131 Kahve ve \u00c7ay Fincan\u0131, Mor 2\u2019li Borosilikat Fincan Seti Kare Bambu Altl\u0131kl\u0131","breadcrumb":{"@id":"https:\/\/airobazar.com\/tr\/urun\/mor-2li-borosilikat-fincan-seti-kare-bambu-altlikli-isiya-dayanikli-kahve-ve-cay-fincani-copy\/#breadcrumb"},"inLanguage":"tr","potentialAction":[{"@type":"ReadAction","target":["https:\/\/airobazar.com\/tr\/urun\/mor-2li-borosilikat-fincan-seti-kare-bambu-altlikli-isiya-dayanikli-kahve-ve-cay-fincani-copy\/"]}]},{"@type":"ImageObject","inLanguage":"tr","@id":"https:\/\/airobazar.com\/tr\/urun\/mor-2li-borosilikat-fincan-seti-kare-bambu-altlikli-isiya-dayanikli-kahve-ve-cay-fincani-copy\/#primaryimage","url":"https:\/\/airobazar.com\/wp-content\/uploads\/2026\/04\/grde.jpeg","contentUrl":"https:\/\/airobazar.com\/wp-content\/uploads\/2026\/04\/grde.jpeg","width":1080,"height":1350},{"@type":"BreadcrumbList","@id":"https:\/\/airobazar.com\/tr\/urun\/mor-2li-borosilikat-fincan-seti-kare-bambu-altlikli-isiya-dayanikli-kahve-ve-cay-fincani-copy\/#breadcrumb","itemListElement":[{"@type":"ListItem","position":1,"name":"Home","item":"https:\/\/airobazar.com\/tr\/"},{"@type":"ListItem","position":2,"name":"Ma\u011faza","item":"https:\/\/airobazar.com\/tr\/magaza\/"},{"@type":"ListItem","position":3,"name":"Mor 2\u2019li Borosilikat Fincan Seti Kare Bambu Altl\u0131kl\u0131, Is\u0131ya Dayan\u0131kl\u0131 Kahve ve \u00c7ay Fincan\u0131"}]},{"@type":"WebSite","@id":"https:\/\/airobazar.com\/#website","url":"https:\/\/airobazar.com\/","name":"AiroBazar","description":"online sales","potentialAction":[{"@type":"SearchAction","target":{"@type":"EntryPoint","urlTemplate":"https:\/\/airobazar.com\/?s={search_term_string}"},"query-input":{"@type":"PropertyValueSpecification","valueRequired":true,"valueName":"search_term_string"}}],"inLanguage":"tr"}]}},"_links":{"self":[{"href":"https:\/\/airobazar.com\/tr\/wp-json\/wp\/v2\/product\/11816","targetHints":{"allow":["GET"]}}],"collection":[{"href":"https:\/\/airobazar.com\/tr\/wp-json\/wp\/v2\/product"}],"about":[{"href":"https:\/\/airobazar.com\/tr\/wp-json\/wp\/v2\/types\/product"}],"replies":[{"embeddable":true,"href":"https:\/\/airobazar.com\/tr\/wp-json\/wp\/v2\/comments?post=11816"}],"version-history":[{"count":3,"href":"https:\/\/airobazar.com\/tr\/wp-json\/wp\/v2\/product\/11816\/revisions"}],"predecessor-version":[{"id":11832,"href":"https:\/\/airobazar.com\/tr\/wp-json\/wp\/v2\/product\/11816\/revisions\/11832"}],"wp:featuredmedia":[{"embeddable":true,"href":"https:\/\/airobazar.com\/tr\/wp-json\/wp\/v2\/media\/11824"}],"wp:attachment":[{"href":"https:\/\/airobazar.com\/tr\/wp-json\/wp\/v2\/media?parent=11816"}],"wp:term":[{"taxonomy":"product_brand","embeddable":true,"href":"https:\/\/airobazar.com\/tr\/wp-json\/wp\/v2\/product_brand?post=11816"},{"taxonomy":"product_cat","embeddable":true,"href":"https:\/\/airobazar.com\/tr\/wp-json\/wp\/v2\/product_cat?post=11816"},{"taxonomy":"product_tag","embeddable":true,"href":"https:\/\/airobazar.com\/tr\/wp-json\/wp\/v2\/product_tag?post=11816"}],"curies":[{"name":"wp","href":"https:\/\/api.w.org\/{rel}","templated":true}]}}