{"id":11545,"date":"2026-03-18T10:13:56","date_gmt":"2026-03-18T10:13:56","guid":{"rendered":"https:\/\/airobazar.com\/?post_type=product&#038;p=11545"},"modified":"2026-03-18T10:17:39","modified_gmt":"2026-03-18T10:17:39","slug":"aynali-gold-ikili-dekoratif-dayanakli-tepsi-seti-sunum-ve-nisan-tepsisi-metal-cerceveli","status":"publish","type":"product","link":"https:\/\/airobazar.com\/tr\/urun\/aynali-gold-ikili-dekoratif-dayanakli-tepsi-seti-sunum-ve-nisan-tepsisi-metal-cerceveli\/","title":{"rendered":"Aynal\u0131 Gold \u0130kili Dekoratif Dayanakl\u0131 Tepsi Seti, Sunum ve Ni\u015fan Tepsisi, Metal \u00c7er\u00e7eveli"},"content":{"rendered":"<h2 data-section-id=\"1mrs1sb\" data-start=\"156\" data-end=\"215\"><strong data-start=\"159\" data-end=\"213\">\u015e\u0131k Alt\u0131n Aynal\u0131 Servis Tepsisi Seti, 2 Par\u00e7a<\/strong><\/h2>\n<p data-start=\"216\" data-end=\"486\">Ev dekorunuza zamans\u0131z bir \u015f\u0131kl\u0131k kat\u0131n. Bu <strong data-start=\"260\" data-end=\"296\">alt\u0131n aynal\u0131 servis tepsisi seti<\/strong>, Osmanl\u0131 esintili zarif desenlere sahip iki tepsiden olu\u015fur. Estetik tasar\u0131m ve i\u015flevselli\u011fi bir araya getiren bu 2 par\u00e7al\u0131 set, g\u00fcnl\u00fck kullan\u0131mda ve \u00f6zel g\u00fcnlerde kullan\u0131m i\u00e7in idealdir.<\/p>\n<h3 data-section-id=\"1uer9wb\" data-start=\"493\" data-end=\"539\"><strong data-start=\"497\" data-end=\"537\">Dayan\u0131kl\u0131 Metal \u00c7er\u00e7eve Tasar\u0131m\u0131<\/strong><\/h3>\n<p data-start=\"540\" data-end=\"758\">Her tepsi, dayan\u0131kl\u0131l\u0131\u011f\u0131 garanti eden <strong data-start=\"578\" data-end=\"595\">metal \u00e7er\u00e7eve<\/strong> ile \u00fcretilmi\u015ftir. Hafif yap\u0131s\u0131 sayesinde kolayca ta\u015f\u0131nabilir. Bu g\u00fc\u00e7l\u00fc ve \u015f\u0131k tasar\u0131m, tepsileri <strong data-start=\"693\" data-end=\"735\">ev, parti veya makyaj masas\u0131 kullan\u0131m\u0131<\/strong> i\u00e7in m\u00fckemmel k\u0131lar.<\/p>\n<h3 data-section-id=\"194j7pb\" data-start=\"765\" data-end=\"808\"><strong data-start=\"769\" data-end=\"806\">L\u00fcks ve \u0130\u015flevsel Aynal\u0131 Y\u00fczey<\/strong><\/h3>\n<p data-start=\"809\" data-end=\"1059\">Aynal\u0131 y\u00fczey, mekan\u0131n\u0131za derinlik ve \u0131\u015f\u0131k yans\u0131mas\u0131 katar. Bu sayede tepsiler, <strong data-start=\"888\" data-end=\"927\">parf\u00fcmler, tak\u0131lar veya kozmetikler<\/strong> i\u00e7in \u015f\u0131k bir g\u00f6sterim alan\u0131 sunar. Ayr\u0131ca <strong data-start=\"970\" data-end=\"1001\">kahve, \u00e7ay ve tatl\u0131 servisi<\/strong> i\u00e7in de idealdir ve kullan\u0131\u015fl\u0131 bir sunum \u00e7\u00f6z\u00fcm\u00fc sa\u011flar.<\/p>\n<h3 data-section-id=\"bo3jsi\" data-start=\"1066\" data-end=\"1115\"><strong data-start=\"1070\" data-end=\"1113\"> Osmanl\u0131 Esintili Dekoratif Detaylar<\/strong><\/h3>\n<p data-start=\"1116\" data-end=\"1408\">\u00c7er\u00e7evede bulunan zarif tekerlek \u015feklindeki madalyon desenleri, hem modern hem klasik dekor stilleriyle uyumlu sofistike bir vintage estetik yarat\u0131r. <strong data-start=\"1266\" data-end=\"1287\">Osmanl\u0131 desenleri<\/strong>, tepsileri <strong data-start=\"1299\" data-end=\"1353\">orta sehpa, makyaj masas\u0131 veya ni\u015fan\/d\u00fc\u011f\u00fcn servisi<\/strong> i\u00e7in dikkat \u00e7ekici bir merkezi par\u00e7a h\u00e2line getirir.<\/p>\n<h2 data-section-id=\"1v64hcw\" data-start=\"1415\" data-end=\"1453\"><strong data-start=\"1418\" data-end=\"1451\">\u00c7ok Y\u00f6nl\u00fc ve \u015e\u0131k Tepsiler<\/strong><\/h2>\n<p data-start=\"1454\" data-end=\"1734\">Bu tepsiler hem i\u015flevsel hem dekoratif kullan\u0131ma uygundur. Tepsileri <strong data-start=\"1523\" data-end=\"1582\">ottoman tepsisi, sehpa merkezi veya ni\u015fan\/d\u00fc\u011f\u00fcn servisi<\/strong> olarak kullanabilirsiniz. Aynal\u0131 y\u00fczey kolay temizlenir ve <strong data-start=\"1642\" data-end=\"1664\">l\u00fcks alt\u0131n kaplama<\/strong> g\u00f6r\u00fcn\u00fcm\u00fcn\u00fc uzun s\u00fcre korur. G\u00fcnl\u00fck anlar\u0131 \u015f\u0131k ve \u00f6zel h\u00e2le getirir.<\/p>\n<h3 data-section-id=\"15d9xqu\" data-start=\"1741\" data-end=\"1791\"><strong data-start=\"1745\" data-end=\"1789\">Ev ve Misafir A\u011f\u0131rlama \u0130\u00e7in M\u00fckemmel<\/strong><\/h3>\n<p data-start=\"1792\" data-end=\"2064\">\u0130ster g\u00fczellik \u00fcr\u00fcnlerinizi d\u00fczenleyin, ister misafirlere ikram sunun veya dikkat \u00e7ekici bir sunum olu\u015fturun, bu tepsi seti her alan\u0131 <strong data-start=\"1926\" data-end=\"1962\">zarafet ve sofistike bir g\u00f6r\u00fcn\u00fcm<\/strong> ile y\u00fckseltir. <strong data-start=\"1978\" data-end=\"2047\">L\u00fcks ev dekoru, makyaj masas\u0131 organizasyonu veya \u00f6zel g\u00fcn servisi<\/strong> i\u00e7in idealdir.<\/p>\n","protected":false},"excerpt":{"rendered":"<p>\u015e\u0131k Alt\u0131n Aynal\u0131 Servis Tepsisi Seti, 2 Par\u00e7a Ev dekorunuza zamans\u0131z bir \u015f\u0131kl\u0131k kat\u0131n. Bu alt\u0131n aynal\u0131 servis tepsisi seti,<\/p>\n","protected":false},"featured_media":11540,"comment_status":"open","ping_status":"closed","template":"","meta":[],"product_brand":[],"product_cat":[248,233,240],"product_tag":[],"class_list":{"0":"post-11545","1":"product","2":"type-product","3":"status-publish","4":"has-post-thumbnail","6":"product_cat-mutfak-esyalari","7":"product_cat-ev-esyalari","8":"product_cat-tum-katagoriler","10":"first","11":"instock","12":"sale","13":"taxable","14":"shipping-taxable","15":"purchasable","16":"product-type-simple"},"yoast_head":"<!-- This site is optimized with the Yoast SEO plugin v27.4 - https:\/\/yoast.com\/product\/yoast-seo-wordpress\/ -->\n<title>Aynal\u0131 Gold \u0130kili Dekoratif Dayanakl\u0131 Tepsi Seti, Sunum ve Ni\u015fan Tepsisi, Metal \u00c7er\u00e7eveli - AiroBazar<\/title>\n<meta name=\"robots\" content=\"index, follow, max-snippet:-1, max-image-preview:large, max-video-preview:-1\" \/>\n<link rel=\"canonical\" href=\"https:\/\/airobazar.com\/tr\/urun\/aynali-gold-ikili-dekoratif-dayanakli-tepsi-seti-sunum-ve-nisan-tepsisi-metal-cerceveli\/\" \/>\n<meta property=\"og:locale\" content=\"tr_TR\" \/>\n<meta property=\"og:type\" content=\"article\" \/>\n<meta property=\"og:title\" content=\"Aynal\u0131 Gold \u0130kili Dekoratif Dayanakl\u0131 Tepsi Seti, Sunum ve Ni\u015fan Tepsisi, Metal \u00c7er\u00e7eveli - AiroBazar\" \/>\n<meta property=\"og:description\" content=\"\u015e\u0131k Alt\u0131n Aynal\u0131 Servis Tepsisi Seti, 2 Par\u00e7a Ev dekorunuza zamans\u0131z bir \u015f\u0131kl\u0131k kat\u0131n. Bu alt\u0131n aynal\u0131 servis tepsisi seti,\" \/>\n<meta property=\"og:url\" content=\"https:\/\/airobazar.com\/tr\/urun\/aynali-gold-ikili-dekoratif-dayanakli-tepsi-seti-sunum-ve-nisan-tepsisi-metal-cerceveli\/\" \/>\n<meta property=\"og:site_name\" content=\"AiroBazar\" \/>\n<meta property=\"article:modified_time\" content=\"2026-03-18T10:17:39+00:00\" \/>\n<meta property=\"og:image\" content=\"https:\/\/airobazar.com\/wp-content\/uploads\/2026\/03\/Urun-Gorselleri507-768x1024.png\" \/>\n\t<meta property=\"og:image:width\" content=\"768\" \/>\n\t<meta property=\"og:image:height\" content=\"1024\" \/>\n\t<meta property=\"og:image:type\" content=\"image\/png\" \/>\n<meta name=\"twitter:card\" content=\"summary_large_image\" \/>\n<meta name=\"twitter:label1\" content=\"Tahmini okuma s\u00fcresi\" \/>\n\t<meta name=\"twitter:data1\" content=\"2 dakika\" \/>\n<script type=\"application\/ld+json\" class=\"yoast-schema-graph\">{\"@context\":\"https:\\\/\\\/schema.org\",\"@graph\":[{\"@type\":\"WebPage\",\"@id\":\"https:\\\/\\\/airobazar.com\\\/tr\\\/urun\\\/aynali-gold-ikili-dekoratif-dayanakli-tepsi-seti-sunum-ve-nisan-tepsisi-metal-cerceveli\\\/\",\"url\":\"https:\\\/\\\/airobazar.com\\\/tr\\\/urun\\\/aynali-gold-ikili-dekoratif-dayanakli-tepsi-seti-sunum-ve-nisan-tepsisi-metal-cerceveli\\\/\",\"name\":\"Aynal\u0131 Gold \u0130kili Dekoratif Dayanakl\u0131 Tepsi Seti, Sunum ve Ni\u015fan Tepsisi, Metal \u00c7er\u00e7eveli - AiroBazar\",\"isPartOf\":{\"@id\":\"https:\\\/\\\/airobazar.com\\\/#website\"},\"primaryImageOfPage\":{\"@id\":\"https:\\\/\\\/airobazar.com\\\/tr\\\/urun\\\/aynali-gold-ikili-dekoratif-dayanakli-tepsi-seti-sunum-ve-nisan-tepsisi-metal-cerceveli\\\/#primaryimage\"},\"image\":{\"@id\":\"https:\\\/\\\/airobazar.com\\\/tr\\\/urun\\\/aynali-gold-ikili-dekoratif-dayanakli-tepsi-seti-sunum-ve-nisan-tepsisi-metal-cerceveli\\\/#primaryimage\"},\"thumbnailUrl\":\"https:\\\/\\\/airobazar.com\\\/wp-content\\\/uploads\\\/2026\\\/03\\\/Urun-Gorselleri507.png\",\"datePublished\":\"2026-03-18T10:13:56+00:00\",\"dateModified\":\"2026-03-18T10:17:39+00:00\",\"breadcrumb\":{\"@id\":\"https:\\\/\\\/airobazar.com\\\/tr\\\/urun\\\/aynali-gold-ikili-dekoratif-dayanakli-tepsi-seti-sunum-ve-nisan-tepsisi-metal-cerceveli\\\/#breadcrumb\"},\"inLanguage\":\"tr\",\"potentialAction\":[{\"@type\":\"ReadAction\",\"target\":[\"https:\\\/\\\/airobazar.com\\\/tr\\\/urun\\\/aynali-gold-ikili-dekoratif-dayanakli-tepsi-seti-sunum-ve-nisan-tepsisi-metal-cerceveli\\\/\"]}]},{\"@type\":\"ImageObject\",\"inLanguage\":\"tr\",\"@id\":\"https:\\\/\\\/airobazar.com\\\/tr\\\/urun\\\/aynali-gold-ikili-dekoratif-dayanakli-tepsi-seti-sunum-ve-nisan-tepsisi-metal-cerceveli\\\/#primaryimage\",\"url\":\"https:\\\/\\\/airobazar.com\\\/wp-content\\\/uploads\\\/2026\\\/03\\\/Urun-Gorselleri507.png\",\"contentUrl\":\"https:\\\/\\\/airobazar.com\\\/wp-content\\\/uploads\\\/2026\\\/03\\\/Urun-Gorselleri507.png\",\"width\":1200,\"height\":1600},{\"@type\":\"BreadcrumbList\",\"@id\":\"https:\\\/\\\/airobazar.com\\\/tr\\\/urun\\\/aynali-gold-ikili-dekoratif-dayanakli-tepsi-seti-sunum-ve-nisan-tepsisi-metal-cerceveli\\\/#breadcrumb\",\"itemListElement\":[{\"@type\":\"ListItem\",\"position\":1,\"name\":\"Home\",\"item\":\"https:\\\/\\\/airobazar.com\\\/tr\\\/\"},{\"@type\":\"ListItem\",\"position\":2,\"name\":\"Ma\u011faza\",\"item\":\"https:\\\/\\\/airobazar.com\\\/tr\\\/magaza\\\/\"},{\"@type\":\"ListItem\",\"position\":3,\"name\":\"Aynal\u0131 Gold \u0130kili Dekoratif Dayanakl\u0131 Tepsi Seti, Sunum ve Ni\u015fan Tepsisi, Metal \u00c7er\u00e7eveli\"}]},{\"@type\":\"WebSite\",\"@id\":\"https:\\\/\\\/airobazar.com\\\/#website\",\"url\":\"https:\\\/\\\/airobazar.com\\\/\",\"name\":\"AiroBazar\",\"description\":\"online sales\",\"potentialAction\":[{\"@type\":\"SearchAction\",\"target\":{\"@type\":\"EntryPoint\",\"urlTemplate\":\"https:\\\/\\\/airobazar.com\\\/?s={search_term_string}\"},\"query-input\":{\"@type\":\"PropertyValueSpecification\",\"valueRequired\":true,\"valueName\":\"search_term_string\"}}],\"inLanguage\":\"tr\"}]}<\/script>\n<!-- \/ Yoast SEO plugin. -->","yoast_head_json":{"title":"Aynal\u0131 Gold \u0130kili Dekoratif Dayanakl\u0131 Tepsi Seti, Sunum ve Ni\u015fan Tepsisi, Metal \u00c7er\u00e7eveli - AiroBazar","robots":{"index":"index","follow":"follow","max-snippet":"max-snippet:-1","max-image-preview":"max-image-preview:large","max-video-preview":"max-video-preview:-1"},"canonical":"https:\/\/airobazar.com\/tr\/urun\/aynali-gold-ikili-dekoratif-dayanakli-tepsi-seti-sunum-ve-nisan-tepsisi-metal-cerceveli\/","og_locale":"tr_TR","og_type":"article","og_title":"Aynal\u0131 Gold \u0130kili Dekoratif Dayanakl\u0131 Tepsi Seti, Sunum ve Ni\u015fan Tepsisi, Metal \u00c7er\u00e7eveli - AiroBazar","og_description":"\u015e\u0131k Alt\u0131n Aynal\u0131 Servis Tepsisi Seti, 2 Par\u00e7a Ev dekorunuza zamans\u0131z bir \u015f\u0131kl\u0131k kat\u0131n. Bu alt\u0131n aynal\u0131 servis tepsisi seti,","og_url":"https:\/\/airobazar.com\/tr\/urun\/aynali-gold-ikili-dekoratif-dayanakli-tepsi-seti-sunum-ve-nisan-tepsisi-metal-cerceveli\/","og_site_name":"AiroBazar","article_modified_time":"2026-03-18T10:17:39+00:00","og_image":[{"width":768,"height":1024,"url":"https:\/\/airobazar.com\/wp-content\/uploads\/2026\/03\/Urun-Gorselleri507-768x1024.png","type":"image\/png"}],"twitter_card":"summary_large_image","twitter_misc":{"Tahmini okuma s\u00fcresi":"2 dakika"},"schema":{"@context":"https:\/\/schema.org","@graph":[{"@type":"WebPage","@id":"https:\/\/airobazar.com\/tr\/urun\/aynali-gold-ikili-dekoratif-dayanakli-tepsi-seti-sunum-ve-nisan-tepsisi-metal-cerceveli\/","url":"https:\/\/airobazar.com\/tr\/urun\/aynali-gold-ikili-dekoratif-dayanakli-tepsi-seti-sunum-ve-nisan-tepsisi-metal-cerceveli\/","name":"Aynal\u0131 Gold \u0130kili Dekoratif Dayanakl\u0131 Tepsi Seti, Sunum ve Ni\u015fan Tepsisi, Metal \u00c7er\u00e7eveli - AiroBazar","isPartOf":{"@id":"https:\/\/airobazar.com\/#website"},"primaryImageOfPage":{"@id":"https:\/\/airobazar.com\/tr\/urun\/aynali-gold-ikili-dekoratif-dayanakli-tepsi-seti-sunum-ve-nisan-tepsisi-metal-cerceveli\/#primaryimage"},"image":{"@id":"https:\/\/airobazar.com\/tr\/urun\/aynali-gold-ikili-dekoratif-dayanakli-tepsi-seti-sunum-ve-nisan-tepsisi-metal-cerceveli\/#primaryimage"},"thumbnailUrl":"https:\/\/airobazar.com\/wp-content\/uploads\/2026\/03\/Urun-Gorselleri507.png","datePublished":"2026-03-18T10:13:56+00:00","dateModified":"2026-03-18T10:17:39+00:00","breadcrumb":{"@id":"https:\/\/airobazar.com\/tr\/urun\/aynali-gold-ikili-dekoratif-dayanakli-tepsi-seti-sunum-ve-nisan-tepsisi-metal-cerceveli\/#breadcrumb"},"inLanguage":"tr","potentialAction":[{"@type":"ReadAction","target":["https:\/\/airobazar.com\/tr\/urun\/aynali-gold-ikili-dekoratif-dayanakli-tepsi-seti-sunum-ve-nisan-tepsisi-metal-cerceveli\/"]}]},{"@type":"ImageObject","inLanguage":"tr","@id":"https:\/\/airobazar.com\/tr\/urun\/aynali-gold-ikili-dekoratif-dayanakli-tepsi-seti-sunum-ve-nisan-tepsisi-metal-cerceveli\/#primaryimage","url":"https:\/\/airobazar.com\/wp-content\/uploads\/2026\/03\/Urun-Gorselleri507.png","contentUrl":"https:\/\/airobazar.com\/wp-content\/uploads\/2026\/03\/Urun-Gorselleri507.png","width":1200,"height":1600},{"@type":"BreadcrumbList","@id":"https:\/\/airobazar.com\/tr\/urun\/aynali-gold-ikili-dekoratif-dayanakli-tepsi-seti-sunum-ve-nisan-tepsisi-metal-cerceveli\/#breadcrumb","itemListElement":[{"@type":"ListItem","position":1,"name":"Home","item":"https:\/\/airobazar.com\/tr\/"},{"@type":"ListItem","position":2,"name":"Ma\u011faza","item":"https:\/\/airobazar.com\/tr\/magaza\/"},{"@type":"ListItem","position":3,"name":"Aynal\u0131 Gold \u0130kili Dekoratif Dayanakl\u0131 Tepsi Seti, Sunum ve Ni\u015fan Tepsisi, Metal \u00c7er\u00e7eveli"}]},{"@type":"WebSite","@id":"https:\/\/airobazar.com\/#website","url":"https:\/\/airobazar.com\/","name":"AiroBazar","description":"online sales","potentialAction":[{"@type":"SearchAction","target":{"@type":"EntryPoint","urlTemplate":"https:\/\/airobazar.com\/?s={search_term_string}"},"query-input":{"@type":"PropertyValueSpecification","valueRequired":true,"valueName":"search_term_string"}}],"inLanguage":"tr"}]}},"_links":{"self":[{"href":"https:\/\/airobazar.com\/tr\/wp-json\/wp\/v2\/product\/11545","targetHints":{"allow":["GET"]}}],"collection":[{"href":"https:\/\/airobazar.com\/tr\/wp-json\/wp\/v2\/product"}],"about":[{"href":"https:\/\/airobazar.com\/tr\/wp-json\/wp\/v2\/types\/product"}],"replies":[{"embeddable":true,"href":"https:\/\/airobazar.com\/tr\/wp-json\/wp\/v2\/comments?post=11545"}],"version-history":[{"count":1,"href":"https:\/\/airobazar.com\/tr\/wp-json\/wp\/v2\/product\/11545\/revisions"}],"predecessor-version":[{"id":11547,"href":"https:\/\/airobazar.com\/tr\/wp-json\/wp\/v2\/product\/11545\/revisions\/11547"}],"wp:featuredmedia":[{"embeddable":true,"href":"https:\/\/airobazar.com\/tr\/wp-json\/wp\/v2\/media\/11540"}],"wp:attachment":[{"href":"https:\/\/airobazar.com\/tr\/wp-json\/wp\/v2\/media?parent=11545"}],"wp:term":[{"taxonomy":"product_brand","embeddable":true,"href":"https:\/\/airobazar.com\/tr\/wp-json\/wp\/v2\/product_brand?post=11545"},{"taxonomy":"product_cat","embeddable":true,"href":"https:\/\/airobazar.com\/tr\/wp-json\/wp\/v2\/product_cat?post=11545"},{"taxonomy":"product_tag","embeddable":true,"href":"https:\/\/airobazar.com\/tr\/wp-json\/wp\/v2\/product_tag?post=11545"}],"curies":[{"name":"wp","href":"https:\/\/api.w.org\/{rel}","templated":true}]}}