{"id":11401,"date":"2026-03-12T09:40:41","date_gmt":"2026-03-12T09:40:41","guid":{"rendered":"https:\/\/airobazar.com\/?post_type=product&#038;p=11401"},"modified":"2026-03-12T09:42:30","modified_gmt":"2026-03-12T09:42:30","slug":"hamam-tasi-osmanli-motifli-nostaljik-seri-metal-altin","status":"publish","type":"product","link":"https:\/\/airobazar.com\/tr\/urun\/hamam-tasi-osmanli-motifli-nostaljik-seri-metal-altin\/","title":{"rendered":"Hamam Tas\u0131 Osmanl\u0131 Motifli Nostaljik Seri Metal (Alt\u0131n)"},"content":{"rendered":"<h2>Hamam Tas\u0131 Osmanl\u0131 Motifli Nostaljik Seri Metal (Alt\u0131n)<\/h2>\n<ul>\n<li class=\"product-description-content\">Osmanl\u0131 Motifli Nostaljik seri Hamam Tas\u0131<\/li>\n<li class=\"product-description-content\">\u00c7ap 20 cm Metal tas<\/li>\n<li class=\"product-description-content\">Hamam ve banyo kullan\u0131m\u0131na uygundur.<\/li>\n<li class=\"product-description-content\">Ayn\u0131 zamanda dekoratif ama\u00e7l\u0131da kullan\u0131labilir.<\/li>\n<\/ul>\n","protected":false},"excerpt":{"rendered":"<p>Hamam Tas\u0131 Osmanl\u0131 Motifli Nostaljik Seri Metal (Alt\u0131n) Osmanl\u0131 Motifli Nostaljik seri Hamam Tas\u0131 \u00c7ap 20 cm Metal tas Hamam<\/p>\n","protected":false},"featured_media":11400,"comment_status":"open","ping_status":"closed","template":"","meta":[],"product_brand":[],"product_cat":[237,233,248,240],"product_tag":[],"class_list":{"0":"post-11401","1":"product","2":"type-product","3":"status-publish","4":"has-post-thumbnail","6":"product_cat-firsat-urunler","7":"product_cat-ev-esyalari","8":"product_cat-mutfak-esyalari","9":"product_cat-tum-katagoriler","11":"first","12":"instock","13":"sale","14":"taxable","15":"shipping-taxable","16":"purchasable","17":"product-type-simple"},"yoast_head":"<!-- This site is optimized with the Yoast SEO plugin v27.4 - https:\/\/yoast.com\/product\/yoast-seo-wordpress\/ -->\n<title>Hamam Tas\u0131 Osmanl\u0131 Motifli Nostaljik Seri Metal (Alt\u0131n) - AiroBazar<\/title>\n<meta name=\"robots\" content=\"index, follow, max-snippet:-1, max-image-preview:large, max-video-preview:-1\" \/>\n<link rel=\"canonical\" href=\"https:\/\/airobazar.com\/product\/ottoman-motif-nostalgic-series-metal-bath-basin-gold\/\" \/>\n<meta property=\"og:locale\" content=\"tr_TR\" \/>\n<meta property=\"og:type\" content=\"article\" \/>\n<meta property=\"og:title\" content=\"Hamam Tas\u0131 Osmanl\u0131 Motifli Nostaljik Seri Metal (Alt\u0131n) - AiroBazar\" \/>\n<meta property=\"og:description\" content=\"Hamam Tas\u0131 Osmanl\u0131 Motifli Nostaljik Seri Metal (Alt\u0131n) Osmanl\u0131 Motifli Nostaljik seri Hamam Tas\u0131 \u00c7ap 20 cm Metal tas Hamam\" \/>\n<meta property=\"og:url\" content=\"https:\/\/airobazar.com\/product\/ottoman-motif-nostalgic-series-metal-bath-basin-gold\/\" \/>\n<meta property=\"og:site_name\" content=\"AiroBazar\" \/>\n<meta property=\"article:modified_time\" content=\"2026-03-12T09:42:30+00:00\" \/>\n<meta property=\"og:image\" content=\"https:\/\/airobazar.com\/wp-content\/uploads\/2026\/03\/42.jpg\" \/>\n\t<meta property=\"og:image:width\" content=\"1080\" \/>\n\t<meta property=\"og:image:height\" content=\"1350\" \/>\n\t<meta property=\"og:image:type\" content=\"image\/jpeg\" \/>\n<meta name=\"twitter:card\" content=\"summary_large_image\" \/>\n<script type=\"application\/ld+json\" class=\"yoast-schema-graph\">{\"@context\":\"https:\\\/\\\/schema.org\",\"@graph\":[{\"@type\":\"WebPage\",\"@id\":\"https:\\\/\\\/airobazar.com\\\/product\\\/ottoman-motif-nostalgic-series-metal-bath-basin-gold\\\/\",\"url\":\"https:\\\/\\\/airobazar.com\\\/product\\\/ottoman-motif-nostalgic-series-metal-bath-basin-gold\\\/\",\"name\":\"Hamam Tas\u0131 Osmanl\u0131 Motifli Nostaljik Seri Metal (Alt\u0131n) - AiroBazar\",\"isPartOf\":{\"@id\":\"https:\\\/\\\/airobazar.com\\\/#website\"},\"primaryImageOfPage\":{\"@id\":\"https:\\\/\\\/airobazar.com\\\/product\\\/ottoman-motif-nostalgic-series-metal-bath-basin-gold\\\/#primaryimage\"},\"image\":{\"@id\":\"https:\\\/\\\/airobazar.com\\\/product\\\/ottoman-motif-nostalgic-series-metal-bath-basin-gold\\\/#primaryimage\"},\"thumbnailUrl\":\"https:\\\/\\\/airobazar.com\\\/wp-content\\\/uploads\\\/2026\\\/03\\\/42.jpg\",\"datePublished\":\"2026-03-12T09:40:41+00:00\",\"dateModified\":\"2026-03-12T09:42:30+00:00\",\"breadcrumb\":{\"@id\":\"https:\\\/\\\/airobazar.com\\\/product\\\/ottoman-motif-nostalgic-series-metal-bath-basin-gold\\\/#breadcrumb\"},\"inLanguage\":\"tr\",\"potentialAction\":[{\"@type\":\"ReadAction\",\"target\":[\"https:\\\/\\\/airobazar.com\\\/product\\\/ottoman-motif-nostalgic-series-metal-bath-basin-gold\\\/\"]}]},{\"@type\":\"ImageObject\",\"inLanguage\":\"tr\",\"@id\":\"https:\\\/\\\/airobazar.com\\\/product\\\/ottoman-motif-nostalgic-series-metal-bath-basin-gold\\\/#primaryimage\",\"url\":\"https:\\\/\\\/airobazar.com\\\/wp-content\\\/uploads\\\/2026\\\/03\\\/42.jpg\",\"contentUrl\":\"https:\\\/\\\/airobazar.com\\\/wp-content\\\/uploads\\\/2026\\\/03\\\/42.jpg\",\"width\":1080,\"height\":1350,\"caption\":\"Ottoman-Motif Nostalgic Series Metal Bath Basin (Gold)\"},{\"@type\":\"BreadcrumbList\",\"@id\":\"https:\\\/\\\/airobazar.com\\\/product\\\/ottoman-motif-nostalgic-series-metal-bath-basin-gold\\\/#breadcrumb\",\"itemListElement\":[{\"@type\":\"ListItem\",\"position\":1,\"name\":\"Home\",\"item\":\"https:\\\/\\\/airobazar.com\\\/tr\\\/\"},{\"@type\":\"ListItem\",\"position\":2,\"name\":\"Ma\u011faza\",\"item\":\"https:\\\/\\\/airobazar.com\\\/tr\\\/magaza\\\/\"},{\"@type\":\"ListItem\",\"position\":3,\"name\":\"Hamam Tas\u0131 Osmanl\u0131 Motifli Nostaljik Seri Metal (Alt\u0131n)\"}]},{\"@type\":\"WebSite\",\"@id\":\"https:\\\/\\\/airobazar.com\\\/#website\",\"url\":\"https:\\\/\\\/airobazar.com\\\/\",\"name\":\"AiroBazar\",\"description\":\"online sales\",\"potentialAction\":[{\"@type\":\"SearchAction\",\"target\":{\"@type\":\"EntryPoint\",\"urlTemplate\":\"https:\\\/\\\/airobazar.com\\\/?s={search_term_string}\"},\"query-input\":{\"@type\":\"PropertyValueSpecification\",\"valueRequired\":true,\"valueName\":\"search_term_string\"}}],\"inLanguage\":\"tr\"}]}<\/script>\n<!-- \/ Yoast SEO plugin. -->","yoast_head_json":{"title":"Hamam Tas\u0131 Osmanl\u0131 Motifli Nostaljik Seri Metal (Alt\u0131n) - AiroBazar","robots":{"index":"index","follow":"follow","max-snippet":"max-snippet:-1","max-image-preview":"max-image-preview:large","max-video-preview":"max-video-preview:-1"},"canonical":"https:\/\/airobazar.com\/product\/ottoman-motif-nostalgic-series-metal-bath-basin-gold\/","og_locale":"tr_TR","og_type":"article","og_title":"Hamam Tas\u0131 Osmanl\u0131 Motifli Nostaljik Seri Metal (Alt\u0131n) - AiroBazar","og_description":"Hamam Tas\u0131 Osmanl\u0131 Motifli Nostaljik Seri Metal (Alt\u0131n) Osmanl\u0131 Motifli Nostaljik seri Hamam Tas\u0131 \u00c7ap 20 cm Metal tas Hamam","og_url":"https:\/\/airobazar.com\/product\/ottoman-motif-nostalgic-series-metal-bath-basin-gold\/","og_site_name":"AiroBazar","article_modified_time":"2026-03-12T09:42:30+00:00","og_image":[{"width":1080,"height":1350,"url":"https:\/\/airobazar.com\/wp-content\/uploads\/2026\/03\/42.jpg","type":"image\/jpeg"}],"twitter_card":"summary_large_image","schema":{"@context":"https:\/\/schema.org","@graph":[{"@type":"WebPage","@id":"https:\/\/airobazar.com\/product\/ottoman-motif-nostalgic-series-metal-bath-basin-gold\/","url":"https:\/\/airobazar.com\/product\/ottoman-motif-nostalgic-series-metal-bath-basin-gold\/","name":"Hamam Tas\u0131 Osmanl\u0131 Motifli Nostaljik Seri Metal (Alt\u0131n) - AiroBazar","isPartOf":{"@id":"https:\/\/airobazar.com\/#website"},"primaryImageOfPage":{"@id":"https:\/\/airobazar.com\/product\/ottoman-motif-nostalgic-series-metal-bath-basin-gold\/#primaryimage"},"image":{"@id":"https:\/\/airobazar.com\/product\/ottoman-motif-nostalgic-series-metal-bath-basin-gold\/#primaryimage"},"thumbnailUrl":"https:\/\/airobazar.com\/wp-content\/uploads\/2026\/03\/42.jpg","datePublished":"2026-03-12T09:40:41+00:00","dateModified":"2026-03-12T09:42:30+00:00","breadcrumb":{"@id":"https:\/\/airobazar.com\/product\/ottoman-motif-nostalgic-series-metal-bath-basin-gold\/#breadcrumb"},"inLanguage":"tr","potentialAction":[{"@type":"ReadAction","target":["https:\/\/airobazar.com\/product\/ottoman-motif-nostalgic-series-metal-bath-basin-gold\/"]}]},{"@type":"ImageObject","inLanguage":"tr","@id":"https:\/\/airobazar.com\/product\/ottoman-motif-nostalgic-series-metal-bath-basin-gold\/#primaryimage","url":"https:\/\/airobazar.com\/wp-content\/uploads\/2026\/03\/42.jpg","contentUrl":"https:\/\/airobazar.com\/wp-content\/uploads\/2026\/03\/42.jpg","width":1080,"height":1350,"caption":"Ottoman-Motif Nostalgic Series Metal Bath Basin (Gold)"},{"@type":"BreadcrumbList","@id":"https:\/\/airobazar.com\/product\/ottoman-motif-nostalgic-series-metal-bath-basin-gold\/#breadcrumb","itemListElement":[{"@type":"ListItem","position":1,"name":"Home","item":"https:\/\/airobazar.com\/tr\/"},{"@type":"ListItem","position":2,"name":"Ma\u011faza","item":"https:\/\/airobazar.com\/tr\/magaza\/"},{"@type":"ListItem","position":3,"name":"Hamam Tas\u0131 Osmanl\u0131 Motifli Nostaljik Seri Metal (Alt\u0131n)"}]},{"@type":"WebSite","@id":"https:\/\/airobazar.com\/#website","url":"https:\/\/airobazar.com\/","name":"AiroBazar","description":"online sales","potentialAction":[{"@type":"SearchAction","target":{"@type":"EntryPoint","urlTemplate":"https:\/\/airobazar.com\/?s={search_term_string}"},"query-input":{"@type":"PropertyValueSpecification","valueRequired":true,"valueName":"search_term_string"}}],"inLanguage":"tr"}]}},"_links":{"self":[{"href":"https:\/\/airobazar.com\/tr\/wp-json\/wp\/v2\/product\/11401","targetHints":{"allow":["GET"]}}],"collection":[{"href":"https:\/\/airobazar.com\/tr\/wp-json\/wp\/v2\/product"}],"about":[{"href":"https:\/\/airobazar.com\/tr\/wp-json\/wp\/v2\/types\/product"}],"replies":[{"embeddable":true,"href":"https:\/\/airobazar.com\/tr\/wp-json\/wp\/v2\/comments?post=11401"}],"version-history":[{"count":1,"href":"https:\/\/airobazar.com\/tr\/wp-json\/wp\/v2\/product\/11401\/revisions"}],"predecessor-version":[{"id":11402,"href":"https:\/\/airobazar.com\/tr\/wp-json\/wp\/v2\/product\/11401\/revisions\/11402"}],"wp:featuredmedia":[{"embeddable":true,"href":"https:\/\/airobazar.com\/tr\/wp-json\/wp\/v2\/media\/11400"}],"wp:attachment":[{"href":"https:\/\/airobazar.com\/tr\/wp-json\/wp\/v2\/media?parent=11401"}],"wp:term":[{"taxonomy":"product_brand","embeddable":true,"href":"https:\/\/airobazar.com\/tr\/wp-json\/wp\/v2\/product_brand?post=11401"},{"taxonomy":"product_cat","embeddable":true,"href":"https:\/\/airobazar.com\/tr\/wp-json\/wp\/v2\/product_cat?post=11401"},{"taxonomy":"product_tag","embeddable":true,"href":"https:\/\/airobazar.com\/tr\/wp-json\/wp\/v2\/product_tag?post=11401"}],"curies":[{"name":"wp","href":"https:\/\/api.w.org\/{rel}","templated":true}]}}