{"id":10733,"date":"2026-03-04T10:28:52","date_gmt":"2026-03-04T10:28:52","guid":{"rendered":"https:\/\/airobazar.com\/?post_type=product&#038;p=10733"},"modified":"2026-03-04T10:38:18","modified_gmt":"2026-03-04T10:38:18","slug":"basmali-rakam-hamur-kesici-kurabiye-seker-hamuru-kalip-seti-0-9-digits","status":"publish","type":"product","link":"https:\/\/airobazar.com\/tr\/urun\/basmali-rakam-hamur-kesici-kurabiye-seker-hamuru-kalip-seti-0-9-digits\/","title":{"rendered":"Basmal\u0131 Rakam Hamur Kesici, Kurabiye &#038; \u015eeker Hamuru Kal\u0131p Seti, 0-9 Digits"},"content":{"rendered":"<h2 data-start=\"110\" data-end=\"161\">Basmal\u0131 Rakam Hamur Kesici Seti, 0-9 Rakamlar<\/h2>\n<p data-start=\"222\" data-end=\"476\">Baking deneyiminizi geli\u015ftirin! Bu <strong data-start=\"257\" data-end=\"314\">Basmal\u0131 Rakam Hamur Kesici ve \u015eeker Hamuru Kal\u0131p Seti<\/strong>, 0\u2019dan 9\u2019a kadar t\u00fcm rakamlar\u0131 i\u00e7erir. Do\u011fum g\u00fcn\u00fc kurabiyeleri, y\u0131ld\u00f6n\u00fcm\u00fc tatl\u0131lar\u0131 veya \u00f6zel g\u00fcnler i\u00e7in ki\u015fiselle\u015ftirilmi\u015f hamur i\u015fleri yapmak i\u00e7in idealdir.<\/p>\n<h3 data-start=\"478\" data-end=\"519\">Kullan\u0131m\u0131 Kolay \u0130ki Par\u00e7al\u0131 Tasar\u0131m<\/h3>\n<p data-start=\"520\" data-end=\"735\">Her kesici, beyaz d\u0131\u015f halka ve turkuaz rakam damgas\u0131na sahiptir. Bu tasar\u0131m sayesinde <strong data-start=\"606\" data-end=\"653\">kurabiye hamuru, \u015feker hamuru, turta taban\u0131<\/strong> ve di\u011fer hamur malzemelerinde net ve belirgin rakamlar olu\u015fturmak \u00e7ok kolayd\u0131r.<\/p>\n<h3 data-start=\"737\" data-end=\"789\">Kurabiye ve Pasta S\u00fcslemeleri \u0130\u00e7in \u0130deal Boyut<\/h3>\n<p data-start=\"790\" data-end=\"1033\">Standart kurabiyeler ve dekoratif \u00f6\u011feler i\u00e7in uygun boyutlar\u0131 sayesinde bu set, <strong data-start=\"870\" data-end=\"903\">DIY pasta ve kurabiye s\u00fcsleme<\/strong>, geri say\u0131m kurabiyeleri veya \u00f6zel tarihleri i\u015faretleme i\u00e7in m\u00fckemmeldir. Her kullan\u0131mda profesyonel g\u00f6r\u00fcn\u00fcml\u00fc sonu\u00e7lar sa\u011flar.<\/p>\n<h3 data-start=\"1035\" data-end=\"1060\">Dayan\u0131kl\u0131 ve Pratik<\/h3>\n<p data-start=\"1061\" data-end=\"1283\">Uzun \u00f6m\u00fcrl\u00fc kullan\u0131m i\u00e7in tasarlanm\u0131\u015f bu <strong data-start=\"1102\" data-end=\"1129\">basmal\u0131 rakam kesiciler<\/strong>, hamura veya \u015feker hamuruna kolayca bast\u0131r\u0131larak temiz ve hassas rakamlar elde etmenizi sa\u011flar. Evde ve profesyonel mutfaklarda g\u00fcvenle kullan\u0131labilir.<\/p>\n","protected":false},"excerpt":{"rendered":"<p>Basmal\u0131 Rakam Hamur Kesici Seti, 0-9 Rakamlar Baking deneyiminizi geli\u015ftirin! Bu Basmal\u0131 Rakam Hamur Kesici ve \u015eeker Hamuru Kal\u0131p Seti,<\/p>\n","protected":false},"featured_media":10728,"comment_status":"open","ping_status":"closed","template":"","meta":[],"product_brand":[],"product_cat":[233,248,240],"product_tag":[],"class_list":{"0":"post-10733","1":"product","2":"type-product","3":"status-publish","4":"has-post-thumbnail","6":"product_cat-ev-esyalari","7":"product_cat-mutfak-esyalari","8":"product_cat-tum-katagoriler","10":"first","11":"instock","12":"sale","13":"taxable","14":"shipping-taxable","15":"purchasable","16":"product-type-simple"},"yoast_head":"<!-- This site is optimized with the Yoast SEO plugin v27.4 - https:\/\/yoast.com\/product\/yoast-seo-wordpress\/ -->\n<title>Basmal\u0131 Rakam Hamur Kesici, Kurabiye &amp; \u015eeker Hamuru Kal\u0131p Seti, 0-9 Digits - AiroBazar<\/title>\n<meta name=\"robots\" content=\"index, follow, max-snippet:-1, max-image-preview:large, max-video-preview:-1\" \/>\n<link rel=\"canonical\" href=\"https:\/\/airobazar.com\/product\/number-cookie-cutters-and-fondant-cutters-set-biscuit-cutter-dough-stamps-for-baking-0-9-digits\/\" \/>\n<meta property=\"og:locale\" content=\"tr_TR\" \/>\n<meta property=\"og:type\" content=\"article\" \/>\n<meta property=\"og:title\" content=\"Basmal\u0131 Rakam Hamur Kesici, Kurabiye &amp; \u015eeker Hamuru Kal\u0131p Seti, 0-9 Digits - AiroBazar\" \/>\n<meta property=\"og:description\" content=\"Basmal\u0131 Rakam Hamur Kesici Seti, 0-9 Rakamlar Baking deneyiminizi geli\u015ftirin! Bu Basmal\u0131 Rakam Hamur Kesici ve \u015eeker Hamuru Kal\u0131p Seti,\" \/>\n<meta property=\"og:url\" content=\"https:\/\/airobazar.com\/product\/number-cookie-cutters-and-fondant-cutters-set-biscuit-cutter-dough-stamps-for-baking-0-9-digits\/\" \/>\n<meta property=\"og:site_name\" content=\"AiroBazar\" \/>\n<meta property=\"article:modified_time\" content=\"2026-03-04T10:38:18+00:00\" \/>\n<meta property=\"og:image\" content=\"https:\/\/airobazar.com\/wp-content\/uploads\/2026\/03\/Urun-Gorselleri27-768x1024.png\" \/>\n\t<meta property=\"og:image:width\" content=\"768\" \/>\n\t<meta property=\"og:image:height\" content=\"1024\" \/>\n\t<meta property=\"og:image:type\" content=\"image\/png\" \/>\n<meta name=\"twitter:card\" content=\"summary_large_image\" \/>\n<meta name=\"twitter:label1\" content=\"Tahmini okuma s\u00fcresi\" \/>\n\t<meta name=\"twitter:data1\" content=\"1 dakika\" \/>\n<script type=\"application\/ld+json\" class=\"yoast-schema-graph\">{\"@context\":\"https:\\\/\\\/schema.org\",\"@graph\":[{\"@type\":\"WebPage\",\"@id\":\"https:\\\/\\\/airobazar.com\\\/product\\\/number-cookie-cutters-and-fondant-cutters-set-biscuit-cutter-dough-stamps-for-baking-0-9-digits\\\/\",\"url\":\"https:\\\/\\\/airobazar.com\\\/product\\\/number-cookie-cutters-and-fondant-cutters-set-biscuit-cutter-dough-stamps-for-baking-0-9-digits\\\/\",\"name\":\"Basmal\u0131 Rakam Hamur Kesici, Kurabiye & \u015eeker Hamuru Kal\u0131p Seti, 0-9 Digits - AiroBazar\",\"isPartOf\":{\"@id\":\"https:\\\/\\\/airobazar.com\\\/#website\"},\"primaryImageOfPage\":{\"@id\":\"https:\\\/\\\/airobazar.com\\\/product\\\/number-cookie-cutters-and-fondant-cutters-set-biscuit-cutter-dough-stamps-for-baking-0-9-digits\\\/#primaryimage\"},\"image\":{\"@id\":\"https:\\\/\\\/airobazar.com\\\/product\\\/number-cookie-cutters-and-fondant-cutters-set-biscuit-cutter-dough-stamps-for-baking-0-9-digits\\\/#primaryimage\"},\"thumbnailUrl\":\"https:\\\/\\\/airobazar.com\\\/wp-content\\\/uploads\\\/2026\\\/03\\\/Urun-Gorselleri27.png\",\"datePublished\":\"2026-03-04T10:28:52+00:00\",\"dateModified\":\"2026-03-04T10:38:18+00:00\",\"breadcrumb\":{\"@id\":\"https:\\\/\\\/airobazar.com\\\/product\\\/number-cookie-cutters-and-fondant-cutters-set-biscuit-cutter-dough-stamps-for-baking-0-9-digits\\\/#breadcrumb\"},\"inLanguage\":\"tr\",\"potentialAction\":[{\"@type\":\"ReadAction\",\"target\":[\"https:\\\/\\\/airobazar.com\\\/product\\\/number-cookie-cutters-and-fondant-cutters-set-biscuit-cutter-dough-stamps-for-baking-0-9-digits\\\/\"]}]},{\"@type\":\"ImageObject\",\"inLanguage\":\"tr\",\"@id\":\"https:\\\/\\\/airobazar.com\\\/product\\\/number-cookie-cutters-and-fondant-cutters-set-biscuit-cutter-dough-stamps-for-baking-0-9-digits\\\/#primaryimage\",\"url\":\"https:\\\/\\\/airobazar.com\\\/wp-content\\\/uploads\\\/2026\\\/03\\\/Urun-Gorselleri27.png\",\"contentUrl\":\"https:\\\/\\\/airobazar.com\\\/wp-content\\\/uploads\\\/2026\\\/03\\\/Urun-Gorselleri27.png\",\"width\":1200,\"height\":1600},{\"@type\":\"BreadcrumbList\",\"@id\":\"https:\\\/\\\/airobazar.com\\\/product\\\/number-cookie-cutters-and-fondant-cutters-set-biscuit-cutter-dough-stamps-for-baking-0-9-digits\\\/#breadcrumb\",\"itemListElement\":[{\"@type\":\"ListItem\",\"position\":1,\"name\":\"Home\",\"item\":\"https:\\\/\\\/airobazar.com\\\/tr\\\/\"},{\"@type\":\"ListItem\",\"position\":2,\"name\":\"Ma\u011faza\",\"item\":\"https:\\\/\\\/airobazar.com\\\/tr\\\/magaza\\\/\"},{\"@type\":\"ListItem\",\"position\":3,\"name\":\"Basmal\u0131 Rakam Hamur Kesici, Kurabiye &#038; \u015eeker Hamuru Kal\u0131p Seti, 0-9 Digits\"}]},{\"@type\":\"WebSite\",\"@id\":\"https:\\\/\\\/airobazar.com\\\/#website\",\"url\":\"https:\\\/\\\/airobazar.com\\\/\",\"name\":\"AiroBazar\",\"description\":\"online sales\",\"potentialAction\":[{\"@type\":\"SearchAction\",\"target\":{\"@type\":\"EntryPoint\",\"urlTemplate\":\"https:\\\/\\\/airobazar.com\\\/?s={search_term_string}\"},\"query-input\":{\"@type\":\"PropertyValueSpecification\",\"valueRequired\":true,\"valueName\":\"search_term_string\"}}],\"inLanguage\":\"tr\"}]}<\/script>\n<!-- \/ Yoast SEO plugin. -->","yoast_head_json":{"title":"Basmal\u0131 Rakam Hamur Kesici, Kurabiye & \u015eeker Hamuru Kal\u0131p Seti, 0-9 Digits - AiroBazar","robots":{"index":"index","follow":"follow","max-snippet":"max-snippet:-1","max-image-preview":"max-image-preview:large","max-video-preview":"max-video-preview:-1"},"canonical":"https:\/\/airobazar.com\/product\/number-cookie-cutters-and-fondant-cutters-set-biscuit-cutter-dough-stamps-for-baking-0-9-digits\/","og_locale":"tr_TR","og_type":"article","og_title":"Basmal\u0131 Rakam Hamur Kesici, Kurabiye & \u015eeker Hamuru Kal\u0131p Seti, 0-9 Digits - AiroBazar","og_description":"Basmal\u0131 Rakam Hamur Kesici Seti, 0-9 Rakamlar Baking deneyiminizi geli\u015ftirin! Bu Basmal\u0131 Rakam Hamur Kesici ve \u015eeker Hamuru Kal\u0131p Seti,","og_url":"https:\/\/airobazar.com\/product\/number-cookie-cutters-and-fondant-cutters-set-biscuit-cutter-dough-stamps-for-baking-0-9-digits\/","og_site_name":"AiroBazar","article_modified_time":"2026-03-04T10:38:18+00:00","og_image":[{"width":768,"height":1024,"url":"https:\/\/airobazar.com\/wp-content\/uploads\/2026\/03\/Urun-Gorselleri27-768x1024.png","type":"image\/png"}],"twitter_card":"summary_large_image","twitter_misc":{"Tahmini okuma s\u00fcresi":"1 dakika"},"schema":{"@context":"https:\/\/schema.org","@graph":[{"@type":"WebPage","@id":"https:\/\/airobazar.com\/product\/number-cookie-cutters-and-fondant-cutters-set-biscuit-cutter-dough-stamps-for-baking-0-9-digits\/","url":"https:\/\/airobazar.com\/product\/number-cookie-cutters-and-fondant-cutters-set-biscuit-cutter-dough-stamps-for-baking-0-9-digits\/","name":"Basmal\u0131 Rakam Hamur Kesici, Kurabiye & \u015eeker Hamuru Kal\u0131p Seti, 0-9 Digits - AiroBazar","isPartOf":{"@id":"https:\/\/airobazar.com\/#website"},"primaryImageOfPage":{"@id":"https:\/\/airobazar.com\/product\/number-cookie-cutters-and-fondant-cutters-set-biscuit-cutter-dough-stamps-for-baking-0-9-digits\/#primaryimage"},"image":{"@id":"https:\/\/airobazar.com\/product\/number-cookie-cutters-and-fondant-cutters-set-biscuit-cutter-dough-stamps-for-baking-0-9-digits\/#primaryimage"},"thumbnailUrl":"https:\/\/airobazar.com\/wp-content\/uploads\/2026\/03\/Urun-Gorselleri27.png","datePublished":"2026-03-04T10:28:52+00:00","dateModified":"2026-03-04T10:38:18+00:00","breadcrumb":{"@id":"https:\/\/airobazar.com\/product\/number-cookie-cutters-and-fondant-cutters-set-biscuit-cutter-dough-stamps-for-baking-0-9-digits\/#breadcrumb"},"inLanguage":"tr","potentialAction":[{"@type":"ReadAction","target":["https:\/\/airobazar.com\/product\/number-cookie-cutters-and-fondant-cutters-set-biscuit-cutter-dough-stamps-for-baking-0-9-digits\/"]}]},{"@type":"ImageObject","inLanguage":"tr","@id":"https:\/\/airobazar.com\/product\/number-cookie-cutters-and-fondant-cutters-set-biscuit-cutter-dough-stamps-for-baking-0-9-digits\/#primaryimage","url":"https:\/\/airobazar.com\/wp-content\/uploads\/2026\/03\/Urun-Gorselleri27.png","contentUrl":"https:\/\/airobazar.com\/wp-content\/uploads\/2026\/03\/Urun-Gorselleri27.png","width":1200,"height":1600},{"@type":"BreadcrumbList","@id":"https:\/\/airobazar.com\/product\/number-cookie-cutters-and-fondant-cutters-set-biscuit-cutter-dough-stamps-for-baking-0-9-digits\/#breadcrumb","itemListElement":[{"@type":"ListItem","position":1,"name":"Home","item":"https:\/\/airobazar.com\/tr\/"},{"@type":"ListItem","position":2,"name":"Ma\u011faza","item":"https:\/\/airobazar.com\/tr\/magaza\/"},{"@type":"ListItem","position":3,"name":"Basmal\u0131 Rakam Hamur Kesici, Kurabiye &#038; \u015eeker Hamuru Kal\u0131p Seti, 0-9 Digits"}]},{"@type":"WebSite","@id":"https:\/\/airobazar.com\/#website","url":"https:\/\/airobazar.com\/","name":"AiroBazar","description":"online sales","potentialAction":[{"@type":"SearchAction","target":{"@type":"EntryPoint","urlTemplate":"https:\/\/airobazar.com\/?s={search_term_string}"},"query-input":{"@type":"PropertyValueSpecification","valueRequired":true,"valueName":"search_term_string"}}],"inLanguage":"tr"}]}},"_links":{"self":[{"href":"https:\/\/airobazar.com\/tr\/wp-json\/wp\/v2\/product\/10733","targetHints":{"allow":["GET"]}}],"collection":[{"href":"https:\/\/airobazar.com\/tr\/wp-json\/wp\/v2\/product"}],"about":[{"href":"https:\/\/airobazar.com\/tr\/wp-json\/wp\/v2\/types\/product"}],"replies":[{"embeddable":true,"href":"https:\/\/airobazar.com\/tr\/wp-json\/wp\/v2\/comments?post=10733"}],"version-history":[{"count":2,"href":"https:\/\/airobazar.com\/tr\/wp-json\/wp\/v2\/product\/10733\/revisions"}],"predecessor-version":[{"id":10735,"href":"https:\/\/airobazar.com\/tr\/wp-json\/wp\/v2\/product\/10733\/revisions\/10735"}],"wp:featuredmedia":[{"embeddable":true,"href":"https:\/\/airobazar.com\/tr\/wp-json\/wp\/v2\/media\/10728"}],"wp:attachment":[{"href":"https:\/\/airobazar.com\/tr\/wp-json\/wp\/v2\/media?parent=10733"}],"wp:term":[{"taxonomy":"product_brand","embeddable":true,"href":"https:\/\/airobazar.com\/tr\/wp-json\/wp\/v2\/product_brand?post=10733"},{"taxonomy":"product_cat","embeddable":true,"href":"https:\/\/airobazar.com\/tr\/wp-json\/wp\/v2\/product_cat?post=10733"},{"taxonomy":"product_tag","embeddable":true,"href":"https:\/\/airobazar.com\/tr\/wp-json\/wp\/v2\/product_tag?post=10733"}],"curies":[{"name":"wp","href":"https:\/\/api.w.org\/{rel}","templated":true}]}}