{"id":10716,"date":"2026-03-04T10:00:44","date_gmt":"2026-03-04T10:00:44","guid":{"rendered":"https:\/\/airobazar.com\/?post_type=product&#038;p=10716"},"modified":"2026-03-05T12:53:13","modified_gmt":"2026-03-05T12:53:13","slug":"3lu-springform-kek-kalibi-seti-kalp-kare-ve-yuvarlak-yapismaz-pisirme-kaliplari-235-cm-26-cm-275-cm-65-cm-yukseklik","status":"publish","type":"product","link":"https:\/\/airobazar.com\/tr\/urun\/3lu-springform-kek-kalibi-seti-kalp-kare-ve-yuvarlak-yapismaz-pisirme-kaliplari-235-cm-26-cm-275-cm-65-cm-yukseklik\/","title":{"rendered":"3\u2019l\u00fc Springform Kek Kal\u0131b\u0131 Seti, Kalp, Kare ve Yuvarlak, Yap\u0131\u015fmaz Pi\u015firme Kal\u0131plar\u0131, 23,5 cm 26 cm 27,5 cm, 6,5 cm Y\u00fckseklik"},"content":{"rendered":"<h2 data-start=\"0\" data-end=\"84\">3\u2019l\u00fc Springform Kek Kal\u0131b\u0131 Seti \u2013 Kalp, Kare ve Yuvarlak Yap\u0131\u015fmaz Kek Kal\u0131plar\u0131<\/h2>\n<h3 data-start=\"86\" data-end=\"134\">\u00c7ok Ama\u00e7l\u0131 3\u2019l\u00fc Springform Kek Kal\u0131b\u0131 Seti<\/h3>\n<p data-start=\"135\" data-end=\"421\">Baking deneyiminizi geli\u015ftirin! Bu <strong data-start=\"170\" data-end=\"205\">3\u2019l\u00fc Springform Kek Kal\u0131b\u0131 Seti<\/strong>, kalp, kare ve yuvarlak kek kal\u0131plar\u0131ndan olu\u015fur. Hem ev a\u015f\u00e7\u0131lar\u0131 hem de profesyonel \u015fefler i\u00e7in ideal olan bu <strong data-start=\"317\" data-end=\"343\">yap\u0131\u015fmaz bakeware seti<\/strong>, katl\u0131 kekler, cheesecakeler ve \u00f6zel tatl\u0131lar i\u00e7in m\u00fckemmel sonu\u00e7lar sunar.<\/p>\n<h3 data-start=\"423\" data-end=\"464\">Farkl\u0131 Boyutlarda M\u00fckemmel Sonu\u00e7lar<\/h3>\n<p data-start=\"465\" data-end=\"545\">Her bir springform kal\u0131p <strong data-start=\"490\" data-end=\"515\">6,5 cm y\u00fcksekliktedir<\/strong> ve farkl\u0131 \u00e7aplara sahiptir:<\/p>\n<ul data-start=\"546\" data-end=\"632\">\n<li data-start=\"546\" data-end=\"574\">\n<p data-start=\"548\" data-end=\"574\">Kalp kal\u0131b\u0131: <strong data-start=\"561\" data-end=\"572\">23,5 cm<\/strong><\/p>\n<\/li>\n<li data-start=\"575\" data-end=\"604\">\n<p data-start=\"577\" data-end=\"604\">Yuvarlak kal\u0131p: <strong data-start=\"593\" data-end=\"602\">26 cm<\/strong><\/p>\n<\/li>\n<li data-start=\"605\" data-end=\"632\">\n<p data-start=\"607\" data-end=\"632\">Kare kal\u0131p: <strong data-start=\"619\" data-end=\"630\">27,5 cm<\/strong><\/p>\n<\/li>\n<\/ul>\n<p data-start=\"634\" data-end=\"730\">Bu boyut \u00e7e\u015fitlili\u011fi, katl\u0131 kekler, tortlar ve hassas tatl\u0131lar i\u00e7in ideal bir kullan\u0131m sa\u011flar.<\/p>\n<h3 data-start=\"732\" data-end=\"783\">Yap\u0131\u015fmaz Kaplama ve Kolay \u00c7\u0131karma Mekanizmas\u0131<\/h3>\n<p data-start=\"784\" data-end=\"1022\">Y\u00fcksek kaliteli <strong data-start=\"800\" data-end=\"826\">yap\u0131\u015fmaz kek kal\u0131plar\u0131<\/strong>, e\u015fit \u0131s\u0131 da\u011f\u0131l\u0131m\u0131 ve kolay kek \u00e7\u0131karma i\u00e7in dokulu tabana sahiptir. Dayan\u0131kl\u0131 <strong data-start=\"906\" data-end=\"932\">springform mekanizmas\u0131<\/strong>, pi\u015firme s\u0131ras\u0131nda g\u00fcvenli kilitleme ve tatl\u0131lar\u0131n zarar g\u00f6rmeden \u00e7\u0131kar\u0131lmas\u0131n\u0131 sa\u011flar.<\/p>\n<h3 data-start=\"1024\" data-end=\"1071\">Dayan\u0131kl\u0131 ve Her T\u00fcrl\u00fc Pi\u015firme \u0130\u00e7in Uygun<\/h3>\n<p data-start=\"1072\" data-end=\"1334\">Uzun \u00f6m\u00fcrl\u00fc kullan\u0131m i\u00e7in tasarlanan bu <strong data-start=\"1112\" data-end=\"1154\">kalp, kare ve yuvarlak kek kal\u0131b\u0131 seti<\/strong>, her zaman tutarl\u0131 pi\u015firme sonu\u00e7lar\u0131 sunar. Do\u011fum g\u00fcnleri, \u00f6zel davetler veya g\u00fcnl\u00fck kullan\u0131m i\u00e7in m\u00fckemmeldir. Yap\u0131\u015fmaz kaplaman\u0131n kalitesini korumak i\u00e7in elde y\u0131kama \u00f6nerilir.<\/p>\n<p>&nbsp;<\/p>\n<h3 data-start=\"86\" data-end=\"134\"><\/h3>\n","protected":false},"excerpt":{"rendered":"<p>3\u2019l\u00fc Springform Kek Kal\u0131b\u0131 Seti \u2013 Kalp, Kare ve Yuvarlak Yap\u0131\u015fmaz Kek Kal\u0131plar\u0131 \u00c7ok Ama\u00e7l\u0131 3\u2019l\u00fc Springform Kek Kal\u0131b\u0131 Seti<\/p>\n","protected":false},"featured_media":10709,"comment_status":"open","ping_status":"closed","template":"","meta":[],"product_brand":[],"product_cat":[248,233,240],"product_tag":[],"class_list":{"0":"post-10716","1":"product","2":"type-product","3":"status-publish","4":"has-post-thumbnail","6":"product_cat-mutfak-esyalari","7":"product_cat-ev-esyalari","8":"product_cat-tum-katagoriler","10":"first","11":"instock","12":"sale","13":"taxable","14":"shipping-taxable","15":"purchasable","16":"product-type-simple"},"yoast_head":"<!-- This site is optimized with the Yoast SEO plugin v27.4 - https:\/\/yoast.com\/product\/yoast-seo-wordpress\/ -->\n<title>3\u2019l\u00fc Springform Kek Kal\u0131b\u0131 Seti, Kalp, Kare ve Yuvarlak, Yap\u0131\u015fmaz Pi\u015firme Kal\u0131plar\u0131, 23,5 cm 26 cm 27,5 cm, 6,5 cm Y\u00fckseklik - AiroBazar<\/title>\n<meta name=\"robots\" content=\"index, follow, max-snippet:-1, max-image-preview:large, max-video-preview:-1\" \/>\n<link rel=\"canonical\" href=\"https:\/\/airobazar.com\/tr\/urun\/3lu-springform-kek-kalibi-seti-kalp-kare-ve-yuvarlak-yapismaz-pisirme-kaliplari-235-cm-26-cm-275-cm-65-cm-yukseklik\/\" \/>\n<meta property=\"og:locale\" content=\"tr_TR\" \/>\n<meta property=\"og:type\" content=\"article\" \/>\n<meta property=\"og:title\" content=\"3\u2019l\u00fc Springform Kek Kal\u0131b\u0131 Seti, Kalp, Kare ve Yuvarlak, Yap\u0131\u015fmaz Pi\u015firme Kal\u0131plar\u0131, 23,5 cm 26 cm 27,5 cm, 6,5 cm Y\u00fckseklik - AiroBazar\" \/>\n<meta property=\"og:description\" content=\"3\u2019l\u00fc Springform Kek Kal\u0131b\u0131 Seti \u2013 Kalp, Kare ve Yuvarlak Yap\u0131\u015fmaz Kek Kal\u0131plar\u0131 \u00c7ok Ama\u00e7l\u0131 3\u2019l\u00fc Springform Kek Kal\u0131b\u0131 Seti\" \/>\n<meta property=\"og:url\" content=\"https:\/\/airobazar.com\/tr\/urun\/3lu-springform-kek-kalibi-seti-kalp-kare-ve-yuvarlak-yapismaz-pisirme-kaliplari-235-cm-26-cm-275-cm-65-cm-yukseklik\/\" \/>\n<meta property=\"og:site_name\" content=\"AiroBazar\" \/>\n<meta property=\"article:modified_time\" content=\"2026-03-05T12:53:13+00:00\" \/>\n<meta property=\"og:image\" content=\"https:\/\/airobazar.com\/wp-content\/uploads\/2026\/03\/Urun-Gorselleri22-768x1024.png\" \/>\n\t<meta property=\"og:image:width\" content=\"768\" \/>\n\t<meta property=\"og:image:height\" content=\"1024\" \/>\n\t<meta property=\"og:image:type\" content=\"image\/png\" \/>\n<meta name=\"twitter:card\" content=\"summary_large_image\" \/>\n<meta name=\"twitter:label1\" content=\"Tahmini okuma s\u00fcresi\" \/>\n\t<meta name=\"twitter:data1\" content=\"1 dakika\" \/>\n<script type=\"application\/ld+json\" class=\"yoast-schema-graph\">{\"@context\":\"https:\\\/\\\/schema.org\",\"@graph\":[{\"@type\":\"WebPage\",\"@id\":\"https:\\\/\\\/airobazar.com\\\/tr\\\/urun\\\/3lu-springform-kek-kalibi-seti-kalp-kare-ve-yuvarlak-yapismaz-pisirme-kaliplari-235-cm-26-cm-275-cm-65-cm-yukseklik\\\/\",\"url\":\"https:\\\/\\\/airobazar.com\\\/tr\\\/urun\\\/3lu-springform-kek-kalibi-seti-kalp-kare-ve-yuvarlak-yapismaz-pisirme-kaliplari-235-cm-26-cm-275-cm-65-cm-yukseklik\\\/\",\"name\":\"3\u2019l\u00fc Springform Kek Kal\u0131b\u0131 Seti, Kalp, Kare ve Yuvarlak, Yap\u0131\u015fmaz Pi\u015firme Kal\u0131plar\u0131, 23,5 cm 26 cm 27,5 cm, 6,5 cm Y\u00fckseklik - AiroBazar\",\"isPartOf\":{\"@id\":\"https:\\\/\\\/airobazar.com\\\/#website\"},\"primaryImageOfPage\":{\"@id\":\"https:\\\/\\\/airobazar.com\\\/tr\\\/urun\\\/3lu-springform-kek-kalibi-seti-kalp-kare-ve-yuvarlak-yapismaz-pisirme-kaliplari-235-cm-26-cm-275-cm-65-cm-yukseklik\\\/#primaryimage\"},\"image\":{\"@id\":\"https:\\\/\\\/airobazar.com\\\/tr\\\/urun\\\/3lu-springform-kek-kalibi-seti-kalp-kare-ve-yuvarlak-yapismaz-pisirme-kaliplari-235-cm-26-cm-275-cm-65-cm-yukseklik\\\/#primaryimage\"},\"thumbnailUrl\":\"https:\\\/\\\/airobazar.com\\\/wp-content\\\/uploads\\\/2026\\\/03\\\/Urun-Gorselleri22.png\",\"datePublished\":\"2026-03-04T10:00:44+00:00\",\"dateModified\":\"2026-03-05T12:53:13+00:00\",\"breadcrumb\":{\"@id\":\"https:\\\/\\\/airobazar.com\\\/tr\\\/urun\\\/3lu-springform-kek-kalibi-seti-kalp-kare-ve-yuvarlak-yapismaz-pisirme-kaliplari-235-cm-26-cm-275-cm-65-cm-yukseklik\\\/#breadcrumb\"},\"inLanguage\":\"tr\",\"potentialAction\":[{\"@type\":\"ReadAction\",\"target\":[\"https:\\\/\\\/airobazar.com\\\/tr\\\/urun\\\/3lu-springform-kek-kalibi-seti-kalp-kare-ve-yuvarlak-yapismaz-pisirme-kaliplari-235-cm-26-cm-275-cm-65-cm-yukseklik\\\/\"]}]},{\"@type\":\"ImageObject\",\"inLanguage\":\"tr\",\"@id\":\"https:\\\/\\\/airobazar.com\\\/tr\\\/urun\\\/3lu-springform-kek-kalibi-seti-kalp-kare-ve-yuvarlak-yapismaz-pisirme-kaliplari-235-cm-26-cm-275-cm-65-cm-yukseklik\\\/#primaryimage\",\"url\":\"https:\\\/\\\/airobazar.com\\\/wp-content\\\/uploads\\\/2026\\\/03\\\/Urun-Gorselleri22.png\",\"contentUrl\":\"https:\\\/\\\/airobazar.com\\\/wp-content\\\/uploads\\\/2026\\\/03\\\/Urun-Gorselleri22.png\",\"width\":1200,\"height\":1600},{\"@type\":\"BreadcrumbList\",\"@id\":\"https:\\\/\\\/airobazar.com\\\/tr\\\/urun\\\/3lu-springform-kek-kalibi-seti-kalp-kare-ve-yuvarlak-yapismaz-pisirme-kaliplari-235-cm-26-cm-275-cm-65-cm-yukseklik\\\/#breadcrumb\",\"itemListElement\":[{\"@type\":\"ListItem\",\"position\":1,\"name\":\"Home\",\"item\":\"https:\\\/\\\/airobazar.com\\\/tr\\\/\"},{\"@type\":\"ListItem\",\"position\":2,\"name\":\"Ma\u011faza\",\"item\":\"https:\\\/\\\/airobazar.com\\\/tr\\\/magaza\\\/\"},{\"@type\":\"ListItem\",\"position\":3,\"name\":\"3\u2019l\u00fc Springform Kek Kal\u0131b\u0131 Seti, Kalp, Kare ve Yuvarlak, Yap\u0131\u015fmaz Pi\u015firme Kal\u0131plar\u0131, 23,5 cm 26 cm 27,5 cm, 6,5 cm Y\u00fckseklik\"}]},{\"@type\":\"WebSite\",\"@id\":\"https:\\\/\\\/airobazar.com\\\/#website\",\"url\":\"https:\\\/\\\/airobazar.com\\\/\",\"name\":\"AiroBazar\",\"description\":\"online sales\",\"potentialAction\":[{\"@type\":\"SearchAction\",\"target\":{\"@type\":\"EntryPoint\",\"urlTemplate\":\"https:\\\/\\\/airobazar.com\\\/?s={search_term_string}\"},\"query-input\":{\"@type\":\"PropertyValueSpecification\",\"valueRequired\":true,\"valueName\":\"search_term_string\"}}],\"inLanguage\":\"tr\"}]}<\/script>\n<!-- \/ Yoast SEO plugin. -->","yoast_head_json":{"title":"3\u2019l\u00fc Springform Kek Kal\u0131b\u0131 Seti, Kalp, Kare ve Yuvarlak, Yap\u0131\u015fmaz Pi\u015firme Kal\u0131plar\u0131, 23,5 cm 26 cm 27,5 cm, 6,5 cm Y\u00fckseklik - AiroBazar","robots":{"index":"index","follow":"follow","max-snippet":"max-snippet:-1","max-image-preview":"max-image-preview:large","max-video-preview":"max-video-preview:-1"},"canonical":"https:\/\/airobazar.com\/tr\/urun\/3lu-springform-kek-kalibi-seti-kalp-kare-ve-yuvarlak-yapismaz-pisirme-kaliplari-235-cm-26-cm-275-cm-65-cm-yukseklik\/","og_locale":"tr_TR","og_type":"article","og_title":"3\u2019l\u00fc Springform Kek Kal\u0131b\u0131 Seti, Kalp, Kare ve Yuvarlak, Yap\u0131\u015fmaz Pi\u015firme Kal\u0131plar\u0131, 23,5 cm 26 cm 27,5 cm, 6,5 cm Y\u00fckseklik - AiroBazar","og_description":"3\u2019l\u00fc Springform Kek Kal\u0131b\u0131 Seti \u2013 Kalp, Kare ve Yuvarlak Yap\u0131\u015fmaz Kek Kal\u0131plar\u0131 \u00c7ok Ama\u00e7l\u0131 3\u2019l\u00fc Springform Kek Kal\u0131b\u0131 Seti","og_url":"https:\/\/airobazar.com\/tr\/urun\/3lu-springform-kek-kalibi-seti-kalp-kare-ve-yuvarlak-yapismaz-pisirme-kaliplari-235-cm-26-cm-275-cm-65-cm-yukseklik\/","og_site_name":"AiroBazar","article_modified_time":"2026-03-05T12:53:13+00:00","og_image":[{"width":768,"height":1024,"url":"https:\/\/airobazar.com\/wp-content\/uploads\/2026\/03\/Urun-Gorselleri22-768x1024.png","type":"image\/png"}],"twitter_card":"summary_large_image","twitter_misc":{"Tahmini okuma s\u00fcresi":"1 dakika"},"schema":{"@context":"https:\/\/schema.org","@graph":[{"@type":"WebPage","@id":"https:\/\/airobazar.com\/tr\/urun\/3lu-springform-kek-kalibi-seti-kalp-kare-ve-yuvarlak-yapismaz-pisirme-kaliplari-235-cm-26-cm-275-cm-65-cm-yukseklik\/","url":"https:\/\/airobazar.com\/tr\/urun\/3lu-springform-kek-kalibi-seti-kalp-kare-ve-yuvarlak-yapismaz-pisirme-kaliplari-235-cm-26-cm-275-cm-65-cm-yukseklik\/","name":"3\u2019l\u00fc Springform Kek Kal\u0131b\u0131 Seti, Kalp, Kare ve Yuvarlak, Yap\u0131\u015fmaz Pi\u015firme Kal\u0131plar\u0131, 23,5 cm 26 cm 27,5 cm, 6,5 cm Y\u00fckseklik - AiroBazar","isPartOf":{"@id":"https:\/\/airobazar.com\/#website"},"primaryImageOfPage":{"@id":"https:\/\/airobazar.com\/tr\/urun\/3lu-springform-kek-kalibi-seti-kalp-kare-ve-yuvarlak-yapismaz-pisirme-kaliplari-235-cm-26-cm-275-cm-65-cm-yukseklik\/#primaryimage"},"image":{"@id":"https:\/\/airobazar.com\/tr\/urun\/3lu-springform-kek-kalibi-seti-kalp-kare-ve-yuvarlak-yapismaz-pisirme-kaliplari-235-cm-26-cm-275-cm-65-cm-yukseklik\/#primaryimage"},"thumbnailUrl":"https:\/\/airobazar.com\/wp-content\/uploads\/2026\/03\/Urun-Gorselleri22.png","datePublished":"2026-03-04T10:00:44+00:00","dateModified":"2026-03-05T12:53:13+00:00","breadcrumb":{"@id":"https:\/\/airobazar.com\/tr\/urun\/3lu-springform-kek-kalibi-seti-kalp-kare-ve-yuvarlak-yapismaz-pisirme-kaliplari-235-cm-26-cm-275-cm-65-cm-yukseklik\/#breadcrumb"},"inLanguage":"tr","potentialAction":[{"@type":"ReadAction","target":["https:\/\/airobazar.com\/tr\/urun\/3lu-springform-kek-kalibi-seti-kalp-kare-ve-yuvarlak-yapismaz-pisirme-kaliplari-235-cm-26-cm-275-cm-65-cm-yukseklik\/"]}]},{"@type":"ImageObject","inLanguage":"tr","@id":"https:\/\/airobazar.com\/tr\/urun\/3lu-springform-kek-kalibi-seti-kalp-kare-ve-yuvarlak-yapismaz-pisirme-kaliplari-235-cm-26-cm-275-cm-65-cm-yukseklik\/#primaryimage","url":"https:\/\/airobazar.com\/wp-content\/uploads\/2026\/03\/Urun-Gorselleri22.png","contentUrl":"https:\/\/airobazar.com\/wp-content\/uploads\/2026\/03\/Urun-Gorselleri22.png","width":1200,"height":1600},{"@type":"BreadcrumbList","@id":"https:\/\/airobazar.com\/tr\/urun\/3lu-springform-kek-kalibi-seti-kalp-kare-ve-yuvarlak-yapismaz-pisirme-kaliplari-235-cm-26-cm-275-cm-65-cm-yukseklik\/#breadcrumb","itemListElement":[{"@type":"ListItem","position":1,"name":"Home","item":"https:\/\/airobazar.com\/tr\/"},{"@type":"ListItem","position":2,"name":"Ma\u011faza","item":"https:\/\/airobazar.com\/tr\/magaza\/"},{"@type":"ListItem","position":3,"name":"3\u2019l\u00fc Springform Kek Kal\u0131b\u0131 Seti, Kalp, Kare ve Yuvarlak, Yap\u0131\u015fmaz Pi\u015firme Kal\u0131plar\u0131, 23,5 cm 26 cm 27,5 cm, 6,5 cm Y\u00fckseklik"}]},{"@type":"WebSite","@id":"https:\/\/airobazar.com\/#website","url":"https:\/\/airobazar.com\/","name":"AiroBazar","description":"online sales","potentialAction":[{"@type":"SearchAction","target":{"@type":"EntryPoint","urlTemplate":"https:\/\/airobazar.com\/?s={search_term_string}"},"query-input":{"@type":"PropertyValueSpecification","valueRequired":true,"valueName":"search_term_string"}}],"inLanguage":"tr"}]}},"_links":{"self":[{"href":"https:\/\/airobazar.com\/tr\/wp-json\/wp\/v2\/product\/10716","targetHints":{"allow":["GET"]}}],"collection":[{"href":"https:\/\/airobazar.com\/tr\/wp-json\/wp\/v2\/product"}],"about":[{"href":"https:\/\/airobazar.com\/tr\/wp-json\/wp\/v2\/types\/product"}],"replies":[{"embeddable":true,"href":"https:\/\/airobazar.com\/tr\/wp-json\/wp\/v2\/comments?post=10716"}],"version-history":[{"count":1,"href":"https:\/\/airobazar.com\/tr\/wp-json\/wp\/v2\/product\/10716\/revisions"}],"predecessor-version":[{"id":10719,"href":"https:\/\/airobazar.com\/tr\/wp-json\/wp\/v2\/product\/10716\/revisions\/10719"}],"wp:featuredmedia":[{"embeddable":true,"href":"https:\/\/airobazar.com\/tr\/wp-json\/wp\/v2\/media\/10709"}],"wp:attachment":[{"href":"https:\/\/airobazar.com\/tr\/wp-json\/wp\/v2\/media?parent=10716"}],"wp:term":[{"taxonomy":"product_brand","embeddable":true,"href":"https:\/\/airobazar.com\/tr\/wp-json\/wp\/v2\/product_brand?post=10716"},{"taxonomy":"product_cat","embeddable":true,"href":"https:\/\/airobazar.com\/tr\/wp-json\/wp\/v2\/product_cat?post=10716"},{"taxonomy":"product_tag","embeddable":true,"href":"https:\/\/airobazar.com\/tr\/wp-json\/wp\/v2\/product_tag?post=10716"}],"curies":[{"name":"wp","href":"https:\/\/api.w.org\/{rel}","templated":true}]}}